{"id":10315,"date":"2023-02-22T15:03:34","date_gmt":"2023-02-22T13:03:34","guid":{"rendered":"https:\/\/uku.eu\/meista\/"},"modified":"2023-09-08T12:30:44","modified_gmt":"2023-09-08T10:30:44","slug":"meista","status":"publish","type":"page","link":"https:\/\/uku.eu\/fi\/meista\/","title":{"rendered":"Meist\u00e4"},"content":{"rendered":"\t\t<div data-elementor-type=\"wp-page\" data-elementor-id=\"10315\" class=\"elementor elementor-10315 elementor-5684\" data-elementor-post-type=\"page\">\n\t\t\t\t\t\t<section data-particle_enable=\"false\" data-particle-mobile-disabled=\"false\" class=\"elementor-section elementor-top-section elementor-element elementor-element-5c4ab96 elementor-section-boxed elementor-section-height-default elementor-section-height-default\" data-id=\"5c4ab96\" data-element_type=\"section\">\n\t\t\t\t\t\t<div class=\"elementor-container elementor-column-gap-default\">\n\t\t\t\t\t<div class=\"elementor-column elementor-col-100 elementor-top-column elementor-element elementor-element-e85aa7f\" data-id=\"e85aa7f\" data-element_type=\"column\">\n\t\t\t<div class=\"elementor-widget-wrap elementor-element-populated\">\n\t\t\t\t\t\t<div class=\"elementor-element elementor-element-fd63721 elementor-widget elementor-widget-heading\" data-id=\"fd63721\" data-element_type=\"widget\" data-widget_type=\"heading.default\">\n\t\t\t\t<div class=\"elementor-widget-container\">\n\t\t\t\t\t<h1 class=\"elementor-heading-title elementor-size-default\">Kuka on Saviukumaja tai UKU?<\/h1>\t\t\t\t<\/div>\n\t\t\t\t<\/div>\n\t\t\t\t<section data-particle_enable=\"false\" data-particle-mobile-disabled=\"false\" class=\"elementor-section elementor-inner-section elementor-element elementor-element-97f47d3 elementor-reverse-mobile elementor-section-boxed elementor-section-height-default elementor-section-height-default\" data-id=\"97f47d3\" data-element_type=\"section\">\n\t\t\t\t\t\t<div class=\"elementor-container elementor-column-gap-default\">\n\t\t\t\t\t<div class=\"elementor-column elementor-col-50 elementor-inner-column elementor-element elementor-element-fb3b00b\" data-id=\"fb3b00b\" data-element_type=\"column\">\n\t\t\t<div class=\"elementor-widget-wrap elementor-element-populated\">\n\t\t\t\t\t\t<div class=\"elementor-element elementor-element-5db845c elementor-widget elementor-widget-text-editor\" data-id=\"5db845c\" data-element_type=\"widget\" data-widget_type=\"text-editor.default\">\n\t\t\t\t<div class=\"elementor-widget-container\">\n\t\t\t\t\t\t\t\t\t<p>Olemme iloisia, ett\u00e4 olet kiinnostunut luonnonmukaisista rakennus- ja viimeistelymateriaaleista.<\/p>\n<p><strong>Olemme vanhan savirakennuskulttuurin ihailijoita ja haluamme<\/strong>, ett\u00e4 kaikilla ihmisill\u00e4 olisi mahdollisuus asua terveellisist\u00e4 ja puhtaista materiaaleista rakennetuissa kodeissa. Juuri siksi valmistammekin luonnonmateriaaleja.<\/p>\n<p><strong>UKU:n perustaja ja omatunto on Marko Kikas.<\/strong> H\u00e4n on mies, jolla on perinteiset rakennustekniikat suorastaan veress\u00e4. Jo h\u00e4nen isois\u00e4ns\u00e4 rakensi savitaloja Etel\u00e4-Virossa, ja vaikka Marko ei koskaan tavannutkaan isois\u00e4\u00e4ns\u00e4, vanhat opit saavuttivat h\u00e4net silti rappaajais\u00e4n v\u00e4lityksell\u00e4.<\/p>\n<p>Rakentajaksi opiskeltuaan ja ty\u00f6skennelty\u00e4\u00e4n muutaman vuoden nykyrakentamisen parissa h\u00e4n tunsi kutsun palata vanhoihin menetelmiin ja materiaaleihin. H\u00e4n t\u00e4ydensi tietotaitoaan Saksassa ja Meksikossa, ja perusti vuonna 2006 luonnonmukaisia \u200b\u200bviimeistelymateriaaleja valmistavan Saviukumajan.<\/p>\n\t\t\t\t\t\t\t\t<\/div>\n\t\t\t\t<\/div>\n\t\t\t\t\t<\/div>\n\t\t<\/div>\n\t\t\t\t<div class=\"elementor-column elementor-col-50 elementor-inner-column elementor-element elementor-element-30941ca\" data-id=\"30941ca\" data-element_type=\"column\">\n\t\t\t<div class=\"elementor-widget-wrap elementor-element-populated\">\n\t\t\t\t\t\t\t<\/div>\n\t\t<\/div>\n\t\t\t\t\t<\/div>\n\t\t<\/section>\n\t\t\t\t<div class=\"elementor-element elementor-element-887e316 elementor-widget elementor-widget-heading\" data-id=\"887e316\" data-element_type=\"widget\" data-widget_type=\"heading.default\">\n\t\t\t\t<div class=\"elementor-widget-container\">\n\t\t\t\t\t<h1 class=\"elementor-heading-title elementor-size-default\">UKU - LUONNOLLISTEN VIIMEISTELYMATERIAALIEN ASIANTUNTIJA<\/h1>\t\t\t\t<\/div>\n\t\t\t\t<\/div>\n\t\t\t\t<section data-particle_enable=\"false\" data-particle-mobile-disabled=\"false\" class=\"elementor-section elementor-inner-section elementor-element elementor-element-9321291 elementor-section-boxed elementor-section-height-default elementor-section-height-default\" data-id=\"9321291\" data-element_type=\"section\">\n\t\t\t\t\t\t<div class=\"elementor-container elementor-column-gap-default\">\n\t\t\t\t\t<div class=\"elementor-column elementor-col-50 elementor-inner-column elementor-element elementor-element-8a40a6c\" data-id=\"8a40a6c\" data-element_type=\"column\">\n\t\t\t<div class=\"elementor-widget-wrap elementor-element-populated\">\n\t\t\t\t\t\t\t<\/div>\n\t\t<\/div>\n\t\t\t\t<div class=\"elementor-column elementor-col-50 elementor-inner-column elementor-element elementor-element-74ec283\" data-id=\"74ec283\" data-element_type=\"column\">\n\t\t\t<div class=\"elementor-widget-wrap elementor-element-populated\">\n\t\t\t\t\t\t<div class=\"elementor-element elementor-element-b47abd6 elementor-widget elementor-widget-text-editor\" data-id=\"b47abd6\" data-element_type=\"widget\" data-widget_type=\"text-editor.default\">\n\t\t\t\t<div class=\"elementor-widget-container\">\n\t\t\t\t\t\t\t\t\t<p><strong>Nyky\u00e4\u00e4n Saviukumajasta on tullut laadukkaimpia rakennusseoksia valmistava UKU<\/strong>, jonka tiimi koostuu oman alansa todellisista faneista ja asiantuntijoista. Olemme matkustaneet ymp\u00e4ri maailmaa ja yhdist\u00e4neet eri kansojen perinteisen tiet\u00e4myksen moderneiksi luonnonmukaisiksi rakennusseoksiksi.<\/p>\n<p>Sen lis\u00e4ksi, ett\u00e4 valmistamme t\u00e4llaisia \u200b\u200bseoksia itse, monet meist\u00e4 my\u00f6s asuvat tuotteidemme avulla rakennetuissa taloissa. Tied\u00e4mme, mit\u00e4 teemme, ja ymm\u00e4rr\u00e4mme, mit\u00e4 t\u00e4llaisista materiaaleista halutaan. Juuri niin syntyv\u00e4t hyv\u00e4t asiat.<\/p>\n<p><strong>Yli 20 ty\u00f6vuotemme aikana luonnonmukaisen rakentamisen<\/strong> alalla olemme saavuttaneet taituruuden, jonka ansiosta tunnemme olomme varmaksi sek\u00e4 kodikasta pohjoismaista mets\u00e4m\u00f6kki\u00e4 ett\u00e4 arabialaisen aavikkoprinssin asuntoa rakentaessa. Olemme luonnonmukaisten viimeistelymateriaalien asiantuntijoita, joihin voit ottaa yhtyett\u00e4 kaikissa kysymyksiss\u00e4.<\/p>\n<p><strong>Kaikki tuotteemme ovat kierr\u00e4tett\u00e4vi\u00e4, kompostoitavia ja VOC-vapaita, eiv\u00e4tk\u00e4 ne sis\u00e4ll\u00e4 kemikaaleja tai myrkyllisi\u00e4 aineita.<\/strong> Panostamme aikaa ja resursseja tuotteidemme puhtauden varmistamiseen; emme k\u00e4yt\u00e4 oikoteit\u00e4, jotka voisivat mill\u00e4\u00e4n tavalla vahingoittaa tuotteiden laatua tai luontoa.<\/p>\n\t\t\t\t\t\t\t\t<\/div>\n\t\t\t\t<\/div>\n\t\t\t\t\t<\/div>\n\t\t<\/div>\n\t\t\t\t\t<\/div>\n\t\t<\/section>\n\t\t\t\t<div class=\"elementor-element elementor-element-32bb071 elementor-widget elementor-widget-heading\" data-id=\"32bb071\" data-element_type=\"widget\" data-widget_type=\"heading.default\">\n\t\t\t\t<div class=\"elementor-widget-container\">\n\t\t\t\t\t<h1 class=\"elementor-heading-title elementor-size-default\">PERINTEISET MATERIAALIT, UUDET TEKNIIKAT<\/h1>\t\t\t\t<\/div>\n\t\t\t\t<\/div>\n\t\t\t\t<section data-particle_enable=\"false\" data-particle-mobile-disabled=\"false\" class=\"elementor-section elementor-inner-section elementor-element elementor-element-93a1c1a elementor-reverse-mobile elementor-section-boxed elementor-section-height-default elementor-section-height-default\" data-id=\"93a1c1a\" data-element_type=\"section\">\n\t\t\t\t\t\t<div class=\"elementor-container elementor-column-gap-default\">\n\t\t\t\t\t<div class=\"elementor-column elementor-col-50 elementor-inner-column elementor-element elementor-element-e488cb6\" data-id=\"e488cb6\" data-element_type=\"column\">\n\t\t\t<div class=\"elementor-widget-wrap elementor-element-populated\">\n\t\t\t\t\t\t<div class=\"elementor-element elementor-element-859fa63 elementor-widget elementor-widget-text-editor\" data-id=\"859fa63\" data-element_type=\"widget\" data-widget_type=\"text-editor.default\">\n\t\t\t\t<div class=\"elementor-widget-container\">\n\t\t\t\t\t\t\t\t\t<p><strong>Kehit\u00e4mme viimeistelyseoksiamme jatkuvasti<\/strong> ja olemme ottaneet niiden testaukseen ja analysointiin mukaan yliopistoja Virosta, Suomesta ja Ruotsista. Kaikki, mit\u00e4 lupaamme jonkin materiaalin suhteen, on todistettu testituloksilla.<\/p>\n<p>Maailmanluokkaiset UKU Pure Earth -viimeistelyseokset sek\u00e4 ylelliset ja modernit maalit valmistetaan <strong>nykytekniikalla<\/strong> P\u00f5lvamaalla sijaitsevassa vanhassa Moosten kartanossa. T\u00e4m\u00e4k\u00e4\u00e4n ei ole sattumaa. Uskomme, ett\u00e4 aivan kuten ihmiselle on t\u00e4rke\u00e4\u00e4 h\u00e4nen asuinpaikkansa, tuotteiden tapauksessa on t\u00e4rke\u00e4\u00e4, millaisissa olosuhteissa ne valmistuvat.<\/p>\n<p>Jos et l\u00f6yd\u00e4 valikoimastamme juuri toiveitasi tai tarpeitasi vastaavaa materiaalia, ilmoita siit\u00e4 rohkeasti meille. Meille jokainen t\u00e4m\u00e4nkaltainen haaste on mielenkiintoinen, ja autamme sinua mielell\u00e4mme toteuttamaan unelmasi.<\/p>\n<p><strong>Olemme palveluksessasi<\/strong>, olitpa sitten Etel\u00e4-Viron metsist\u00e4 tai prinssi tuhannen ja yhden y\u00f6n maasta.<\/p>\n\t\t\t\t\t\t\t\t<\/div>\n\t\t\t\t<\/div>\n\t\t\t\t\t<\/div>\n\t\t<\/div>\n\t\t\t\t<div class=\"elementor-column elementor-col-50 elementor-inner-column elementor-element elementor-element-2c762ee\" data-id=\"2c762ee\" data-element_type=\"column\">\n\t\t\t<div class=\"elementor-widget-wrap elementor-element-populated\">\n\t\t\t\t\t\t\t<\/div>\n\t\t<\/div>\n\t\t\t\t\t<\/div>\n\t\t<\/section>\n\t\t\t\t\t<\/div>\n\t\t<\/div>\n\t\t\t\t\t<\/div>\n\t\t<\/section>\n\t\t\t\t<\/div>\n\t\t","protected":false},"excerpt":{"rendered":"<p>Kuka on Saviukumaja tai UKU? Olemme iloisia, ett\u00e4 olet kiinnostunut luonnonmukaisista rakennus- ja viimeistelymateriaaleista. Olemme vanhan savirakennuskulttuurin ihailijoita ja haluamme, ett\u00e4 kaikilla ihmisill\u00e4 olisi mahdollisuus asua terveellisist\u00e4 ja puhtaista materiaaleista rakennetuissa kodeissa. Juuri siksi valmistammekin luonnonmateriaaleja. UKU:n perustaja ja omatunto on Marko Kikas. H\u00e4n on mies, jolla on perinteiset rakennustekniikat suorastaan veress\u00e4. Jo h\u00e4nen isois\u00e4ns\u00e4 [&hellip;]<\/p>\n","protected":false},"author":1,"featured_media":0,"parent":0,"menu_order":0,"comment_status":"closed","ping_status":"closed","template":"","meta":{"footnotes":""},"class_list":["post-10315","page","type-page","status-publish","hentry","entry"],"yoast_head":"<!-- This site is optimized with the Yoast SEO plugin v26.6 - https:\/\/yoast.com\/wordpress\/plugins\/seo\/ -->\n<title>Meist\u00e4 - Uku.eu<\/title>\n<meta name=\"robots\" content=\"index, follow, max-snippet:-1, max-image-preview:large, max-video-preview:-1\" \/>\n<link rel=\"canonical\" href=\"https:\/\/uku.eu\/meist\/\" \/>\n<meta property=\"og:locale\" content=\"fi_FI\" \/>\n<meta property=\"og:type\" content=\"article\" \/>\n<meta property=\"og:title\" content=\"Meist\u00e4 - Uku.eu\" \/>\n<meta property=\"og:description\" content=\"Kuka on Saviukumaja tai UKU? Olemme iloisia, ett\u00e4 olet kiinnostunut luonnonmukaisista rakennus- ja viimeistelymateriaaleista. Olemme vanhan savirakennuskulttuurin ihailijoita ja haluamme, ett\u00e4 kaikilla ihmisill\u00e4 olisi mahdollisuus asua terveellisist\u00e4 ja puhtaista materiaaleista rakennetuissa kodeissa. Juuri siksi valmistammekin luonnonmateriaaleja. UKU:n perustaja ja omatunto on Marko Kikas. H\u00e4n on mies, jolla on perinteiset rakennustekniikat suorastaan veress\u00e4. Jo h\u00e4nen isois\u00e4ns\u00e4 [&hellip;]\" \/>\n<meta property=\"og:url\" content=\"https:\/\/uku.eu\/meist\/\" \/>\n<meta property=\"og:site_name\" content=\"Uku.eu\" \/>\n<meta property=\"article:publisher\" content=\"https:\/\/www.facebook.com\/Saviukumaja\/\" \/>\n<meta property=\"article:modified_time\" content=\"2023-09-08T10:30:44+00:00\" \/>\n<meta name=\"twitter:card\" content=\"summary_large_image\" \/>\n<meta name=\"twitter:label1\" content=\"Arvioitu lukuaika\" \/>\n\t<meta name=\"twitter:data1\" content=\"2 minuuttia\" \/>\n<script type=\"application\/ld+json\" class=\"yoast-schema-graph\">{\"@context\":\"https:\/\/schema.org\",\"@graph\":[{\"@type\":\"WebPage\",\"@id\":\"https:\/\/uku.eu\/meist\/\",\"url\":\"https:\/\/uku.eu\/meist\/\",\"name\":\"Meist\u00e4 - Uku.eu\",\"isPartOf\":{\"@id\":\"https:\/\/uku.eu\/#website\"},\"datePublished\":\"2023-02-22T13:03:34+00:00\",\"dateModified\":\"2023-09-08T10:30:44+00:00\",\"breadcrumb\":{\"@id\":\"https:\/\/uku.eu\/meist\/#breadcrumb\"},\"inLanguage\":\"fi\",\"potentialAction\":[{\"@type\":\"ReadAction\",\"target\":[\"https:\/\/uku.eu\/meist\/\"]}]},{\"@type\":\"BreadcrumbList\",\"@id\":\"https:\/\/uku.eu\/meist\/#breadcrumb\",\"itemListElement\":[{\"@type\":\"ListItem\",\"position\":1,\"name\":\"Home\",\"item\":\"https:\/\/uku.eu\/\"},{\"@type\":\"ListItem\",\"position\":2,\"name\":\"Meist\u00e4\"}]},{\"@type\":\"WebSite\",\"@id\":\"https:\/\/uku.eu\/#website\",\"url\":\"https:\/\/uku.eu\/\",\"name\":\"Krohvid ja v\u00e4rvid otse loodusest\",\"description\":\"\",\"publisher\":{\"@id\":\"https:\/\/uku.eu\/#organization\"},\"potentialAction\":[{\"@type\":\"SearchAction\",\"target\":{\"@type\":\"EntryPoint\",\"urlTemplate\":\"https:\/\/uku.eu\/?s={search_term_string}\"},\"query-input\":{\"@type\":\"PropertyValueSpecification\",\"valueRequired\":true,\"valueName\":\"search_term_string\"}}],\"inLanguage\":\"fi\"},{\"@type\":\"Organization\",\"@id\":\"https:\/\/uku.eu\/#organization\",\"name\":\"Saviukumaja O\u00dc\",\"url\":\"https:\/\/uku.eu\/\",\"logo\":{\"@type\":\"ImageObject\",\"inLanguage\":\"fi\",\"@id\":\"https:\/\/uku.eu\/#\/schema\/logo\/image\/\",\"url\":\"https:\/\/uku.eu\/wp-content\/uploads\/2021\/02\/cropped-UKU-Logo.jpg\",\"contentUrl\":\"https:\/\/uku.eu\/wp-content\/uploads\/2021\/02\/cropped-UKU-Logo.jpg\",\"width\":512,\"height\":512,\"caption\":\"Saviukumaja O\u00dc\"},\"image\":{\"@id\":\"https:\/\/uku.eu\/#\/schema\/logo\/image\/\"},\"sameAs\":[\"https:\/\/www.facebook.com\/Saviukumaja\/\",\"https:\/\/www.instagram.com\/saviukumaja\/\",\"https:\/\/www.linkedin.com\/company\/saviukumaja\",\"https:\/\/www.pinterest.com\/saviukumaja\/\",\"https:\/\/www.youtube.com\/c\/UKUPureEarth\"]}]}<\/script>\n<!-- \/ Yoast SEO plugin. -->","yoast_head_json":{"title":"Meist\u00e4 - Uku.eu","robots":{"index":"index","follow":"follow","max-snippet":"max-snippet:-1","max-image-preview":"max-image-preview:large","max-video-preview":"max-video-preview:-1"},"canonical":"https:\/\/uku.eu\/meist\/","og_locale":"fi_FI","og_type":"article","og_title":"Meist\u00e4 - Uku.eu","og_description":"Kuka on Saviukumaja tai UKU? Olemme iloisia, ett\u00e4 olet kiinnostunut luonnonmukaisista rakennus- ja viimeistelymateriaaleista. Olemme vanhan savirakennuskulttuurin ihailijoita ja haluamme, ett\u00e4 kaikilla ihmisill\u00e4 olisi mahdollisuus asua terveellisist\u00e4 ja puhtaista materiaaleista rakennetuissa kodeissa. Juuri siksi valmistammekin luonnonmateriaaleja. UKU:n perustaja ja omatunto on Marko Kikas. H\u00e4n on mies, jolla on perinteiset rakennustekniikat suorastaan veress\u00e4. Jo h\u00e4nen isois\u00e4ns\u00e4 [&hellip;]","og_url":"https:\/\/uku.eu\/meist\/","og_site_name":"Uku.eu","article_publisher":"https:\/\/www.facebook.com\/Saviukumaja\/","article_modified_time":"2023-09-08T10:30:44+00:00","twitter_card":"summary_large_image","twitter_misc":{"Arvioitu lukuaika":"2 minuuttia"},"schema":{"@context":"https:\/\/schema.org","@graph":[{"@type":"WebPage","@id":"https:\/\/uku.eu\/meist\/","url":"https:\/\/uku.eu\/meist\/","name":"Meist\u00e4 - Uku.eu","isPartOf":{"@id":"https:\/\/uku.eu\/#website"},"datePublished":"2023-02-22T13:03:34+00:00","dateModified":"2023-09-08T10:30:44+00:00","breadcrumb":{"@id":"https:\/\/uku.eu\/meist\/#breadcrumb"},"inLanguage":"fi","potentialAction":[{"@type":"ReadAction","target":["https:\/\/uku.eu\/meist\/"]}]},{"@type":"BreadcrumbList","@id":"https:\/\/uku.eu\/meist\/#breadcrumb","itemListElement":[{"@type":"ListItem","position":1,"name":"Home","item":"https:\/\/uku.eu\/"},{"@type":"ListItem","position":2,"name":"Meist\u00e4"}]},{"@type":"WebSite","@id":"https:\/\/uku.eu\/#website","url":"https:\/\/uku.eu\/","name":"Krohvid ja v\u00e4rvid otse loodusest","description":"","publisher":{"@id":"https:\/\/uku.eu\/#organization"},"potentialAction":[{"@type":"SearchAction","target":{"@type":"EntryPoint","urlTemplate":"https:\/\/uku.eu\/?s={search_term_string}"},"query-input":{"@type":"PropertyValueSpecification","valueRequired":true,"valueName":"search_term_string"}}],"inLanguage":"fi"},{"@type":"Organization","@id":"https:\/\/uku.eu\/#organization","name":"Saviukumaja O\u00dc","url":"https:\/\/uku.eu\/","logo":{"@type":"ImageObject","inLanguage":"fi","@id":"https:\/\/uku.eu\/#\/schema\/logo\/image\/","url":"https:\/\/uku.eu\/wp-content\/uploads\/2021\/02\/cropped-UKU-Logo.jpg","contentUrl":"https:\/\/uku.eu\/wp-content\/uploads\/2021\/02\/cropped-UKU-Logo.jpg","width":512,"height":512,"caption":"Saviukumaja O\u00dc"},"image":{"@id":"https:\/\/uku.eu\/#\/schema\/logo\/image\/"},"sameAs":["https:\/\/www.facebook.com\/Saviukumaja\/","https:\/\/www.instagram.com\/saviukumaja\/","https:\/\/www.linkedin.com\/company\/saviukumaja","https:\/\/www.pinterest.com\/saviukumaja\/","https:\/\/www.youtube.com\/c\/UKUPureEarth"]}]}},"_links":{"self":[{"href":"https:\/\/uku.eu\/fi\/wp-json\/wp\/v2\/pages\/10315","targetHints":{"allow":["GET"]}}],"collection":[{"href":"https:\/\/uku.eu\/fi\/wp-json\/wp\/v2\/pages"}],"about":[{"href":"https:\/\/uku.eu\/fi\/wp-json\/wp\/v2\/types\/page"}],"author":[{"embeddable":true,"href":"https:\/\/uku.eu\/fi\/wp-json\/wp\/v2\/users\/1"}],"replies":[{"embeddable":true,"href":"https:\/\/uku.eu\/fi\/wp-json\/wp\/v2\/comments?post=10315"}],"version-history":[{"count":0,"href":"https:\/\/uku.eu\/fi\/wp-json\/wp\/v2\/pages\/10315\/revisions"}],"wp:attachment":[{"href":"https:\/\/uku.eu\/fi\/wp-json\/wp\/v2\/media?parent=10315"}],"curies":[{"name":"wp","href":"https:\/\/api.w.org\/{rel}","templated":true}]}}