{"id":10325,"date":"2022-12-01T15:44:15","date_gmt":"2022-12-01T13:44:15","guid":{"rendered":"https:\/\/uku.eu\/galleria\/"},"modified":"2025-08-23T11:04:10","modified_gmt":"2025-08-23T09:04:10","slug":"galleria","status":"publish","type":"page","link":"https:\/\/uku.eu\/fi\/galleria\/","title":{"rendered":"Galleria"},"content":{"rendered":"\t\t<div data-elementor-type=\"wp-page\" data-elementor-id=\"10325\" class=\"elementor elementor-10325 elementor-4455\" data-elementor-post-type=\"page\">\n\t\t\t\t\t\t<section data-particle_enable=\"false\" data-particle-mobile-disabled=\"false\" class=\"elementor-section elementor-top-section elementor-element elementor-element-3314949 elementor-section-boxed elementor-section-height-default elementor-section-height-default\" data-id=\"3314949\" data-element_type=\"section\" data-e-type=\"section\">\n\t\t\t\t\t\t<div class=\"elementor-container elementor-column-gap-default\">\n\t\t\t\t\t<div class=\"elementor-column elementor-col-100 elementor-top-column elementor-element elementor-element-109f1ff\" data-id=\"109f1ff\" data-element_type=\"column\" data-e-type=\"column\">\n\t\t\t<div class=\"elementor-widget-wrap elementor-element-populated\">\n\t\t\t\t\t\t<div class=\"elementor-element elementor-element-a2cd636 elementor-widget elementor-widget-spacer\" data-id=\"a2cd636\" data-element_type=\"widget\" data-e-type=\"widget\" data-widget_type=\"spacer.default\">\n\t\t\t\t<div class=\"elementor-widget-container\">\n\t\t\t\t\t\t\t<div class=\"elementor-spacer\">\n\t\t\t<div class=\"elementor-spacer-inner\"><\/div>\n\t\t<\/div>\n\t\t\t\t\t\t<\/div>\n\t\t\t\t<\/div>\n\t\t\t\t<div class=\"elementor-element elementor-element-8931786 elementor-widget elementor-widget-heading\" data-id=\"8931786\" data-element_type=\"widget\" data-e-type=\"widget\" data-widget_type=\"heading.default\">\n\t\t\t\t<div class=\"elementor-widget-container\">\n\t\t\t\t\t<h2 class=\"elementor-heading-title elementor-size-default\">TUTUSTU UKU-GALLERIAAN<\/h2>\t\t\t\t<\/div>\n\t\t\t\t<\/div>\n\t\t\t\t<div class=\"elementor-element elementor-element-9f0ab05 elementor-widget elementor-widget-spacer\" data-id=\"9f0ab05\" data-element_type=\"widget\" data-e-type=\"widget\" data-widget_type=\"spacer.default\">\n\t\t\t\t<div class=\"elementor-widget-container\">\n\t\t\t\t\t\t\t<div class=\"elementor-spacer\">\n\t\t\t<div class=\"elementor-spacer-inner\"><\/div>\n\t\t<\/div>\n\t\t\t\t\t\t<\/div>\n\t\t\t\t<\/div>\n\t\t\t\t<div class=\"elementor-element elementor-element-0e47657 elementor-widget elementor-widget-text-editor\" data-id=\"0e47657\" data-element_type=\"widget\" data-e-type=\"widget\" data-widget_type=\"text-editor.default\">\n\t\t\t\t<div class=\"elementor-widget-container\">\n\t\t\t\t\t\t\t\t\t<p class=\"p1\">MISS\u00c4 SAVI JA KALKKI KOHTAAVAT \u2013 TILOISSA, N\u00c4YTTELYISS\u00c4, PERINTEISESS\u00c4 SAVIRAKENTAMISESSA SEK\u00c4 LUOMISEN ARJESSA UKU LABORISSA JA TUOTANNOSSA.<\/p>\t\t\t\t\t\t\t\t<\/div>\n\t\t\t\t<\/div>\n\t\t\t\t\t<\/div>\n\t\t<\/div>\n\t\t\t\t\t<\/div>\n\t\t<\/section>\n\t\t<div data-particle_enable=\"false\" data-particle-mobile-disabled=\"false\" class=\"elementor-element elementor-element-f1404c2 e-flex e-con-boxed e-con e-parent\" data-id=\"f1404c2\" data-element_type=\"container\" data-e-type=\"container\">\n\t\t\t\t\t<div class=\"e-con-inner\">\n\t\t\t\t<div class=\"elementor-element elementor-element-f420f81 eael-fg-hoverer-content-align-left elementor-widget elementor-widget-eael-filterable-gallery\" data-id=\"f420f81\" data-element_type=\"widget\" data-e-type=\"widget\" data-settings=\"{&quot;photo_gallery&quot;:&quot;yes&quot;,&quot;pagination&quot;:&quot;false&quot;}\" data-widget_type=\"eael-filterable-gallery.default\">\n\t\t\t\t<div class=\"elementor-widget-container\">\n\t\t\t\t\t<style id=\"eael-fg-inline-css-f420f81\">@media only screen and (max-width: 2399px) {\n\t\t\t\t\t.elementor-element.elementor-element-f420f81 .eael-filterable-gallery-item-wrap {\n\t\t\t\t\t        width: 50%;\n\t\t\t\t\t    }\n\t\t\t\t\t}@media only screen and (max-width: 1024px) {\n\t\t\t\t\t.elementor-element.elementor-element-f420f81  .eael-filterable-gallery-item-wrap {\n\t\t\t\t\t        width: 50%;\n\t\t\t\t\t    }\n\t\t\t\t\t}@media only screen and (max-width: 767px) {\n\t\t\t\t\t.elementor-element.elementor-element-f420f81  .eael-filterable-gallery-item-wrap {\n\t\t\t\t\t        width: 100%;\n\t\t\t\t\t    }\n\t\t\t\t\t}<\/style>        <div id=\"eael-filter-gallery-wrapper-f420f81\" class=\"eael-filter-gallery-wrapper\" data-layout-mode=\"hoverer\" data-breakpoints=\"{&quot;mobile&quot;:{&quot;label&quot;:&quot;Mobiili pystyss\\u00e4&quot;,&quot;value&quot;:767,&quot;default_value&quot;:767,&quot;direction&quot;:&quot;max&quot;,&quot;is_enabled&quot;:true},&quot;mobile_extra&quot;:{&quot;label&quot;:&quot;Mobiili vaakasuunnassa&quot;,&quot;value&quot;:880,&quot;default_value&quot;:880,&quot;direction&quot;:&quot;max&quot;,&quot;is_enabled&quot;:false},&quot;tablet&quot;:{&quot;label&quot;:&quot;Tablet Portrait&quot;,&quot;value&quot;:1024,&quot;default_value&quot;:1024,&quot;direction&quot;:&quot;max&quot;,&quot;is_enabled&quot;:true},&quot;tablet_extra&quot;:{&quot;label&quot;:&quot;Tablet Landscape&quot;,&quot;value&quot;:1200,&quot;default_value&quot;:1200,&quot;direction&quot;:&quot;max&quot;,&quot;is_enabled&quot;:false},&quot;laptop&quot;:{&quot;label&quot;:&quot;Kannettava tietokone&quot;,&quot;value&quot;:1366,&quot;default_value&quot;:1366,&quot;direction&quot;:&quot;max&quot;,&quot;is_enabled&quot;:false},&quot;widescreen&quot;:{&quot;label&quot;:&quot;Widescreen&quot;,&quot;value&quot;:2400,&quot;default_value&quot;:2400,&quot;direction&quot;:&quot;min&quot;,&quot;is_enabled&quot;:false}}\" data-default_control_key=\"0\" data-custom_default_control=\"1\">\n                    <div class=\"eael-filter-gallery-container masonry\" data-images-per-page=\"\" data-total-gallery-items=\"3\" data-nomore-item-text=\"\" data-is-randomize=\"no\" data-settings=\"{&quot;grid_style&quot;:&quot;masonry&quot;,&quot;popup&quot;:&quot;buttons&quot;,&quot;duration&quot;:500,&quot;gallery_enabled&quot;:&quot;yes&quot;,&quot;video_gallery_yt_privacy&quot;:&quot;&quot;,&quot;control_all_text&quot;:null,&quot;mobile_scroll_to_top&quot;:&quot;&quot;,&quot;mobile_scroll_offset&quot;:0,&quot;post_id&quot;:10325,&quot;widget_id&quot;:&quot;f420f81&quot;}\" data-search-all=\"\" data-gallery-items=\"WyI8ZGl2IGNsYXNzPVwiZWFlbC1maWx0ZXJhYmxlLWdhbGxlcnktaXRlbS13cmFwXCI+XG5cdFx0XHRcdDxkaXYgY2xhc3M9XCJlYWVsLWdhbGxlcnktZ3JpZC1pdGVtXCI+PGEgaHJlZj1cImh0dHBzOlwvXC91a3UuZXVcL2ZpXC90dXR1c3R1LXNhdml2aWltZWlzdGVseXloaW5cL1wiPjxkaXYgY2xhc3M9XCJnYWxsZXJ5LWl0ZW0tdGh1bWJuYWlsLXdyYXBcIj48aW1nIHdpZHRoPVwiMzAwXCIgaGVpZ2h0PVwiMjEyXCIgc3JjPVwiaHR0cHM6XC9cL3VrdS5ldVwvd3AtY29udGVudFwvdXBsb2Fkc1wvMjAyNVwvMDhcL0VTVC1TQVZJLTMwMHgyMTIuanBnXCIgY2xhc3M9XCJhdHRhY2htZW50LW1lZGl1bSBzaXplLW1lZGl1bSB3cC1pbWFnZS0zMTA5NlwiIGFsdD1cIlwiIHNyY3NldD1cImh0dHBzOlwvXC91a3UuZXVcL3dwLWNvbnRlbnRcL3VwbG9hZHNcLzIwMjVcLzA4XC9FU1QtU0FWSS0zMDB4MjEyLmpwZyAzMDB3LCBodHRwczpcL1wvdWt1LmV1XC93cC1jb250ZW50XC91cGxvYWRzXC8yMDI1XC8wOFwvRVNULVNBVkktMTAyNHg3MjQuanBnIDEwMjR3LCBodHRwczpcL1wvdWt1LmV1XC93cC1jb250ZW50XC91cGxvYWRzXC8yMDI1XC8wOFwvRVNULVNBVkktNzY4eDU0My5qcGcgNzY4dywgaHR0cHM6XC9cL3VrdS5ldVwvd3AtY29udGVudFwvdXBsb2Fkc1wvMjAyNVwvMDhcL0VTVC1TQVZJLTE1MzZ4MTA4Ni5qcGcgMTUzNncsIGh0dHBzOlwvXC91a3UuZXVcL3dwLWNvbnRlbnRcL3VwbG9hZHNcLzIwMjVcLzA4XC9FU1QtU0FWSS0yMDQ4eDE0NDcuanBnIDIwNDh3LCBodHRwczpcL1wvdWt1LmV1XC93cC1jb250ZW50XC91cGxvYWRzXC8yMDI1XC8wOFwvRVNULVNBVkktc2NhbGVkLmpwZyAyMDAwd1wiIHNpemVzPVwiKG1heC13aWR0aDogMzAwcHgpIDEwMHZ3LCAzMDBweFwiIFwvPjxcL2Rpdj48ZGl2IGNsYXNzPVwiZ2FsbGVyeS1pdGVtLWNhcHRpb24td3JhcCBjYXB0aW9uLXN0eWxlLWhvdmVyZXIgZWFlbC1zbGlkZS11cFwiPjxkaXYgY2xhc3M9XCJnYWxsZXJ5LWl0ZW0taG92ZXJlci1iZ1wiPjxcL2Rpdj48ZGl2IGNsYXNzPVwiZ2FsbGVyeS1pdGVtLWNhcHRpb24tb3ZlclwiPjxcL2Rpdj48XC9kaXY+PFwvYT48XC9kaXY+PFwvZGl2PiIsIjxkaXYgY2xhc3M9XCJlYWVsLWZpbHRlcmFibGUtZ2FsbGVyeS1pdGVtLXdyYXBcIj5cblx0XHRcdFx0PGRpdiBjbGFzcz1cImVhZWwtZ2FsbGVyeS1ncmlkLWl0ZW1cIj48YSBocmVmPVwiaHR0cHM6XC9cL3VrdS5ldVwvZmlcL3R1dHVzdHUta2Fsa2tpdmlpbWVpc3RlbHlpaGluXC9cIj48ZGl2IGNsYXNzPVwiZ2FsbGVyeS1pdGVtLXRodW1ibmFpbC13cmFwXCI+PGltZyB3aWR0aD1cIjMwMFwiIGhlaWdodD1cIjIxMlwiIHNyYz1cImh0dHBzOlwvXC91a3UuZXVcL3dwLWNvbnRlbnRcL3VwbG9hZHNcLzIwMjVcLzA4XC9GSU4tS0FMS0tJLTMwMHgyMTIuanBnXCIgY2xhc3M9XCJhdHRhY2htZW50LW1lZGl1bSBzaXplLW1lZGl1bSB3cC1pbWFnZS0zMTk3M1wiIGFsdD1cIlwiIHNyY3NldD1cImh0dHBzOlwvXC91a3UuZXVcL3dwLWNvbnRlbnRcL3VwbG9hZHNcLzIwMjVcLzA4XC9GSU4tS0FMS0tJLTMwMHgyMTIuanBnIDMwMHcsIGh0dHBzOlwvXC91a3UuZXVcL3dwLWNvbnRlbnRcL3VwbG9hZHNcLzIwMjVcLzA4XC9GSU4tS0FMS0tJLTEwMjR4NzI0LmpwZyAxMDI0dywgaHR0cHM6XC9cL3VrdS5ldVwvd3AtY29udGVudFwvdXBsb2Fkc1wvMjAyNVwvMDhcL0ZJTi1LQUxLS0ktNzY4eDU0My5qcGcgNzY4dywgaHR0cHM6XC9cL3VrdS5ldVwvd3AtY29udGVudFwvdXBsb2Fkc1wvMjAyNVwvMDhcL0ZJTi1LQUxLS0ktMTUzNngxMDg2LmpwZyAxNTM2dywgaHR0cHM6XC9cL3VrdS5ldVwvd3AtY29udGVudFwvdXBsb2Fkc1wvMjAyNVwvMDhcL0ZJTi1LQUxLS0ktMjA0OHgxNDQ4LmpwZyAyMDQ4d1wiIHNpemVzPVwiKG1heC13aWR0aDogMzAwcHgpIDEwMHZ3LCAzMDBweFwiIFwvPjxcL2Rpdj48ZGl2IGNsYXNzPVwiZ2FsbGVyeS1pdGVtLWNhcHRpb24td3JhcCBjYXB0aW9uLXN0eWxlLWhvdmVyZXIgZWFlbC1zbGlkZS11cFwiPjxkaXYgY2xhc3M9XCJnYWxsZXJ5LWl0ZW0taG92ZXJlci1iZ1wiPjxcL2Rpdj48ZGl2IGNsYXNzPVwiZ2FsbGVyeS1pdGVtLWNhcHRpb24tb3ZlclwiPjxcL2Rpdj48XC9kaXY+PFwvYT48XC9kaXY+PFwvZGl2PiIsIjxkaXYgY2xhc3M9XCJlYWVsLWZpbHRlcmFibGUtZ2FsbGVyeS1pdGVtLXdyYXBcIj5cblx0XHRcdFx0PGRpdiBjbGFzcz1cImVhZWwtZ2FsbGVyeS1ncmlkLWl0ZW1cIj48YSBocmVmPVwiaHR0cHM6XC9cL3VrdS5ldVwvZmlcL2dhbGxlcmlhXC9zYXZpcmFrZW5udWtzZXQtdmlyb3NzYVwvXCI+PGRpdiBjbGFzcz1cImdhbGxlcnktaXRlbS10aHVtYm5haWwtd3JhcFwiPjxpbWcgd2lkdGg9XCIzMDBcIiBoZWlnaHQ9XCIyMTJcIiBzcmM9XCJodHRwczpcL1wvdWt1LmV1XC93cC1jb250ZW50XC91cGxvYWRzXC8yMDI1XC8wOFwvRklOLTMwMHgyMTIuanBnXCIgY2xhc3M9XCJhdHRhY2htZW50LW1lZGl1bSBzaXplLW1lZGl1bSB3cC1pbWFnZS0zMTk3OVwiIGFsdD1cIlwiIHNyY3NldD1cImh0dHBzOlwvXC91a3UuZXVcL3dwLWNvbnRlbnRcL3VwbG9hZHNcLzIwMjVcLzA4XC9GSU4tMzAweDIxMi5qcGcgMzAwdywgaHR0cHM6XC9cL3VrdS5ldVwvd3AtY29udGVudFwvdXBsb2Fkc1wvMjAyNVwvMDhcL0ZJTi03Njh4NTQyLmpwZyA3Njh3LCBodHRwczpcL1wvdWt1LmV1XC93cC1jb250ZW50XC91cGxvYWRzXC8yMDI1XC8wOFwvRklOLmpwZyA4NDJ3XCIgc2l6ZXM9XCIobWF4LXdpZHRoOiAzMDBweCkgMTAwdncsIDMwMHB4XCIgXC8+PFwvZGl2PjxkaXYgY2xhc3M9XCJnYWxsZXJ5LWl0ZW0tY2FwdGlvbi13cmFwIGNhcHRpb24tc3R5bGUtaG92ZXJlciBlYWVsLXNsaWRlLXVwXCI+PGRpdiBjbGFzcz1cImdhbGxlcnktaXRlbS1ob3ZlcmVyLWJnXCI+PFwvZGl2PjxkaXYgY2xhc3M9XCJnYWxsZXJ5LWl0ZW0tY2FwdGlvbi1vdmVyXCI+PFwvZGl2PjxcL2Rpdj48XC9hPjxcL2Rpdj48XC9kaXY+Il0=\" data-init-show=\"3\">\n            <div class=\"eael-filterable-gallery-item-wrap\">\n\t\t\t\t<div class=\"eael-gallery-grid-item\"><a href=\"https:\/\/uku.eu\/fi\/tutustu-saviviimeistelyyhin\/\"><div class=\"gallery-item-thumbnail-wrap\"><img fetchpriority=\"high\" decoding=\"async\" width=\"300\" height=\"212\" src=\"https:\/\/uku.eu\/wp-content\/uploads\/2025\/08\/EST-SAVI-300x212.jpg\" class=\"attachment-medium size-medium wp-image-31096\" alt=\"\" srcset=\"https:\/\/uku.eu\/wp-content\/uploads\/2025\/08\/EST-SAVI-300x212.jpg 300w, https:\/\/uku.eu\/wp-content\/uploads\/2025\/08\/EST-SAVI-1024x724.jpg 1024w, https:\/\/uku.eu\/wp-content\/uploads\/2025\/08\/EST-SAVI-768x543.jpg 768w, https:\/\/uku.eu\/wp-content\/uploads\/2025\/08\/EST-SAVI-1536x1086.jpg 1536w, https:\/\/uku.eu\/wp-content\/uploads\/2025\/08\/EST-SAVI-2048x1447.jpg 2048w, https:\/\/uku.eu\/wp-content\/uploads\/2025\/08\/EST-SAVI-scaled.jpg 2000w\" sizes=\"(max-width: 300px) 100vw, 300px\" \/><\/div><div class=\"gallery-item-caption-wrap caption-style-hoverer eael-slide-up\"><div class=\"gallery-item-hoverer-bg\"><\/div><div class=\"gallery-item-caption-over\"><\/div><\/div><\/a><\/div><\/div><div class=\"eael-filterable-gallery-item-wrap\">\n\t\t\t\t<div class=\"eael-gallery-grid-item\"><a href=\"https:\/\/uku.eu\/fi\/tutustu-kalkkiviimeistelyihin\/\"><div class=\"gallery-item-thumbnail-wrap\"><img decoding=\"async\" width=\"300\" height=\"212\" src=\"https:\/\/uku.eu\/wp-content\/uploads\/2025\/08\/FIN-KALKKI-300x212.jpg\" class=\"attachment-medium size-medium wp-image-31973\" alt=\"\" srcset=\"https:\/\/uku.eu\/wp-content\/uploads\/2025\/08\/FIN-KALKKI-300x212.jpg 300w, https:\/\/uku.eu\/wp-content\/uploads\/2025\/08\/FIN-KALKKI-1024x724.jpg 1024w, https:\/\/uku.eu\/wp-content\/uploads\/2025\/08\/FIN-KALKKI-768x543.jpg 768w, https:\/\/uku.eu\/wp-content\/uploads\/2025\/08\/FIN-KALKKI-1536x1086.jpg 1536w, https:\/\/uku.eu\/wp-content\/uploads\/2025\/08\/FIN-KALKKI-2048x1448.jpg 2048w\" sizes=\"(max-width: 300px) 100vw, 300px\" \/><\/div><div class=\"gallery-item-caption-wrap caption-style-hoverer eael-slide-up\"><div class=\"gallery-item-hoverer-bg\"><\/div><div class=\"gallery-item-caption-over\"><\/div><\/div><\/a><\/div><\/div><div class=\"eael-filterable-gallery-item-wrap\">\n\t\t\t\t<div class=\"eael-gallery-grid-item\"><a href=\"https:\/\/uku.eu\/fi\/galleria\/savirakennukset-virossa\/\"><div class=\"gallery-item-thumbnail-wrap\"><img decoding=\"async\" width=\"300\" height=\"212\" src=\"https:\/\/uku.eu\/wp-content\/uploads\/2025\/08\/FIN-300x212.jpg\" class=\"attachment-medium size-medium wp-image-31979\" alt=\"\" srcset=\"https:\/\/uku.eu\/wp-content\/uploads\/2025\/08\/FIN-300x212.jpg 300w, https:\/\/uku.eu\/wp-content\/uploads\/2025\/08\/FIN-768x542.jpg 768w, https:\/\/uku.eu\/wp-content\/uploads\/2025\/08\/FIN.jpg 842w\" sizes=\"(max-width: 300px) 100vw, 300px\" \/><\/div><div class=\"gallery-item-caption-wrap caption-style-hoverer eael-slide-up\"><div class=\"gallery-item-hoverer-bg\"><\/div><div class=\"gallery-item-caption-over\"><\/div><\/div><\/a><\/div><\/div>        <\/div>\n                <\/div>\n        \n        \t\t\t\t<\/div>\n\t\t\t\t<\/div>\n\t\t\t\t\t<\/div>\n\t\t\t\t<\/div>\n\t\t\t\t<\/div>\n\t\t","protected":false},"excerpt":{"rendered":"<p>TUTUSTU UKU-GALLERIAAN MISS\u00c4 SAVI JA KALKKI KOHTAAVAT \u2013 TILOISSA, N\u00c4YTTELYISS\u00c4, PERINTEISESS\u00c4 SAVIRAKENTAMISESSA SEK\u00c4 LUOMISEN ARJESSA UKU LABORISSA JA TUOTANNOSSA.<\/p>\n","protected":false},"author":1,"featured_media":0,"parent":0,"menu_order":0,"comment_status":"closed","ping_status":"closed","template":"elementor_header_footer","meta":{"footnotes":""},"class_list":["post-10325","page","type-page","status-publish","hentry","entry"],"yoast_head":"<!-- This site is optimized with the Yoast SEO plugin v26.6 - https:\/\/yoast.com\/wordpress\/plugins\/seo\/ -->\n<title>UKU GALLERIA<\/title>\n<meta name=\"description\" content=\"MILT\u00c4 N\u00c4YTT\u00c4V\u00c4T UKU-MATERIAALEILLA VIIMEISTELLYT HUONEET JA VIIHTYIS\u00c4T KODIT? T\u00c4\u00c4LT\u00c4 N\u00c4ET UKU:N YHTEISTY\u00d6KUMPPANEIDEN TEKEMI\u00c4 T\u00d6IT\u00c4.\" \/>\n<meta name=\"robots\" content=\"index, follow, max-snippet:-1, max-image-preview:large, max-video-preview:-1\" \/>\n<link rel=\"canonical\" href=\"https:\/\/uku.eu\/galerii\/\" \/>\n<meta property=\"og:locale\" content=\"fi_FI\" \/>\n<meta property=\"og:type\" content=\"article\" \/>\n<meta property=\"og:title\" content=\"UKU GALLERIA\" \/>\n<meta property=\"og:description\" content=\"MILT\u00c4 N\u00c4YTT\u00c4V\u00c4T UKU-MATERIAALEILLA VIIMEISTELLYT HUONEET JA VIIHTYIS\u00c4T KODIT? T\u00c4\u00c4LT\u00c4 N\u00c4ET UKU:N YHTEISTY\u00d6KUMPPANEIDEN TEKEMI\u00c4 T\u00d6IT\u00c4.\" \/>\n<meta property=\"og:url\" content=\"https:\/\/uku.eu\/galerii\/\" \/>\n<meta property=\"og:site_name\" content=\"Uku.eu\" \/>\n<meta property=\"article:publisher\" content=\"https:\/\/www.facebook.com\/Saviukumaja\/\" \/>\n<meta property=\"article:modified_time\" content=\"2025-08-23T09:04:10+00:00\" \/>\n<meta property=\"og:image\" content=\"https:\/\/uku.eu\/wp-content\/uploads\/2025\/08\/EST-SAVI-scaled.jpg\" \/>\n<meta name=\"twitter:card\" content=\"summary_large_image\" \/>\n<meta name=\"twitter:label1\" content=\"Arvioitu lukuaika\" \/>\n\t<meta name=\"twitter:data1\" content=\"1 minuutti\" \/>\n<script type=\"application\/ld+json\" class=\"yoast-schema-graph\">{\"@context\":\"https:\/\/schema.org\",\"@graph\":[{\"@type\":\"WebPage\",\"@id\":\"https:\/\/uku.eu\/galerii\/\",\"url\":\"https:\/\/uku.eu\/galerii\/\",\"name\":\"UKU GALLERIA\",\"isPartOf\":{\"@id\":\"https:\/\/uku.eu\/#website\"},\"primaryImageOfPage\":{\"@id\":\"https:\/\/uku.eu\/galerii\/#primaryimage\"},\"image\":{\"@id\":\"https:\/\/uku.eu\/galerii\/#primaryimage\"},\"thumbnailUrl\":\"https:\/\/uku.eu\/wp-content\/uploads\/2025\/08\/EST-SAVI-scaled.jpg\",\"datePublished\":\"2022-12-01T13:44:15+00:00\",\"dateModified\":\"2025-08-23T09:04:10+00:00\",\"description\":\"MILT\u00c4 N\u00c4YTT\u00c4V\u00c4T UKU-MATERIAALEILLA VIIMEISTELLYT HUONEET JA VIIHTYIS\u00c4T KODIT? T\u00c4\u00c4LT\u00c4 N\u00c4ET UKU:N YHTEISTY\u00d6KUMPPANEIDEN TEKEMI\u00c4 T\u00d6IT\u00c4.\",\"breadcrumb\":{\"@id\":\"https:\/\/uku.eu\/galerii\/#breadcrumb\"},\"inLanguage\":\"fi\",\"potentialAction\":[{\"@type\":\"ReadAction\",\"target\":[\"https:\/\/uku.eu\/galerii\/\"]}]},{\"@type\":\"ImageObject\",\"inLanguage\":\"fi\",\"@id\":\"https:\/\/uku.eu\/galerii\/#primaryimage\",\"url\":\"https:\/\/uku.eu\/wp-content\/uploads\/2025\/08\/EST-SAVI-scaled.jpg\",\"contentUrl\":\"https:\/\/uku.eu\/wp-content\/uploads\/2025\/08\/EST-SAVI-scaled.jpg\"},{\"@type\":\"BreadcrumbList\",\"@id\":\"https:\/\/uku.eu\/galerii\/#breadcrumb\",\"itemListElement\":[{\"@type\":\"ListItem\",\"position\":1,\"name\":\"Home\",\"item\":\"https:\/\/uku.eu\/\"},{\"@type\":\"ListItem\",\"position\":2,\"name\":\"Galleria\"}]},{\"@type\":\"WebSite\",\"@id\":\"https:\/\/uku.eu\/#website\",\"url\":\"https:\/\/uku.eu\/\",\"name\":\"Krohvid ja v\u00e4rvid otse loodusest\",\"description\":\"\",\"publisher\":{\"@id\":\"https:\/\/uku.eu\/#organization\"},\"potentialAction\":[{\"@type\":\"SearchAction\",\"target\":{\"@type\":\"EntryPoint\",\"urlTemplate\":\"https:\/\/uku.eu\/?s={search_term_string}\"},\"query-input\":{\"@type\":\"PropertyValueSpecification\",\"valueRequired\":true,\"valueName\":\"search_term_string\"}}],\"inLanguage\":\"fi\"},{\"@type\":\"Organization\",\"@id\":\"https:\/\/uku.eu\/#organization\",\"name\":\"Saviukumaja O\u00dc\",\"url\":\"https:\/\/uku.eu\/\",\"logo\":{\"@type\":\"ImageObject\",\"inLanguage\":\"fi\",\"@id\":\"https:\/\/uku.eu\/#\/schema\/logo\/image\/\",\"url\":\"https:\/\/uku.eu\/wp-content\/uploads\/2021\/02\/cropped-UKU-Logo.jpg\",\"contentUrl\":\"https:\/\/uku.eu\/wp-content\/uploads\/2021\/02\/cropped-UKU-Logo.jpg\",\"width\":512,\"height\":512,\"caption\":\"Saviukumaja O\u00dc\"},\"image\":{\"@id\":\"https:\/\/uku.eu\/#\/schema\/logo\/image\/\"},\"sameAs\":[\"https:\/\/www.facebook.com\/Saviukumaja\/\",\"https:\/\/www.instagram.com\/saviukumaja\/\",\"https:\/\/www.linkedin.com\/company\/saviukumaja\",\"https:\/\/www.pinterest.com\/saviukumaja\/\",\"https:\/\/www.youtube.com\/c\/UKUPureEarth\"]}]}<\/script>\n<!-- \/ Yoast SEO plugin. -->","yoast_head_json":{"title":"UKU GALLERIA","description":"MILT\u00c4 N\u00c4YTT\u00c4V\u00c4T UKU-MATERIAALEILLA VIIMEISTELLYT HUONEET JA VIIHTYIS\u00c4T KODIT? T\u00c4\u00c4LT\u00c4 N\u00c4ET UKU:N YHTEISTY\u00d6KUMPPANEIDEN TEKEMI\u00c4 T\u00d6IT\u00c4.","robots":{"index":"index","follow":"follow","max-snippet":"max-snippet:-1","max-image-preview":"max-image-preview:large","max-video-preview":"max-video-preview:-1"},"canonical":"https:\/\/uku.eu\/galerii\/","og_locale":"fi_FI","og_type":"article","og_title":"UKU GALLERIA","og_description":"MILT\u00c4 N\u00c4YTT\u00c4V\u00c4T UKU-MATERIAALEILLA VIIMEISTELLYT HUONEET JA VIIHTYIS\u00c4T KODIT? T\u00c4\u00c4LT\u00c4 N\u00c4ET UKU:N YHTEISTY\u00d6KUMPPANEIDEN TEKEMI\u00c4 T\u00d6IT\u00c4.","og_url":"https:\/\/uku.eu\/galerii\/","og_site_name":"Uku.eu","article_publisher":"https:\/\/www.facebook.com\/Saviukumaja\/","article_modified_time":"2025-08-23T09:04:10+00:00","og_image":[{"url":"https:\/\/uku.eu\/wp-content\/uploads\/2025\/08\/EST-SAVI-scaled.jpg","type":"","width":"","height":""}],"twitter_card":"summary_large_image","twitter_misc":{"Arvioitu lukuaika":"1 minuutti"},"schema":{"@context":"https:\/\/schema.org","@graph":[{"@type":"WebPage","@id":"https:\/\/uku.eu\/galerii\/","url":"https:\/\/uku.eu\/galerii\/","name":"UKU GALLERIA","isPartOf":{"@id":"https:\/\/uku.eu\/#website"},"primaryImageOfPage":{"@id":"https:\/\/uku.eu\/galerii\/#primaryimage"},"image":{"@id":"https:\/\/uku.eu\/galerii\/#primaryimage"},"thumbnailUrl":"https:\/\/uku.eu\/wp-content\/uploads\/2025\/08\/EST-SAVI-scaled.jpg","datePublished":"2022-12-01T13:44:15+00:00","dateModified":"2025-08-23T09:04:10+00:00","description":"MILT\u00c4 N\u00c4YTT\u00c4V\u00c4T UKU-MATERIAALEILLA VIIMEISTELLYT HUONEET JA VIIHTYIS\u00c4T KODIT? T\u00c4\u00c4LT\u00c4 N\u00c4ET UKU:N YHTEISTY\u00d6KUMPPANEIDEN TEKEMI\u00c4 T\u00d6IT\u00c4.","breadcrumb":{"@id":"https:\/\/uku.eu\/galerii\/#breadcrumb"},"inLanguage":"fi","potentialAction":[{"@type":"ReadAction","target":["https:\/\/uku.eu\/galerii\/"]}]},{"@type":"ImageObject","inLanguage":"fi","@id":"https:\/\/uku.eu\/galerii\/#primaryimage","url":"https:\/\/uku.eu\/wp-content\/uploads\/2025\/08\/EST-SAVI-scaled.jpg","contentUrl":"https:\/\/uku.eu\/wp-content\/uploads\/2025\/08\/EST-SAVI-scaled.jpg"},{"@type":"BreadcrumbList","@id":"https:\/\/uku.eu\/galerii\/#breadcrumb","itemListElement":[{"@type":"ListItem","position":1,"name":"Home","item":"https:\/\/uku.eu\/"},{"@type":"ListItem","position":2,"name":"Galleria"}]},{"@type":"WebSite","@id":"https:\/\/uku.eu\/#website","url":"https:\/\/uku.eu\/","name":"Krohvid ja v\u00e4rvid otse loodusest","description":"","publisher":{"@id":"https:\/\/uku.eu\/#organization"},"potentialAction":[{"@type":"SearchAction","target":{"@type":"EntryPoint","urlTemplate":"https:\/\/uku.eu\/?s={search_term_string}"},"query-input":{"@type":"PropertyValueSpecification","valueRequired":true,"valueName":"search_term_string"}}],"inLanguage":"fi"},{"@type":"Organization","@id":"https:\/\/uku.eu\/#organization","name":"Saviukumaja O\u00dc","url":"https:\/\/uku.eu\/","logo":{"@type":"ImageObject","inLanguage":"fi","@id":"https:\/\/uku.eu\/#\/schema\/logo\/image\/","url":"https:\/\/uku.eu\/wp-content\/uploads\/2021\/02\/cropped-UKU-Logo.jpg","contentUrl":"https:\/\/uku.eu\/wp-content\/uploads\/2021\/02\/cropped-UKU-Logo.jpg","width":512,"height":512,"caption":"Saviukumaja O\u00dc"},"image":{"@id":"https:\/\/uku.eu\/#\/schema\/logo\/image\/"},"sameAs":["https:\/\/www.facebook.com\/Saviukumaja\/","https:\/\/www.instagram.com\/saviukumaja\/","https:\/\/www.linkedin.com\/company\/saviukumaja","https:\/\/www.pinterest.com\/saviukumaja\/","https:\/\/www.youtube.com\/c\/UKUPureEarth"]}]}},"_links":{"self":[{"href":"https:\/\/uku.eu\/fi\/wp-json\/wp\/v2\/pages\/10325","targetHints":{"allow":["GET"]}}],"collection":[{"href":"https:\/\/uku.eu\/fi\/wp-json\/wp\/v2\/pages"}],"about":[{"href":"https:\/\/uku.eu\/fi\/wp-json\/wp\/v2\/types\/page"}],"author":[{"embeddable":true,"href":"https:\/\/uku.eu\/fi\/wp-json\/wp\/v2\/users\/1"}],"replies":[{"embeddable":true,"href":"https:\/\/uku.eu\/fi\/wp-json\/wp\/v2\/comments?post=10325"}],"version-history":[{"count":23,"href":"https:\/\/uku.eu\/fi\/wp-json\/wp\/v2\/pages\/10325\/revisions"}],"predecessor-version":[{"id":32348,"href":"https:\/\/uku.eu\/fi\/wp-json\/wp\/v2\/pages\/10325\/revisions\/32348"}],"wp:attachment":[{"href":"https:\/\/uku.eu\/fi\/wp-json\/wp\/v2\/media?parent=10325"}],"curies":[{"name":"wp","href":"https:\/\/api.w.org\/{rel}","templated":true}]}}