{"id":10442,"date":"2022-12-02T13:07:50","date_gmt":"2022-12-02T11:07:50","guid":{"rendered":"https:\/\/uku.eu\/galleria\/marmorikalkkikipsi-ja-tiilet-luonnollisessa-yhdistelmassa\/"},"modified":"2025-08-25T17:43:42","modified_gmt":"2025-08-25T15:43:42","slug":"marmorikalkkikipsi-ja-tiilet-luonnollisessa-yhdistelmassa","status":"publish","type":"page","link":"https:\/\/uku.eu\/fi\/galleria\/marmorikalkkikipsi-ja-tiilet-luonnollisessa-yhdistelmassa\/","title":{"rendered":"Marmorikalkkikipsi ja tiilet luonnollisessa yhdistelm\u00e4ss\u00e4"},"content":{"rendered":"\t\t<div data-elementor-type=\"wp-page\" data-elementor-id=\"10442\" class=\"elementor elementor-10442 elementor-4492\" data-elementor-post-type=\"page\">\n\t\t\t\t\t\t<section data-particle_enable=\"false\" data-particle-mobile-disabled=\"false\" class=\"elementor-section elementor-top-section elementor-element elementor-element-99f53be elementor-section-boxed elementor-section-height-default elementor-section-height-default\" data-id=\"99f53be\" data-element_type=\"section\" data-e-type=\"section\">\n\t\t\t\t\t\t<div class=\"elementor-container elementor-column-gap-default\">\n\t\t\t\t\t<div class=\"elementor-column elementor-col-100 elementor-top-column elementor-element elementor-element-282b476\" data-id=\"282b476\" data-element_type=\"column\" data-e-type=\"column\">\n\t\t\t<div class=\"elementor-widget-wrap elementor-element-populated\">\n\t\t\t\t\t\t<div class=\"elementor-element elementor-element-a523d87 elementor-widget elementor-widget-spacer\" data-id=\"a523d87\" data-element_type=\"widget\" data-e-type=\"widget\" data-widget_type=\"spacer.default\">\n\t\t\t\t<div class=\"elementor-widget-container\">\n\t\t\t\t\t\t\t<div class=\"elementor-spacer\">\n\t\t\t<div class=\"elementor-spacer-inner\"><\/div>\n\t\t<\/div>\n\t\t\t\t\t\t<\/div>\n\t\t\t\t<\/div>\n\t\t\t\t<div class=\"elementor-element elementor-element-a0a6a42 elementor-widget elementor-widget-heading\" data-id=\"a0a6a42\" data-element_type=\"widget\" data-e-type=\"widget\" data-widget_type=\"heading.default\">\n\t\t\t\t<div class=\"elementor-widget-container\">\n\t\t\t\t\t<h2 class=\"elementor-heading-title elementor-size-default\">MARMORI-KALKKILAASTIN JA TIILEN SYMBIOOSI<\/h2>\t\t\t\t<\/div>\n\t\t\t\t<\/div>\n\t\t\t\t<div class=\"elementor-element elementor-element-0d28bed elementor-widget elementor-widget-spacer\" data-id=\"0d28bed\" data-element_type=\"widget\" data-e-type=\"widget\" data-widget_type=\"spacer.default\">\n\t\t\t\t<div class=\"elementor-widget-container\">\n\t\t\t\t\t\t\t<div class=\"elementor-spacer\">\n\t\t\t<div class=\"elementor-spacer-inner\"><\/div>\n\t\t<\/div>\n\t\t\t\t\t\t<\/div>\n\t\t\t\t<\/div>\n\t\t\t\t<div class=\"elementor-element elementor-element-d12128b elementor-widget elementor-widget-text-editor\" data-id=\"d12128b\" data-element_type=\"widget\" data-e-type=\"widget\" data-widget_type=\"text-editor.default\">\n\t\t\t\t<div class=\"elementor-widget-container\">\n\t\t\t\t\t\t\t\t\t<p data-start=\"537\" data-end=\"620\"><strong data-start=\"537\" data-end=\"620\">VANHAN PUNAINEN TIILI, BETONIKATTO JA KALKKILAASTIN YHDISTELM\u00c4 MAALAISTALOSSA<\/strong><\/p>\n<p><\/p>\n<p data-start=\"622\" data-end=\"895\">Vanhan punaisen tiilen, betonikaton ja kalkkilaastin yhdistelm\u00e4 sopii yll\u00e4tt\u00e4v\u00e4n kauniisti yhteen koristellen t\u00e4t\u00e4 kotia Viljandin alueella. Hubkea koti on luotu Jahim\u00f5isan vanhaan koirataloon. Viimeistelyiss\u00e4 on k\u00e4ytetty UKU savilaastia ja UKU marmori-kalkkilaastia.<\/p>\n<p><\/p>\n<p data-start=\"897\" data-end=\"956\"><strong data-start=\"897\" data-end=\"923\">Viimeistely: <\/strong>Wanawiisi<br data-start=\"923\" data-end=\"926\" \/><strong data-start=\"926\" data-end=\"956\">Valokuvat: <\/strong>Sergei Zjuganov<\/p>\n<p>&nbsp;<\/p>\n<p>&nbsp;<\/p>\n\t\t\t\t\t\t\t\t<\/div>\n\t\t\t\t<\/div>\n\t\t\t\t<div class=\"elementor-element elementor-element-efc881d elementor-widget elementor-widget-spacer\" data-id=\"efc881d\" data-element_type=\"widget\" data-e-type=\"widget\" data-widget_type=\"spacer.default\">\n\t\t\t\t<div class=\"elementor-widget-container\">\n\t\t\t\t\t\t\t<div class=\"elementor-spacer\">\n\t\t\t<div class=\"elementor-spacer-inner\"><\/div>\n\t\t<\/div>\n\t\t\t\t\t\t<\/div>\n\t\t\t\t<\/div>\n\t\t\t\t<div class=\"elementor-element elementor-element-d93c45d elementor-widget elementor-widget-gallery\" data-id=\"d93c45d\" data-element_type=\"widget\" data-e-type=\"widget\" data-settings=\"{&quot;lazyload&quot;:&quot;yes&quot;,&quot;gallery_layout&quot;:&quot;grid&quot;,&quot;columns&quot;:4,&quot;columns_tablet&quot;:2,&quot;columns_mobile&quot;:1,&quot;gap&quot;:{&quot;unit&quot;:&quot;px&quot;,&quot;size&quot;:10,&quot;sizes&quot;:[]},&quot;gap_tablet&quot;:{&quot;unit&quot;:&quot;px&quot;,&quot;size&quot;:10,&quot;sizes&quot;:[]},&quot;gap_mobile&quot;:{&quot;unit&quot;:&quot;px&quot;,&quot;size&quot;:10,&quot;sizes&quot;:[]},&quot;link_to&quot;:&quot;file&quot;,&quot;aspect_ratio&quot;:&quot;3:2&quot;,&quot;overlay_background&quot;:&quot;yes&quot;,&quot;content_hover_animation&quot;:&quot;fade-in&quot;}\" data-widget_type=\"gallery.default\">\n\t\t\t\t<div class=\"elementor-widget-container\">\n\t\t\t\t\t\t\t<div class=\"elementor-gallery__container\">\r\n\t\t\t\t\t\t\t<a class=\"e-gallery-item elementor-gallery-item elementor-animated-content\" href=\"https:\/\/uku.eu\/wp-content\/uploads\/2022\/11\/sergeizjuganov_wanawiisi_lubikrohv_0.jpg\" data-elementor-open-lightbox=\"yes\" data-elementor-lightbox-slideshow=\"d93c45d\" data-e-action-hash=\"#elementor-action%3Aaction%3Dlightbox%26settings%3DeyJpZCI6NDQwMCwidXJsIjoiaHR0cHM6XC9cL3VrdS5ldVwvd3AtY29udGVudFwvdXBsb2Fkc1wvMjAyMlwvMTFcL3NlcmdlaXpqdWdhbm92X3dhbmF3aWlzaV9sdWJpa3JvaHZfMC5qcGciLCJzbGlkZXNob3ciOiJkOTNjNDVkIn0%3D\">\r\n\t\t\t\t\t<div class=\"e-gallery-image elementor-gallery-item__image\" data-thumbnail=\"https:\/\/uku.eu\/wp-content\/uploads\/2022\/11\/sergeizjuganov_wanawiisi_lubikrohv_0.jpg\" data-width=\"1000\" data-height=\"667\" aria-label=\"\" role=\"img\" ><\/div>\r\n\t\t\t\t\t\t\t\t\t\t\t<div class=\"elementor-gallery-item__overlay\"><\/div>\r\n\t\t\t\t\t\t\t\t\t\t\t\t\t\t<\/a>\r\n\t\t\t\t\t\t\t<a class=\"e-gallery-item elementor-gallery-item elementor-animated-content\" href=\"https:\/\/uku.eu\/wp-content\/uploads\/2022\/11\/sergeizjuganov_wanawiisi_lubikrohv_3-1.jpg\" data-elementor-open-lightbox=\"yes\" data-elementor-lightbox-slideshow=\"d93c45d\" data-e-action-hash=\"#elementor-action%3Aaction%3Dlightbox%26settings%3DeyJpZCI6NDQwMywidXJsIjoiaHR0cHM6XC9cL3VrdS5ldVwvd3AtY29udGVudFwvdXBsb2Fkc1wvMjAyMlwvMTFcL3NlcmdlaXpqdWdhbm92X3dhbmF3aWlzaV9sdWJpa3JvaHZfMy0xLmpwZyIsInNsaWRlc2hvdyI6ImQ5M2M0NWQifQ%3D%3D\">\r\n\t\t\t\t\t<div class=\"e-gallery-image elementor-gallery-item__image\" data-thumbnail=\"https:\/\/uku.eu\/wp-content\/uploads\/2022\/11\/sergeizjuganov_wanawiisi_lubikrohv_3-1.jpg\" data-width=\"1000\" data-height=\"667\" aria-label=\"\" role=\"img\" ><\/div>\r\n\t\t\t\t\t\t\t\t\t\t\t<div class=\"elementor-gallery-item__overlay\"><\/div>\r\n\t\t\t\t\t\t\t\t\t\t\t\t\t\t<\/a>\r\n\t\t\t\t\t\t\t<a class=\"e-gallery-item elementor-gallery-item elementor-animated-content\" href=\"https:\/\/uku.eu\/wp-content\/uploads\/2022\/11\/sergeizjuganov_wanawiisi_lubikrohv_4-1.jpg\" data-elementor-open-lightbox=\"yes\" data-elementor-lightbox-slideshow=\"d93c45d\" data-e-action-hash=\"#elementor-action%3Aaction%3Dlightbox%26settings%3DeyJpZCI6NDQwNCwidXJsIjoiaHR0cHM6XC9cL3VrdS5ldVwvd3AtY29udGVudFwvdXBsb2Fkc1wvMjAyMlwvMTFcL3NlcmdlaXpqdWdhbm92X3dhbmF3aWlzaV9sdWJpa3JvaHZfNC0xLmpwZyIsInNsaWRlc2hvdyI6ImQ5M2M0NWQifQ%3D%3D\">\r\n\t\t\t\t\t<div class=\"e-gallery-image elementor-gallery-item__image\" data-thumbnail=\"https:\/\/uku.eu\/wp-content\/uploads\/2022\/11\/sergeizjuganov_wanawiisi_lubikrohv_4-1.jpg\" data-width=\"1000\" data-height=\"667\" aria-label=\"\" role=\"img\" ><\/div>\r\n\t\t\t\t\t\t\t\t\t\t\t<div class=\"elementor-gallery-item__overlay\"><\/div>\r\n\t\t\t\t\t\t\t\t\t\t\t\t\t\t<\/a>\r\n\t\t\t\t\t\t\t<a class=\"e-gallery-item elementor-gallery-item elementor-animated-content\" href=\"https:\/\/uku.eu\/wp-content\/uploads\/2022\/11\/sergeizjuganov_wanawiisi_lubikrohv_1-1.jpg\" data-elementor-open-lightbox=\"yes\" data-elementor-lightbox-slideshow=\"d93c45d\" data-e-action-hash=\"#elementor-action%3Aaction%3Dlightbox%26settings%3DeyJpZCI6NDQwMSwidXJsIjoiaHR0cHM6XC9cL3VrdS5ldVwvd3AtY29udGVudFwvdXBsb2Fkc1wvMjAyMlwvMTFcL3NlcmdlaXpqdWdhbm92X3dhbmF3aWlzaV9sdWJpa3JvaHZfMS0xLmpwZyIsInNsaWRlc2hvdyI6ImQ5M2M0NWQifQ%3D%3D\">\r\n\t\t\t\t\t<div class=\"e-gallery-image elementor-gallery-item__image\" data-thumbnail=\"https:\/\/uku.eu\/wp-content\/uploads\/2022\/11\/sergeizjuganov_wanawiisi_lubikrohv_1-1.jpg\" data-width=\"1000\" data-height=\"667\" aria-label=\"\" role=\"img\" ><\/div>\r\n\t\t\t\t\t\t\t\t\t\t\t<div class=\"elementor-gallery-item__overlay\"><\/div>\r\n\t\t\t\t\t\t\t\t\t\t\t\t\t\t<\/a>\r\n\t\t\t\t\t\t\t<a class=\"e-gallery-item elementor-gallery-item elementor-animated-content\" href=\"https:\/\/uku.eu\/wp-content\/uploads\/2022\/11\/sergeizjuganov_wanawiisi_lubikrohv_2-1.jpg\" data-elementor-open-lightbox=\"yes\" data-elementor-lightbox-slideshow=\"d93c45d\" data-e-action-hash=\"#elementor-action%3Aaction%3Dlightbox%26settings%3DeyJpZCI6NDQwMiwidXJsIjoiaHR0cHM6XC9cL3VrdS5ldVwvd3AtY29udGVudFwvdXBsb2Fkc1wvMjAyMlwvMTFcL3NlcmdlaXpqdWdhbm92X3dhbmF3aWlzaV9sdWJpa3JvaHZfMi0xLmpwZyIsInNsaWRlc2hvdyI6ImQ5M2M0NWQifQ%3D%3D\">\r\n\t\t\t\t\t<div class=\"e-gallery-image elementor-gallery-item__image\" data-thumbnail=\"https:\/\/uku.eu\/wp-content\/uploads\/2022\/11\/sergeizjuganov_wanawiisi_lubikrohv_2-1.jpg\" data-width=\"1000\" data-height=\"667\" aria-label=\"\" role=\"img\" ><\/div>\r\n\t\t\t\t\t\t\t\t\t\t\t<div class=\"elementor-gallery-item__overlay\"><\/div>\r\n\t\t\t\t\t\t\t\t\t\t\t\t\t\t<\/a>\r\n\t\t\t\t\t<\/div>\r\n\t\t\t\t\t<\/div>\n\t\t\t\t<\/div>\n\t\t\t\t<div class=\"elementor-element elementor-element-ac26db7 elementor-widget elementor-widget-spacer\" data-id=\"ac26db7\" data-element_type=\"widget\" data-e-type=\"widget\" data-widget_type=\"spacer.default\">\n\t\t\t\t<div class=\"elementor-widget-container\">\n\t\t\t\t\t\t\t<div class=\"elementor-spacer\">\n\t\t\t<div class=\"elementor-spacer-inner\"><\/div>\n\t\t<\/div>\n\t\t\t\t\t\t<\/div>\n\t\t\t\t<\/div>\n\t\t\t\t\t<\/div>\n\t\t<\/div>\n\t\t\t\t\t<\/div>\n\t\t<\/section>\n\t\t<div data-particle_enable=\"false\" data-particle-mobile-disabled=\"false\" class=\"elementor-element elementor-element-4913149 e-grid e-con-boxed e-con e-parent\" data-id=\"4913149\" data-element_type=\"container\" data-e-type=\"container\">\n\t\t\t\t\t<div class=\"e-con-inner\">\n\t\t\t\t<div class=\"elementor-element elementor-element-451550d elementor-align-center elementor-widget elementor-widget-button\" data-id=\"451550d\" data-element_type=\"widget\" data-e-type=\"widget\" data-widget_type=\"button.default\">\n\t\t\t\t<div class=\"elementor-widget-container\">\n\t\t\t\t\t\t\t\t\t<div class=\"elementor-button-wrapper\">\n\t\t\t\t\t<a class=\"elementor-button elementor-button-link elementor-size-sm\" href=\"https:\/\/uku.eu\/fi\/galleria\/sisapuoli-luonnonkalkkikipsia\/\">\n\t\t\t\t\t\t<span class=\"elementor-button-content-wrapper\">\n\t\t\t\t\t\t\t\t\t<span class=\"elementor-button-text\">\u2190<\/span>\n\t\t\t\t\t<\/span>\n\t\t\t\t\t<\/a>\n\t\t\t\t<\/div>\n\t\t\t\t\t\t\t\t<\/div>\n\t\t\t\t<\/div>\n\t\t\t\t<div class=\"elementor-element elementor-element-729961c elementor-align-center elementor-mobile-align-center elementor-widget elementor-widget-button\" data-id=\"729961c\" data-element_type=\"widget\" data-e-type=\"widget\" data-widget_type=\"button.default\">\n\t\t\t\t<div class=\"elementor-widget-container\">\n\t\t\t\t\t\t\t\t\t<div class=\"elementor-button-wrapper\">\n\t\t\t\t\t<a class=\"elementor-button elementor-button-link elementor-size-sm\" href=\"https:\/\/uku.eu\/fi\/galleria\/tammelinnan-kalkkilaasti\/\">\n\t\t\t\t\t\t<span class=\"elementor-button-content-wrapper\">\n\t\t\t\t\t\t\t\t\t<span class=\"elementor-button-text\">\u2192<\/span>\n\t\t\t\t\t<\/span>\n\t\t\t\t\t<\/a>\n\t\t\t\t<\/div>\n\t\t\t\t\t\t\t\t<\/div>\n\t\t\t\t<\/div>\n\t\t\t\t\t<\/div>\n\t\t\t\t<\/div>\n\t\t\t\t<\/div>\n\t\t","protected":false},"excerpt":{"rendered":"<p>MARMORI-KALKKILAASTIN JA TIILEN SYMBIOOSI VANHAN PUNAINEN TIILI, BETONIKATTO JA KALKKILAASTIN YHDISTELM\u00c4 MAALAISTALOSSA Vanhan punaisen tiilen, betonikaton ja kalkkilaastin yhdistelm\u00e4 sopii yll\u00e4tt\u00e4v\u00e4n kauniisti yhteen koristellen t\u00e4t\u00e4 kotia Viljandin alueella. Hubkea koti on luotu Jahim\u00f5isan vanhaan koirataloon. Viimeistelyiss\u00e4 on k\u00e4ytetty UKU savilaastia ja UKU marmori-kalkkilaastia. Viimeistely: WanawiisiValokuvat: Sergei Zjuganov &nbsp; &nbsp; \u2190 \u2192<\/p>\n","protected":false},"author":1,"featured_media":0,"parent":10325,"menu_order":11,"comment_status":"closed","ping_status":"closed","template":"elementor_header_footer","meta":{"footnotes":""},"class_list":["post-10442","page","type-page","status-publish","hentry","entry"],"yoast_head":"<!-- This site is optimized with the Yoast SEO plugin v26.6 - https:\/\/yoast.com\/wordpress\/plugins\/seo\/ -->\n<title>UKU galleria<\/title>\n<meta name=\"robots\" content=\"index, follow, max-snippet:-1, max-image-preview:large, max-video-preview:-1\" \/>\n<link rel=\"canonical\" href=\"https:\/\/uku.eu\/galerii\/marmor-lubikrohv-ja-tellised-naturaalses-koosluses\/\" \/>\n<meta property=\"og:locale\" content=\"fi_FI\" \/>\n<meta property=\"og:type\" content=\"article\" \/>\n<meta property=\"og:title\" content=\"UKU galleria\" \/>\n<meta property=\"og:description\" content=\"MARMORI-KALKKILAASTIN JA TIILEN SYMBIOOSI VANHAN PUNAINEN TIILI, BETONIKATTO JA KALKKILAASTIN YHDISTELM\u00c4 MAALAISTALOSSA Vanhan punaisen tiilen, betonikaton ja kalkkilaastin yhdistelm\u00e4 sopii yll\u00e4tt\u00e4v\u00e4n kauniisti yhteen koristellen t\u00e4t\u00e4 kotia Viljandin alueella. Hubkea koti on luotu Jahim\u00f5isan vanhaan koirataloon. Viimeistelyiss\u00e4 on k\u00e4ytetty UKU savilaastia ja UKU marmori-kalkkilaastia. Viimeistely: WanawiisiValokuvat: Sergei Zjuganov &nbsp; &nbsp; \u2190 \u2192\" \/>\n<meta property=\"og:url\" content=\"https:\/\/uku.eu\/galerii\/marmor-lubikrohv-ja-tellised-naturaalses-koosluses\/\" \/>\n<meta property=\"og:site_name\" content=\"Uku.eu\" \/>\n<meta property=\"article:publisher\" content=\"https:\/\/www.facebook.com\/Saviukumaja\/\" \/>\n<meta property=\"article:modified_time\" content=\"2025-08-25T15:43:42+00:00\" \/>\n<meta name=\"twitter:card\" content=\"summary_large_image\" \/>\n<script type=\"application\/ld+json\" class=\"yoast-schema-graph\">{\"@context\":\"https:\/\/schema.org\",\"@graph\":[{\"@type\":\"WebPage\",\"@id\":\"https:\/\/uku.eu\/galerii\/marmor-lubikrohv-ja-tellised-naturaalses-koosluses\/\",\"url\":\"https:\/\/uku.eu\/galerii\/marmor-lubikrohv-ja-tellised-naturaalses-koosluses\/\",\"name\":\"UKU galleria\",\"isPartOf\":{\"@id\":\"https:\/\/uku.eu\/#website\"},\"datePublished\":\"2022-12-02T11:07:50+00:00\",\"dateModified\":\"2025-08-25T15:43:42+00:00\",\"breadcrumb\":{\"@id\":\"https:\/\/uku.eu\/galerii\/marmor-lubikrohv-ja-tellised-naturaalses-koosluses\/#breadcrumb\"},\"inLanguage\":\"fi\",\"potentialAction\":[{\"@type\":\"ReadAction\",\"target\":[\"https:\/\/uku.eu\/galerii\/marmor-lubikrohv-ja-tellised-naturaalses-koosluses\/\"]}]},{\"@type\":\"BreadcrumbList\",\"@id\":\"https:\/\/uku.eu\/galerii\/marmor-lubikrohv-ja-tellised-naturaalses-koosluses\/#breadcrumb\",\"itemListElement\":[{\"@type\":\"ListItem\",\"position\":1,\"name\":\"Home\",\"item\":\"https:\/\/uku.eu\/\"},{\"@type\":\"ListItem\",\"position\":2,\"name\":\"Galleria\",\"item\":\"https:\/\/uku.eu\/galerii\/\"},{\"@type\":\"ListItem\",\"position\":3,\"name\":\"Marmorikalkkikipsi ja tiilet luonnollisessa yhdistelm\u00e4ss\u00e4\"}]},{\"@type\":\"WebSite\",\"@id\":\"https:\/\/uku.eu\/#website\",\"url\":\"https:\/\/uku.eu\/\",\"name\":\"Krohvid ja v\u00e4rvid otse loodusest\",\"description\":\"\",\"publisher\":{\"@id\":\"https:\/\/uku.eu\/#organization\"},\"potentialAction\":[{\"@type\":\"SearchAction\",\"target\":{\"@type\":\"EntryPoint\",\"urlTemplate\":\"https:\/\/uku.eu\/?s={search_term_string}\"},\"query-input\":{\"@type\":\"PropertyValueSpecification\",\"valueRequired\":true,\"valueName\":\"search_term_string\"}}],\"inLanguage\":\"fi\"},{\"@type\":\"Organization\",\"@id\":\"https:\/\/uku.eu\/#organization\",\"name\":\"Saviukumaja O\u00dc\",\"url\":\"https:\/\/uku.eu\/\",\"logo\":{\"@type\":\"ImageObject\",\"inLanguage\":\"fi\",\"@id\":\"https:\/\/uku.eu\/#\/schema\/logo\/image\/\",\"url\":\"https:\/\/uku.eu\/wp-content\/uploads\/2021\/02\/cropped-UKU-Logo.jpg\",\"contentUrl\":\"https:\/\/uku.eu\/wp-content\/uploads\/2021\/02\/cropped-UKU-Logo.jpg\",\"width\":512,\"height\":512,\"caption\":\"Saviukumaja O\u00dc\"},\"image\":{\"@id\":\"https:\/\/uku.eu\/#\/schema\/logo\/image\/\"},\"sameAs\":[\"https:\/\/www.facebook.com\/Saviukumaja\/\",\"https:\/\/www.instagram.com\/saviukumaja\/\",\"https:\/\/www.linkedin.com\/company\/saviukumaja\",\"https:\/\/www.pinterest.com\/saviukumaja\/\",\"https:\/\/www.youtube.com\/c\/UKUPureEarth\"]}]}<\/script>\n<!-- \/ Yoast SEO plugin. -->","yoast_head_json":{"title":"UKU galleria","robots":{"index":"index","follow":"follow","max-snippet":"max-snippet:-1","max-image-preview":"max-image-preview:large","max-video-preview":"max-video-preview:-1"},"canonical":"https:\/\/uku.eu\/galerii\/marmor-lubikrohv-ja-tellised-naturaalses-koosluses\/","og_locale":"fi_FI","og_type":"article","og_title":"UKU galleria","og_description":"MARMORI-KALKKILAASTIN JA TIILEN SYMBIOOSI VANHAN PUNAINEN TIILI, BETONIKATTO JA KALKKILAASTIN YHDISTELM\u00c4 MAALAISTALOSSA Vanhan punaisen tiilen, betonikaton ja kalkkilaastin yhdistelm\u00e4 sopii yll\u00e4tt\u00e4v\u00e4n kauniisti yhteen koristellen t\u00e4t\u00e4 kotia Viljandin alueella. Hubkea koti on luotu Jahim\u00f5isan vanhaan koirataloon. Viimeistelyiss\u00e4 on k\u00e4ytetty UKU savilaastia ja UKU marmori-kalkkilaastia. Viimeistely: WanawiisiValokuvat: Sergei Zjuganov &nbsp; &nbsp; \u2190 \u2192","og_url":"https:\/\/uku.eu\/galerii\/marmor-lubikrohv-ja-tellised-naturaalses-koosluses\/","og_site_name":"Uku.eu","article_publisher":"https:\/\/www.facebook.com\/Saviukumaja\/","article_modified_time":"2025-08-25T15:43:42+00:00","twitter_card":"summary_large_image","schema":{"@context":"https:\/\/schema.org","@graph":[{"@type":"WebPage","@id":"https:\/\/uku.eu\/galerii\/marmor-lubikrohv-ja-tellised-naturaalses-koosluses\/","url":"https:\/\/uku.eu\/galerii\/marmor-lubikrohv-ja-tellised-naturaalses-koosluses\/","name":"UKU galleria","isPartOf":{"@id":"https:\/\/uku.eu\/#website"},"datePublished":"2022-12-02T11:07:50+00:00","dateModified":"2025-08-25T15:43:42+00:00","breadcrumb":{"@id":"https:\/\/uku.eu\/galerii\/marmor-lubikrohv-ja-tellised-naturaalses-koosluses\/#breadcrumb"},"inLanguage":"fi","potentialAction":[{"@type":"ReadAction","target":["https:\/\/uku.eu\/galerii\/marmor-lubikrohv-ja-tellised-naturaalses-koosluses\/"]}]},{"@type":"BreadcrumbList","@id":"https:\/\/uku.eu\/galerii\/marmor-lubikrohv-ja-tellised-naturaalses-koosluses\/#breadcrumb","itemListElement":[{"@type":"ListItem","position":1,"name":"Home","item":"https:\/\/uku.eu\/"},{"@type":"ListItem","position":2,"name":"Galleria","item":"https:\/\/uku.eu\/galerii\/"},{"@type":"ListItem","position":3,"name":"Marmorikalkkikipsi ja tiilet luonnollisessa yhdistelm\u00e4ss\u00e4"}]},{"@type":"WebSite","@id":"https:\/\/uku.eu\/#website","url":"https:\/\/uku.eu\/","name":"Krohvid ja v\u00e4rvid otse loodusest","description":"","publisher":{"@id":"https:\/\/uku.eu\/#organization"},"potentialAction":[{"@type":"SearchAction","target":{"@type":"EntryPoint","urlTemplate":"https:\/\/uku.eu\/?s={search_term_string}"},"query-input":{"@type":"PropertyValueSpecification","valueRequired":true,"valueName":"search_term_string"}}],"inLanguage":"fi"},{"@type":"Organization","@id":"https:\/\/uku.eu\/#organization","name":"Saviukumaja O\u00dc","url":"https:\/\/uku.eu\/","logo":{"@type":"ImageObject","inLanguage":"fi","@id":"https:\/\/uku.eu\/#\/schema\/logo\/image\/","url":"https:\/\/uku.eu\/wp-content\/uploads\/2021\/02\/cropped-UKU-Logo.jpg","contentUrl":"https:\/\/uku.eu\/wp-content\/uploads\/2021\/02\/cropped-UKU-Logo.jpg","width":512,"height":512,"caption":"Saviukumaja O\u00dc"},"image":{"@id":"https:\/\/uku.eu\/#\/schema\/logo\/image\/"},"sameAs":["https:\/\/www.facebook.com\/Saviukumaja\/","https:\/\/www.instagram.com\/saviukumaja\/","https:\/\/www.linkedin.com\/company\/saviukumaja","https:\/\/www.pinterest.com\/saviukumaja\/","https:\/\/www.youtube.com\/c\/UKUPureEarth"]}]}},"_links":{"self":[{"href":"https:\/\/uku.eu\/fi\/wp-json\/wp\/v2\/pages\/10442","targetHints":{"allow":["GET"]}}],"collection":[{"href":"https:\/\/uku.eu\/fi\/wp-json\/wp\/v2\/pages"}],"about":[{"href":"https:\/\/uku.eu\/fi\/wp-json\/wp\/v2\/types\/page"}],"author":[{"embeddable":true,"href":"https:\/\/uku.eu\/fi\/wp-json\/wp\/v2\/users\/1"}],"replies":[{"embeddable":true,"href":"https:\/\/uku.eu\/fi\/wp-json\/wp\/v2\/comments?post=10442"}],"version-history":[{"count":4,"href":"https:\/\/uku.eu\/fi\/wp-json\/wp\/v2\/pages\/10442\/revisions"}],"predecessor-version":[{"id":32452,"href":"https:\/\/uku.eu\/fi\/wp-json\/wp\/v2\/pages\/10442\/revisions\/32452"}],"up":[{"embeddable":true,"href":"https:\/\/uku.eu\/fi\/wp-json\/wp\/v2\/pages\/10325"}],"wp:attachment":[{"href":"https:\/\/uku.eu\/fi\/wp-json\/wp\/v2\/media?parent=10442"}],"curies":[{"name":"wp","href":"https:\/\/api.w.org\/{rel}","templated":true}]}}