{"id":10444,"date":"2022-12-02T13:06:48","date_gmt":"2022-12-02T11:06:48","guid":{"rendered":"https:\/\/uku.eu\/galleria\/sisapuoli-luonnonkalkkikipsia\/"},"modified":"2025-08-25T17:41:08","modified_gmt":"2025-08-25T15:41:08","slug":"sisapuoli-luonnonkalkkikipsia","status":"publish","type":"page","link":"https:\/\/uku.eu\/fi\/galleria\/sisapuoli-luonnonkalkkikipsia\/","title":{"rendered":"Sis\u00e4puoli luonnonkalkkikipsi\u00e4"},"content":{"rendered":"\t\t<div data-elementor-type=\"wp-page\" data-elementor-id=\"10444\" class=\"elementor elementor-10444 elementor-4491\" data-elementor-post-type=\"page\">\n\t\t\t\t\t\t<section data-particle_enable=\"false\" data-particle-mobile-disabled=\"false\" class=\"elementor-section elementor-top-section elementor-element elementor-element-45c3370 elementor-section-boxed elementor-section-height-default elementor-section-height-default\" data-id=\"45c3370\" data-element_type=\"section\" data-e-type=\"section\">\n\t\t\t\t\t\t<div class=\"elementor-container elementor-column-gap-default\">\n\t\t\t\t\t<div class=\"elementor-column elementor-col-100 elementor-top-column elementor-element elementor-element-58a6628\" data-id=\"58a6628\" data-element_type=\"column\" data-e-type=\"column\">\n\t\t\t<div class=\"elementor-widget-wrap elementor-element-populated\">\n\t\t\t\t\t\t<div class=\"elementor-element elementor-element-d754402 elementor-widget elementor-widget-spacer\" data-id=\"d754402\" data-element_type=\"widget\" data-e-type=\"widget\" data-widget_type=\"spacer.default\">\n\t\t\t\t<div class=\"elementor-widget-container\">\n\t\t\t\t\t\t\t<div class=\"elementor-spacer\">\n\t\t\t<div class=\"elementor-spacer-inner\"><\/div>\n\t\t<\/div>\n\t\t\t\t\t\t<\/div>\n\t\t\t\t<\/div>\n\t\t\t\t<div class=\"elementor-element elementor-element-d6c4299 elementor-widget elementor-widget-heading\" data-id=\"d6c4299\" data-element_type=\"widget\" data-e-type=\"widget\" data-widget_type=\"heading.default\">\n\t\t\t\t<div class=\"elementor-widget-container\">\n\t\t\t\t\t<h2 class=\"elementor-heading-title elementor-size-default\">LUONNOLLINEN VALKOINEN MARMORI-KALKKILAASTI \u2013 ELEGANTTI VIIMEISTELY KEST\u00c4VIIN TILOIHIN<\/h2>\t\t\t\t<\/div>\n\t\t\t\t<\/div>\n\t\t\t\t<div class=\"elementor-element elementor-element-dcfd0dd elementor-widget elementor-widget-spacer\" data-id=\"dcfd0dd\" data-element_type=\"widget\" data-e-type=\"widget\" data-widget_type=\"spacer.default\">\n\t\t\t\t<div class=\"elementor-widget-container\">\n\t\t\t\t\t\t\t<div class=\"elementor-spacer\">\n\t\t\t<div class=\"elementor-spacer-inner\"><\/div>\n\t\t<\/div>\n\t\t\t\t\t\t<\/div>\n\t\t\t\t<\/div>\n\t\t\t\t<div class=\"elementor-element elementor-element-cd0a4c8 elementor-widget elementor-widget-text-editor\" data-id=\"cd0a4c8\" data-element_type=\"widget\" data-e-type=\"widget\" data-widget_type=\"text-editor.default\">\n\t\t\t\t<div class=\"elementor-widget-container\">\n\t\t\t\t\t\t\t\t\t<p data-start=\"669\" data-end=\"786\"><strong data-start=\"669\" data-end=\"786\">Sisustus on koristeltu luonnollisella UKU marmori-kalkkilaastilla, joka luo puhtaan ja esteettisen vaikutelman.<\/strong><\/p>\n<p><\/p>\n<p data-start=\"788\" data-end=\"1059\">Rakennus, joka valmistui vuonna 1936 Tallinnan keskustassa, on arkkitehti Aleksander Vladovskin suunnittelema.<br data-start=\"898\" data-end=\"901\" \/>Asuntojen omistajat halusivat sisustuksen pysyv\u00e4n mahdollisimman uskollisena rakennuksen alkuper\u00e4iselle aikakaudelle \u2013 siksi muut laastityypit j\u00e4tettiin pois.<\/p>\n<p><\/p>\n<p data-start=\"1061\" data-end=\"1220\">Sein\u00e4t on peitetty UKU marmori-kalkkilaastilla, ja tietyille alueille on lis\u00e4tty UKU kalkkimaali korostamaan materiaalin luonnollista syvyytt\u00e4 ja ajattomuutta.<\/p>\n<p><\/p>\n<p data-start=\"1222\" data-end=\"1282\"><strong data-start=\"1222\" data-end=\"1248\">Viimeistely: <\/strong>Wanawiisi<br data-start=\"1248\" data-end=\"1251\" \/><strong data-start=\"1251\" data-end=\"1282\">Valokuvat: <\/strong>Sergei Zjuganov<\/p>\n<p>&nbsp;<\/p>\n\t\t\t\t\t\t\t\t<\/div>\n\t\t\t\t<\/div>\n\t\t\t\t<div class=\"elementor-element elementor-element-a3e9a10 elementor-widget elementor-widget-spacer\" data-id=\"a3e9a10\" data-element_type=\"widget\" data-e-type=\"widget\" data-widget_type=\"spacer.default\">\n\t\t\t\t<div class=\"elementor-widget-container\">\n\t\t\t\t\t\t\t<div class=\"elementor-spacer\">\n\t\t\t<div class=\"elementor-spacer-inner\"><\/div>\n\t\t<\/div>\n\t\t\t\t\t\t<\/div>\n\t\t\t\t<\/div>\n\t\t\t\t<div class=\"elementor-element elementor-element-1cae220 elementor-widget elementor-widget-gallery\" data-id=\"1cae220\" data-element_type=\"widget\" data-e-type=\"widget\" data-settings=\"{&quot;lazyload&quot;:&quot;yes&quot;,&quot;gallery_layout&quot;:&quot;grid&quot;,&quot;columns&quot;:4,&quot;columns_tablet&quot;:2,&quot;columns_mobile&quot;:1,&quot;gap&quot;:{&quot;unit&quot;:&quot;px&quot;,&quot;size&quot;:10,&quot;sizes&quot;:[]},&quot;gap_tablet&quot;:{&quot;unit&quot;:&quot;px&quot;,&quot;size&quot;:10,&quot;sizes&quot;:[]},&quot;gap_mobile&quot;:{&quot;unit&quot;:&quot;px&quot;,&quot;size&quot;:10,&quot;sizes&quot;:[]},&quot;link_to&quot;:&quot;file&quot;,&quot;aspect_ratio&quot;:&quot;3:2&quot;,&quot;overlay_background&quot;:&quot;yes&quot;,&quot;content_hover_animation&quot;:&quot;fade-in&quot;}\" data-widget_type=\"gallery.default\">\n\t\t\t\t<div class=\"elementor-widget-container\">\n\t\t\t\t\t\t\t<div class=\"elementor-gallery__container\">\r\n\t\t\t\t\t\t\t<a class=\"e-gallery-item elementor-gallery-item elementor-animated-content\" href=\"https:\/\/uku.eu\/wp-content\/uploads\/2022\/11\/sergeizjuganov_wanawiisi_lubikrohv_1.jpg\" data-elementor-open-lightbox=\"yes\" data-elementor-lightbox-slideshow=\"1cae220\" data-e-action-hash=\"#elementor-action%3Aaction%3Dlightbox%26settings%3DeyJpZCI6NDM5MSwidXJsIjoiaHR0cHM6XC9cL3VrdS5ldVwvd3AtY29udGVudFwvdXBsb2Fkc1wvMjAyMlwvMTFcL3NlcmdlaXpqdWdhbm92X3dhbmF3aWlzaV9sdWJpa3JvaHZfMS5qcGciLCJzbGlkZXNob3ciOiIxY2FlMjIwIn0%3D\">\r\n\t\t\t\t\t<div class=\"e-gallery-image elementor-gallery-item__image\" data-thumbnail=\"https:\/\/uku.eu\/wp-content\/uploads\/2022\/11\/sergeizjuganov_wanawiisi_lubikrohv_1.jpg\" data-width=\"1000\" data-height=\"667\" aria-label=\"\" role=\"img\" ><\/div>\r\n\t\t\t\t\t\t\t\t\t\t\t<div class=\"elementor-gallery-item__overlay\"><\/div>\r\n\t\t\t\t\t\t\t\t\t\t\t\t\t\t<\/a>\r\n\t\t\t\t\t\t\t<a class=\"e-gallery-item elementor-gallery-item elementor-animated-content\" href=\"https:\/\/uku.eu\/wp-content\/uploads\/2022\/11\/sergeizjuganov_wanawiisi_lubikrohv_2.jpg\" data-elementor-open-lightbox=\"yes\" data-elementor-lightbox-slideshow=\"1cae220\" data-e-action-hash=\"#elementor-action%3Aaction%3Dlightbox%26settings%3DeyJpZCI6NDM5MiwidXJsIjoiaHR0cHM6XC9cL3VrdS5ldVwvd3AtY29udGVudFwvdXBsb2Fkc1wvMjAyMlwvMTFcL3NlcmdlaXpqdWdhbm92X3dhbmF3aWlzaV9sdWJpa3JvaHZfMi5qcGciLCJzbGlkZXNob3ciOiIxY2FlMjIwIn0%3D\">\r\n\t\t\t\t\t<div class=\"e-gallery-image elementor-gallery-item__image\" data-thumbnail=\"https:\/\/uku.eu\/wp-content\/uploads\/2022\/11\/sergeizjuganov_wanawiisi_lubikrohv_2.jpg\" data-width=\"1000\" data-height=\"667\" aria-label=\"\" role=\"img\" ><\/div>\r\n\t\t\t\t\t\t\t\t\t\t\t<div class=\"elementor-gallery-item__overlay\"><\/div>\r\n\t\t\t\t\t\t\t\t\t\t\t\t\t\t<\/a>\r\n\t\t\t\t\t\t\t<a class=\"e-gallery-item elementor-gallery-item elementor-animated-content\" href=\"https:\/\/uku.eu\/wp-content\/uploads\/2022\/11\/sergeizjuganov_wanawiisi_lubikrohv_5.jpg\" data-elementor-open-lightbox=\"yes\" data-elementor-lightbox-slideshow=\"1cae220\" data-e-action-hash=\"#elementor-action%3Aaction%3Dlightbox%26settings%3DeyJpZCI6NDM5NSwidXJsIjoiaHR0cHM6XC9cL3VrdS5ldVwvd3AtY29udGVudFwvdXBsb2Fkc1wvMjAyMlwvMTFcL3NlcmdlaXpqdWdhbm92X3dhbmF3aWlzaV9sdWJpa3JvaHZfNS5qcGciLCJzbGlkZXNob3ciOiIxY2FlMjIwIn0%3D\">\r\n\t\t\t\t\t<div class=\"e-gallery-image elementor-gallery-item__image\" data-thumbnail=\"https:\/\/uku.eu\/wp-content\/uploads\/2022\/11\/sergeizjuganov_wanawiisi_lubikrohv_5.jpg\" data-width=\"667\" data-height=\"1000\" aria-label=\"\" role=\"img\" ><\/div>\r\n\t\t\t\t\t\t\t\t\t\t\t<div class=\"elementor-gallery-item__overlay\"><\/div>\r\n\t\t\t\t\t\t\t\t\t\t\t\t\t\t<\/a>\r\n\t\t\t\t\t\t\t<a class=\"e-gallery-item elementor-gallery-item elementor-animated-content\" href=\"https:\/\/uku.eu\/wp-content\/uploads\/2022\/11\/sergeizjuganov_wanawiisi_lubikrohv_3.jpg\" data-elementor-open-lightbox=\"yes\" data-elementor-lightbox-slideshow=\"1cae220\" data-e-action-hash=\"#elementor-action%3Aaction%3Dlightbox%26settings%3DeyJpZCI6NDM5MywidXJsIjoiaHR0cHM6XC9cL3VrdS5ldVwvd3AtY29udGVudFwvdXBsb2Fkc1wvMjAyMlwvMTFcL3NlcmdlaXpqdWdhbm92X3dhbmF3aWlzaV9sdWJpa3JvaHZfMy5qcGciLCJzbGlkZXNob3ciOiIxY2FlMjIwIn0%3D\">\r\n\t\t\t\t\t<div class=\"e-gallery-image elementor-gallery-item__image\" data-thumbnail=\"https:\/\/uku.eu\/wp-content\/uploads\/2022\/11\/sergeizjuganov_wanawiisi_lubikrohv_3.jpg\" data-width=\"1000\" data-height=\"667\" aria-label=\"\" role=\"img\" ><\/div>\r\n\t\t\t\t\t\t\t\t\t\t\t<div class=\"elementor-gallery-item__overlay\"><\/div>\r\n\t\t\t\t\t\t\t\t\t\t\t\t\t\t<\/a>\r\n\t\t\t\t\t\t\t<a class=\"e-gallery-item elementor-gallery-item elementor-animated-content\" href=\"https:\/\/uku.eu\/wp-content\/uploads\/2022\/11\/sergeizjuganov_wanawiisi_lubikrohv_4.jpg\" data-elementor-open-lightbox=\"yes\" data-elementor-lightbox-slideshow=\"1cae220\" data-e-action-hash=\"#elementor-action%3Aaction%3Dlightbox%26settings%3DeyJpZCI6NDM5NCwidXJsIjoiaHR0cHM6XC9cL3VrdS5ldVwvd3AtY29udGVudFwvdXBsb2Fkc1wvMjAyMlwvMTFcL3NlcmdlaXpqdWdhbm92X3dhbmF3aWlzaV9sdWJpa3JvaHZfNC5qcGciLCJzbGlkZXNob3ciOiIxY2FlMjIwIn0%3D\">\r\n\t\t\t\t\t<div class=\"e-gallery-image elementor-gallery-item__image\" data-thumbnail=\"https:\/\/uku.eu\/wp-content\/uploads\/2022\/11\/sergeizjuganov_wanawiisi_lubikrohv_4.jpg\" data-width=\"1000\" data-height=\"667\" aria-label=\"\" role=\"img\" ><\/div>\r\n\t\t\t\t\t\t\t\t\t\t\t<div class=\"elementor-gallery-item__overlay\"><\/div>\r\n\t\t\t\t\t\t\t\t\t\t\t\t\t\t<\/a>\r\n\t\t\t\t\t<\/div>\r\n\t\t\t\t\t<\/div>\n\t\t\t\t<\/div>\n\t\t\t\t<div class=\"elementor-element elementor-element-c3f10e4 elementor-widget elementor-widget-spacer\" data-id=\"c3f10e4\" data-element_type=\"widget\" data-e-type=\"widget\" data-widget_type=\"spacer.default\">\n\t\t\t\t<div class=\"elementor-widget-container\">\n\t\t\t\t\t\t\t<div class=\"elementor-spacer\">\n\t\t\t<div class=\"elementor-spacer-inner\"><\/div>\n\t\t<\/div>\n\t\t\t\t\t\t<\/div>\n\t\t\t\t<\/div>\n\t\t\t\t\t<\/div>\n\t\t<\/div>\n\t\t\t\t\t<\/div>\n\t\t<\/section>\n\t\t<div data-particle_enable=\"false\" data-particle-mobile-disabled=\"false\" class=\"elementor-element elementor-element-97e4318 e-grid e-con-boxed e-con e-parent\" data-id=\"97e4318\" data-element_type=\"container\" data-e-type=\"container\">\n\t\t\t\t\t<div class=\"e-con-inner\">\n\t\t\t\t<div class=\"elementor-element elementor-element-82ca247 elementor-align-center elementor-widget elementor-widget-button\" data-id=\"82ca247\" data-element_type=\"widget\" data-e-type=\"widget\" data-widget_type=\"button.default\">\n\t\t\t\t<div class=\"elementor-widget-container\">\n\t\t\t\t\t\t\t\t\t<div class=\"elementor-button-wrapper\">\n\t\t\t\t\t<a class=\"elementor-button elementor-button-link elementor-size-sm\" href=\"https:\/\/uku.eu\/fi\/galleria\/rose-hill-koteja\/\">\n\t\t\t\t\t\t<span class=\"elementor-button-content-wrapper\">\n\t\t\t\t\t\t\t\t\t<span class=\"elementor-button-text\">\u2190<\/span>\n\t\t\t\t\t<\/span>\n\t\t\t\t\t<\/a>\n\t\t\t\t<\/div>\n\t\t\t\t\t\t\t\t<\/div>\n\t\t\t\t<\/div>\n\t\t\t\t<div class=\"elementor-element elementor-element-8e003a4 elementor-align-center elementor-mobile-align-center elementor-widget elementor-widget-button\" data-id=\"8e003a4\" data-element_type=\"widget\" data-e-type=\"widget\" data-widget_type=\"button.default\">\n\t\t\t\t<div class=\"elementor-widget-container\">\n\t\t\t\t\t\t\t\t\t<div class=\"elementor-button-wrapper\">\n\t\t\t\t\t<a class=\"elementor-button elementor-button-link elementor-size-sm\" href=\"https:\/\/uku.eu\/fi\/galleria\/marmorikalkkikipsi-ja-tiilet-luonnollisessa-yhdistelmassa\/\">\n\t\t\t\t\t\t<span class=\"elementor-button-content-wrapper\">\n\t\t\t\t\t\t\t\t\t<span class=\"elementor-button-text\">\u2192<\/span>\n\t\t\t\t\t<\/span>\n\t\t\t\t\t<\/a>\n\t\t\t\t<\/div>\n\t\t\t\t\t\t\t\t<\/div>\n\t\t\t\t<\/div>\n\t\t\t\t\t<\/div>\n\t\t\t\t<\/div>\n\t\t\t\t<\/div>\n\t\t","protected":false},"excerpt":{"rendered":"<p>LUONNOLLINEN VALKOINEN MARMORI-KALKKILAASTI \u2013 ELEGANTTI VIIMEISTELY KEST\u00c4VIIN TILOIHIN Sisustus on koristeltu luonnollisella UKU marmori-kalkkilaastilla, joka luo puhtaan ja esteettisen vaikutelman. Rakennus, joka valmistui vuonna 1936 Tallinnan keskustassa, on arkkitehti Aleksander Vladovskin suunnittelema.Asuntojen omistajat halusivat sisustuksen pysyv\u00e4n mahdollisimman uskollisena rakennuksen alkuper\u00e4iselle aikakaudelle \u2013 siksi muut laastityypit j\u00e4tettiin pois. Sein\u00e4t on peitetty UKU marmori-kalkkilaastilla, ja tietyille alueille [&hellip;]<\/p>\n","protected":false},"author":1,"featured_media":0,"parent":10325,"menu_order":10,"comment_status":"closed","ping_status":"closed","template":"elementor_header_footer","meta":{"footnotes":""},"class_list":["post-10444","page","type-page","status-publish","hentry","entry"],"yoast_head":"<!-- This site is optimized with the Yoast SEO plugin v26.6 - https:\/\/yoast.com\/wordpress\/plugins\/seo\/ -->\n<title>UKU galleria<\/title>\n<meta name=\"robots\" content=\"index, follow, max-snippet:-1, max-image-preview:large, max-video-preview:-1\" \/>\n<link rel=\"canonical\" href=\"https:\/\/uku.eu\/galerii\/naturaalne-lubikrohv-interjooris\/\" \/>\n<meta property=\"og:locale\" content=\"fi_FI\" \/>\n<meta property=\"og:type\" content=\"article\" \/>\n<meta property=\"og:title\" content=\"UKU galleria\" \/>\n<meta property=\"og:description\" content=\"LUONNOLLINEN VALKOINEN MARMORI-KALKKILAASTI \u2013 ELEGANTTI VIIMEISTELY KEST\u00c4VIIN TILOIHIN Sisustus on koristeltu luonnollisella UKU marmori-kalkkilaastilla, joka luo puhtaan ja esteettisen vaikutelman. Rakennus, joka valmistui vuonna 1936 Tallinnan keskustassa, on arkkitehti Aleksander Vladovskin suunnittelema.Asuntojen omistajat halusivat sisustuksen pysyv\u00e4n mahdollisimman uskollisena rakennuksen alkuper\u00e4iselle aikakaudelle \u2013 siksi muut laastityypit j\u00e4tettiin pois. Sein\u00e4t on peitetty UKU marmori-kalkkilaastilla, ja tietyille alueille [&hellip;]\" \/>\n<meta property=\"og:url\" content=\"https:\/\/uku.eu\/galerii\/naturaalne-lubikrohv-interjooris\/\" \/>\n<meta property=\"og:site_name\" content=\"Uku.eu\" \/>\n<meta property=\"article:publisher\" content=\"https:\/\/www.facebook.com\/Saviukumaja\/\" \/>\n<meta property=\"article:modified_time\" content=\"2025-08-25T15:41:08+00:00\" \/>\n<meta name=\"twitter:card\" content=\"summary_large_image\" \/>\n<script type=\"application\/ld+json\" class=\"yoast-schema-graph\">{\"@context\":\"https:\/\/schema.org\",\"@graph\":[{\"@type\":\"WebPage\",\"@id\":\"https:\/\/uku.eu\/galerii\/naturaalne-lubikrohv-interjooris\/\",\"url\":\"https:\/\/uku.eu\/galerii\/naturaalne-lubikrohv-interjooris\/\",\"name\":\"UKU galleria\",\"isPartOf\":{\"@id\":\"https:\/\/uku.eu\/#website\"},\"datePublished\":\"2022-12-02T11:06:48+00:00\",\"dateModified\":\"2025-08-25T15:41:08+00:00\",\"breadcrumb\":{\"@id\":\"https:\/\/uku.eu\/galerii\/naturaalne-lubikrohv-interjooris\/#breadcrumb\"},\"inLanguage\":\"fi\",\"potentialAction\":[{\"@type\":\"ReadAction\",\"target\":[\"https:\/\/uku.eu\/galerii\/naturaalne-lubikrohv-interjooris\/\"]}]},{\"@type\":\"BreadcrumbList\",\"@id\":\"https:\/\/uku.eu\/galerii\/naturaalne-lubikrohv-interjooris\/#breadcrumb\",\"itemListElement\":[{\"@type\":\"ListItem\",\"position\":1,\"name\":\"Home\",\"item\":\"https:\/\/uku.eu\/\"},{\"@type\":\"ListItem\",\"position\":2,\"name\":\"Galleria\",\"item\":\"https:\/\/uku.eu\/galerii\/\"},{\"@type\":\"ListItem\",\"position\":3,\"name\":\"Sis\u00e4puoli luonnonkalkkikipsi\u00e4\"}]},{\"@type\":\"WebSite\",\"@id\":\"https:\/\/uku.eu\/#website\",\"url\":\"https:\/\/uku.eu\/\",\"name\":\"Krohvid ja v\u00e4rvid otse loodusest\",\"description\":\"\",\"publisher\":{\"@id\":\"https:\/\/uku.eu\/#organization\"},\"potentialAction\":[{\"@type\":\"SearchAction\",\"target\":{\"@type\":\"EntryPoint\",\"urlTemplate\":\"https:\/\/uku.eu\/?s={search_term_string}\"},\"query-input\":{\"@type\":\"PropertyValueSpecification\",\"valueRequired\":true,\"valueName\":\"search_term_string\"}}],\"inLanguage\":\"fi\"},{\"@type\":\"Organization\",\"@id\":\"https:\/\/uku.eu\/#organization\",\"name\":\"Saviukumaja O\u00dc\",\"url\":\"https:\/\/uku.eu\/\",\"logo\":{\"@type\":\"ImageObject\",\"inLanguage\":\"fi\",\"@id\":\"https:\/\/uku.eu\/#\/schema\/logo\/image\/\",\"url\":\"https:\/\/uku.eu\/wp-content\/uploads\/2021\/02\/cropped-UKU-Logo.jpg\",\"contentUrl\":\"https:\/\/uku.eu\/wp-content\/uploads\/2021\/02\/cropped-UKU-Logo.jpg\",\"width\":512,\"height\":512,\"caption\":\"Saviukumaja O\u00dc\"},\"image\":{\"@id\":\"https:\/\/uku.eu\/#\/schema\/logo\/image\/\"},\"sameAs\":[\"https:\/\/www.facebook.com\/Saviukumaja\/\",\"https:\/\/www.instagram.com\/saviukumaja\/\",\"https:\/\/www.linkedin.com\/company\/saviukumaja\",\"https:\/\/www.pinterest.com\/saviukumaja\/\",\"https:\/\/www.youtube.com\/c\/UKUPureEarth\"]}]}<\/script>\n<!-- \/ Yoast SEO plugin. -->","yoast_head_json":{"title":"UKU galleria","robots":{"index":"index","follow":"follow","max-snippet":"max-snippet:-1","max-image-preview":"max-image-preview:large","max-video-preview":"max-video-preview:-1"},"canonical":"https:\/\/uku.eu\/galerii\/naturaalne-lubikrohv-interjooris\/","og_locale":"fi_FI","og_type":"article","og_title":"UKU galleria","og_description":"LUONNOLLINEN VALKOINEN MARMORI-KALKKILAASTI \u2013 ELEGANTTI VIIMEISTELY KEST\u00c4VIIN TILOIHIN Sisustus on koristeltu luonnollisella UKU marmori-kalkkilaastilla, joka luo puhtaan ja esteettisen vaikutelman. Rakennus, joka valmistui vuonna 1936 Tallinnan keskustassa, on arkkitehti Aleksander Vladovskin suunnittelema.Asuntojen omistajat halusivat sisustuksen pysyv\u00e4n mahdollisimman uskollisena rakennuksen alkuper\u00e4iselle aikakaudelle \u2013 siksi muut laastityypit j\u00e4tettiin pois. Sein\u00e4t on peitetty UKU marmori-kalkkilaastilla, ja tietyille alueille [&hellip;]","og_url":"https:\/\/uku.eu\/galerii\/naturaalne-lubikrohv-interjooris\/","og_site_name":"Uku.eu","article_publisher":"https:\/\/www.facebook.com\/Saviukumaja\/","article_modified_time":"2025-08-25T15:41:08+00:00","twitter_card":"summary_large_image","schema":{"@context":"https:\/\/schema.org","@graph":[{"@type":"WebPage","@id":"https:\/\/uku.eu\/galerii\/naturaalne-lubikrohv-interjooris\/","url":"https:\/\/uku.eu\/galerii\/naturaalne-lubikrohv-interjooris\/","name":"UKU galleria","isPartOf":{"@id":"https:\/\/uku.eu\/#website"},"datePublished":"2022-12-02T11:06:48+00:00","dateModified":"2025-08-25T15:41:08+00:00","breadcrumb":{"@id":"https:\/\/uku.eu\/galerii\/naturaalne-lubikrohv-interjooris\/#breadcrumb"},"inLanguage":"fi","potentialAction":[{"@type":"ReadAction","target":["https:\/\/uku.eu\/galerii\/naturaalne-lubikrohv-interjooris\/"]}]},{"@type":"BreadcrumbList","@id":"https:\/\/uku.eu\/galerii\/naturaalne-lubikrohv-interjooris\/#breadcrumb","itemListElement":[{"@type":"ListItem","position":1,"name":"Home","item":"https:\/\/uku.eu\/"},{"@type":"ListItem","position":2,"name":"Galleria","item":"https:\/\/uku.eu\/galerii\/"},{"@type":"ListItem","position":3,"name":"Sis\u00e4puoli luonnonkalkkikipsi\u00e4"}]},{"@type":"WebSite","@id":"https:\/\/uku.eu\/#website","url":"https:\/\/uku.eu\/","name":"Krohvid ja v\u00e4rvid otse loodusest","description":"","publisher":{"@id":"https:\/\/uku.eu\/#organization"},"potentialAction":[{"@type":"SearchAction","target":{"@type":"EntryPoint","urlTemplate":"https:\/\/uku.eu\/?s={search_term_string}"},"query-input":{"@type":"PropertyValueSpecification","valueRequired":true,"valueName":"search_term_string"}}],"inLanguage":"fi"},{"@type":"Organization","@id":"https:\/\/uku.eu\/#organization","name":"Saviukumaja O\u00dc","url":"https:\/\/uku.eu\/","logo":{"@type":"ImageObject","inLanguage":"fi","@id":"https:\/\/uku.eu\/#\/schema\/logo\/image\/","url":"https:\/\/uku.eu\/wp-content\/uploads\/2021\/02\/cropped-UKU-Logo.jpg","contentUrl":"https:\/\/uku.eu\/wp-content\/uploads\/2021\/02\/cropped-UKU-Logo.jpg","width":512,"height":512,"caption":"Saviukumaja O\u00dc"},"image":{"@id":"https:\/\/uku.eu\/#\/schema\/logo\/image\/"},"sameAs":["https:\/\/www.facebook.com\/Saviukumaja\/","https:\/\/www.instagram.com\/saviukumaja\/","https:\/\/www.linkedin.com\/company\/saviukumaja","https:\/\/www.pinterest.com\/saviukumaja\/","https:\/\/www.youtube.com\/c\/UKUPureEarth"]}]}},"_links":{"self":[{"href":"https:\/\/uku.eu\/fi\/wp-json\/wp\/v2\/pages\/10444","targetHints":{"allow":["GET"]}}],"collection":[{"href":"https:\/\/uku.eu\/fi\/wp-json\/wp\/v2\/pages"}],"about":[{"href":"https:\/\/uku.eu\/fi\/wp-json\/wp\/v2\/types\/page"}],"author":[{"embeddable":true,"href":"https:\/\/uku.eu\/fi\/wp-json\/wp\/v2\/users\/1"}],"replies":[{"embeddable":true,"href":"https:\/\/uku.eu\/fi\/wp-json\/wp\/v2\/comments?post=10444"}],"version-history":[{"count":5,"href":"https:\/\/uku.eu\/fi\/wp-json\/wp\/v2\/pages\/10444\/revisions"}],"predecessor-version":[{"id":32447,"href":"https:\/\/uku.eu\/fi\/wp-json\/wp\/v2\/pages\/10444\/revisions\/32447"}],"up":[{"embeddable":true,"href":"https:\/\/uku.eu\/fi\/wp-json\/wp\/v2\/pages\/10325"}],"wp:attachment":[{"href":"https:\/\/uku.eu\/fi\/wp-json\/wp\/v2\/media?parent=10444"}],"curies":[{"name":"wp","href":"https:\/\/api.w.org\/{rel}","templated":true}]}}