{"id":10462,"date":"2022-12-02T09:29:40","date_gmt":"2022-12-02T07:29:40","guid":{"rendered":"https:\/\/uku.eu\/galleria\/kalkki-marmorino-hans-hubert-villassa\/"},"modified":"2025-08-25T17:23:27","modified_gmt":"2025-08-25T15:23:27","slug":"kalkki-marmorino-hans-hubert-villassa","status":"publish","type":"page","link":"https:\/\/uku.eu\/fi\/galleria\/kalkki-marmorino-hans-hubert-villassa\/","title":{"rendered":"Kalkki Marmorino Hans Hubert Villassa"},"content":{"rendered":"\t\t<div data-elementor-type=\"wp-page\" data-elementor-id=\"10462\" class=\"elementor elementor-10462 elementor-4485\" data-elementor-post-type=\"page\">\n\t\t\t\t\t\t<section data-particle_enable=\"false\" data-particle-mobile-disabled=\"false\" class=\"elementor-section elementor-top-section elementor-element elementor-element-6b0c387 elementor-section-boxed elementor-section-height-default elementor-section-height-default\" data-id=\"6b0c387\" data-element_type=\"section\" data-e-type=\"section\">\n\t\t\t\t\t\t<div class=\"elementor-container elementor-column-gap-default\">\n\t\t\t\t\t<div class=\"elementor-column elementor-col-100 elementor-top-column elementor-element elementor-element-e2f2bf7\" data-id=\"e2f2bf7\" data-element_type=\"column\" data-e-type=\"column\">\n\t\t\t<div class=\"elementor-widget-wrap elementor-element-populated\">\n\t\t\t\t\t\t<div class=\"elementor-element elementor-element-3e4c6f8 elementor-widget elementor-widget-spacer\" data-id=\"3e4c6f8\" data-element_type=\"widget\" data-e-type=\"widget\" data-widget_type=\"spacer.default\">\n\t\t\t\t<div class=\"elementor-widget-container\">\n\t\t\t\t\t\t\t<div class=\"elementor-spacer\">\n\t\t\t<div class=\"elementor-spacer-inner\"><\/div>\n\t\t<\/div>\n\t\t\t\t\t\t<\/div>\n\t\t\t\t<\/div>\n\t\t\t\t<div class=\"elementor-element elementor-element-a91eaf2 elementor-widget elementor-widget-heading\" data-id=\"a91eaf2\" data-element_type=\"widget\" data-e-type=\"widget\" data-widget_type=\"heading.default\">\n\t\t\t\t<div class=\"elementor-widget-container\">\n\t\t\t\t\t<h2 class=\"elementor-heading-title elementor-size-default\">LUBI MARMORINO HANS HUBERTIN VILLASSA \u2013 ELEGANTTI VIIMEISTELY HAAPSALUN VANHASSA KAUPUNGIS<\/h2>\t\t\t\t<\/div>\n\t\t\t\t<\/div>\n\t\t\t\t<div class=\"elementor-element elementor-element-25948b5 elementor-widget elementor-widget-spacer\" data-id=\"25948b5\" data-element_type=\"widget\" data-e-type=\"widget\" data-widget_type=\"spacer.default\">\n\t\t\t\t<div class=\"elementor-widget-container\">\n\t\t\t\t\t\t\t<div class=\"elementor-spacer\">\n\t\t\t<div class=\"elementor-spacer-inner\"><\/div>\n\t\t<\/div>\n\t\t\t\t\t\t<\/div>\n\t\t\t\t<\/div>\n\t\t\t\t<div class=\"elementor-element elementor-element-4332bd8 elementor-widget__width-initial elementor-widget elementor-widget-text-editor\" data-id=\"4332bd8\" data-element_type=\"widget\" data-e-type=\"widget\" data-widget_type=\"text-editor.default\">\n\t\t\t\t<div class=\"elementor-widget-container\">\n\t\t\t\t\t\t\t\t\t<p><strong>Hans Hubert Villa<\/strong>, joka sijaitsee Haapsalun vanhassakaupungissa, on erinomainen esimerkki siit\u00e4, kuinka luonnonmateriaalit ja mestarillinen k\u00e4sity\u00f6 luovat ajattoman lopputuloksen. Rakennuksen sis\u00e4tiloissa on k\u00e4ytetty <strong>kalkki-marmorino<\/strong> viimeistely\u00e4, joka korostaa sileit\u00e4 ja elegantteja pintoja, sopien t\u00e4ydellisesti klassiseen arkkitehtuuriin.<\/p>\n<p>Viimeistelyty\u00f6t suoritti <strong>Krohwin O\u00dc<\/strong>, joka tunnetaan korkealaatuisesta ty\u00f6st\u00e4\u00e4n ja tarkkuudestaan. Valokuvat on ottanut <strong>H\u00f6ije Nuuter<\/strong>, tuoden esiin niin materiaalin kuin tilojen luonteen.<\/p>\n<p><strong data-start=\"620\" data-end=\"652\">Materiaalit: <\/strong>Kalkki-marmorino<br data-start=\"652\" data-end=\"655\" \/><strong data-start=\"655\" data-end=\"682\">Viimeistely: <\/strong>Krohwin O\u00dc<br data-start=\"682\" data-end=\"685\" \/><strong data-start=\"685\" data-end=\"712\">Valokuvat: <\/strong>H\u00f6ije Nuuter<\/p>\n<p>&nbsp;<\/p>\n\t\t\t\t\t\t\t\t<\/div>\n\t\t\t\t<\/div>\n\t\t\t\t<div class=\"elementor-element elementor-element-3943959 elementor-widget elementor-widget-spacer\" data-id=\"3943959\" data-element_type=\"widget\" data-e-type=\"widget\" data-widget_type=\"spacer.default\">\n\t\t\t\t<div class=\"elementor-widget-container\">\n\t\t\t\t\t\t\t<div class=\"elementor-spacer\">\n\t\t\t<div class=\"elementor-spacer-inner\"><\/div>\n\t\t<\/div>\n\t\t\t\t\t\t<\/div>\n\t\t\t\t<\/div>\n\t\t\t\t<div class=\"elementor-element elementor-element-00455b0 elementor-widget elementor-widget-gallery\" data-id=\"00455b0\" data-element_type=\"widget\" data-e-type=\"widget\" data-settings=\"{&quot;lazyload&quot;:&quot;yes&quot;,&quot;gallery_layout&quot;:&quot;grid&quot;,&quot;columns&quot;:4,&quot;columns_tablet&quot;:2,&quot;columns_mobile&quot;:1,&quot;gap&quot;:{&quot;unit&quot;:&quot;px&quot;,&quot;size&quot;:10,&quot;sizes&quot;:[]},&quot;gap_tablet&quot;:{&quot;unit&quot;:&quot;px&quot;,&quot;size&quot;:10,&quot;sizes&quot;:[]},&quot;gap_mobile&quot;:{&quot;unit&quot;:&quot;px&quot;,&quot;size&quot;:10,&quot;sizes&quot;:[]},&quot;link_to&quot;:&quot;file&quot;,&quot;aspect_ratio&quot;:&quot;3:2&quot;,&quot;overlay_background&quot;:&quot;yes&quot;,&quot;content_hover_animation&quot;:&quot;fade-in&quot;}\" data-widget_type=\"gallery.default\">\n\t\t\t\t<div class=\"elementor-widget-container\">\n\t\t\t\t\t\t\t<div class=\"elementor-gallery__container\">\r\n\t\t\t\t\t\t\t<a class=\"e-gallery-item elementor-gallery-item elementor-animated-content\" href=\"https:\/\/uku.eu\/wp-content\/uploads\/2022\/11\/hanshubertvilla_lubimarmorino-3.jpg\" data-elementor-open-lightbox=\"yes\" data-elementor-lightbox-slideshow=\"00455b0\" data-e-action-hash=\"#elementor-action%3Aaction%3Dlightbox%26settings%3DeyJpZCI6NDA4MiwidXJsIjoiaHR0cHM6XC9cL3VrdS5ldVwvd3AtY29udGVudFwvdXBsb2Fkc1wvMjAyMlwvMTFcL2hhbnNodWJlcnR2aWxsYV9sdWJpbWFybW9yaW5vLTMuanBnIiwic2xpZGVzaG93IjoiMDA0NTViMCJ9\">\r\n\t\t\t\t\t<div class=\"e-gallery-image elementor-gallery-item__image\" data-thumbnail=\"https:\/\/uku.eu\/wp-content\/uploads\/2022\/11\/hanshubertvilla_lubimarmorino-3.jpg\" data-width=\"667\" data-height=\"1000\" aria-label=\"\" role=\"img\" ><\/div>\r\n\t\t\t\t\t\t\t\t\t\t\t<div class=\"elementor-gallery-item__overlay\"><\/div>\r\n\t\t\t\t\t\t\t\t\t\t\t\t\t\t<\/a>\r\n\t\t\t\t\t\t\t<a class=\"e-gallery-item elementor-gallery-item elementor-animated-content\" href=\"https:\/\/uku.eu\/wp-content\/uploads\/2022\/11\/hanshubertvilla_lubimarmorino-7.jpg\" data-elementor-open-lightbox=\"yes\" data-elementor-lightbox-slideshow=\"00455b0\" data-e-action-hash=\"#elementor-action%3Aaction%3Dlightbox%26settings%3DeyJpZCI6NDA4NCwidXJsIjoiaHR0cHM6XC9cL3VrdS5ldVwvd3AtY29udGVudFwvdXBsb2Fkc1wvMjAyMlwvMTFcL2hhbnNodWJlcnR2aWxsYV9sdWJpbWFybW9yaW5vLTcuanBnIiwic2xpZGVzaG93IjoiMDA0NTViMCJ9\">\r\n\t\t\t\t\t<div class=\"e-gallery-image elementor-gallery-item__image\" data-thumbnail=\"https:\/\/uku.eu\/wp-content\/uploads\/2022\/11\/hanshubertvilla_lubimarmorino-7.jpg\" data-width=\"1000\" data-height=\"667\" aria-label=\"\" role=\"img\" ><\/div>\r\n\t\t\t\t\t\t\t\t\t\t\t<div class=\"elementor-gallery-item__overlay\"><\/div>\r\n\t\t\t\t\t\t\t\t\t\t\t\t\t\t<\/a>\r\n\t\t\t\t\t\t\t<a class=\"e-gallery-item elementor-gallery-item elementor-animated-content\" href=\"https:\/\/uku.eu\/wp-content\/uploads\/2022\/11\/HN-10n.jpg\" data-elementor-open-lightbox=\"yes\" data-elementor-lightbox-slideshow=\"00455b0\" data-e-action-hash=\"#elementor-action%3Aaction%3Dlightbox%26settings%3DeyJpZCI6NDA5MCwidXJsIjoiaHR0cHM6XC9cL3VrdS5ldVwvd3AtY29udGVudFwvdXBsb2Fkc1wvMjAyMlwvMTFcL0hOLTEwbi5qcGciLCJzbGlkZXNob3ciOiIwMDQ1NWIwIn0%3D\">\r\n\t\t\t\t\t<div class=\"e-gallery-image elementor-gallery-item__image\" data-thumbnail=\"https:\/\/uku.eu\/wp-content\/uploads\/2022\/11\/HN-10n.jpg\" data-width=\"667\" data-height=\"1000\" aria-label=\"\" role=\"img\" ><\/div>\r\n\t\t\t\t\t\t\t\t\t\t\t<div class=\"elementor-gallery-item__overlay\"><\/div>\r\n\t\t\t\t\t\t\t\t\t\t\t\t\t\t<\/a>\r\n\t\t\t\t\t\t\t<a class=\"e-gallery-item elementor-gallery-item elementor-animated-content\" href=\"https:\/\/uku.eu\/wp-content\/uploads\/2022\/11\/hanshubertvilla_lubimarmorino-13.jpg\" data-elementor-open-lightbox=\"yes\" data-elementor-lightbox-slideshow=\"00455b0\" data-e-action-hash=\"#elementor-action%3Aaction%3Dlightbox%26settings%3DeyJpZCI6NDA4OSwidXJsIjoiaHR0cHM6XC9cL3VrdS5ldVwvd3AtY29udGVudFwvdXBsb2Fkc1wvMjAyMlwvMTFcL2hhbnNodWJlcnR2aWxsYV9sdWJpbWFybW9yaW5vLTEzLmpwZyIsInNsaWRlc2hvdyI6IjAwNDU1YjAifQ%3D%3D\">\r\n\t\t\t\t\t<div class=\"e-gallery-image elementor-gallery-item__image\" data-thumbnail=\"https:\/\/uku.eu\/wp-content\/uploads\/2022\/11\/hanshubertvilla_lubimarmorino-13.jpg\" data-width=\"1000\" data-height=\"667\" aria-label=\"\" role=\"img\" ><\/div>\r\n\t\t\t\t\t\t\t\t\t\t\t<div class=\"elementor-gallery-item__overlay\"><\/div>\r\n\t\t\t\t\t\t\t\t\t\t\t\t\t\t<\/a>\r\n\t\t\t\t\t\t\t<a class=\"e-gallery-item elementor-gallery-item elementor-animated-content\" href=\"https:\/\/uku.eu\/wp-content\/uploads\/2022\/11\/hanshubertvilla_lubimarmorino-8.jpg\" data-elementor-open-lightbox=\"yes\" data-elementor-lightbox-slideshow=\"00455b0\" data-e-action-hash=\"#elementor-action%3Aaction%3Dlightbox%26settings%3DeyJpZCI6NDA4NSwidXJsIjoiaHR0cHM6XC9cL3VrdS5ldVwvd3AtY29udGVudFwvdXBsb2Fkc1wvMjAyMlwvMTFcL2hhbnNodWJlcnR2aWxsYV9sdWJpbWFybW9yaW5vLTguanBnIiwic2xpZGVzaG93IjoiMDA0NTViMCJ9\">\r\n\t\t\t\t\t<div class=\"e-gallery-image elementor-gallery-item__image\" data-thumbnail=\"https:\/\/uku.eu\/wp-content\/uploads\/2022\/11\/hanshubertvilla_lubimarmorino-8.jpg\" data-width=\"1000\" data-height=\"667\" aria-label=\"\" role=\"img\" ><\/div>\r\n\t\t\t\t\t\t\t\t\t\t\t<div class=\"elementor-gallery-item__overlay\"><\/div>\r\n\t\t\t\t\t\t\t\t\t\t\t\t\t\t<\/a>\r\n\t\t\t\t\t\t\t<a class=\"e-gallery-item elementor-gallery-item elementor-animated-content\" href=\"https:\/\/uku.eu\/wp-content\/uploads\/2022\/11\/hanshubertvilla_lubimarmorino-11.jpg\" data-elementor-open-lightbox=\"yes\" data-elementor-lightbox-slideshow=\"00455b0\" data-e-action-hash=\"#elementor-action%3Aaction%3Dlightbox%26settings%3DeyJpZCI6NDA4NywidXJsIjoiaHR0cHM6XC9cL3VrdS5ldVwvd3AtY29udGVudFwvdXBsb2Fkc1wvMjAyMlwvMTFcL2hhbnNodWJlcnR2aWxsYV9sdWJpbWFybW9yaW5vLTExLmpwZyIsInNsaWRlc2hvdyI6IjAwNDU1YjAifQ%3D%3D\">\r\n\t\t\t\t\t<div class=\"e-gallery-image elementor-gallery-item__image\" data-thumbnail=\"https:\/\/uku.eu\/wp-content\/uploads\/2022\/11\/hanshubertvilla_lubimarmorino-11.jpg\" data-width=\"1000\" data-height=\"667\" aria-label=\"\" role=\"img\" ><\/div>\r\n\t\t\t\t\t\t\t\t\t\t\t<div class=\"elementor-gallery-item__overlay\"><\/div>\r\n\t\t\t\t\t\t\t\t\t\t\t\t\t\t<\/a>\r\n\t\t\t\t\t\t\t<a class=\"e-gallery-item elementor-gallery-item elementor-animated-content\" href=\"https:\/\/uku.eu\/wp-content\/uploads\/2022\/11\/hanshubertvilla_lubimarmorino-10.jpg\" data-elementor-open-lightbox=\"yes\" data-elementor-lightbox-slideshow=\"00455b0\" data-e-action-hash=\"#elementor-action%3Aaction%3Dlightbox%26settings%3DeyJpZCI6NDA4NiwidXJsIjoiaHR0cHM6XC9cL3VrdS5ldVwvd3AtY29udGVudFwvdXBsb2Fkc1wvMjAyMlwvMTFcL2hhbnNodWJlcnR2aWxsYV9sdWJpbWFybW9yaW5vLTEwLmpwZyIsInNsaWRlc2hvdyI6IjAwNDU1YjAifQ%3D%3D\">\r\n\t\t\t\t\t<div class=\"e-gallery-image elementor-gallery-item__image\" data-thumbnail=\"https:\/\/uku.eu\/wp-content\/uploads\/2022\/11\/hanshubertvilla_lubimarmorino-10.jpg\" data-width=\"667\" data-height=\"1000\" aria-label=\"\" role=\"img\" ><\/div>\r\n\t\t\t\t\t\t\t\t\t\t\t<div class=\"elementor-gallery-item__overlay\"><\/div>\r\n\t\t\t\t\t\t\t\t\t\t\t\t\t\t<\/a>\r\n\t\t\t\t\t\t\t<a class=\"e-gallery-item elementor-gallery-item elementor-animated-content\" href=\"https:\/\/uku.eu\/wp-content\/uploads\/2022\/11\/hanshubertvilla_lubimarmorino-6.jpg\" data-elementor-open-lightbox=\"yes\" data-elementor-lightbox-slideshow=\"00455b0\" data-e-action-hash=\"#elementor-action%3Aaction%3Dlightbox%26settings%3DeyJpZCI6NDA4MywidXJsIjoiaHR0cHM6XC9cL3VrdS5ldVwvd3AtY29udGVudFwvdXBsb2Fkc1wvMjAyMlwvMTFcL2hhbnNodWJlcnR2aWxsYV9sdWJpbWFybW9yaW5vLTYuanBnIiwic2xpZGVzaG93IjoiMDA0NTViMCJ9\">\r\n\t\t\t\t\t<div class=\"e-gallery-image elementor-gallery-item__image\" data-thumbnail=\"https:\/\/uku.eu\/wp-content\/uploads\/2022\/11\/hanshubertvilla_lubimarmorino-6.jpg\" data-width=\"667\" data-height=\"1000\" aria-label=\"\" role=\"img\" ><\/div>\r\n\t\t\t\t\t\t\t\t\t\t\t<div class=\"elementor-gallery-item__overlay\"><\/div>\r\n\t\t\t\t\t\t\t\t\t\t\t\t\t\t<\/a>\r\n\t\t\t\t\t\t\t<a class=\"e-gallery-item elementor-gallery-item elementor-animated-content\" href=\"https:\/\/uku.eu\/wp-content\/uploads\/2022\/11\/hanshubertvilla_lubimarmorino-12.jpg\" data-elementor-open-lightbox=\"yes\" data-elementor-lightbox-slideshow=\"00455b0\" data-e-action-hash=\"#elementor-action%3Aaction%3Dlightbox%26settings%3DeyJpZCI6NDA4OCwidXJsIjoiaHR0cHM6XC9cL3VrdS5ldVwvd3AtY29udGVudFwvdXBsb2Fkc1wvMjAyMlwvMTFcL2hhbnNodWJlcnR2aWxsYV9sdWJpbWFybW9yaW5vLTEyLmpwZyIsInNsaWRlc2hvdyI6IjAwNDU1YjAifQ%3D%3D\">\r\n\t\t\t\t\t<div class=\"e-gallery-image elementor-gallery-item__image\" data-thumbnail=\"https:\/\/uku.eu\/wp-content\/uploads\/2022\/11\/hanshubertvilla_lubimarmorino-12.jpg\" data-width=\"667\" data-height=\"1000\" aria-label=\"\" role=\"img\" ><\/div>\r\n\t\t\t\t\t\t\t\t\t\t\t<div class=\"elementor-gallery-item__overlay\"><\/div>\r\n\t\t\t\t\t\t\t\t\t\t\t\t\t\t<\/a>\r\n\t\t\t\t\t\t\t<a class=\"e-gallery-item elementor-gallery-item elementor-animated-content\" href=\"https:\/\/uku.eu\/wp-content\/uploads\/2025\/08\/UUS-SMOOTH-kodukas.jpg\" data-elementor-open-lightbox=\"yes\" data-elementor-lightbox-slideshow=\"00455b0\" data-e-action-hash=\"#elementor-action%3Aaction%3Dlightbox%26settings%3DeyJpZCI6MzA0ODcsInVybCI6Imh0dHBzOlwvXC91a3UuZXVcL3dwLWNvbnRlbnRcL3VwbG9hZHNcLzIwMjVcLzA4XC9VVVMtU01PT1RILWtvZHVrYXMuanBnIiwic2xpZGVzaG93IjoiMDA0NTViMCJ9\">\r\n\t\t\t\t\t<div class=\"e-gallery-image elementor-gallery-item__image\" data-thumbnail=\"https:\/\/uku.eu\/wp-content\/uploads\/2025\/08\/UUS-SMOOTH-kodukas-1024x894.jpg\" data-width=\"1024\" data-height=\"894\" aria-label=\"\" role=\"img\" ><\/div>\r\n\t\t\t\t\t\t\t\t\t\t\t<div class=\"elementor-gallery-item__overlay\"><\/div>\r\n\t\t\t\t\t\t\t\t\t\t\t\t\t\t<\/a>\r\n\t\t\t\t\t<\/div>\r\n\t\t\t\t\t<\/div>\n\t\t\t\t<\/div>\n\t\t\t\t<div class=\"elementor-element elementor-element-61d1b3d elementor-widget elementor-widget-spacer\" data-id=\"61d1b3d\" data-element_type=\"widget\" data-e-type=\"widget\" data-widget_type=\"spacer.default\">\n\t\t\t\t<div class=\"elementor-widget-container\">\n\t\t\t\t\t\t\t<div class=\"elementor-spacer\">\n\t\t\t<div class=\"elementor-spacer-inner\"><\/div>\n\t\t<\/div>\n\t\t\t\t\t\t<\/div>\n\t\t\t\t<\/div>\n\t\t\t\t\t<\/div>\n\t\t<\/div>\n\t\t\t\t\t<\/div>\n\t\t<\/section>\n\t\t<div data-particle_enable=\"false\" data-particle-mobile-disabled=\"false\" class=\"elementor-element elementor-element-9f75bdb e-grid e-con-boxed e-con e-parent\" data-id=\"9f75bdb\" data-element_type=\"container\" data-e-type=\"container\">\n\t\t\t\t\t<div class=\"e-con-inner\">\n\t\t\t\t<div class=\"elementor-element elementor-element-9ef1294 elementor-align-center elementor-widget elementor-widget-button\" data-id=\"9ef1294\" data-element_type=\"widget\" data-e-type=\"widget\" data-widget_type=\"button.default\">\n\t\t\t\t<div class=\"elementor-widget-container\">\n\t\t\t\t\t\t\t\t\t<div class=\"elementor-button-wrapper\">\n\t\t\t\t\t<a class=\"elementor-button elementor-button-link elementor-size-sm\" href=\"https:\/\/uku.eu\/fi\/kammitekniikan-raikastettu-marmorino\/\">\n\t\t\t\t\t\t<span class=\"elementor-button-content-wrapper\">\n\t\t\t\t\t\t\t\t\t<span class=\"elementor-button-text\">\u2190<\/span>\n\t\t\t\t\t<\/span>\n\t\t\t\t\t<\/a>\n\t\t\t\t<\/div>\n\t\t\t\t\t\t\t\t<\/div>\n\t\t\t\t<\/div>\n\t\t\t\t<div class=\"elementor-element elementor-element-3cd8251 elementor-align-center elementor-mobile-align-center elementor-widget elementor-widget-button\" data-id=\"3cd8251\" data-element_type=\"widget\" data-e-type=\"widget\" data-widget_type=\"button.default\">\n\t\t\t\t<div class=\"elementor-widget-container\">\n\t\t\t\t\t\t\t\t\t<div class=\"elementor-button-wrapper\">\n\t\t\t\t\t<a class=\"elementor-button elementor-button-link elementor-size-sm\" href=\"https:\/\/uku.eu\/fi\/lammin-harmaa-kalkkivari-vosun-rannalla\/\">\n\t\t\t\t\t\t<span class=\"elementor-button-content-wrapper\">\n\t\t\t\t\t\t\t\t\t<span class=\"elementor-button-text\">\u2192<\/span>\n\t\t\t\t\t<\/span>\n\t\t\t\t\t<\/a>\n\t\t\t\t<\/div>\n\t\t\t\t\t\t\t\t<\/div>\n\t\t\t\t<\/div>\n\t\t\t\t\t<\/div>\n\t\t\t\t<\/div>\n\t\t\t\t<\/div>\n\t\t","protected":false},"excerpt":{"rendered":"<p>LUBI MARMORINO HANS HUBERTIN VILLASSA \u2013 ELEGANTTI VIIMEISTELY HAAPSALUN VANHASSA KAUPUNGIS Hans Hubert Villa, joka sijaitsee Haapsalun vanhassakaupungissa, on erinomainen esimerkki siit\u00e4, kuinka luonnonmateriaalit ja mestarillinen k\u00e4sity\u00f6 luovat ajattoman lopputuloksen. Rakennuksen sis\u00e4tiloissa on k\u00e4ytetty kalkki-marmorino viimeistely\u00e4, joka korostaa sileit\u00e4 ja elegantteja pintoja, sopien t\u00e4ydellisesti klassiseen arkkitehtuuriin. Viimeistelyty\u00f6t suoritti Krohwin O\u00dc, joka tunnetaan korkealaatuisesta ty\u00f6st\u00e4\u00e4n ja [&hellip;]<\/p>\n","protected":false},"author":1,"featured_media":0,"parent":10325,"menu_order":1,"comment_status":"closed","ping_status":"closed","template":"elementor_header_footer","meta":{"footnotes":""},"class_list":["post-10462","page","type-page","status-publish","hentry","entry"],"yoast_head":"<!-- This site is optimized with the Yoast SEO plugin v26.6 - https:\/\/yoast.com\/wordpress\/plugins\/seo\/ -->\n<title>UKU galleria<\/title>\n<meta name=\"robots\" content=\"index, follow, max-snippet:-1, max-image-preview:large, max-video-preview:-1\" \/>\n<link rel=\"canonical\" href=\"https:\/\/uku.eu\/galerii\/lubi-marmorino-hans-hubert-villa\/\" \/>\n<meta property=\"og:locale\" content=\"fi_FI\" \/>\n<meta property=\"og:type\" content=\"article\" \/>\n<meta property=\"og:title\" content=\"UKU galleria\" \/>\n<meta property=\"og:description\" content=\"LUBI MARMORINO HANS HUBERTIN VILLASSA \u2013 ELEGANTTI VIIMEISTELY HAAPSALUN VANHASSA KAUPUNGIS Hans Hubert Villa, joka sijaitsee Haapsalun vanhassakaupungissa, on erinomainen esimerkki siit\u00e4, kuinka luonnonmateriaalit ja mestarillinen k\u00e4sity\u00f6 luovat ajattoman lopputuloksen. Rakennuksen sis\u00e4tiloissa on k\u00e4ytetty kalkki-marmorino viimeistely\u00e4, joka korostaa sileit\u00e4 ja elegantteja pintoja, sopien t\u00e4ydellisesti klassiseen arkkitehtuuriin. Viimeistelyty\u00f6t suoritti Krohwin O\u00dc, joka tunnetaan korkealaatuisesta ty\u00f6st\u00e4\u00e4n ja [&hellip;]\" \/>\n<meta property=\"og:url\" content=\"https:\/\/uku.eu\/galerii\/lubi-marmorino-hans-hubert-villa\/\" \/>\n<meta property=\"og:site_name\" content=\"Uku.eu\" \/>\n<meta property=\"article:publisher\" content=\"https:\/\/www.facebook.com\/Saviukumaja\/\" \/>\n<meta property=\"article:modified_time\" content=\"2025-08-25T15:23:27+00:00\" \/>\n<meta name=\"twitter:card\" content=\"summary_large_image\" \/>\n<script type=\"application\/ld+json\" class=\"yoast-schema-graph\">{\"@context\":\"https:\/\/schema.org\",\"@graph\":[{\"@type\":\"WebPage\",\"@id\":\"https:\/\/uku.eu\/galerii\/lubi-marmorino-hans-hubert-villa\/\",\"url\":\"https:\/\/uku.eu\/galerii\/lubi-marmorino-hans-hubert-villa\/\",\"name\":\"UKU galleria\",\"isPartOf\":{\"@id\":\"https:\/\/uku.eu\/#website\"},\"datePublished\":\"2022-12-02T07:29:40+00:00\",\"dateModified\":\"2025-08-25T15:23:27+00:00\",\"breadcrumb\":{\"@id\":\"https:\/\/uku.eu\/galerii\/lubi-marmorino-hans-hubert-villa\/#breadcrumb\"},\"inLanguage\":\"fi\",\"potentialAction\":[{\"@type\":\"ReadAction\",\"target\":[\"https:\/\/uku.eu\/galerii\/lubi-marmorino-hans-hubert-villa\/\"]}]},{\"@type\":\"BreadcrumbList\",\"@id\":\"https:\/\/uku.eu\/galerii\/lubi-marmorino-hans-hubert-villa\/#breadcrumb\",\"itemListElement\":[{\"@type\":\"ListItem\",\"position\":1,\"name\":\"Home\",\"item\":\"https:\/\/uku.eu\/\"},{\"@type\":\"ListItem\",\"position\":2,\"name\":\"Galleria\",\"item\":\"https:\/\/uku.eu\/galerii\/\"},{\"@type\":\"ListItem\",\"position\":3,\"name\":\"Kalkki Marmorino Hans Hubert Villassa\"}]},{\"@type\":\"WebSite\",\"@id\":\"https:\/\/uku.eu\/#website\",\"url\":\"https:\/\/uku.eu\/\",\"name\":\"Krohvid ja v\u00e4rvid otse loodusest\",\"description\":\"\",\"publisher\":{\"@id\":\"https:\/\/uku.eu\/#organization\"},\"potentialAction\":[{\"@type\":\"SearchAction\",\"target\":{\"@type\":\"EntryPoint\",\"urlTemplate\":\"https:\/\/uku.eu\/?s={search_term_string}\"},\"query-input\":{\"@type\":\"PropertyValueSpecification\",\"valueRequired\":true,\"valueName\":\"search_term_string\"}}],\"inLanguage\":\"fi\"},{\"@type\":\"Organization\",\"@id\":\"https:\/\/uku.eu\/#organization\",\"name\":\"Saviukumaja O\u00dc\",\"url\":\"https:\/\/uku.eu\/\",\"logo\":{\"@type\":\"ImageObject\",\"inLanguage\":\"fi\",\"@id\":\"https:\/\/uku.eu\/#\/schema\/logo\/image\/\",\"url\":\"https:\/\/uku.eu\/wp-content\/uploads\/2021\/02\/cropped-UKU-Logo.jpg\",\"contentUrl\":\"https:\/\/uku.eu\/wp-content\/uploads\/2021\/02\/cropped-UKU-Logo.jpg\",\"width\":512,\"height\":512,\"caption\":\"Saviukumaja O\u00dc\"},\"image\":{\"@id\":\"https:\/\/uku.eu\/#\/schema\/logo\/image\/\"},\"sameAs\":[\"https:\/\/www.facebook.com\/Saviukumaja\/\",\"https:\/\/www.instagram.com\/saviukumaja\/\",\"https:\/\/www.linkedin.com\/company\/saviukumaja\",\"https:\/\/www.pinterest.com\/saviukumaja\/\",\"https:\/\/www.youtube.com\/c\/UKUPureEarth\"]}]}<\/script>\n<!-- \/ Yoast SEO plugin. -->","yoast_head_json":{"title":"UKU galleria","robots":{"index":"index","follow":"follow","max-snippet":"max-snippet:-1","max-image-preview":"max-image-preview:large","max-video-preview":"max-video-preview:-1"},"canonical":"https:\/\/uku.eu\/galerii\/lubi-marmorino-hans-hubert-villa\/","og_locale":"fi_FI","og_type":"article","og_title":"UKU galleria","og_description":"LUBI MARMORINO HANS HUBERTIN VILLASSA \u2013 ELEGANTTI VIIMEISTELY HAAPSALUN VANHASSA KAUPUNGIS Hans Hubert Villa, joka sijaitsee Haapsalun vanhassakaupungissa, on erinomainen esimerkki siit\u00e4, kuinka luonnonmateriaalit ja mestarillinen k\u00e4sity\u00f6 luovat ajattoman lopputuloksen. Rakennuksen sis\u00e4tiloissa on k\u00e4ytetty kalkki-marmorino viimeistely\u00e4, joka korostaa sileit\u00e4 ja elegantteja pintoja, sopien t\u00e4ydellisesti klassiseen arkkitehtuuriin. Viimeistelyty\u00f6t suoritti Krohwin O\u00dc, joka tunnetaan korkealaatuisesta ty\u00f6st\u00e4\u00e4n ja [&hellip;]","og_url":"https:\/\/uku.eu\/galerii\/lubi-marmorino-hans-hubert-villa\/","og_site_name":"Uku.eu","article_publisher":"https:\/\/www.facebook.com\/Saviukumaja\/","article_modified_time":"2025-08-25T15:23:27+00:00","twitter_card":"summary_large_image","schema":{"@context":"https:\/\/schema.org","@graph":[{"@type":"WebPage","@id":"https:\/\/uku.eu\/galerii\/lubi-marmorino-hans-hubert-villa\/","url":"https:\/\/uku.eu\/galerii\/lubi-marmorino-hans-hubert-villa\/","name":"UKU galleria","isPartOf":{"@id":"https:\/\/uku.eu\/#website"},"datePublished":"2022-12-02T07:29:40+00:00","dateModified":"2025-08-25T15:23:27+00:00","breadcrumb":{"@id":"https:\/\/uku.eu\/galerii\/lubi-marmorino-hans-hubert-villa\/#breadcrumb"},"inLanguage":"fi","potentialAction":[{"@type":"ReadAction","target":["https:\/\/uku.eu\/galerii\/lubi-marmorino-hans-hubert-villa\/"]}]},{"@type":"BreadcrumbList","@id":"https:\/\/uku.eu\/galerii\/lubi-marmorino-hans-hubert-villa\/#breadcrumb","itemListElement":[{"@type":"ListItem","position":1,"name":"Home","item":"https:\/\/uku.eu\/"},{"@type":"ListItem","position":2,"name":"Galleria","item":"https:\/\/uku.eu\/galerii\/"},{"@type":"ListItem","position":3,"name":"Kalkki Marmorino Hans Hubert Villassa"}]},{"@type":"WebSite","@id":"https:\/\/uku.eu\/#website","url":"https:\/\/uku.eu\/","name":"Krohvid ja v\u00e4rvid otse loodusest","description":"","publisher":{"@id":"https:\/\/uku.eu\/#organization"},"potentialAction":[{"@type":"SearchAction","target":{"@type":"EntryPoint","urlTemplate":"https:\/\/uku.eu\/?s={search_term_string}"},"query-input":{"@type":"PropertyValueSpecification","valueRequired":true,"valueName":"search_term_string"}}],"inLanguage":"fi"},{"@type":"Organization","@id":"https:\/\/uku.eu\/#organization","name":"Saviukumaja O\u00dc","url":"https:\/\/uku.eu\/","logo":{"@type":"ImageObject","inLanguage":"fi","@id":"https:\/\/uku.eu\/#\/schema\/logo\/image\/","url":"https:\/\/uku.eu\/wp-content\/uploads\/2021\/02\/cropped-UKU-Logo.jpg","contentUrl":"https:\/\/uku.eu\/wp-content\/uploads\/2021\/02\/cropped-UKU-Logo.jpg","width":512,"height":512,"caption":"Saviukumaja O\u00dc"},"image":{"@id":"https:\/\/uku.eu\/#\/schema\/logo\/image\/"},"sameAs":["https:\/\/www.facebook.com\/Saviukumaja\/","https:\/\/www.instagram.com\/saviukumaja\/","https:\/\/www.linkedin.com\/company\/saviukumaja","https:\/\/www.pinterest.com\/saviukumaja\/","https:\/\/www.youtube.com\/c\/UKUPureEarth"]}]}},"_links":{"self":[{"href":"https:\/\/uku.eu\/fi\/wp-json\/wp\/v2\/pages\/10462","targetHints":{"allow":["GET"]}}],"collection":[{"href":"https:\/\/uku.eu\/fi\/wp-json\/wp\/v2\/pages"}],"about":[{"href":"https:\/\/uku.eu\/fi\/wp-json\/wp\/v2\/types\/page"}],"author":[{"embeddable":true,"href":"https:\/\/uku.eu\/fi\/wp-json\/wp\/v2\/users\/1"}],"replies":[{"embeddable":true,"href":"https:\/\/uku.eu\/fi\/wp-json\/wp\/v2\/comments?post=10462"}],"version-history":[{"count":3,"href":"https:\/\/uku.eu\/fi\/wp-json\/wp\/v2\/pages\/10462\/revisions"}],"predecessor-version":[{"id":32417,"href":"https:\/\/uku.eu\/fi\/wp-json\/wp\/v2\/pages\/10462\/revisions\/32417"}],"up":[{"embeddable":true,"href":"https:\/\/uku.eu\/fi\/wp-json\/wp\/v2\/pages\/10325"}],"wp:attachment":[{"href":"https:\/\/uku.eu\/fi\/wp-json\/wp\/v2\/media?parent=10462"}],"curies":[{"name":"wp","href":"https:\/\/api.w.org\/{rel}","templated":true}]}}