{"id":10464,"date":"2021-06-15T10:26:29","date_gmt":"2021-06-15T08:26:29","guid":{"rendered":"https:\/\/uku.eu\/rakennuslevyt\/"},"modified":"2024-11-27T16:00:55","modified_gmt":"2024-11-27T14:00:55","slug":"rakennuslevyt","status":"publish","type":"page","link":"https:\/\/uku.eu\/fi\/rakennuslevyt\/","title":{"rendered":"Rakennuslevyt"},"content":{"rendered":"\t\t<div data-elementor-type=\"wp-page\" data-elementor-id=\"10464\" class=\"elementor elementor-10464 elementor-2226\" data-elementor-post-type=\"page\">\n\t\t\t\t\t\t<section data-particle_enable=\"false\" data-particle-mobile-disabled=\"false\" class=\"elementor-section elementor-top-section elementor-element elementor-element-6a7df43 elementor-section-boxed elementor-section-height-default elementor-section-height-default\" data-id=\"6a7df43\" data-element_type=\"section\" data-e-type=\"section\">\n\t\t\t\t\t\t\t<div class=\"elementor-background-overlay\"><\/div>\n\t\t\t\t\t\t\t<div class=\"elementor-container elementor-column-gap-wider\">\n\t\t\t\t\t<div class=\"elementor-column elementor-col-50 elementor-top-column elementor-element elementor-element-0fcd924\" data-id=\"0fcd924\" data-element_type=\"column\" data-e-type=\"column\">\n\t\t\t<div class=\"elementor-widget-wrap elementor-element-populated\">\n\t\t\t\t\t\t<div class=\"elementor-element elementor-element-4b00ae5 elementor-widget elementor-widget-image\" data-id=\"4b00ae5\" data-element_type=\"widget\" data-e-type=\"widget\" data-widget_type=\"image.default\">\n\t\t\t\t<div class=\"elementor-widget-container\">\n\t\t\t\t\t\t\t\t\t\t\t\t\t\t\t<img fetchpriority=\"high\" decoding=\"async\" width=\"1048\" height=\"806\" src=\"https:\/\/uku.eu\/wp-content\/uploads\/2024\/11\/058-1.png\" class=\"attachment-full size-full wp-image-21395\" alt=\"\" srcset=\"https:\/\/uku.eu\/wp-content\/uploads\/2024\/11\/058-1.png 1048w, https:\/\/uku.eu\/wp-content\/uploads\/2024\/11\/058-1-300x231.png 300w, https:\/\/uku.eu\/wp-content\/uploads\/2024\/11\/058-1-1024x788.png 1024w, https:\/\/uku.eu\/wp-content\/uploads\/2024\/11\/058-1-768x591.png 768w\" sizes=\"(max-width: 1048px) 100vw, 1048px\" \/>\t\t\t\t\t\t\t\t\t\t\t\t\t\t\t<\/div>\n\t\t\t\t<\/div>\n\t\t\t\t<div class=\"elementor-element elementor-element-a062aa8 elementor-widget elementor-widget-heading\" data-id=\"a062aa8\" data-element_type=\"widget\" data-e-type=\"widget\" data-widget_type=\"heading.default\">\n\t\t\t\t<div class=\"elementor-widget-container\">\n\t\t\t\t\t<span class=\"elementor-heading-title elementor-size-default\">Massiivisavilevy, rapattu rustiikkisella saviviimeistelylaastilla<\/span>\t\t\t\t<\/div>\n\t\t\t\t<\/div>\n\t\t\t\t\t<\/div>\n\t\t<\/div>\n\t\t\t\t<div class=\"elementor-column elementor-col-50 elementor-top-column elementor-element elementor-element-faeae97\" data-id=\"faeae97\" data-element_type=\"column\" data-e-type=\"column\">\n\t\t\t<div class=\"elementor-widget-wrap elementor-element-populated\">\n\t\t\t\t\t\t<div class=\"elementor-element elementor-element-7546758 elementor-widget elementor-widget-heading\" data-id=\"7546758\" data-element_type=\"widget\" data-e-type=\"widget\" data-widget_type=\"heading.default\">\n\t\t\t\t<div class=\"elementor-widget-container\">\n\t\t\t\t\t<h2 class=\"elementor-heading-title elementor-size-default\">SAVILEVYT<\/h2>\t\t\t\t<\/div>\n\t\t\t\t<\/div>\n\t\t\t\t<div class=\"elementor-element elementor-element-37b9877 elementor-widget elementor-widget-text-editor\" data-id=\"37b9877\" data-element_type=\"widget\" data-e-type=\"widget\" data-widget_type=\"text-editor.default\">\n\t\t\t\t<div class=\"elementor-widget-container\">\n\t\t\t\t\t\t\t\t\t<p>Ihanteellinen ratkaisu savirappauksen asentamiseen. Kevyet ja massiiviset savilevyt tarjoavat monipuolisia mahdollisuuksia terveellisen ja luonnonl\u00e4heisen elinymp\u00e4rist\u00f6n luomiseen. N\u00e4m\u00e4 innovatiiviset rakennuslevyt yhdist\u00e4v\u00e4t saven luonnollisen l\u00e4mm\u00f6neristyksen, kosteudenhallinnan ja \u00e4\u00e4nieristyksen. Ne soveltuvat seinien, kattojen ja v\u00e4liseinien p\u00e4\u00e4llyst\u00e4miseen. Olipa kyseess\u00e4 uudisrakennus tai kunnostusprojekti, savilevymme ovat k\u00e4yt\u00e4nn\u00f6llinen ja kest\u00e4v\u00e4 valinta.<\/p>\n\t\t\t\t\t\t\t\t<\/div>\n\t\t\t\t<\/div>\n\t\t\t\t\t<\/div>\n\t\t<\/div>\n\t\t\t\t\t<\/div>\n\t\t<\/section>\n\t\t\t\t<section data-particle_enable=\"false\" data-particle-mobile-disabled=\"false\" class=\"elementor-section elementor-top-section elementor-element elementor-element-0855107 elementor-reverse-mobile elementor-section-boxed elementor-section-height-default elementor-section-height-default\" data-id=\"0855107\" data-element_type=\"section\" data-e-type=\"section\">\n\t\t\t\t\t\t\t<div class=\"elementor-background-overlay\"><\/div>\n\t\t\t\t\t\t\t<div class=\"elementor-container elementor-column-gap-wider\">\n\t\t\t\t\t<div class=\"elementor-column elementor-col-50 elementor-top-column elementor-element elementor-element-ad141a8\" data-id=\"ad141a8\" data-element_type=\"column\" data-e-type=\"column\">\n\t\t\t<div class=\"elementor-widget-wrap elementor-element-populated\">\n\t\t\t\t\t\t<div class=\"elementor-element elementor-element-99e4be7 elementor-widget elementor-widget-heading\" data-id=\"99e4be7\" data-element_type=\"widget\" data-e-type=\"widget\" data-widget_type=\"heading.default\">\n\t\t\t\t<div class=\"elementor-widget-container\">\n\t\t\t\t\t<h2 class=\"elementor-heading-title elementor-size-default\"><a href=\"https:\/\/uku.eu\/fi\/savituotteet\/savi-stucco\/\">MASSIIVISAVILEVYT<\/a><\/h2>\t\t\t\t<\/div>\n\t\t\t\t<\/div>\n\t\t\t\t<div class=\"elementor-element elementor-element-7163468 elementor-widget elementor-widget-text-editor\" data-id=\"7163468\" data-element_type=\"widget\" data-e-type=\"widget\" data-widget_type=\"text-editor.default\">\n\t\t\t\t<div class=\"elementor-widget-container\">\n\t\t\t\t\t\t\t\t\t<p>Massiivisavilevy on moderni savesta valmistettu rakennuspaneeli, joka sopii sis\u00e4rakentamiseen ja on k\u00e4ytett\u00e4viss\u00e4 samalla tavalla kuin tavallinen kipsilevy.<\/p>\n\t\t\t\t\t\t\t\t<\/div>\n\t\t\t\t<\/div>\n\t\t\t\t<div class=\"elementor-element elementor-element-7b76912 elementor-align-left elementor-mobile-align-left elementor-widget elementor-widget-button\" data-id=\"7b76912\" data-element_type=\"widget\" data-e-type=\"widget\" data-widget_type=\"button.default\">\n\t\t\t\t<div class=\"elementor-widget-container\">\n\t\t\t\t\t\t\t\t\t<div class=\"elementor-button-wrapper\">\n\t\t\t\t\t<a class=\"elementor-button elementor-button-link elementor-size-sm\" href=\"https:\/\/uku.eu\/fi\/massiivisavilevyt\/\">\n\t\t\t\t\t\t<span class=\"elementor-button-content-wrapper\">\n\t\t\t\t\t\t\t\t\t<span class=\"elementor-button-text\"><u>LUE LIS\u00c4\u00c4<\/u><\/span>\n\t\t\t\t\t<\/span>\n\t\t\t\t\t<\/a>\n\t\t\t\t<\/div>\n\t\t\t\t\t\t\t\t<\/div>\n\t\t\t\t<\/div>\n\t\t\t\t\t<\/div>\n\t\t<\/div>\n\t\t\t\t<div class=\"elementor-column elementor-col-50 elementor-top-column elementor-element elementor-element-8d7b0b0\" data-id=\"8d7b0b0\" data-element_type=\"column\" data-e-type=\"column\">\n\t\t\t<div class=\"elementor-widget-wrap elementor-element-populated\">\n\t\t\t\t\t\t<div class=\"elementor-element elementor-element-4c8f477 elementor-widget elementor-widget-image\" data-id=\"4c8f477\" data-element_type=\"widget\" data-e-type=\"widget\" data-widget_type=\"image.default\">\n\t\t\t\t<div class=\"elementor-widget-container\">\n\t\t\t\t\t\t\t\t\t\t\t\t\t\t\t<img decoding=\"async\" width=\"1054\" height=\"863\" src=\"https:\/\/uku.eu\/wp-content\/uploads\/2024\/11\/lemix-3.png\" class=\"attachment-full size-full wp-image-21399\" alt=\"\" srcset=\"https:\/\/uku.eu\/wp-content\/uploads\/2024\/11\/lemix-3.png 1054w, https:\/\/uku.eu\/wp-content\/uploads\/2024\/11\/lemix-3-300x246.png 300w, https:\/\/uku.eu\/wp-content\/uploads\/2024\/11\/lemix-3-1024x838.png 1024w, https:\/\/uku.eu\/wp-content\/uploads\/2024\/11\/lemix-3-768x629.png 768w\" sizes=\"(max-width: 1054px) 100vw, 1054px\" \/>\t\t\t\t\t\t\t\t\t\t\t\t\t\t\t<\/div>\n\t\t\t\t<\/div>\n\t\t\t\t<div class=\"elementor-element elementor-element-eb6c686 elementor-widget elementor-widget-heading\" data-id=\"eb6c686\" data-element_type=\"widget\" data-e-type=\"widget\" data-widget_type=\"heading.default\">\n\t\t\t\t<div class=\"elementor-widget-container\">\n\t\t\t\t\t<span class=\"elementor-heading-title elementor-size-default\">Massiivisavilevyt<\/span>\t\t\t\t<\/div>\n\t\t\t\t<\/div>\n\t\t\t\t\t<\/div>\n\t\t<\/div>\n\t\t\t\t\t<\/div>\n\t\t<\/section>\n\t\t\t\t<section data-particle_enable=\"false\" data-particle-mobile-disabled=\"false\" class=\"elementor-section elementor-top-section elementor-element elementor-element-00b9f21 elementor-section-boxed elementor-section-height-default elementor-section-height-default\" data-id=\"00b9f21\" data-element_type=\"section\" data-e-type=\"section\">\n\t\t\t\t\t\t\t<div class=\"elementor-background-overlay\"><\/div>\n\t\t\t\t\t\t\t<div class=\"elementor-container elementor-column-gap-wider\">\n\t\t\t\t\t<div class=\"elementor-column elementor-col-50 elementor-top-column elementor-element elementor-element-a205664\" data-id=\"a205664\" data-element_type=\"column\" data-e-type=\"column\">\n\t\t\t<div class=\"elementor-widget-wrap elementor-element-populated\">\n\t\t\t\t\t\t<div class=\"elementor-element elementor-element-0efa0f5 elementor-widget elementor-widget-image\" data-id=\"0efa0f5\" data-element_type=\"widget\" data-e-type=\"widget\" data-widget_type=\"image.default\">\n\t\t\t\t<div class=\"elementor-widget-container\">\n\t\t\t\t\t\t\t\t\t\t\t\t\t\t\t<img decoding=\"async\" width=\"1065\" height=\"802\" src=\"https:\/\/uku.eu\/wp-content\/uploads\/2024\/11\/schleusner.-kersaviplaadid-kanepiluuga-1.png\" class=\"attachment-full size-full wp-image-21402\" alt=\"\" srcset=\"https:\/\/uku.eu\/wp-content\/uploads\/2024\/11\/schleusner.-kersaviplaadid-kanepiluuga-1.png 1065w, https:\/\/uku.eu\/wp-content\/uploads\/2024\/11\/schleusner.-kersaviplaadid-kanepiluuga-1-300x226.png 300w, https:\/\/uku.eu\/wp-content\/uploads\/2024\/11\/schleusner.-kersaviplaadid-kanepiluuga-1-1024x771.png 1024w, https:\/\/uku.eu\/wp-content\/uploads\/2024\/11\/schleusner.-kersaviplaadid-kanepiluuga-1-768x578.png 768w\" sizes=\"(max-width: 1065px) 100vw, 1065px\" \/>\t\t\t\t\t\t\t\t\t\t\t\t\t\t\t<\/div>\n\t\t\t\t<\/div>\n\t\t\t\t<div class=\"elementor-element elementor-element-6af7c78 elementor-widget elementor-widget-heading\" data-id=\"6af7c78\" data-element_type=\"widget\" data-e-type=\"widget\" data-widget_type=\"heading.default\">\n\t\t\t\t<div class=\"elementor-widget-container\">\n\t\t\t\t\t<span class=\"elementor-heading-title elementor-size-default\">Kevytsavilevyt hamppuhakkeen kanssa<\/span>\t\t\t\t<\/div>\n\t\t\t\t<\/div>\n\t\t\t\t\t<\/div>\n\t\t<\/div>\n\t\t\t\t<div class=\"elementor-column elementor-col-50 elementor-top-column elementor-element elementor-element-2a7bc29\" data-id=\"2a7bc29\" data-element_type=\"column\" data-e-type=\"column\">\n\t\t\t<div class=\"elementor-widget-wrap elementor-element-populated\">\n\t\t\t\t\t\t<div class=\"elementor-element elementor-element-105a8aa elementor-widget elementor-widget-heading\" data-id=\"105a8aa\" data-element_type=\"widget\" data-e-type=\"widget\" data-widget_type=\"heading.default\">\n\t\t\t\t<div class=\"elementor-widget-container\">\n\t\t\t\t\t<h2 class=\"elementor-heading-title elementor-size-default\"><a href=\"https:\/\/uku.eu\/fi\/rakennuslevyt\/kanepilla-vahvistetut-kevytsavilevyt\/\">KEVYTSAVILEVYT KANEPILUUDELLA<\/a><\/h2>\t\t\t\t<\/div>\n\t\t\t\t<\/div>\n\t\t\t\t<div class=\"elementor-element elementor-element-ef9019a elementor-widget elementor-widget-text-editor\" data-id=\"ef9019a\" data-element_type=\"widget\" data-e-type=\"widget\" data-widget_type=\"text-editor.default\">\n\t\t\t\t<div class=\"elementor-widget-container\">\n\t\t\t\t\t\t\t\t\t<p>Massiivisavilevy on moderni savesta valmistettu rakennuspaneeli, joka sopii sis\u00e4rakentamiseen ja on k\u00e4ytett\u00e4viss\u00e4 samalla tavalla kuin tavallinen kipsilevy.<\/p>\n\t\t\t\t\t\t\t\t<\/div>\n\t\t\t\t<\/div>\n\t\t\t\t<div class=\"elementor-element elementor-element-950afe4 elementor-align-left elementor-mobile-align-left elementor-widget elementor-widget-button\" data-id=\"950afe4\" data-element_type=\"widget\" data-e-type=\"widget\" data-widget_type=\"button.default\">\n\t\t\t\t<div class=\"elementor-widget-container\">\n\t\t\t\t\t\t\t\t\t<div class=\"elementor-button-wrapper\">\n\t\t\t\t\t<a class=\"elementor-button elementor-button-link elementor-size-sm\" href=\"https:\/\/uku.eu\/fi\/rakennuslevyt\/kanepilla-vahvistetut-kevytsavilevyt\/\">\n\t\t\t\t\t\t<span class=\"elementor-button-content-wrapper\">\n\t\t\t\t\t\t\t\t\t<span class=\"elementor-button-text\"><u>LUE LIS\u00c4\u00c4<\/u><\/span>\n\t\t\t\t\t<\/span>\n\t\t\t\t\t<\/a>\n\t\t\t\t<\/div>\n\t\t\t\t\t\t\t\t<\/div>\n\t\t\t\t<\/div>\n\t\t\t\t\t<\/div>\n\t\t<\/div>\n\t\t\t\t\t<\/div>\n\t\t<\/section>\n\t\t\t\t<\/div>\n\t\t","protected":false},"excerpt":{"rendered":"<p>Massiivisavilevy, rapattu rustiikkisella saviviimeistelylaastilla SAVILEVYT Ihanteellinen ratkaisu savirappauksen asentamiseen. Kevyet ja massiiviset savilevyt tarjoavat monipuolisia mahdollisuuksia terveellisen ja luonnonl\u00e4heisen elinymp\u00e4rist\u00f6n luomiseen. N\u00e4m\u00e4 innovatiiviset rakennuslevyt yhdist\u00e4v\u00e4t saven luonnollisen l\u00e4mm\u00f6neristyksen, kosteudenhallinnan ja \u00e4\u00e4nieristyksen. Ne soveltuvat seinien, kattojen ja v\u00e4liseinien p\u00e4\u00e4llyst\u00e4miseen. Olipa kyseess\u00e4 uudisrakennus tai kunnostusprojekti, savilevymme ovat k\u00e4yt\u00e4nn\u00f6llinen ja kest\u00e4v\u00e4 valinta. MASSIIVISAVILEVYT Massiivisavilevy on moderni savesta valmistettu [&hellip;]<\/p>\n","protected":false},"author":1,"featured_media":0,"parent":0,"menu_order":0,"comment_status":"closed","ping_status":"closed","template":"elementor_header_footer","meta":{"footnotes":""},"class_list":["post-10464","page","type-page","status-publish","hentry","entry"],"yoast_head":"<!-- This site is optimized with the Yoast SEO plugin v26.6 - https:\/\/yoast.com\/wordpress\/plugins\/seo\/ -->\n<title>UKU rakennuslevyt<\/title>\n<meta name=\"description\" content=\"Rakennuslaatat on tarkoitettu p\u00e4\u00e4llyst\u00e4miseen savi- ja kalkkiraastilla. K\u00e4yt\u00e4 niit\u00e4 seinien tai kattojen peitt\u00e4miseen sis\u00e4tiloissa tai julkisivussa.\" \/>\n<meta name=\"robots\" content=\"index, follow, max-snippet:-1, max-image-preview:large, max-video-preview:-1\" \/>\n<link rel=\"canonical\" href=\"https:\/\/uku.eu\/ehitusplaadid\/\" \/>\n<meta property=\"og:locale\" content=\"fi_FI\" \/>\n<meta property=\"og:type\" content=\"article\" \/>\n<meta property=\"og:title\" content=\"UKU rakennuslevyt\" \/>\n<meta property=\"og:description\" content=\"Rakennuslaatat on tarkoitettu p\u00e4\u00e4llyst\u00e4miseen savi- ja kalkkiraastilla. K\u00e4yt\u00e4 niit\u00e4 seinien tai kattojen peitt\u00e4miseen sis\u00e4tiloissa tai julkisivussa.\" \/>\n<meta property=\"og:url\" content=\"https:\/\/uku.eu\/ehitusplaadid\/\" \/>\n<meta property=\"og:site_name\" content=\"Uku.eu\" \/>\n<meta property=\"article:publisher\" content=\"https:\/\/www.facebook.com\/Saviukumaja\/\" \/>\n<meta property=\"article:modified_time\" content=\"2024-11-27T14:00:55+00:00\" \/>\n<meta property=\"og:image\" content=\"https:\/\/uku.eu\/wp-content\/uploads\/2024\/11\/058-1-768x591.png\" \/>\n\t<meta property=\"og:image:width\" content=\"768\" \/>\n\t<meta property=\"og:image:height\" content=\"591\" \/>\n\t<meta property=\"og:image:type\" content=\"image\/png\" \/>\n<meta name=\"twitter:card\" content=\"summary_large_image\" \/>\n<meta name=\"twitter:label1\" content=\"Arvioitu lukuaika\" \/>\n\t<meta name=\"twitter:data1\" content=\"2 minuuttia\" \/>\n<script type=\"application\/ld+json\" class=\"yoast-schema-graph\">{\"@context\":\"https:\/\/schema.org\",\"@graph\":[{\"@type\":\"WebPage\",\"@id\":\"https:\/\/uku.eu\/ehitusplaadid\/\",\"url\":\"https:\/\/uku.eu\/ehitusplaadid\/\",\"name\":\"UKU rakennuslevyt\",\"isPartOf\":{\"@id\":\"https:\/\/uku.eu\/#website\"},\"primaryImageOfPage\":{\"@id\":\"https:\/\/uku.eu\/ehitusplaadid\/#primaryimage\"},\"image\":{\"@id\":\"https:\/\/uku.eu\/ehitusplaadid\/#primaryimage\"},\"thumbnailUrl\":\"https:\/\/uku.eu\/wp-content\/uploads\/2024\/11\/058-1.png\",\"datePublished\":\"2021-06-15T08:26:29+00:00\",\"dateModified\":\"2024-11-27T14:00:55+00:00\",\"description\":\"Rakennuslaatat on tarkoitettu p\u00e4\u00e4llyst\u00e4miseen savi- ja kalkkiraastilla. K\u00e4yt\u00e4 niit\u00e4 seinien tai kattojen peitt\u00e4miseen sis\u00e4tiloissa tai julkisivussa.\",\"breadcrumb\":{\"@id\":\"https:\/\/uku.eu\/ehitusplaadid\/#breadcrumb\"},\"inLanguage\":\"fi\",\"potentialAction\":[{\"@type\":\"ReadAction\",\"target\":[\"https:\/\/uku.eu\/ehitusplaadid\/\"]}]},{\"@type\":\"ImageObject\",\"inLanguage\":\"fi\",\"@id\":\"https:\/\/uku.eu\/ehitusplaadid\/#primaryimage\",\"url\":\"https:\/\/uku.eu\/wp-content\/uploads\/2024\/11\/058-1.png\",\"contentUrl\":\"https:\/\/uku.eu\/wp-content\/uploads\/2024\/11\/058-1.png\"},{\"@type\":\"BreadcrumbList\",\"@id\":\"https:\/\/uku.eu\/ehitusplaadid\/#breadcrumb\",\"itemListElement\":[{\"@type\":\"ListItem\",\"position\":1,\"name\":\"Home\",\"item\":\"https:\/\/uku.eu\/\"},{\"@type\":\"ListItem\",\"position\":2,\"name\":\"Rakennuslevyt\"}]},{\"@type\":\"WebSite\",\"@id\":\"https:\/\/uku.eu\/#website\",\"url\":\"https:\/\/uku.eu\/\",\"name\":\"Krohvid ja v\u00e4rvid otse loodusest\",\"description\":\"\",\"publisher\":{\"@id\":\"https:\/\/uku.eu\/#organization\"},\"potentialAction\":[{\"@type\":\"SearchAction\",\"target\":{\"@type\":\"EntryPoint\",\"urlTemplate\":\"https:\/\/uku.eu\/?s={search_term_string}\"},\"query-input\":{\"@type\":\"PropertyValueSpecification\",\"valueRequired\":true,\"valueName\":\"search_term_string\"}}],\"inLanguage\":\"fi\"},{\"@type\":\"Organization\",\"@id\":\"https:\/\/uku.eu\/#organization\",\"name\":\"Saviukumaja O\u00dc\",\"url\":\"https:\/\/uku.eu\/\",\"logo\":{\"@type\":\"ImageObject\",\"inLanguage\":\"fi\",\"@id\":\"https:\/\/uku.eu\/#\/schema\/logo\/image\/\",\"url\":\"https:\/\/uku.eu\/wp-content\/uploads\/2021\/02\/cropped-UKU-Logo.jpg\",\"contentUrl\":\"https:\/\/uku.eu\/wp-content\/uploads\/2021\/02\/cropped-UKU-Logo.jpg\",\"width\":512,\"height\":512,\"caption\":\"Saviukumaja O\u00dc\"},\"image\":{\"@id\":\"https:\/\/uku.eu\/#\/schema\/logo\/image\/\"},\"sameAs\":[\"https:\/\/www.facebook.com\/Saviukumaja\/\",\"https:\/\/www.instagram.com\/saviukumaja\/\",\"https:\/\/www.linkedin.com\/company\/saviukumaja\",\"https:\/\/www.pinterest.com\/saviukumaja\/\",\"https:\/\/www.youtube.com\/c\/UKUPureEarth\"]}]}<\/script>\n<!-- \/ Yoast SEO plugin. -->","yoast_head_json":{"title":"UKU rakennuslevyt","description":"Rakennuslaatat on tarkoitettu p\u00e4\u00e4llyst\u00e4miseen savi- ja kalkkiraastilla. K\u00e4yt\u00e4 niit\u00e4 seinien tai kattojen peitt\u00e4miseen sis\u00e4tiloissa tai julkisivussa.","robots":{"index":"index","follow":"follow","max-snippet":"max-snippet:-1","max-image-preview":"max-image-preview:large","max-video-preview":"max-video-preview:-1"},"canonical":"https:\/\/uku.eu\/ehitusplaadid\/","og_locale":"fi_FI","og_type":"article","og_title":"UKU rakennuslevyt","og_description":"Rakennuslaatat on tarkoitettu p\u00e4\u00e4llyst\u00e4miseen savi- ja kalkkiraastilla. K\u00e4yt\u00e4 niit\u00e4 seinien tai kattojen peitt\u00e4miseen sis\u00e4tiloissa tai julkisivussa.","og_url":"https:\/\/uku.eu\/ehitusplaadid\/","og_site_name":"Uku.eu","article_publisher":"https:\/\/www.facebook.com\/Saviukumaja\/","article_modified_time":"2024-11-27T14:00:55+00:00","og_image":[{"width":768,"height":591,"url":"https:\/\/uku.eu\/wp-content\/uploads\/2024\/11\/058-1-768x591.png","type":"image\/png"}],"twitter_card":"summary_large_image","twitter_misc":{"Arvioitu lukuaika":"2 minuuttia"},"schema":{"@context":"https:\/\/schema.org","@graph":[{"@type":"WebPage","@id":"https:\/\/uku.eu\/ehitusplaadid\/","url":"https:\/\/uku.eu\/ehitusplaadid\/","name":"UKU rakennuslevyt","isPartOf":{"@id":"https:\/\/uku.eu\/#website"},"primaryImageOfPage":{"@id":"https:\/\/uku.eu\/ehitusplaadid\/#primaryimage"},"image":{"@id":"https:\/\/uku.eu\/ehitusplaadid\/#primaryimage"},"thumbnailUrl":"https:\/\/uku.eu\/wp-content\/uploads\/2024\/11\/058-1.png","datePublished":"2021-06-15T08:26:29+00:00","dateModified":"2024-11-27T14:00:55+00:00","description":"Rakennuslaatat on tarkoitettu p\u00e4\u00e4llyst\u00e4miseen savi- ja kalkkiraastilla. K\u00e4yt\u00e4 niit\u00e4 seinien tai kattojen peitt\u00e4miseen sis\u00e4tiloissa tai julkisivussa.","breadcrumb":{"@id":"https:\/\/uku.eu\/ehitusplaadid\/#breadcrumb"},"inLanguage":"fi","potentialAction":[{"@type":"ReadAction","target":["https:\/\/uku.eu\/ehitusplaadid\/"]}]},{"@type":"ImageObject","inLanguage":"fi","@id":"https:\/\/uku.eu\/ehitusplaadid\/#primaryimage","url":"https:\/\/uku.eu\/wp-content\/uploads\/2024\/11\/058-1.png","contentUrl":"https:\/\/uku.eu\/wp-content\/uploads\/2024\/11\/058-1.png"},{"@type":"BreadcrumbList","@id":"https:\/\/uku.eu\/ehitusplaadid\/#breadcrumb","itemListElement":[{"@type":"ListItem","position":1,"name":"Home","item":"https:\/\/uku.eu\/"},{"@type":"ListItem","position":2,"name":"Rakennuslevyt"}]},{"@type":"WebSite","@id":"https:\/\/uku.eu\/#website","url":"https:\/\/uku.eu\/","name":"Krohvid ja v\u00e4rvid otse loodusest","description":"","publisher":{"@id":"https:\/\/uku.eu\/#organization"},"potentialAction":[{"@type":"SearchAction","target":{"@type":"EntryPoint","urlTemplate":"https:\/\/uku.eu\/?s={search_term_string}"},"query-input":{"@type":"PropertyValueSpecification","valueRequired":true,"valueName":"search_term_string"}}],"inLanguage":"fi"},{"@type":"Organization","@id":"https:\/\/uku.eu\/#organization","name":"Saviukumaja O\u00dc","url":"https:\/\/uku.eu\/","logo":{"@type":"ImageObject","inLanguage":"fi","@id":"https:\/\/uku.eu\/#\/schema\/logo\/image\/","url":"https:\/\/uku.eu\/wp-content\/uploads\/2021\/02\/cropped-UKU-Logo.jpg","contentUrl":"https:\/\/uku.eu\/wp-content\/uploads\/2021\/02\/cropped-UKU-Logo.jpg","width":512,"height":512,"caption":"Saviukumaja O\u00dc"},"image":{"@id":"https:\/\/uku.eu\/#\/schema\/logo\/image\/"},"sameAs":["https:\/\/www.facebook.com\/Saviukumaja\/","https:\/\/www.instagram.com\/saviukumaja\/","https:\/\/www.linkedin.com\/company\/saviukumaja","https:\/\/www.pinterest.com\/saviukumaja\/","https:\/\/www.youtube.com\/c\/UKUPureEarth"]}]}},"_links":{"self":[{"href":"https:\/\/uku.eu\/fi\/wp-json\/wp\/v2\/pages\/10464","targetHints":{"allow":["GET"]}}],"collection":[{"href":"https:\/\/uku.eu\/fi\/wp-json\/wp\/v2\/pages"}],"about":[{"href":"https:\/\/uku.eu\/fi\/wp-json\/wp\/v2\/types\/page"}],"author":[{"embeddable":true,"href":"https:\/\/uku.eu\/fi\/wp-json\/wp\/v2\/users\/1"}],"replies":[{"embeddable":true,"href":"https:\/\/uku.eu\/fi\/wp-json\/wp\/v2\/comments?post=10464"}],"version-history":[{"count":0,"href":"https:\/\/uku.eu\/fi\/wp-json\/wp\/v2\/pages\/10464\/revisions"}],"wp:attachment":[{"href":"https:\/\/uku.eu\/fi\/wp-json\/wp\/v2\/media?parent=10464"}],"curies":[{"name":"wp","href":"https:\/\/api.w.org\/{rel}","templated":true}]}}