{"id":10480,"date":"2022-12-02T13:12:04","date_gmt":"2022-12-02T11:12:04","guid":{"rendered":"https:\/\/uku.eu\/galleria\/kivinavetasta-luotu-lammin-koti\/"},"modified":"2025-08-23T09:45:43","modified_gmt":"2025-08-23T07:45:43","slug":"kivinavetasta-luotu-lammin-koti","status":"publish","type":"page","link":"https:\/\/uku.eu\/fi\/galleria\/kivinavetasta-luotu-lammin-koti\/","title":{"rendered":"Kivinavetasta luotu l\u00e4mmin koti"},"content":{"rendered":"\t\t<div data-elementor-type=\"wp-page\" data-elementor-id=\"10480\" class=\"elementor elementor-10480 elementor-4560\" data-elementor-post-type=\"page\">\n\t\t\t\t\t\t<section data-particle_enable=\"false\" data-particle-mobile-disabled=\"false\" class=\"elementor-section elementor-top-section elementor-element elementor-element-b6bc0c0 elementor-section-boxed elementor-section-height-default elementor-section-height-default\" data-id=\"b6bc0c0\" data-element_type=\"section\" data-e-type=\"section\">\n\t\t\t\t\t\t<div class=\"elementor-container elementor-column-gap-default\">\n\t\t\t\t\t<div class=\"elementor-column elementor-col-100 elementor-top-column elementor-element elementor-element-55d3f0f\" data-id=\"55d3f0f\" data-element_type=\"column\" data-e-type=\"column\">\n\t\t\t<div class=\"elementor-widget-wrap elementor-element-populated\">\n\t\t\t\t\t\t<div class=\"elementor-element elementor-element-b80baf3 elementor-widget elementor-widget-spacer\" data-id=\"b80baf3\" data-element_type=\"widget\" data-e-type=\"widget\" data-widget_type=\"spacer.default\">\n\t\t\t\t<div class=\"elementor-widget-container\">\n\t\t\t\t\t\t\t<div class=\"elementor-spacer\">\n\t\t\t<div class=\"elementor-spacer-inner\"><\/div>\n\t\t<\/div>\n\t\t\t\t\t\t<\/div>\n\t\t\t\t<\/div>\n\t\t\t\t<div class=\"elementor-element elementor-element-ca188e5 elementor-widget elementor-widget-heading\" data-id=\"ca188e5\" data-element_type=\"widget\" data-e-type=\"widget\" data-widget_type=\"heading.default\">\n\t\t\t\t<div class=\"elementor-widget-container\">\n\t\t\t\t\t<h2 class=\"elementor-heading-title elementor-size-default\">MUKAVA KOTI MAANVANHASSA KIVI- NAVETASSA \u2013 UKU SAVI- JA KALKKILAASTIT LUONNOLLISSA INTERI\u00d6\u00d6REISS\u00c4<\/h2>\t\t\t\t<\/div>\n\t\t\t\t<\/div>\n\t\t\t\t<div class=\"elementor-element elementor-element-467e4ff elementor-widget elementor-widget-spacer\" data-id=\"467e4ff\" data-element_type=\"widget\" data-e-type=\"widget\" data-widget_type=\"spacer.default\">\n\t\t\t\t<div class=\"elementor-widget-container\">\n\t\t\t\t\t\t\t<div class=\"elementor-spacer\">\n\t\t\t<div class=\"elementor-spacer-inner\"><\/div>\n\t\t<\/div>\n\t\t\t\t\t\t<\/div>\n\t\t\t\t<\/div>\n\t\t\t\t<div class=\"elementor-element elementor-element-1ba50b0 elementor-widget elementor-widget-text-editor\" data-id=\"1ba50b0\" data-element_type=\"widget\" data-e-type=\"widget\" data-widget_type=\"text-editor.default\">\n\t\t\t\t<div class=\"elementor-widget-container\">\n\t\t\t\t\t\t\t\t\t<p data-start=\"941\" data-end=\"1304\">T\u00e4m\u00e4 Elvassa sijaitseva koti, joka on luotu vanhasta kivinavetasta, on erinomainen esimerkki ekologisesta ja terveellisest\u00e4 el\u00e4m\u00e4ntavasta. Sis\u00e4tiloissa on k\u00e4ytetty ainoastaan luonnollisia ja kest\u00e4vi\u00e4 materiaaleja: savilattiat, raakamaasavitiilist\u00e4 tehdyt takat, kevytsavi-v\u00e4lisein\u00e4t sek\u00e4 sein\u00e4t viimeistelty UKU:n savi-, kalkki-, stucco- ja tadelakt-laasteilla.<\/p>\n<p><\/p>\n<p data-start=\"1306\" data-end=\"1618\">UKU:n viimeistelyseokset tuovat tiloihin l\u00e4mp\u00f6\u00e4, tekstuuria ja harmoniaa, tarjoten kokemuksen, jossa jokainen pinta kertoo luonnosta inspiroidun kodin tarinan. Koti on samalla viihtyis\u00e4, terveellinen ja visuaalisesti lumoava, osoittaen, kuinka perinteiset materiaalit voidaan sulauttaa nykyaikaiseen asumiseen.<\/p>\n<p><\/p>\n<p data-start=\"1620\" data-end=\"1697\" data-is-last-node=\"\" data-is-only-node=\"\"><strong>Viimeistely:<\/strong> Wanawiisi<br data-start=\"1643\" data-end=\"1646\" \/><strong>Takat:<\/strong> Tuli ja Suits<br data-start=\"1667\" data-end=\"1670\" \/><strong>Valokuvat:<\/strong> Sergei Zjuganov<\/p>\n<p>&nbsp;<\/p>\n\t\t\t\t\t\t\t\t<\/div>\n\t\t\t\t<\/div>\n\t\t\t\t<div class=\"elementor-element elementor-element-068a374 elementor-widget elementor-widget-spacer\" data-id=\"068a374\" data-element_type=\"widget\" data-e-type=\"widget\" data-widget_type=\"spacer.default\">\n\t\t\t\t<div class=\"elementor-widget-container\">\n\t\t\t\t\t\t\t<div class=\"elementor-spacer\">\n\t\t\t<div class=\"elementor-spacer-inner\"><\/div>\n\t\t<\/div>\n\t\t\t\t\t\t<\/div>\n\t\t\t\t<\/div>\n\t\t\t\t<div class=\"elementor-element elementor-element-6e69465 elementor-widget elementor-widget-gallery\" data-id=\"6e69465\" data-element_type=\"widget\" data-e-type=\"widget\" data-settings=\"{&quot;lazyload&quot;:&quot;yes&quot;,&quot;gallery_layout&quot;:&quot;grid&quot;,&quot;columns&quot;:4,&quot;columns_tablet&quot;:2,&quot;columns_mobile&quot;:1,&quot;gap&quot;:{&quot;unit&quot;:&quot;px&quot;,&quot;size&quot;:10,&quot;sizes&quot;:[]},&quot;gap_tablet&quot;:{&quot;unit&quot;:&quot;px&quot;,&quot;size&quot;:10,&quot;sizes&quot;:[]},&quot;gap_mobile&quot;:{&quot;unit&quot;:&quot;px&quot;,&quot;size&quot;:10,&quot;sizes&quot;:[]},&quot;link_to&quot;:&quot;file&quot;,&quot;aspect_ratio&quot;:&quot;3:2&quot;,&quot;overlay_background&quot;:&quot;yes&quot;,&quot;content_hover_animation&quot;:&quot;fade-in&quot;}\" data-widget_type=\"gallery.default\">\n\t\t\t\t<div class=\"elementor-widget-container\">\n\t\t\t\t\t\t\t<div class=\"elementor-gallery__container\">\r\n\t\t\t\t\t\t\t<a class=\"e-gallery-item elementor-gallery-item elementor-animated-content\" href=\"https:\/\/uku.eu\/wp-content\/uploads\/2022\/11\/sergeizjuganov_wanawiisi_savikrohv_saviporand_1.jpg\" data-elementor-open-lightbox=\"yes\" data-elementor-lightbox-slideshow=\"6e69465\" data-e-action-hash=\"#elementor-action%3Aaction%3Dlightbox%26settings%3DeyJpZCI6NDQyMiwidXJsIjoiaHR0cHM6XC9cL3VrdS5ldVwvd3AtY29udGVudFwvdXBsb2Fkc1wvMjAyMlwvMTFcL3NlcmdlaXpqdWdhbm92X3dhbmF3aWlzaV9zYXZpa3JvaHZfc2F2aXBvcmFuZF8xLmpwZyIsInNsaWRlc2hvdyI6IjZlNjk0NjUifQ%3D%3D\">\r\n\t\t\t\t\t<div class=\"e-gallery-image elementor-gallery-item__image\" data-thumbnail=\"https:\/\/uku.eu\/wp-content\/uploads\/2022\/11\/sergeizjuganov_wanawiisi_savikrohv_saviporand_1.jpg\" data-width=\"1000\" data-height=\"667\" aria-label=\"\" role=\"img\" ><\/div>\r\n\t\t\t\t\t\t\t\t\t\t\t<div class=\"elementor-gallery-item__overlay\"><\/div>\r\n\t\t\t\t\t\t\t\t\t\t\t\t\t\t<\/a>\r\n\t\t\t\t\t\t\t<a class=\"e-gallery-item elementor-gallery-item elementor-animated-content\" href=\"https:\/\/uku.eu\/wp-content\/uploads\/2022\/11\/sergeizjuganov_wanawiisi_savikrohv_saviporand_2.jpg\" data-elementor-open-lightbox=\"yes\" data-elementor-lightbox-slideshow=\"6e69465\" data-e-action-hash=\"#elementor-action%3Aaction%3Dlightbox%26settings%3DeyJpZCI6NDQyMywidXJsIjoiaHR0cHM6XC9cL3VrdS5ldVwvd3AtY29udGVudFwvdXBsb2Fkc1wvMjAyMlwvMTFcL3NlcmdlaXpqdWdhbm92X3dhbmF3aWlzaV9zYXZpa3JvaHZfc2F2aXBvcmFuZF8yLmpwZyIsInNsaWRlc2hvdyI6IjZlNjk0NjUifQ%3D%3D\">\r\n\t\t\t\t\t<div class=\"e-gallery-image elementor-gallery-item__image\" data-thumbnail=\"https:\/\/uku.eu\/wp-content\/uploads\/2022\/11\/sergeizjuganov_wanawiisi_savikrohv_saviporand_2.jpg\" data-width=\"1000\" data-height=\"667\" aria-label=\"\" role=\"img\" ><\/div>\r\n\t\t\t\t\t\t\t\t\t\t\t<div class=\"elementor-gallery-item__overlay\"><\/div>\r\n\t\t\t\t\t\t\t\t\t\t\t\t\t\t<\/a>\r\n\t\t\t\t\t\t\t<a class=\"e-gallery-item elementor-gallery-item elementor-animated-content\" href=\"https:\/\/uku.eu\/wp-content\/uploads\/2022\/11\/sergeizjuganov_wanawiisi_savikrohv_lubikrohv.jpg\" data-elementor-open-lightbox=\"yes\" data-elementor-lightbox-slideshow=\"6e69465\" data-e-action-hash=\"#elementor-action%3Aaction%3Dlightbox%26settings%3DeyJpZCI6NDQyMSwidXJsIjoiaHR0cHM6XC9cL3VrdS5ldVwvd3AtY29udGVudFwvdXBsb2Fkc1wvMjAyMlwvMTFcL3NlcmdlaXpqdWdhbm92X3dhbmF3aWlzaV9zYXZpa3JvaHZfbHViaWtyb2h2LmpwZyIsInNsaWRlc2hvdyI6IjZlNjk0NjUifQ%3D%3D\">\r\n\t\t\t\t\t<div class=\"e-gallery-image elementor-gallery-item__image\" data-thumbnail=\"https:\/\/uku.eu\/wp-content\/uploads\/2022\/11\/sergeizjuganov_wanawiisi_savikrohv_lubikrohv.jpg\" data-width=\"1000\" data-height=\"667\" aria-label=\"\" role=\"img\" ><\/div>\r\n\t\t\t\t\t\t\t\t\t\t\t<div class=\"elementor-gallery-item__overlay\"><\/div>\r\n\t\t\t\t\t\t\t\t\t\t\t\t\t\t<\/a>\r\n\t\t\t\t\t\t\t<a class=\"e-gallery-item elementor-gallery-item elementor-animated-content\" href=\"https:\/\/uku.eu\/wp-content\/uploads\/2022\/11\/sergeizjuganov_wanawiisi_stucco_lubikrohv.jpg\" data-elementor-open-lightbox=\"yes\" data-elementor-lightbox-slideshow=\"6e69465\" data-e-action-hash=\"#elementor-action%3Aaction%3Dlightbox%26settings%3DeyJpZCI6NDQyNCwidXJsIjoiaHR0cHM6XC9cL3VrdS5ldVwvd3AtY29udGVudFwvdXBsb2Fkc1wvMjAyMlwvMTFcL3NlcmdlaXpqdWdhbm92X3dhbmF3aWlzaV9zdHVjY29fbHViaWtyb2h2LmpwZyIsInNsaWRlc2hvdyI6IjZlNjk0NjUifQ%3D%3D\">\r\n\t\t\t\t\t<div class=\"e-gallery-image elementor-gallery-item__image\" data-thumbnail=\"https:\/\/uku.eu\/wp-content\/uploads\/2022\/11\/sergeizjuganov_wanawiisi_stucco_lubikrohv.jpg\" data-width=\"1000\" data-height=\"667\" aria-label=\"\" role=\"img\" ><\/div>\r\n\t\t\t\t\t\t\t\t\t\t\t<div class=\"elementor-gallery-item__overlay\"><\/div>\r\n\t\t\t\t\t\t\t\t\t\t\t\t\t\t<\/a>\r\n\t\t\t\t\t\t\t<a class=\"e-gallery-item elementor-gallery-item elementor-animated-content\" href=\"https:\/\/uku.eu\/wp-content\/uploads\/2022\/11\/sergeizjuganov_wanawiisi_lubikrohv_tadelakt.jpg\" data-elementor-open-lightbox=\"yes\" data-elementor-lightbox-slideshow=\"6e69465\" data-e-action-hash=\"#elementor-action%3Aaction%3Dlightbox%26settings%3DeyJpZCI6NDQyMCwidXJsIjoiaHR0cHM6XC9cL3VrdS5ldVwvd3AtY29udGVudFwvdXBsb2Fkc1wvMjAyMlwvMTFcL3NlcmdlaXpqdWdhbm92X3dhbmF3aWlzaV9sdWJpa3JvaHZfdGFkZWxha3QuanBnIiwic2xpZGVzaG93IjoiNmU2OTQ2NSJ9\">\r\n\t\t\t\t\t<div class=\"e-gallery-image elementor-gallery-item__image\" data-thumbnail=\"https:\/\/uku.eu\/wp-content\/uploads\/2022\/11\/sergeizjuganov_wanawiisi_lubikrohv_tadelakt.jpg\" data-width=\"667\" data-height=\"1000\" aria-label=\"\" role=\"img\" ><\/div>\r\n\t\t\t\t\t\t\t\t\t\t\t<div class=\"elementor-gallery-item__overlay\"><\/div>\r\n\t\t\t\t\t\t\t\t\t\t\t\t\t\t<\/a>\r\n\t\t\t\t\t<\/div>\r\n\t\t\t\t\t<\/div>\n\t\t\t\t<\/div>\n\t\t\t\t<div class=\"elementor-element elementor-element-0879187 elementor-widget elementor-widget-spacer\" data-id=\"0879187\" data-element_type=\"widget\" data-e-type=\"widget\" data-widget_type=\"spacer.default\">\n\t\t\t\t<div class=\"elementor-widget-container\">\n\t\t\t\t\t\t\t<div class=\"elementor-spacer\">\n\t\t\t<div class=\"elementor-spacer-inner\"><\/div>\n\t\t<\/div>\n\t\t\t\t\t\t<\/div>\n\t\t\t\t<\/div>\n\t\t<div data-particle_enable=\"false\" data-particle-mobile-disabled=\"false\" class=\"elementor-element elementor-element-651ed3b e-grid e-con-boxed e-con e-parent\" data-id=\"651ed3b\" data-element_type=\"container\" data-e-type=\"container\">\n\t\t\t\t\t<div class=\"e-con-inner\">\n\t\t\t\t<div class=\"elementor-element elementor-element-5cc0be9 elementor-align-center elementor-widget elementor-widget-button\" data-id=\"5cc0be9\" data-element_type=\"widget\" data-e-type=\"widget\" data-widget_type=\"button.default\">\n\t\t\t\t<div class=\"elementor-widget-container\">\n\t\t\t\t\t\t\t\t\t<div class=\"elementor-button-wrapper\">\n\t\t\t\t\t<a class=\"elementor-button elementor-button-link elementor-size-sm\" href=\"https:\/\/uku.eu\/fi\/galleria\/savimaalattu-huoneisto\/\">\n\t\t\t\t\t\t<span class=\"elementor-button-content-wrapper\">\n\t\t\t\t\t\t\t\t\t<span class=\"elementor-button-text\">\u2190<\/span>\n\t\t\t\t\t<\/span>\n\t\t\t\t\t<\/a>\n\t\t\t\t<\/div>\n\t\t\t\t\t\t\t\t<\/div>\n\t\t\t\t<\/div>\n\t\t\t\t<div class=\"elementor-element elementor-element-69adc3a elementor-align-center elementor-mobile-align-center elementor-widget elementor-widget-button\" data-id=\"69adc3a\" data-element_type=\"widget\" data-e-type=\"widget\" data-widget_type=\"button.default\">\n\t\t\t\t<div class=\"elementor-widget-container\">\n\t\t\t\t\t\t\t\t\t<div class=\"elementor-button-wrapper\">\n\t\t\t\t\t<a class=\"elementor-button elementor-button-link elementor-size-sm\" href=\"https:\/\/uku.eu\/fi\/galleria\/savikipsi-ja-ristiinlaminoidut-puupaneelit-tallinnassa\/\">\n\t\t\t\t\t\t<span class=\"elementor-button-content-wrapper\">\n\t\t\t\t\t\t\t\t\t<span class=\"elementor-button-text\">\u2192<\/span>\n\t\t\t\t\t<\/span>\n\t\t\t\t\t<\/a>\n\t\t\t\t<\/div>\n\t\t\t\t\t\t\t\t<\/div>\n\t\t\t\t<\/div>\n\t\t\t\t\t<\/div>\n\t\t\t\t<\/div>\n\t\t\t\t\t<\/div>\n\t\t<\/div>\n\t\t\t\t\t<\/div>\n\t\t<\/section>\n\t\t\t\t<\/div>\n\t\t","protected":false},"excerpt":{"rendered":"<p>MUKAVA KOTI MAANVANHASSA KIVI- NAVETASSA \u2013 UKU SAVI- JA KALKKILAASTIT LUONNOLLISSA INTERI\u00d6\u00d6REISS\u00c4 T\u00e4m\u00e4 Elvassa sijaitseva koti, joka on luotu vanhasta kivinavetasta, on erinomainen esimerkki ekologisesta ja terveellisest\u00e4 el\u00e4m\u00e4ntavasta. Sis\u00e4tiloissa on k\u00e4ytetty ainoastaan luonnollisia ja kest\u00e4vi\u00e4 materiaaleja: savilattiat, raakamaasavitiilist\u00e4 tehdyt takat, kevytsavi-v\u00e4lisein\u00e4t sek\u00e4 sein\u00e4t viimeistelty UKU:n savi-, kalkki-, stucco- ja tadelakt-laasteilla. UKU:n viimeistelyseokset tuovat tiloihin l\u00e4mp\u00f6\u00e4, [&hellip;]<\/p>\n","protected":false},"author":1,"featured_media":0,"parent":10325,"menu_order":14,"comment_status":"closed","ping_status":"closed","template":"elementor_header_footer","meta":{"footnotes":""},"class_list":["post-10480","page","type-page","status-publish","hentry","entry"],"yoast_head":"<!-- This site is optimized with the Yoast SEO plugin v26.6 - https:\/\/yoast.com\/wordpress\/plugins\/seo\/ -->\n<title>UKU galleria<\/title>\n<meta name=\"robots\" content=\"index, follow, max-snippet:-1, max-image-preview:large, max-video-preview:-1\" \/>\n<link rel=\"canonical\" href=\"https:\/\/uku.eu\/galerii\/maakivist-laudast-loodud-soe-kodu\/\" \/>\n<meta property=\"og:locale\" content=\"fi_FI\" \/>\n<meta property=\"og:type\" content=\"article\" \/>\n<meta property=\"og:title\" content=\"UKU galleria\" \/>\n<meta property=\"og:description\" content=\"MUKAVA KOTI MAANVANHASSA KIVI- NAVETASSA \u2013 UKU SAVI- JA KALKKILAASTIT LUONNOLLISSA INTERI\u00d6\u00d6REISS\u00c4 T\u00e4m\u00e4 Elvassa sijaitseva koti, joka on luotu vanhasta kivinavetasta, on erinomainen esimerkki ekologisesta ja terveellisest\u00e4 el\u00e4m\u00e4ntavasta. Sis\u00e4tiloissa on k\u00e4ytetty ainoastaan luonnollisia ja kest\u00e4vi\u00e4 materiaaleja: savilattiat, raakamaasavitiilist\u00e4 tehdyt takat, kevytsavi-v\u00e4lisein\u00e4t sek\u00e4 sein\u00e4t viimeistelty UKU:n savi-, kalkki-, stucco- ja tadelakt-laasteilla. UKU:n viimeistelyseokset tuovat tiloihin l\u00e4mp\u00f6\u00e4, [&hellip;]\" \/>\n<meta property=\"og:url\" content=\"https:\/\/uku.eu\/galerii\/maakivist-laudast-loodud-soe-kodu\/\" \/>\n<meta property=\"og:site_name\" content=\"Uku.eu\" \/>\n<meta property=\"article:publisher\" content=\"https:\/\/www.facebook.com\/Saviukumaja\/\" \/>\n<meta property=\"article:modified_time\" content=\"2025-08-23T07:45:43+00:00\" \/>\n<meta name=\"twitter:card\" content=\"summary_large_image\" \/>\n<meta name=\"twitter:label1\" content=\"Arvioitu lukuaika\" \/>\n\t<meta name=\"twitter:data1\" content=\"1 minuutti\" \/>\n<script type=\"application\/ld+json\" class=\"yoast-schema-graph\">{\"@context\":\"https:\/\/schema.org\",\"@graph\":[{\"@type\":\"WebPage\",\"@id\":\"https:\/\/uku.eu\/galerii\/maakivist-laudast-loodud-soe-kodu\/\",\"url\":\"https:\/\/uku.eu\/galerii\/maakivist-laudast-loodud-soe-kodu\/\",\"name\":\"UKU galleria\",\"isPartOf\":{\"@id\":\"https:\/\/uku.eu\/#website\"},\"datePublished\":\"2022-12-02T11:12:04+00:00\",\"dateModified\":\"2025-08-23T07:45:43+00:00\",\"breadcrumb\":{\"@id\":\"https:\/\/uku.eu\/galerii\/maakivist-laudast-loodud-soe-kodu\/#breadcrumb\"},\"inLanguage\":\"fi\",\"potentialAction\":[{\"@type\":\"ReadAction\",\"target\":[\"https:\/\/uku.eu\/galerii\/maakivist-laudast-loodud-soe-kodu\/\"]}]},{\"@type\":\"BreadcrumbList\",\"@id\":\"https:\/\/uku.eu\/galerii\/maakivist-laudast-loodud-soe-kodu\/#breadcrumb\",\"itemListElement\":[{\"@type\":\"ListItem\",\"position\":1,\"name\":\"Home\",\"item\":\"https:\/\/uku.eu\/\"},{\"@type\":\"ListItem\",\"position\":2,\"name\":\"Galleria\",\"item\":\"https:\/\/uku.eu\/galerii\/\"},{\"@type\":\"ListItem\",\"position\":3,\"name\":\"Kivinavetasta luotu l\u00e4mmin koti\"}]},{\"@type\":\"WebSite\",\"@id\":\"https:\/\/uku.eu\/#website\",\"url\":\"https:\/\/uku.eu\/\",\"name\":\"Krohvid ja v\u00e4rvid otse loodusest\",\"description\":\"\",\"publisher\":{\"@id\":\"https:\/\/uku.eu\/#organization\"},\"potentialAction\":[{\"@type\":\"SearchAction\",\"target\":{\"@type\":\"EntryPoint\",\"urlTemplate\":\"https:\/\/uku.eu\/?s={search_term_string}\"},\"query-input\":{\"@type\":\"PropertyValueSpecification\",\"valueRequired\":true,\"valueName\":\"search_term_string\"}}],\"inLanguage\":\"fi\"},{\"@type\":\"Organization\",\"@id\":\"https:\/\/uku.eu\/#organization\",\"name\":\"Saviukumaja O\u00dc\",\"url\":\"https:\/\/uku.eu\/\",\"logo\":{\"@type\":\"ImageObject\",\"inLanguage\":\"fi\",\"@id\":\"https:\/\/uku.eu\/#\/schema\/logo\/image\/\",\"url\":\"https:\/\/uku.eu\/wp-content\/uploads\/2021\/02\/cropped-UKU-Logo.jpg\",\"contentUrl\":\"https:\/\/uku.eu\/wp-content\/uploads\/2021\/02\/cropped-UKU-Logo.jpg\",\"width\":512,\"height\":512,\"caption\":\"Saviukumaja O\u00dc\"},\"image\":{\"@id\":\"https:\/\/uku.eu\/#\/schema\/logo\/image\/\"},\"sameAs\":[\"https:\/\/www.facebook.com\/Saviukumaja\/\",\"https:\/\/www.instagram.com\/saviukumaja\/\",\"https:\/\/www.linkedin.com\/company\/saviukumaja\",\"https:\/\/www.pinterest.com\/saviukumaja\/\",\"https:\/\/www.youtube.com\/c\/UKUPureEarth\"]}]}<\/script>\n<!-- \/ Yoast SEO plugin. -->","yoast_head_json":{"title":"UKU galleria","robots":{"index":"index","follow":"follow","max-snippet":"max-snippet:-1","max-image-preview":"max-image-preview:large","max-video-preview":"max-video-preview:-1"},"canonical":"https:\/\/uku.eu\/galerii\/maakivist-laudast-loodud-soe-kodu\/","og_locale":"fi_FI","og_type":"article","og_title":"UKU galleria","og_description":"MUKAVA KOTI MAANVANHASSA KIVI- NAVETASSA \u2013 UKU SAVI- JA KALKKILAASTIT LUONNOLLISSA INTERI\u00d6\u00d6REISS\u00c4 T\u00e4m\u00e4 Elvassa sijaitseva koti, joka on luotu vanhasta kivinavetasta, on erinomainen esimerkki ekologisesta ja terveellisest\u00e4 el\u00e4m\u00e4ntavasta. Sis\u00e4tiloissa on k\u00e4ytetty ainoastaan luonnollisia ja kest\u00e4vi\u00e4 materiaaleja: savilattiat, raakamaasavitiilist\u00e4 tehdyt takat, kevytsavi-v\u00e4lisein\u00e4t sek\u00e4 sein\u00e4t viimeistelty UKU:n savi-, kalkki-, stucco- ja tadelakt-laasteilla. UKU:n viimeistelyseokset tuovat tiloihin l\u00e4mp\u00f6\u00e4, [&hellip;]","og_url":"https:\/\/uku.eu\/galerii\/maakivist-laudast-loodud-soe-kodu\/","og_site_name":"Uku.eu","article_publisher":"https:\/\/www.facebook.com\/Saviukumaja\/","article_modified_time":"2025-08-23T07:45:43+00:00","twitter_card":"summary_large_image","twitter_misc":{"Arvioitu lukuaika":"1 minuutti"},"schema":{"@context":"https:\/\/schema.org","@graph":[{"@type":"WebPage","@id":"https:\/\/uku.eu\/galerii\/maakivist-laudast-loodud-soe-kodu\/","url":"https:\/\/uku.eu\/galerii\/maakivist-laudast-loodud-soe-kodu\/","name":"UKU galleria","isPartOf":{"@id":"https:\/\/uku.eu\/#website"},"datePublished":"2022-12-02T11:12:04+00:00","dateModified":"2025-08-23T07:45:43+00:00","breadcrumb":{"@id":"https:\/\/uku.eu\/galerii\/maakivist-laudast-loodud-soe-kodu\/#breadcrumb"},"inLanguage":"fi","potentialAction":[{"@type":"ReadAction","target":["https:\/\/uku.eu\/galerii\/maakivist-laudast-loodud-soe-kodu\/"]}]},{"@type":"BreadcrumbList","@id":"https:\/\/uku.eu\/galerii\/maakivist-laudast-loodud-soe-kodu\/#breadcrumb","itemListElement":[{"@type":"ListItem","position":1,"name":"Home","item":"https:\/\/uku.eu\/"},{"@type":"ListItem","position":2,"name":"Galleria","item":"https:\/\/uku.eu\/galerii\/"},{"@type":"ListItem","position":3,"name":"Kivinavetasta luotu l\u00e4mmin koti"}]},{"@type":"WebSite","@id":"https:\/\/uku.eu\/#website","url":"https:\/\/uku.eu\/","name":"Krohvid ja v\u00e4rvid otse loodusest","description":"","publisher":{"@id":"https:\/\/uku.eu\/#organization"},"potentialAction":[{"@type":"SearchAction","target":{"@type":"EntryPoint","urlTemplate":"https:\/\/uku.eu\/?s={search_term_string}"},"query-input":{"@type":"PropertyValueSpecification","valueRequired":true,"valueName":"search_term_string"}}],"inLanguage":"fi"},{"@type":"Organization","@id":"https:\/\/uku.eu\/#organization","name":"Saviukumaja O\u00dc","url":"https:\/\/uku.eu\/","logo":{"@type":"ImageObject","inLanguage":"fi","@id":"https:\/\/uku.eu\/#\/schema\/logo\/image\/","url":"https:\/\/uku.eu\/wp-content\/uploads\/2021\/02\/cropped-UKU-Logo.jpg","contentUrl":"https:\/\/uku.eu\/wp-content\/uploads\/2021\/02\/cropped-UKU-Logo.jpg","width":512,"height":512,"caption":"Saviukumaja O\u00dc"},"image":{"@id":"https:\/\/uku.eu\/#\/schema\/logo\/image\/"},"sameAs":["https:\/\/www.facebook.com\/Saviukumaja\/","https:\/\/www.instagram.com\/saviukumaja\/","https:\/\/www.linkedin.com\/company\/saviukumaja","https:\/\/www.pinterest.com\/saviukumaja\/","https:\/\/www.youtube.com\/c\/UKUPureEarth"]}]}},"_links":{"self":[{"href":"https:\/\/uku.eu\/fi\/wp-json\/wp\/v2\/pages\/10480","targetHints":{"allow":["GET"]}}],"collection":[{"href":"https:\/\/uku.eu\/fi\/wp-json\/wp\/v2\/pages"}],"about":[{"href":"https:\/\/uku.eu\/fi\/wp-json\/wp\/v2\/types\/page"}],"author":[{"embeddable":true,"href":"https:\/\/uku.eu\/fi\/wp-json\/wp\/v2\/users\/1"}],"replies":[{"embeddable":true,"href":"https:\/\/uku.eu\/fi\/wp-json\/wp\/v2\/comments?post=10480"}],"version-history":[{"count":4,"href":"https:\/\/uku.eu\/fi\/wp-json\/wp\/v2\/pages\/10480\/revisions"}],"predecessor-version":[{"id":32275,"href":"https:\/\/uku.eu\/fi\/wp-json\/wp\/v2\/pages\/10480\/revisions\/32275"}],"up":[{"embeddable":true,"href":"https:\/\/uku.eu\/fi\/wp-json\/wp\/v2\/pages\/10325"}],"wp:attachment":[{"href":"https:\/\/uku.eu\/fi\/wp-json\/wp\/v2\/media?parent=10480"}],"curies":[{"name":"wp","href":"https:\/\/api.w.org\/{rel}","templated":true}]}}