{"id":10482,"date":"2023-06-16T10:01:59","date_gmt":"2023-06-16T08:01:59","guid":{"rendered":"https:\/\/uku.eu\/galleria\/ajan-kartano\/"},"modified":"2025-08-25T17:57:06","modified_gmt":"2025-08-25T15:57:06","slug":"ajan-kartano","status":"publish","type":"page","link":"https:\/\/uku.eu\/fi\/galleria\/ajan-kartano\/","title":{"rendered":"Ajan kartano"},"content":{"rendered":"\t\t<div data-elementor-type=\"wp-page\" data-elementor-id=\"10482\" class=\"elementor elementor-10482 elementor-6479\" data-elementor-post-type=\"page\">\n\t\t\t\t\t\t<section data-particle_enable=\"false\" data-particle-mobile-disabled=\"false\" class=\"elementor-section elementor-top-section elementor-element elementor-element-369f214 elementor-section-boxed elementor-section-height-default elementor-section-height-default\" data-id=\"369f214\" data-element_type=\"section\" data-e-type=\"section\">\n\t\t\t\t\t\t<div class=\"elementor-container elementor-column-gap-default\">\n\t\t\t\t\t<div class=\"elementor-column elementor-col-100 elementor-top-column elementor-element elementor-element-2cbef93\" data-id=\"2cbef93\" data-element_type=\"column\" data-e-type=\"column\">\n\t\t\t<div class=\"elementor-widget-wrap elementor-element-populated\">\n\t\t\t\t\t\t<div class=\"elementor-element elementor-element-295929a elementor-widget elementor-widget-spacer\" data-id=\"295929a\" data-element_type=\"widget\" data-e-type=\"widget\" data-widget_type=\"spacer.default\">\n\t\t\t\t<div class=\"elementor-widget-container\">\n\t\t\t\t\t\t\t<div class=\"elementor-spacer\">\n\t\t\t<div class=\"elementor-spacer-inner\"><\/div>\n\t\t<\/div>\n\t\t\t\t\t\t<\/div>\n\t\t\t\t<\/div>\n\t\t\t\t<div class=\"elementor-element elementor-element-67c546f elementor-widget elementor-widget-heading\" data-id=\"67c546f\" data-element_type=\"widget\" data-e-type=\"widget\" data-widget_type=\"heading.default\">\n\t\t\t\t<div class=\"elementor-widget-container\">\n\t\t\t\t\t<h2 class=\"elementor-heading-title elementor-size-default\">RENOVOITU AHJAN KARTANO: HISTORIALLINEN ILME RESTAUROITU UKU NHL KALKKILAASTILLA<\/h2>\t\t\t\t<\/div>\n\t\t\t\t<\/div>\n\t\t\t\t<div class=\"elementor-element elementor-element-ada731d elementor-widget elementor-widget-spacer\" data-id=\"ada731d\" data-element_type=\"widget\" data-e-type=\"widget\" data-widget_type=\"spacer.default\">\n\t\t\t\t<div class=\"elementor-widget-container\">\n\t\t\t\t\t\t\t<div class=\"elementor-spacer\">\n\t\t\t<div class=\"elementor-spacer-inner\"><\/div>\n\t\t<\/div>\n\t\t\t\t\t\t<\/div>\n\t\t\t\t<\/div>\n\t\t\t\t<div class=\"elementor-element elementor-element-cdde830 elementor-widget elementor-widget-text-editor\" data-id=\"cdde830\" data-element_type=\"widget\" data-e-type=\"widget\" data-widget_type=\"text-editor.default\">\n\t\t\t\t<div class=\"elementor-widget-container\">\n\t\t\t\t\t\t\t\t\t<p data-start=\"1542\" data-end=\"1900\">Renovoitu Ahjan kartano, joka on nyt viimeistelty UKU NHL kalkkilaastilla, tarjoaa vierailijoille mahdollisuuden nauttia restauroidusta historiallisesta ilmapiirist\u00e4 ja kauniista luonnosta, joka ymp\u00e4r\u00f6i kartanon puutarhaa. Historiallinen tunnelma on luotu korkealaatuisilla viimeistelyill\u00e4, jotka yhdist\u00e4v\u00e4t perinteisen eleganssin ja nykyaikaisen tarkkuuden.<\/p>\n<p><\/p>\n<p data-start=\"1902\" data-end=\"2164\">Tila on t\u00e4ydennetty huolellisesti valituilla luonnonmateriaaleilla, luoden l\u00e4mpim\u00e4n ja kutsuvan ymp\u00e4rist\u00f6n. Ahjan kartano on erinomainen esimerkki siit\u00e4, kuinka historiallinen perint\u00f6 voidaan s\u00e4ilytt\u00e4\u00e4, samalla tarjoten nykyaikaista mukavuutta ja esteettisyytt\u00e4.<\/p>\n<p><\/p>\n<p data-start=\"2166\" data-end=\"2220\"><strong data-start=\"2166\" data-end=\"2190\">Asentaja: <\/strong>Krohwin O\u00dc<br data-start=\"2190\" data-end=\"2193\" \/><strong data-start=\"2193\" data-end=\"2220\">Valokuvat: <\/strong>Terje Ugandi<\/p>\n\t\t\t\t\t\t\t\t<\/div>\n\t\t\t\t<\/div>\n\t\t\t\t<div class=\"elementor-element elementor-element-54733a3 elementor-widget elementor-widget-gallery\" data-id=\"54733a3\" data-element_type=\"widget\" data-e-type=\"widget\" data-settings=\"{&quot;lazyload&quot;:&quot;yes&quot;,&quot;gallery_layout&quot;:&quot;grid&quot;,&quot;columns&quot;:4,&quot;columns_tablet&quot;:2,&quot;columns_mobile&quot;:1,&quot;gap&quot;:{&quot;unit&quot;:&quot;px&quot;,&quot;size&quot;:10,&quot;sizes&quot;:[]},&quot;gap_tablet&quot;:{&quot;unit&quot;:&quot;px&quot;,&quot;size&quot;:10,&quot;sizes&quot;:[]},&quot;gap_mobile&quot;:{&quot;unit&quot;:&quot;px&quot;,&quot;size&quot;:10,&quot;sizes&quot;:[]},&quot;link_to&quot;:&quot;file&quot;,&quot;aspect_ratio&quot;:&quot;3:2&quot;,&quot;overlay_background&quot;:&quot;yes&quot;,&quot;content_hover_animation&quot;:&quot;fade-in&quot;}\" data-widget_type=\"gallery.default\">\n\t\t\t\t<div class=\"elementor-widget-container\">\n\t\t\t\t\t\t\t<div class=\"elementor-gallery__container\">\r\n\t\t\t\t\t\t\t<a class=\"e-gallery-item elementor-gallery-item elementor-animated-content\" href=\"https:\/\/uku.eu\/wp-content\/uploads\/2023\/06\/IMG_2490.jpg\" data-elementor-open-lightbox=\"yes\" data-elementor-lightbox-slideshow=\"54733a3\" data-e-action-hash=\"#elementor-action%3Aaction%3Dlightbox%26settings%3DeyJpZCI6Njg2MSwidXJsIjoiaHR0cHM6XC9cL3VrdS5ldVwvd3AtY29udGVudFwvdXBsb2Fkc1wvMjAyM1wvMDZcL0lNR18yNDkwLmpwZyIsInNsaWRlc2hvdyI6IjU0NzMzYTMifQ%3D%3D\">\r\n\t\t\t\t\t<div class=\"e-gallery-image elementor-gallery-item__image\" data-thumbnail=\"https:\/\/uku.eu\/wp-content\/uploads\/2023\/06\/IMG_2490.jpg\" data-width=\"1000\" data-height=\"667\" aria-label=\"\" role=\"img\" ><\/div>\r\n\t\t\t\t\t\t\t\t\t\t\t<div class=\"elementor-gallery-item__overlay\"><\/div>\r\n\t\t\t\t\t\t\t\t\t\t\t\t\t\t<\/a>\r\n\t\t\t\t\t\t\t<a class=\"e-gallery-item elementor-gallery-item elementor-animated-content\" href=\"https:\/\/uku.eu\/wp-content\/uploads\/2023\/06\/IMG_2491.jpg\" data-elementor-open-lightbox=\"yes\" data-elementor-lightbox-slideshow=\"54733a3\" data-e-action-hash=\"#elementor-action%3Aaction%3Dlightbox%26settings%3DeyJpZCI6Njg2MiwidXJsIjoiaHR0cHM6XC9cL3VrdS5ldVwvd3AtY29udGVudFwvdXBsb2Fkc1wvMjAyM1wvMDZcL0lNR18yNDkxLmpwZyIsInNsaWRlc2hvdyI6IjU0NzMzYTMifQ%3D%3D\">\r\n\t\t\t\t\t<div class=\"e-gallery-image elementor-gallery-item__image\" data-thumbnail=\"https:\/\/uku.eu\/wp-content\/uploads\/2023\/06\/IMG_2491.jpg\" data-width=\"1000\" data-height=\"667\" aria-label=\"\" role=\"img\" ><\/div>\r\n\t\t\t\t\t\t\t\t\t\t\t<div class=\"elementor-gallery-item__overlay\"><\/div>\r\n\t\t\t\t\t\t\t\t\t\t\t\t\t\t<\/a>\r\n\t\t\t\t\t\t\t<a class=\"e-gallery-item elementor-gallery-item elementor-animated-content\" href=\"https:\/\/uku.eu\/wp-content\/uploads\/2023\/06\/IMG_2495.jpg\" data-elementor-open-lightbox=\"yes\" data-elementor-lightbox-slideshow=\"54733a3\" data-e-action-hash=\"#elementor-action%3Aaction%3Dlightbox%26settings%3DeyJpZCI6Njg2NCwidXJsIjoiaHR0cHM6XC9cL3VrdS5ldVwvd3AtY29udGVudFwvdXBsb2Fkc1wvMjAyM1wvMDZcL0lNR18yNDk1LmpwZyIsInNsaWRlc2hvdyI6IjU0NzMzYTMifQ%3D%3D\">\r\n\t\t\t\t\t<div class=\"e-gallery-image elementor-gallery-item__image\" data-thumbnail=\"https:\/\/uku.eu\/wp-content\/uploads\/2023\/06\/IMG_2495.jpg\" data-width=\"1000\" data-height=\"667\" aria-label=\"\" role=\"img\" ><\/div>\r\n\t\t\t\t\t\t\t\t\t\t\t<div class=\"elementor-gallery-item__overlay\"><\/div>\r\n\t\t\t\t\t\t\t\t\t\t\t\t\t\t<\/a>\r\n\t\t\t\t\t\t\t<a class=\"e-gallery-item elementor-gallery-item elementor-animated-content\" href=\"https:\/\/uku.eu\/wp-content\/uploads\/2023\/06\/IMG_2502.jpg\" data-elementor-open-lightbox=\"yes\" data-elementor-lightbox-slideshow=\"54733a3\" data-e-action-hash=\"#elementor-action%3Aaction%3Dlightbox%26settings%3DeyJpZCI6Njg2NSwidXJsIjoiaHR0cHM6XC9cL3VrdS5ldVwvd3AtY29udGVudFwvdXBsb2Fkc1wvMjAyM1wvMDZcL0lNR18yNTAyLmpwZyIsInNsaWRlc2hvdyI6IjU0NzMzYTMifQ%3D%3D\">\r\n\t\t\t\t\t<div class=\"e-gallery-image elementor-gallery-item__image\" data-thumbnail=\"https:\/\/uku.eu\/wp-content\/uploads\/2023\/06\/IMG_2502.jpg\" data-width=\"1000\" data-height=\"667\" aria-label=\"\" role=\"img\" ><\/div>\r\n\t\t\t\t\t\t\t\t\t\t\t<div class=\"elementor-gallery-item__overlay\"><\/div>\r\n\t\t\t\t\t\t\t\t\t\t\t\t\t\t<\/a>\r\n\t\t\t\t\t\t\t<a class=\"e-gallery-item elementor-gallery-item elementor-animated-content\" href=\"https:\/\/uku.eu\/wp-content\/uploads\/2023\/06\/IMG_2504.jpg\" data-elementor-open-lightbox=\"yes\" data-elementor-lightbox-slideshow=\"54733a3\" data-e-action-hash=\"#elementor-action%3Aaction%3Dlightbox%26settings%3DeyJpZCI6Njg2NiwidXJsIjoiaHR0cHM6XC9cL3VrdS5ldVwvd3AtY29udGVudFwvdXBsb2Fkc1wvMjAyM1wvMDZcL0lNR18yNTA0LmpwZyIsInNsaWRlc2hvdyI6IjU0NzMzYTMifQ%3D%3D\">\r\n\t\t\t\t\t<div class=\"e-gallery-image elementor-gallery-item__image\" data-thumbnail=\"https:\/\/uku.eu\/wp-content\/uploads\/2023\/06\/IMG_2504.jpg\" data-width=\"1000\" data-height=\"667\" aria-label=\"\" role=\"img\" ><\/div>\r\n\t\t\t\t\t\t\t\t\t\t\t<div class=\"elementor-gallery-item__overlay\"><\/div>\r\n\t\t\t\t\t\t\t\t\t\t\t\t\t\t<\/a>\r\n\t\t\t\t\t\t\t<a class=\"e-gallery-item elementor-gallery-item elementor-animated-content\" href=\"https:\/\/uku.eu\/wp-content\/uploads\/2023\/06\/IMG_2509.jpg\" data-elementor-open-lightbox=\"yes\" data-elementor-lightbox-slideshow=\"54733a3\" data-e-action-hash=\"#elementor-action%3Aaction%3Dlightbox%26settings%3DeyJpZCI6Njg2NywidXJsIjoiaHR0cHM6XC9cL3VrdS5ldVwvd3AtY29udGVudFwvdXBsb2Fkc1wvMjAyM1wvMDZcL0lNR18yNTA5LmpwZyIsInNsaWRlc2hvdyI6IjU0NzMzYTMifQ%3D%3D\">\r\n\t\t\t\t\t<div class=\"e-gallery-image elementor-gallery-item__image\" data-thumbnail=\"https:\/\/uku.eu\/wp-content\/uploads\/2023\/06\/IMG_2509.jpg\" data-width=\"1000\" data-height=\"667\" aria-label=\"\" role=\"img\" ><\/div>\r\n\t\t\t\t\t\t\t\t\t\t\t<div class=\"elementor-gallery-item__overlay\"><\/div>\r\n\t\t\t\t\t\t\t\t\t\t\t\t\t\t<\/a>\r\n\t\t\t\t\t\t\t<a class=\"e-gallery-item elementor-gallery-item elementor-animated-content\" href=\"https:\/\/uku.eu\/wp-content\/uploads\/2023\/06\/IMG_2512.jpg\" data-elementor-open-lightbox=\"yes\" data-elementor-lightbox-slideshow=\"54733a3\" data-e-action-hash=\"#elementor-action%3Aaction%3Dlightbox%26settings%3DeyJpZCI6Njg2OCwidXJsIjoiaHR0cHM6XC9cL3VrdS5ldVwvd3AtY29udGVudFwvdXBsb2Fkc1wvMjAyM1wvMDZcL0lNR18yNTEyLmpwZyIsInNsaWRlc2hvdyI6IjU0NzMzYTMifQ%3D%3D\">\r\n\t\t\t\t\t<div class=\"e-gallery-image elementor-gallery-item__image\" data-thumbnail=\"https:\/\/uku.eu\/wp-content\/uploads\/2023\/06\/IMG_2512.jpg\" data-width=\"1000\" data-height=\"667\" aria-label=\"\" role=\"img\" ><\/div>\r\n\t\t\t\t\t\t\t\t\t\t\t<div class=\"elementor-gallery-item__overlay\"><\/div>\r\n\t\t\t\t\t\t\t\t\t\t\t\t\t\t<\/a>\r\n\t\t\t\t\t\t\t<a class=\"e-gallery-item elementor-gallery-item elementor-animated-content\" href=\"https:\/\/uku.eu\/wp-content\/uploads\/2023\/06\/IMG_2515.jpg\" data-elementor-open-lightbox=\"yes\" data-elementor-lightbox-slideshow=\"54733a3\" data-e-action-hash=\"#elementor-action%3Aaction%3Dlightbox%26settings%3DeyJpZCI6Njg2OSwidXJsIjoiaHR0cHM6XC9cL3VrdS5ldVwvd3AtY29udGVudFwvdXBsb2Fkc1wvMjAyM1wvMDZcL0lNR18yNTE1LmpwZyIsInNsaWRlc2hvdyI6IjU0NzMzYTMifQ%3D%3D\">\r\n\t\t\t\t\t<div class=\"e-gallery-image elementor-gallery-item__image\" data-thumbnail=\"https:\/\/uku.eu\/wp-content\/uploads\/2023\/06\/IMG_2515.jpg\" data-width=\"1000\" data-height=\"667\" aria-label=\"\" role=\"img\" ><\/div>\r\n\t\t\t\t\t\t\t\t\t\t\t<div class=\"elementor-gallery-item__overlay\"><\/div>\r\n\t\t\t\t\t\t\t\t\t\t\t\t\t\t<\/a>\r\n\t\t\t\t\t\t\t<a class=\"e-gallery-item elementor-gallery-item elementor-animated-content\" href=\"https:\/\/uku.eu\/wp-content\/uploads\/2023\/06\/IMG_4930.jpg\" data-elementor-open-lightbox=\"yes\" data-elementor-lightbox-slideshow=\"54733a3\" data-e-action-hash=\"#elementor-action%3Aaction%3Dlightbox%26settings%3DeyJpZCI6Njg3MSwidXJsIjoiaHR0cHM6XC9cL3VrdS5ldVwvd3AtY29udGVudFwvdXBsb2Fkc1wvMjAyM1wvMDZcL0lNR180OTMwLmpwZyIsInNsaWRlc2hvdyI6IjU0NzMzYTMifQ%3D%3D\">\r\n\t\t\t\t\t<div class=\"e-gallery-image elementor-gallery-item__image\" data-thumbnail=\"https:\/\/uku.eu\/wp-content\/uploads\/2023\/06\/IMG_4930.jpg\" data-width=\"1000\" data-height=\"667\" aria-label=\"\" role=\"img\" ><\/div>\r\n\t\t\t\t\t\t\t\t\t\t\t<div class=\"elementor-gallery-item__overlay\"><\/div>\r\n\t\t\t\t\t\t\t\t\t\t\t\t\t\t<\/a>\r\n\t\t\t\t\t\t\t<a class=\"e-gallery-item elementor-gallery-item elementor-animated-content\" href=\"https:\/\/uku.eu\/wp-content\/uploads\/2023\/06\/IMG_2521.jpg\" data-elementor-open-lightbox=\"yes\" data-elementor-lightbox-slideshow=\"54733a3\" data-e-action-hash=\"#elementor-action%3Aaction%3Dlightbox%26settings%3DeyJpZCI6Njg3MCwidXJsIjoiaHR0cHM6XC9cL3VrdS5ldVwvd3AtY29udGVudFwvdXBsb2Fkc1wvMjAyM1wvMDZcL0lNR18yNTIxLmpwZyIsInNsaWRlc2hvdyI6IjU0NzMzYTMifQ%3D%3D\">\r\n\t\t\t\t\t<div class=\"e-gallery-image elementor-gallery-item__image\" data-thumbnail=\"https:\/\/uku.eu\/wp-content\/uploads\/2023\/06\/IMG_2521.jpg\" data-width=\"1000\" data-height=\"667\" aria-label=\"\" role=\"img\" ><\/div>\r\n\t\t\t\t\t\t\t\t\t\t\t<div class=\"elementor-gallery-item__overlay\"><\/div>\r\n\t\t\t\t\t\t\t\t\t\t\t\t\t\t<\/a>\r\n\t\t\t\t\t<\/div>\r\n\t\t\t\t\t<\/div>\n\t\t\t\t<\/div>\n\t\t\t\t<div class=\"elementor-element elementor-element-eeef607 elementor-widget elementor-widget-spacer\" data-id=\"eeef607\" data-element_type=\"widget\" data-e-type=\"widget\" data-widget_type=\"spacer.default\">\n\t\t\t\t<div class=\"elementor-widget-container\">\n\t\t\t\t\t\t\t<div class=\"elementor-spacer\">\n\t\t\t<div class=\"elementor-spacer-inner\"><\/div>\n\t\t<\/div>\n\t\t\t\t\t\t<\/div>\n\t\t\t\t<\/div>\n\t\t\t\t\t<\/div>\n\t\t<\/div>\n\t\t\t\t\t<\/div>\n\t\t<\/section>\n\t\t<div data-particle_enable=\"false\" data-particle-mobile-disabled=\"false\" class=\"elementor-element elementor-element-66d21d2 e-grid e-con-boxed e-con e-parent\" data-id=\"66d21d2\" data-element_type=\"container\" data-e-type=\"container\">\n\t\t\t\t\t<div class=\"e-con-inner\">\n\t\t\t\t<div class=\"elementor-element elementor-element-426f0d1 elementor-align-center elementor-widget elementor-widget-button\" data-id=\"426f0d1\" data-element_type=\"widget\" data-e-type=\"widget\" data-widget_type=\"button.default\">\n\t\t\t\t<div class=\"elementor-widget-container\">\n\t\t\t\t\t\t\t\t\t<div class=\"elementor-button-wrapper\">\n\t\t\t\t\t<a class=\"elementor-button elementor-button-link elementor-size-sm\" href=\"https:\/\/uku.eu\/fi\/galleria\/vorun-kirkko\/\">\n\t\t\t\t\t\t<span class=\"elementor-button-content-wrapper\">\n\t\t\t\t\t\t\t\t\t<span class=\"elementor-button-text\">\u2190<\/span>\n\t\t\t\t\t<\/span>\n\t\t\t\t\t<\/a>\n\t\t\t\t<\/div>\n\t\t\t\t\t\t\t\t<\/div>\n\t\t\t\t<\/div>\n\t\t\t\t<div class=\"elementor-element elementor-element-eee4242 elementor-align-center elementor-mobile-align-center elementor-widget elementor-widget-button\" data-id=\"eee4242\" data-element_type=\"widget\" data-e-type=\"widget\" data-widget_type=\"button.default\">\n\t\t\t\t<div class=\"elementor-widget-container\">\n\t\t\t\t\t\t\t\t\t<div class=\"elementor-button-wrapper\">\n\t\t\t\t\t<a class=\"elementor-button elementor-button-link elementor-size-sm\" href=\"https:\/\/uku.eu\/fi\/rougen-marian-kirkko\/\">\n\t\t\t\t\t\t<span class=\"elementor-button-content-wrapper\">\n\t\t\t\t\t\t\t\t\t<span class=\"elementor-button-text\">\u2192<\/span>\n\t\t\t\t\t<\/span>\n\t\t\t\t\t<\/a>\n\t\t\t\t<\/div>\n\t\t\t\t\t\t\t\t<\/div>\n\t\t\t\t<\/div>\n\t\t\t\t\t<\/div>\n\t\t\t\t<\/div>\n\t\t\t\t<\/div>\n\t\t","protected":false},"excerpt":{"rendered":"<p>RENOVOITU AHJAN KARTANO: HISTORIALLINEN ILME RESTAUROITU UKU NHL KALKKILAASTILLA Renovoitu Ahjan kartano, joka on nyt viimeistelty UKU NHL kalkkilaastilla, tarjoaa vierailijoille mahdollisuuden nauttia restauroidusta historiallisesta ilmapiirist\u00e4 ja kauniista luonnosta, joka ymp\u00e4r\u00f6i kartanon puutarhaa. Historiallinen tunnelma on luotu korkealaatuisilla viimeistelyill\u00e4, jotka yhdist\u00e4v\u00e4t perinteisen eleganssin ja nykyaikaisen tarkkuuden. Tila on t\u00e4ydennetty huolellisesti valituilla luonnonmateriaaleilla, luoden l\u00e4mpim\u00e4n ja [&hellip;]<\/p>\n","protected":false},"author":1,"featured_media":0,"parent":10325,"menu_order":15,"comment_status":"closed","ping_status":"closed","template":"elementor_header_footer","meta":{"footnotes":""},"class_list":["post-10482","page","type-page","status-publish","hentry","entry"],"yoast_head":"<!-- This site is optimized with the Yoast SEO plugin v26.6 - https:\/\/yoast.com\/wordpress\/plugins\/seo\/ -->\n<title>UKU galleria<\/title>\n<meta name=\"robots\" content=\"index, follow, max-snippet:-1, max-image-preview:large, max-video-preview:-1\" \/>\n<link rel=\"canonical\" href=\"https:\/\/uku.eu\/galerii\/ahja-mois\/\" \/>\n<meta property=\"og:locale\" content=\"fi_FI\" \/>\n<meta property=\"og:type\" content=\"article\" \/>\n<meta property=\"og:title\" content=\"UKU galleria\" \/>\n<meta property=\"og:description\" content=\"RENOVOITU AHJAN KARTANO: HISTORIALLINEN ILME RESTAUROITU UKU NHL KALKKILAASTILLA Renovoitu Ahjan kartano, joka on nyt viimeistelty UKU NHL kalkkilaastilla, tarjoaa vierailijoille mahdollisuuden nauttia restauroidusta historiallisesta ilmapiirist\u00e4 ja kauniista luonnosta, joka ymp\u00e4r\u00f6i kartanon puutarhaa. Historiallinen tunnelma on luotu korkealaatuisilla viimeistelyill\u00e4, jotka yhdist\u00e4v\u00e4t perinteisen eleganssin ja nykyaikaisen tarkkuuden. Tila on t\u00e4ydennetty huolellisesti valituilla luonnonmateriaaleilla, luoden l\u00e4mpim\u00e4n ja [&hellip;]\" \/>\n<meta property=\"og:url\" content=\"https:\/\/uku.eu\/galerii\/ahja-mois\/\" \/>\n<meta property=\"og:site_name\" content=\"Uku.eu\" \/>\n<meta property=\"article:publisher\" content=\"https:\/\/www.facebook.com\/Saviukumaja\/\" \/>\n<meta property=\"article:modified_time\" content=\"2025-08-25T15:57:06+00:00\" \/>\n<meta name=\"twitter:card\" content=\"summary_large_image\" \/>\n<script type=\"application\/ld+json\" class=\"yoast-schema-graph\">{\"@context\":\"https:\/\/schema.org\",\"@graph\":[{\"@type\":\"WebPage\",\"@id\":\"https:\/\/uku.eu\/galerii\/ahja-mois\/\",\"url\":\"https:\/\/uku.eu\/galerii\/ahja-mois\/\",\"name\":\"UKU galleria\",\"isPartOf\":{\"@id\":\"https:\/\/uku.eu\/#website\"},\"datePublished\":\"2023-06-16T08:01:59+00:00\",\"dateModified\":\"2025-08-25T15:57:06+00:00\",\"breadcrumb\":{\"@id\":\"https:\/\/uku.eu\/galerii\/ahja-mois\/#breadcrumb\"},\"inLanguage\":\"fi\",\"potentialAction\":[{\"@type\":\"ReadAction\",\"target\":[\"https:\/\/uku.eu\/galerii\/ahja-mois\/\"]}]},{\"@type\":\"BreadcrumbList\",\"@id\":\"https:\/\/uku.eu\/galerii\/ahja-mois\/#breadcrumb\",\"itemListElement\":[{\"@type\":\"ListItem\",\"position\":1,\"name\":\"Home\",\"item\":\"https:\/\/uku.eu\/\"},{\"@type\":\"ListItem\",\"position\":2,\"name\":\"Galleria\",\"item\":\"https:\/\/uku.eu\/galerii\/\"},{\"@type\":\"ListItem\",\"position\":3,\"name\":\"Ajan kartano\"}]},{\"@type\":\"WebSite\",\"@id\":\"https:\/\/uku.eu\/#website\",\"url\":\"https:\/\/uku.eu\/\",\"name\":\"Krohvid ja v\u00e4rvid otse loodusest\",\"description\":\"\",\"publisher\":{\"@id\":\"https:\/\/uku.eu\/#organization\"},\"potentialAction\":[{\"@type\":\"SearchAction\",\"target\":{\"@type\":\"EntryPoint\",\"urlTemplate\":\"https:\/\/uku.eu\/?s={search_term_string}\"},\"query-input\":{\"@type\":\"PropertyValueSpecification\",\"valueRequired\":true,\"valueName\":\"search_term_string\"}}],\"inLanguage\":\"fi\"},{\"@type\":\"Organization\",\"@id\":\"https:\/\/uku.eu\/#organization\",\"name\":\"Saviukumaja O\u00dc\",\"url\":\"https:\/\/uku.eu\/\",\"logo\":{\"@type\":\"ImageObject\",\"inLanguage\":\"fi\",\"@id\":\"https:\/\/uku.eu\/#\/schema\/logo\/image\/\",\"url\":\"https:\/\/uku.eu\/wp-content\/uploads\/2021\/02\/cropped-UKU-Logo.jpg\",\"contentUrl\":\"https:\/\/uku.eu\/wp-content\/uploads\/2021\/02\/cropped-UKU-Logo.jpg\",\"width\":512,\"height\":512,\"caption\":\"Saviukumaja O\u00dc\"},\"image\":{\"@id\":\"https:\/\/uku.eu\/#\/schema\/logo\/image\/\"},\"sameAs\":[\"https:\/\/www.facebook.com\/Saviukumaja\/\",\"https:\/\/www.instagram.com\/saviukumaja\/\",\"https:\/\/www.linkedin.com\/company\/saviukumaja\",\"https:\/\/www.pinterest.com\/saviukumaja\/\",\"https:\/\/www.youtube.com\/c\/UKUPureEarth\"]}]}<\/script>\n<!-- \/ Yoast SEO plugin. -->","yoast_head_json":{"title":"UKU galleria","robots":{"index":"index","follow":"follow","max-snippet":"max-snippet:-1","max-image-preview":"max-image-preview:large","max-video-preview":"max-video-preview:-1"},"canonical":"https:\/\/uku.eu\/galerii\/ahja-mois\/","og_locale":"fi_FI","og_type":"article","og_title":"UKU galleria","og_description":"RENOVOITU AHJAN KARTANO: HISTORIALLINEN ILME RESTAUROITU UKU NHL KALKKILAASTILLA Renovoitu Ahjan kartano, joka on nyt viimeistelty UKU NHL kalkkilaastilla, tarjoaa vierailijoille mahdollisuuden nauttia restauroidusta historiallisesta ilmapiirist\u00e4 ja kauniista luonnosta, joka ymp\u00e4r\u00f6i kartanon puutarhaa. Historiallinen tunnelma on luotu korkealaatuisilla viimeistelyill\u00e4, jotka yhdist\u00e4v\u00e4t perinteisen eleganssin ja nykyaikaisen tarkkuuden. Tila on t\u00e4ydennetty huolellisesti valituilla luonnonmateriaaleilla, luoden l\u00e4mpim\u00e4n ja [&hellip;]","og_url":"https:\/\/uku.eu\/galerii\/ahja-mois\/","og_site_name":"Uku.eu","article_publisher":"https:\/\/www.facebook.com\/Saviukumaja\/","article_modified_time":"2025-08-25T15:57:06+00:00","twitter_card":"summary_large_image","schema":{"@context":"https:\/\/schema.org","@graph":[{"@type":"WebPage","@id":"https:\/\/uku.eu\/galerii\/ahja-mois\/","url":"https:\/\/uku.eu\/galerii\/ahja-mois\/","name":"UKU galleria","isPartOf":{"@id":"https:\/\/uku.eu\/#website"},"datePublished":"2023-06-16T08:01:59+00:00","dateModified":"2025-08-25T15:57:06+00:00","breadcrumb":{"@id":"https:\/\/uku.eu\/galerii\/ahja-mois\/#breadcrumb"},"inLanguage":"fi","potentialAction":[{"@type":"ReadAction","target":["https:\/\/uku.eu\/galerii\/ahja-mois\/"]}]},{"@type":"BreadcrumbList","@id":"https:\/\/uku.eu\/galerii\/ahja-mois\/#breadcrumb","itemListElement":[{"@type":"ListItem","position":1,"name":"Home","item":"https:\/\/uku.eu\/"},{"@type":"ListItem","position":2,"name":"Galleria","item":"https:\/\/uku.eu\/galerii\/"},{"@type":"ListItem","position":3,"name":"Ajan kartano"}]},{"@type":"WebSite","@id":"https:\/\/uku.eu\/#website","url":"https:\/\/uku.eu\/","name":"Krohvid ja v\u00e4rvid otse loodusest","description":"","publisher":{"@id":"https:\/\/uku.eu\/#organization"},"potentialAction":[{"@type":"SearchAction","target":{"@type":"EntryPoint","urlTemplate":"https:\/\/uku.eu\/?s={search_term_string}"},"query-input":{"@type":"PropertyValueSpecification","valueRequired":true,"valueName":"search_term_string"}}],"inLanguage":"fi"},{"@type":"Organization","@id":"https:\/\/uku.eu\/#organization","name":"Saviukumaja O\u00dc","url":"https:\/\/uku.eu\/","logo":{"@type":"ImageObject","inLanguage":"fi","@id":"https:\/\/uku.eu\/#\/schema\/logo\/image\/","url":"https:\/\/uku.eu\/wp-content\/uploads\/2021\/02\/cropped-UKU-Logo.jpg","contentUrl":"https:\/\/uku.eu\/wp-content\/uploads\/2021\/02\/cropped-UKU-Logo.jpg","width":512,"height":512,"caption":"Saviukumaja O\u00dc"},"image":{"@id":"https:\/\/uku.eu\/#\/schema\/logo\/image\/"},"sameAs":["https:\/\/www.facebook.com\/Saviukumaja\/","https:\/\/www.instagram.com\/saviukumaja\/","https:\/\/www.linkedin.com\/company\/saviukumaja","https:\/\/www.pinterest.com\/saviukumaja\/","https:\/\/www.youtube.com\/c\/UKUPureEarth"]}]}},"_links":{"self":[{"href":"https:\/\/uku.eu\/fi\/wp-json\/wp\/v2\/pages\/10482","targetHints":{"allow":["GET"]}}],"collection":[{"href":"https:\/\/uku.eu\/fi\/wp-json\/wp\/v2\/pages"}],"about":[{"href":"https:\/\/uku.eu\/fi\/wp-json\/wp\/v2\/types\/page"}],"author":[{"embeddable":true,"href":"https:\/\/uku.eu\/fi\/wp-json\/wp\/v2\/users\/1"}],"replies":[{"embeddable":true,"href":"https:\/\/uku.eu\/fi\/wp-json\/wp\/v2\/comments?post=10482"}],"version-history":[{"count":3,"href":"https:\/\/uku.eu\/fi\/wp-json\/wp\/v2\/pages\/10482\/revisions"}],"predecessor-version":[{"id":32483,"href":"https:\/\/uku.eu\/fi\/wp-json\/wp\/v2\/pages\/10482\/revisions\/32483"}],"up":[{"embeddable":true,"href":"https:\/\/uku.eu\/fi\/wp-json\/wp\/v2\/pages\/10325"}],"wp:attachment":[{"href":"https:\/\/uku.eu\/fi\/wp-json\/wp\/v2\/media?parent=10482"}],"curies":[{"name":"wp","href":"https:\/\/api.w.org\/{rel}","templated":true}]}}