{"id":10796,"date":"2021-04-22T09:55:00","date_gmt":"2021-04-22T07:55:00","guid":{"rendered":"https:\/\/uku.eu\/ruokomatto\/"},"modified":"2024-12-15T13:53:55","modified_gmt":"2024-12-15T11:53:55","slug":"ruokomatto","status":"publish","type":"page","link":"https:\/\/uku.eu\/fi\/ruokotuotteet\/ruokomatto\/","title":{"rendered":"PILLIRUOKOLEVY"},"content":{"rendered":"\t\t<div data-elementor-type=\"wp-page\" data-elementor-id=\"10796\" class=\"elementor elementor-10796 elementor-1631\" data-elementor-post-type=\"page\">\n\t\t\t\t\t\t<section data-particle_enable=\"false\" data-particle-mobile-disabled=\"false\" class=\"elementor-section elementor-top-section elementor-element elementor-element-13b53f2 elementor-reverse-mobile elementor-section-boxed elementor-section-height-default elementor-section-height-default\" data-id=\"13b53f2\" data-element_type=\"section\" data-e-type=\"section\">\n\t\t\t\t\t\t\t<div class=\"elementor-background-overlay\"><\/div>\n\t\t\t\t\t\t\t<div class=\"elementor-container elementor-column-gap-wider\">\n\t\t\t\t\t<div class=\"elementor-column elementor-col-50 elementor-top-column elementor-element elementor-element-79f24c7\" data-id=\"79f24c7\" data-element_type=\"column\" data-e-type=\"column\">\n\t\t\t<div class=\"elementor-widget-wrap elementor-element-populated\">\n\t\t\t\t\t\t<div class=\"elementor-element elementor-element-a9fd198 elementor-widget elementor-widget-heading\" data-id=\"a9fd198\" data-element_type=\"widget\" data-e-type=\"widget\" data-widget_type=\"heading.default\">\n\t\t\t\t<div class=\"elementor-widget-container\">\n\t\t\t\t\t<h2 class=\"elementor-heading-title elementor-size-default\"><b>UKU <\/b>PILLIRUOKOLEVY<\/h2>\t\t\t\t<\/div>\n\t\t\t\t<\/div>\n\t\t\t\t<div class=\"elementor-element elementor-element-6526e76 elementor-widget elementor-widget-text-editor\" data-id=\"6526e76\" data-element_type=\"widget\" data-e-type=\"widget\" data-widget_type=\"text-editor.default\">\n\t\t\t\t<div class=\"elementor-widget-container\">\n\t\t\t\t\t\t\t\t\t<p>UKU pilliruokolevyt ovat luonnonl\u00e4heinen ja kest\u00e4v\u00e4 rakennusmateriaali, joka valmistetaan korkealaatuisesta V\u00f5rtsj\u00e4rven pilliruohosta.<\/p>\n<p>Ne ovat erinomainen esimerkki paikallisten raaka-aineiden ja perinteisen k\u00e4sity\u00f6taidon yhdist\u00e4misest\u00e4. Pilliruokolevyt valmistetaan huolellisesti leikatuista parhaista V\u00f5rtsj\u00e4rven pilliruokokorsista, jotka sidotaan k\u00e4sity\u00f6n\u00e4 kest\u00e4v\u00e4ll\u00e4 metallilangalla.<\/p>\n<p>Pilliruoho, nopeasti kasvava ja uusiutuva kasvi, edist\u00e4\u00e4 sadonkorjuulla kosteikkojen monimuotoisuuden s\u00e4ilytt\u00e4mist\u00e4, ymp\u00e4rist\u00f6n tasapainottamista ja vesist\u00f6jen puhdistamista maatalouskemikaaleista.<\/p>\n\t\t\t\t\t\t\t\t<\/div>\n\t\t\t\t<\/div>\n\t\t\t\t\t<\/div>\n\t\t<\/div>\n\t\t\t\t<div class=\"elementor-column elementor-col-50 elementor-top-column elementor-element elementor-element-6911274\" data-id=\"6911274\" data-element_type=\"column\" data-e-type=\"column\">\n\t\t\t<div class=\"elementor-widget-wrap elementor-element-populated\">\n\t\t\t\t\t\t<div class=\"elementor-element elementor-element-9ea9ab2 elementor-widget elementor-widget-image\" data-id=\"9ea9ab2\" data-element_type=\"widget\" data-e-type=\"widget\" data-widget_type=\"image.default\">\n\t\t\t\t<div class=\"elementor-widget-container\">\n\t\t\t\t\t\t\t\t\t\t\t\t<figure class=\"wp-caption\">\n\t\t\t\t\t\t\t\t\t\t<img fetchpriority=\"high\" decoding=\"async\" width=\"2560\" height=\"1440\" src=\"https:\/\/uku.eu\/wp-content\/uploads\/2024\/12\/IMG_3799-scaled.jpg\" class=\"attachment-full size-full wp-image-22254\" alt=\"\" srcset=\"https:\/\/uku.eu\/wp-content\/uploads\/2024\/12\/IMG_3799-scaled.jpg 2560w, https:\/\/uku.eu\/wp-content\/uploads\/2024\/12\/IMG_3799-300x169.jpg 300w, https:\/\/uku.eu\/wp-content\/uploads\/2024\/12\/IMG_3799-1024x576.jpg 1024w, https:\/\/uku.eu\/wp-content\/uploads\/2024\/12\/IMG_3799-768x432.jpg 768w, https:\/\/uku.eu\/wp-content\/uploads\/2024\/12\/IMG_3799-1536x864.jpg 1536w, https:\/\/uku.eu\/wp-content\/uploads\/2024\/12\/IMG_3799-2048x1152.jpg 2048w, https:\/\/uku.eu\/wp-content\/uploads\/2024\/12\/IMG_3799-800x450.jpg 800w\" sizes=\"(max-width: 2560px) 100vw, 2560px\" \/>\t\t\t\t\t\t\t\t\t\t\t<figcaption class=\"widget-image-caption wp-caption-text\">Ruokojen leikkuu V\u00f5rtsj\u00e4rvell\u00e4.<\/figcaption>\n\t\t\t\t\t\t\t\t\t\t<\/figure>\n\t\t\t\t\t\t\t\t\t<\/div>\n\t\t\t\t<\/div>\n\t\t\t\t\t<\/div>\n\t\t<\/div>\n\t\t\t\t\t<\/div>\n\t\t<\/section>\n\t\t\t\t<section data-particle_enable=\"false\" data-particle-mobile-disabled=\"false\" class=\"elementor-section elementor-top-section elementor-element elementor-element-6946b95 elementor-section-boxed elementor-section-height-default elementor-section-height-default\" data-id=\"6946b95\" data-element_type=\"section\" data-e-type=\"section\">\n\t\t\t\t\t\t\t<div class=\"elementor-background-overlay\"><\/div>\n\t\t\t\t\t\t\t<div class=\"elementor-container elementor-column-gap-wider\">\n\t\t\t\t\t<div class=\"elementor-column elementor-col-50 elementor-top-column elementor-element elementor-element-9f461b2\" data-id=\"9f461b2\" data-element_type=\"column\" data-e-type=\"column\">\n\t\t\t<div class=\"elementor-widget-wrap elementor-element-populated\">\n\t\t\t\t\t\t<div class=\"elementor-element elementor-element-3f713d9 elementor-widget elementor-widget-image\" data-id=\"3f713d9\" data-element_type=\"widget\" data-e-type=\"widget\" data-widget_type=\"image.default\">\n\t\t\t\t<div class=\"elementor-widget-container\">\n\t\t\t\t\t\t\t\t\t\t\t\t<figure class=\"wp-caption\">\n\t\t\t\t\t\t\t\t\t\t<img decoding=\"async\" width=\"1112\" height=\"792\" src=\"https:\/\/uku.eu\/wp-content\/uploads\/2024\/12\/0c7ccffa-e22e-4820-b102-2cc0495a4da1-1.png\" class=\"attachment-full size-full wp-image-22180\" alt=\"\" srcset=\"https:\/\/uku.eu\/wp-content\/uploads\/2024\/12\/0c7ccffa-e22e-4820-b102-2cc0495a4da1-1.png 1112w, https:\/\/uku.eu\/wp-content\/uploads\/2024\/12\/0c7ccffa-e22e-4820-b102-2cc0495a4da1-1-300x214.png 300w, https:\/\/uku.eu\/wp-content\/uploads\/2024\/12\/0c7ccffa-e22e-4820-b102-2cc0495a4da1-1-1024x729.png 1024w, https:\/\/uku.eu\/wp-content\/uploads\/2024\/12\/0c7ccffa-e22e-4820-b102-2cc0495a4da1-1-768x547.png 768w\" sizes=\"(max-width: 1112px) 100vw, 1112px\" \/>\t\t\t\t\t\t\t\t\t\t\t<figcaption class=\"widget-image-caption wp-caption-text\">Ruokolevyihin on asennettu savi-hamppurappaus, juuttiverkko, rustiikkinen savipinnoiterappaus ja koristeellinen savirappaus pellavakuidulla.<\/figcaption>\n\t\t\t\t\t\t\t\t\t\t<\/figure>\n\t\t\t\t\t\t\t\t\t<\/div>\n\t\t\t\t<\/div>\n\t\t\t\t\t<\/div>\n\t\t<\/div>\n\t\t\t\t<div class=\"elementor-column elementor-col-50 elementor-top-column elementor-element elementor-element-eefde09\" data-id=\"eefde09\" data-element_type=\"column\" data-e-type=\"column\">\n\t\t\t<div class=\"elementor-widget-wrap elementor-element-populated\">\n\t\t\t\t\t\t<div class=\"elementor-element elementor-element-0a1d47b elementor-widget elementor-widget-text-editor\" data-id=\"0a1d47b\" data-element_type=\"widget\" data-e-type=\"widget\" data-widget_type=\"text-editor.default\">\n\t\t\t\t<div class=\"elementor-widget-container\">\n\t\t\t\t\t\t\t\t\t<h4>K\u00c4YTT\u00d6KOHTEET:<\/h4>\n<p>1-Rappausalustalevyt: Ihanteellinen pohjakerros luonnon rappauksille, tarjoten vakaan ja kest\u00e4v\u00e4n perustan.<\/p>\n<p>2-Koristelevyt: Tyylik\u00e4s ja k\u00e4yt\u00e4nn\u00f6llinen valinta sisustukseen sek\u00e4 puutarha- ja katosrakennelmiin.<\/p>\n<p>UKU pilliruokolevyt yhdist\u00e4v\u00e4t estetiikan ja toimivuuden tukien samalla ymp\u00e4rist\u00f6yst\u00e4v\u00e4llisi\u00e4 rakennusratkaisuja.<\/p>\n\t\t\t\t\t\t\t\t<\/div>\n\t\t\t\t<\/div>\n\t\t\t\t\t<\/div>\n\t\t<\/div>\n\t\t\t\t\t<\/div>\n\t\t<\/section>\n\t\t\t\t<section data-particle_enable=\"false\" data-particle-mobile-disabled=\"false\" class=\"elementor-section elementor-top-section elementor-element elementor-element-f38ce87 elementor-reverse-mobile elementor-section-boxed elementor-section-height-default elementor-section-height-default\" data-id=\"f38ce87\" data-element_type=\"section\" data-e-type=\"section\">\n\t\t\t\t\t\t\t<div class=\"elementor-background-overlay\"><\/div>\n\t\t\t\t\t\t\t<div class=\"elementor-container elementor-column-gap-wider\">\n\t\t\t\t\t<div class=\"elementor-column elementor-col-50 elementor-top-column elementor-element elementor-element-6429d99\" data-id=\"6429d99\" data-element_type=\"column\" data-e-type=\"column\">\n\t\t\t<div class=\"elementor-widget-wrap elementor-element-populated\">\n\t\t\t\t\t\t<div class=\"elementor-element elementor-element-8bbde83 elementor-widget elementor-widget-heading\" data-id=\"8bbde83\" data-element_type=\"widget\" data-e-type=\"widget\" data-widget_type=\"heading.default\">\n\t\t\t\t<div class=\"elementor-widget-container\">\n\t\t\t\t\t<h2 class=\"elementor-heading-title elementor-size-default\">MITAT:<\/h2>\t\t\t\t<\/div>\n\t\t\t\t<\/div>\n\t\t\t\t<div class=\"elementor-element elementor-element-55b7956 elementor-widget elementor-widget-text-editor\" data-id=\"55b7956\" data-element_type=\"widget\" data-e-type=\"widget\" data-widget_type=\"text-editor.default\">\n\t\t\t\t<div class=\"elementor-widget-container\">\n\t\t\t\t\t\t\t\t\t<ul>\n<li class=\"comment_message--commentUnorderedListItem--16BZF\"><span class=\"comment_message--boldStyle--DfQEh\">Paksuus 2,5 cm:<\/span><span class=\"\"> 1,5 m\u00b2\/levy (0,75 m leveys x 2 m pituus).<\/span><\/li>\n<li class=\"comment_message--commentUnorderedListItem--16BZF\"><span class=\"comment_message--boldStyle--DfQEh\">Paksuus 5 cm:<\/span><span class=\"\"> 1,5 m\u00b2\/levy (0,75 m x 2 m).<\/span><\/li>\n<\/ul>\n<p><span class=\"comment_message--boldStyle--DfQEh\">Huom:<\/span><span class=\"\"> Valmistamme erikoistilauksesta levyj\u00e4, joiden leveys on enint\u00e4\u00e4n 150 cm ja pituus projektin vaatimusten mukainen!<\/span><\/p>\n\t\t\t\t\t\t\t\t<\/div>\n\t\t\t\t<\/div>\n\t\t\t\t\t<\/div>\n\t\t<\/div>\n\t\t\t\t<div class=\"elementor-column elementor-col-50 elementor-top-column elementor-element elementor-element-3d3b264\" data-id=\"3d3b264\" data-element_type=\"column\" data-e-type=\"column\">\n\t\t\t<div class=\"elementor-widget-wrap elementor-element-populated\">\n\t\t\t\t\t\t<div class=\"elementor-element elementor-element-b943a9a elementor-widget elementor-widget-image\" data-id=\"b943a9a\" data-element_type=\"widget\" data-e-type=\"widget\" data-widget_type=\"image.default\">\n\t\t\t\t<div class=\"elementor-widget-container\">\n\t\t\t\t\t\t\t\t\t\t\t\t<figure class=\"wp-caption\">\n\t\t\t\t\t\t\t\t\t\t<img decoding=\"async\" width=\"1117\" height=\"792\" src=\"https:\/\/uku.eu\/wp-content\/uploads\/2024\/12\/IMG_3857-1-e1734261363287.png\" class=\"attachment-full size-full wp-image-22177\" alt=\"\" \/>\t\t\t\t\t\t\t\t\t\t\t<figcaption class=\"widget-image-caption wp-caption-text\"> Ruokolevyjen johdotus.<\/figcaption>\n\t\t\t\t\t\t\t\t\t\t<\/figure>\n\t\t\t\t\t\t\t\t\t<\/div>\n\t\t\t\t<\/div>\n\t\t\t\t\t<\/div>\n\t\t<\/div>\n\t\t\t\t\t<\/div>\n\t\t<\/section>\n\t\t\t\t<\/div>\n\t\t","protected":false},"excerpt":{"rendered":"<p>UKU PILLIRUOKOLEVY UKU pilliruokolevyt ovat luonnonl\u00e4heinen ja kest\u00e4v\u00e4 rakennusmateriaali, joka valmistetaan korkealaatuisesta V\u00f5rtsj\u00e4rven pilliruohosta. Ne ovat erinomainen esimerkki paikallisten raaka-aineiden ja perinteisen k\u00e4sity\u00f6taidon yhdist\u00e4misest\u00e4. Pilliruokolevyt valmistetaan huolellisesti leikatuista parhaista V\u00f5rtsj\u00e4rven pilliruokokorsista, jotka sidotaan k\u00e4sity\u00f6n\u00e4 kest\u00e4v\u00e4ll\u00e4 metallilangalla. Pilliruoho, nopeasti kasvava ja uusiutuva kasvi, edist\u00e4\u00e4 sadonkorjuulla kosteikkojen monimuotoisuuden s\u00e4ilytt\u00e4mist\u00e4, ymp\u00e4rist\u00f6n tasapainottamista ja vesist\u00f6jen puhdistamista maatalouskemikaaleista. Ruokojen leikkuu [&hellip;]<\/p>\n","protected":false},"author":1,"featured_media":0,"parent":10802,"menu_order":0,"comment_status":"closed","ping_status":"closed","template":"elementor_header_footer","meta":{"footnotes":""},"class_list":["post-10796","page","type-page","status-publish","hentry","entry"],"yoast_head":"<!-- This site is optimized with the Yoast SEO plugin v26.6 - https:\/\/yoast.com\/wordpress\/plugins\/seo\/ -->\n<title>PILLIRUOKOLEVY<\/title>\n<meta name=\"robots\" content=\"index, follow, max-snippet:-1, max-image-preview:large, max-video-preview:-1\" \/>\n<link rel=\"canonical\" href=\"https:\/\/uku.eu\/fi\/ruokotuotteet\/ruokomatto\/\" \/>\n<meta property=\"og:locale\" content=\"fi_FI\" \/>\n<meta property=\"og:type\" content=\"article\" \/>\n<meta property=\"og:title\" content=\"PILLIRUOKOLEVY\" \/>\n<meta property=\"og:description\" content=\"UKU PILLIRUOKOLEVY UKU pilliruokolevyt ovat luonnonl\u00e4heinen ja kest\u00e4v\u00e4 rakennusmateriaali, joka valmistetaan korkealaatuisesta V\u00f5rtsj\u00e4rven pilliruohosta. Ne ovat erinomainen esimerkki paikallisten raaka-aineiden ja perinteisen k\u00e4sity\u00f6taidon yhdist\u00e4misest\u00e4. Pilliruokolevyt valmistetaan huolellisesti leikatuista parhaista V\u00f5rtsj\u00e4rven pilliruokokorsista, jotka sidotaan k\u00e4sity\u00f6n\u00e4 kest\u00e4v\u00e4ll\u00e4 metallilangalla. Pilliruoho, nopeasti kasvava ja uusiutuva kasvi, edist\u00e4\u00e4 sadonkorjuulla kosteikkojen monimuotoisuuden s\u00e4ilytt\u00e4mist\u00e4, ymp\u00e4rist\u00f6n tasapainottamista ja vesist\u00f6jen puhdistamista maatalouskemikaaleista. Ruokojen leikkuu [&hellip;]\" \/>\n<meta property=\"og:url\" content=\"https:\/\/uku.eu\/fi\/ruokotuotteet\/ruokomatto\/\" \/>\n<meta property=\"og:site_name\" content=\"Uku.eu\" \/>\n<meta property=\"article:publisher\" content=\"https:\/\/www.facebook.com\/Saviukumaja\/\" \/>\n<meta property=\"article:modified_time\" content=\"2024-12-15T11:53:55+00:00\" \/>\n<meta property=\"og:image\" content=\"https:\/\/uku.eu\/wp-content\/uploads\/2024\/12\/IMG_3799-scaled.jpg\" \/>\n\t<meta property=\"og:image:width\" content=\"2560\" \/>\n\t<meta property=\"og:image:height\" content=\"1440\" \/>\n\t<meta property=\"og:image:type\" content=\"image\/jpeg\" \/>\n<meta name=\"twitter:card\" content=\"summary_large_image\" \/>\n<meta name=\"twitter:label1\" content=\"Arvioitu lukuaika\" \/>\n\t<meta name=\"twitter:data1\" content=\"2 minuuttia\" \/>\n<script type=\"application\/ld+json\" class=\"yoast-schema-graph\">{\"@context\":\"https:\/\/schema.org\",\"@graph\":[{\"@type\":\"WebPage\",\"@id\":\"https:\/\/uku.eu\/fi\/ruokotuotteet\/ruokomatto\/\",\"url\":\"https:\/\/uku.eu\/fi\/ruokotuotteet\/ruokomatto\/\",\"name\":\"PILLIRUOKOLEVY\",\"isPartOf\":{\"@id\":\"https:\/\/uku.eu\/#website\"},\"primaryImageOfPage\":{\"@id\":\"https:\/\/uku.eu\/fi\/ruokotuotteet\/ruokomatto\/#primaryimage\"},\"image\":{\"@id\":\"https:\/\/uku.eu\/fi\/ruokotuotteet\/ruokomatto\/#primaryimage\"},\"thumbnailUrl\":\"https:\/\/uku.eu\/wp-content\/uploads\/2024\/12\/IMG_3799-scaled.jpg\",\"datePublished\":\"2021-04-22T07:55:00+00:00\",\"dateModified\":\"2024-12-15T11:53:55+00:00\",\"breadcrumb\":{\"@id\":\"https:\/\/uku.eu\/fi\/ruokotuotteet\/ruokomatto\/#breadcrumb\"},\"inLanguage\":\"fi\",\"potentialAction\":[{\"@type\":\"ReadAction\",\"target\":[\"https:\/\/uku.eu\/fi\/ruokotuotteet\/ruokomatto\/\"]}]},{\"@type\":\"ImageObject\",\"inLanguage\":\"fi\",\"@id\":\"https:\/\/uku.eu\/fi\/ruokotuotteet\/ruokomatto\/#primaryimage\",\"url\":\"https:\/\/uku.eu\/wp-content\/uploads\/2024\/12\/IMG_3799-scaled.jpg\",\"contentUrl\":\"https:\/\/uku.eu\/wp-content\/uploads\/2024\/12\/IMG_3799-scaled.jpg\"},{\"@type\":\"BreadcrumbList\",\"@id\":\"https:\/\/uku.eu\/fi\/ruokotuotteet\/ruokomatto\/#breadcrumb\",\"itemListElement\":[{\"@type\":\"ListItem\",\"position\":1,\"name\":\"Home\",\"item\":\"https:\/\/uku.eu\/\"},{\"@type\":\"ListItem\",\"position\":2,\"name\":\"Ruokotuotteet\",\"item\":\"https:\/\/uku.eu\/fi\/ruokotuotteet\/\"},{\"@type\":\"ListItem\",\"position\":3,\"name\":\"PILLIRUOKOLEVY\"}]},{\"@type\":\"WebSite\",\"@id\":\"https:\/\/uku.eu\/#website\",\"url\":\"https:\/\/uku.eu\/\",\"name\":\"Krohvid ja v\u00e4rvid otse loodusest\",\"description\":\"\",\"publisher\":{\"@id\":\"https:\/\/uku.eu\/#organization\"},\"potentialAction\":[{\"@type\":\"SearchAction\",\"target\":{\"@type\":\"EntryPoint\",\"urlTemplate\":\"https:\/\/uku.eu\/?s={search_term_string}\"},\"query-input\":{\"@type\":\"PropertyValueSpecification\",\"valueRequired\":true,\"valueName\":\"search_term_string\"}}],\"inLanguage\":\"fi\"},{\"@type\":\"Organization\",\"@id\":\"https:\/\/uku.eu\/#organization\",\"name\":\"Saviukumaja O\u00dc\",\"url\":\"https:\/\/uku.eu\/\",\"logo\":{\"@type\":\"ImageObject\",\"inLanguage\":\"fi\",\"@id\":\"https:\/\/uku.eu\/#\/schema\/logo\/image\/\",\"url\":\"https:\/\/uku.eu\/wp-content\/uploads\/2021\/02\/cropped-UKU-Logo.jpg\",\"contentUrl\":\"https:\/\/uku.eu\/wp-content\/uploads\/2021\/02\/cropped-UKU-Logo.jpg\",\"width\":512,\"height\":512,\"caption\":\"Saviukumaja O\u00dc\"},\"image\":{\"@id\":\"https:\/\/uku.eu\/#\/schema\/logo\/image\/\"},\"sameAs\":[\"https:\/\/www.facebook.com\/Saviukumaja\/\",\"https:\/\/www.instagram.com\/saviukumaja\/\",\"https:\/\/www.linkedin.com\/company\/saviukumaja\",\"https:\/\/www.pinterest.com\/saviukumaja\/\",\"https:\/\/www.youtube.com\/c\/UKUPureEarth\"]}]}<\/script>\n<!-- \/ Yoast SEO plugin. -->","yoast_head_json":{"title":"PILLIRUOKOLEVY","robots":{"index":"index","follow":"follow","max-snippet":"max-snippet:-1","max-image-preview":"max-image-preview:large","max-video-preview":"max-video-preview:-1"},"canonical":"https:\/\/uku.eu\/fi\/ruokotuotteet\/ruokomatto\/","og_locale":"fi_FI","og_type":"article","og_title":"PILLIRUOKOLEVY","og_description":"UKU PILLIRUOKOLEVY UKU pilliruokolevyt ovat luonnonl\u00e4heinen ja kest\u00e4v\u00e4 rakennusmateriaali, joka valmistetaan korkealaatuisesta V\u00f5rtsj\u00e4rven pilliruohosta. Ne ovat erinomainen esimerkki paikallisten raaka-aineiden ja perinteisen k\u00e4sity\u00f6taidon yhdist\u00e4misest\u00e4. Pilliruokolevyt valmistetaan huolellisesti leikatuista parhaista V\u00f5rtsj\u00e4rven pilliruokokorsista, jotka sidotaan k\u00e4sity\u00f6n\u00e4 kest\u00e4v\u00e4ll\u00e4 metallilangalla. Pilliruoho, nopeasti kasvava ja uusiutuva kasvi, edist\u00e4\u00e4 sadonkorjuulla kosteikkojen monimuotoisuuden s\u00e4ilytt\u00e4mist\u00e4, ymp\u00e4rist\u00f6n tasapainottamista ja vesist\u00f6jen puhdistamista maatalouskemikaaleista. Ruokojen leikkuu [&hellip;]","og_url":"https:\/\/uku.eu\/fi\/ruokotuotteet\/ruokomatto\/","og_site_name":"Uku.eu","article_publisher":"https:\/\/www.facebook.com\/Saviukumaja\/","article_modified_time":"2024-12-15T11:53:55+00:00","og_image":[{"width":2560,"height":1440,"url":"https:\/\/uku.eu\/wp-content\/uploads\/2024\/12\/IMG_3799-scaled.jpg","type":"image\/jpeg"}],"twitter_card":"summary_large_image","twitter_misc":{"Arvioitu lukuaika":"2 minuuttia"},"schema":{"@context":"https:\/\/schema.org","@graph":[{"@type":"WebPage","@id":"https:\/\/uku.eu\/fi\/ruokotuotteet\/ruokomatto\/","url":"https:\/\/uku.eu\/fi\/ruokotuotteet\/ruokomatto\/","name":"PILLIRUOKOLEVY","isPartOf":{"@id":"https:\/\/uku.eu\/#website"},"primaryImageOfPage":{"@id":"https:\/\/uku.eu\/fi\/ruokotuotteet\/ruokomatto\/#primaryimage"},"image":{"@id":"https:\/\/uku.eu\/fi\/ruokotuotteet\/ruokomatto\/#primaryimage"},"thumbnailUrl":"https:\/\/uku.eu\/wp-content\/uploads\/2024\/12\/IMG_3799-scaled.jpg","datePublished":"2021-04-22T07:55:00+00:00","dateModified":"2024-12-15T11:53:55+00:00","breadcrumb":{"@id":"https:\/\/uku.eu\/fi\/ruokotuotteet\/ruokomatto\/#breadcrumb"},"inLanguage":"fi","potentialAction":[{"@type":"ReadAction","target":["https:\/\/uku.eu\/fi\/ruokotuotteet\/ruokomatto\/"]}]},{"@type":"ImageObject","inLanguage":"fi","@id":"https:\/\/uku.eu\/fi\/ruokotuotteet\/ruokomatto\/#primaryimage","url":"https:\/\/uku.eu\/wp-content\/uploads\/2024\/12\/IMG_3799-scaled.jpg","contentUrl":"https:\/\/uku.eu\/wp-content\/uploads\/2024\/12\/IMG_3799-scaled.jpg"},{"@type":"BreadcrumbList","@id":"https:\/\/uku.eu\/fi\/ruokotuotteet\/ruokomatto\/#breadcrumb","itemListElement":[{"@type":"ListItem","position":1,"name":"Home","item":"https:\/\/uku.eu\/"},{"@type":"ListItem","position":2,"name":"Ruokotuotteet","item":"https:\/\/uku.eu\/fi\/ruokotuotteet\/"},{"@type":"ListItem","position":3,"name":"PILLIRUOKOLEVY"}]},{"@type":"WebSite","@id":"https:\/\/uku.eu\/#website","url":"https:\/\/uku.eu\/","name":"Krohvid ja v\u00e4rvid otse loodusest","description":"","publisher":{"@id":"https:\/\/uku.eu\/#organization"},"potentialAction":[{"@type":"SearchAction","target":{"@type":"EntryPoint","urlTemplate":"https:\/\/uku.eu\/?s={search_term_string}"},"query-input":{"@type":"PropertyValueSpecification","valueRequired":true,"valueName":"search_term_string"}}],"inLanguage":"fi"},{"@type":"Organization","@id":"https:\/\/uku.eu\/#organization","name":"Saviukumaja O\u00dc","url":"https:\/\/uku.eu\/","logo":{"@type":"ImageObject","inLanguage":"fi","@id":"https:\/\/uku.eu\/#\/schema\/logo\/image\/","url":"https:\/\/uku.eu\/wp-content\/uploads\/2021\/02\/cropped-UKU-Logo.jpg","contentUrl":"https:\/\/uku.eu\/wp-content\/uploads\/2021\/02\/cropped-UKU-Logo.jpg","width":512,"height":512,"caption":"Saviukumaja O\u00dc"},"image":{"@id":"https:\/\/uku.eu\/#\/schema\/logo\/image\/"},"sameAs":["https:\/\/www.facebook.com\/Saviukumaja\/","https:\/\/www.instagram.com\/saviukumaja\/","https:\/\/www.linkedin.com\/company\/saviukumaja","https:\/\/www.pinterest.com\/saviukumaja\/","https:\/\/www.youtube.com\/c\/UKUPureEarth"]}]}},"_links":{"self":[{"href":"https:\/\/uku.eu\/fi\/wp-json\/wp\/v2\/pages\/10796","targetHints":{"allow":["GET"]}}],"collection":[{"href":"https:\/\/uku.eu\/fi\/wp-json\/wp\/v2\/pages"}],"about":[{"href":"https:\/\/uku.eu\/fi\/wp-json\/wp\/v2\/types\/page"}],"author":[{"embeddable":true,"href":"https:\/\/uku.eu\/fi\/wp-json\/wp\/v2\/users\/1"}],"replies":[{"embeddable":true,"href":"https:\/\/uku.eu\/fi\/wp-json\/wp\/v2\/comments?post=10796"}],"version-history":[{"count":0,"href":"https:\/\/uku.eu\/fi\/wp-json\/wp\/v2\/pages\/10796\/revisions"}],"up":[{"embeddable":true,"href":"https:\/\/uku.eu\/fi\/wp-json\/wp\/v2\/pages\/10802"}],"wp:attachment":[{"href":"https:\/\/uku.eu\/fi\/wp-json\/wp\/v2\/media?parent=10796"}],"curies":[{"name":"wp","href":"https:\/\/api.w.org\/{rel}","templated":true}]}}