{"id":10798,"date":"2021-04-22T09:54:13","date_gmt":"2021-04-22T07:54:13","guid":{"rendered":"https:\/\/uku.eu\/kipsi-matto\/"},"modified":"2024-12-17T10:25:22","modified_gmt":"2024-12-17T08:25:22","slug":"harva-pilliruokomatto","status":"publish","type":"page","link":"https:\/\/uku.eu\/fi\/ruokotuotteet\/harva-pilliruokomatto\/","title":{"rendered":"HARVA PILLIRUOKOMATTO"},"content":{"rendered":"\t\t<div data-elementor-type=\"wp-page\" data-elementor-id=\"10798\" class=\"elementor elementor-10798 elementor-1629\" data-elementor-post-type=\"page\">\n\t\t\t\t\t\t<section data-particle_enable=\"false\" data-particle-mobile-disabled=\"false\" class=\"elementor-section elementor-top-section elementor-element elementor-element-27c8bac elementor-reverse-mobile elementor-section-boxed elementor-section-height-default elementor-section-height-default\" data-id=\"27c8bac\" data-element_type=\"section\" data-e-type=\"section\">\n\t\t\t\t\t\t\t<div class=\"elementor-background-overlay\"><\/div>\n\t\t\t\t\t\t\t<div class=\"elementor-container elementor-column-gap-wider\">\n\t\t\t\t\t<div class=\"elementor-column elementor-col-50 elementor-top-column elementor-element elementor-element-adc5cdf\" data-id=\"adc5cdf\" data-element_type=\"column\" data-e-type=\"column\">\n\t\t\t<div class=\"elementor-widget-wrap elementor-element-populated\">\n\t\t\t\t\t\t<div class=\"elementor-element elementor-element-362ec17 elementor-widget elementor-widget-heading\" data-id=\"362ec17\" data-element_type=\"widget\" data-e-type=\"widget\" data-widget_type=\"heading.default\">\n\t\t\t\t<div class=\"elementor-widget-container\">\n\t\t\t\t\t<h2 class=\"elementor-heading-title elementor-size-default\">HARVA PILLIRUOKOMATTO<\/h2>\t\t\t\t<\/div>\n\t\t\t\t<\/div>\n\t\t\t\t<div class=\"elementor-element elementor-element-517c059 elementor-widget elementor-widget-text-editor\" data-id=\"517c059\" data-element_type=\"widget\" data-e-type=\"widget\" data-widget_type=\"text-editor.default\">\n\t\t\t\t<div class=\"elementor-widget-container\">\n\t\t\t\t\t\t\t\t\tHarva pilliruokomatto on luonnollinen ja k\u00e4yt\u00e4nn\u00f6llinen rappausalusta sek\u00e4 savi- ett\u00e4 kalkkirappaukselle. Pilliruohon varret on aseteltu harvaan ja ommeltu rinnakkain kest\u00e4v\u00e4ll\u00e4 ja ruostumattomalla metallilangalla.\r\n\r\nAvoimen rakenteensa ansiosta matto on ihanteellinen rappausalusta, sill\u00e4 savi tarttuu erinomaisesti pilliruohon ymp\u00e4rille, tarjoten vahvan ja vakaan pohjan. Matto on kest\u00e4v\u00e4 ja helppo kiinnitt\u00e4\u00e4 niiteill\u00e4 runkoon, mik\u00e4 tekee asennuksesta nopeaa ja vaivatonta.\t\t\t\t\t\t\t\t<\/div>\n\t\t\t\t<\/div>\n\t\t\t\t\t<\/div>\n\t\t<\/div>\n\t\t\t\t<div class=\"elementor-column elementor-col-50 elementor-top-column elementor-element elementor-element-5d17547\" data-id=\"5d17547\" data-element_type=\"column\" data-e-type=\"column\">\n\t\t\t<div class=\"elementor-widget-wrap elementor-element-populated\">\n\t\t\t\t\t\t<div class=\"elementor-element elementor-element-27256a5 elementor-widget elementor-widget-image\" data-id=\"27256a5\" data-element_type=\"widget\" data-e-type=\"widget\" data-widget_type=\"image.default\">\n\t\t\t\t<div class=\"elementor-widget-container\">\n\t\t\t\t\t\t\t\t\t\t\t\t<figure class=\"wp-caption\">\n\t\t\t\t\t\t\t\t\t\t<img fetchpriority=\"high\" decoding=\"async\" width=\"1154\" height=\"826\" src=\"https:\/\/uku.eu\/wp-content\/uploads\/2024\/12\/DSC09299-1.png\" class=\"attachment-full size-full wp-image-22222\" alt=\"\" srcset=\"https:\/\/uku.eu\/wp-content\/uploads\/2024\/12\/DSC09299-1.png 1154w, https:\/\/uku.eu\/wp-content\/uploads\/2024\/12\/DSC09299-1-300x215.png 300w, https:\/\/uku.eu\/wp-content\/uploads\/2024\/12\/DSC09299-1-1024x733.png 1024w, https:\/\/uku.eu\/wp-content\/uploads\/2024\/12\/DSC09299-1-768x550.png 768w\" sizes=\"(max-width: 1154px) 100vw, 1154px\" \/>\t\t\t\t\t\t\t\t\t\t\t<figcaption class=\"widget-image-caption wp-caption-text\">Harva ruokomatto niitattu puurunkoon.<\/figcaption>\n\t\t\t\t\t\t\t\t\t\t<\/figure>\n\t\t\t\t\t\t\t\t\t<\/div>\n\t\t\t\t<\/div>\n\t\t\t\t\t<\/div>\n\t\t<\/div>\n\t\t\t\t\t<\/div>\n\t\t<\/section>\n\t\t\t\t<section data-particle_enable=\"false\" data-particle-mobile-disabled=\"false\" class=\"elementor-section elementor-top-section elementor-element elementor-element-329e667 elementor-section-boxed elementor-section-height-default elementor-section-height-default\" data-id=\"329e667\" data-element_type=\"section\" data-e-type=\"section\">\n\t\t\t\t\t\t\t<div class=\"elementor-background-overlay\"><\/div>\n\t\t\t\t\t\t\t<div class=\"elementor-container elementor-column-gap-wider\">\n\t\t\t\t\t<div class=\"elementor-column elementor-col-50 elementor-top-column elementor-element elementor-element-dee8773\" data-id=\"dee8773\" data-element_type=\"column\" data-e-type=\"column\">\n\t\t\t<div class=\"elementor-widget-wrap elementor-element-populated\">\n\t\t\t\t\t\t<div class=\"elementor-element elementor-element-4c58434 elementor-widget elementor-widget-image\" data-id=\"4c58434\" data-element_type=\"widget\" data-e-type=\"widget\" data-widget_type=\"image.default\">\n\t\t\t\t<div class=\"elementor-widget-container\">\n\t\t\t\t\t\t\t\t\t\t\t\t<figure class=\"wp-caption\">\n\t\t\t\t\t\t\t\t\t\t<img decoding=\"async\" width=\"1126\" height=\"792\" src=\"https:\/\/uku.eu\/wp-content\/uploads\/2024\/12\/Pilliroomatil-savikrohv-1.png\" class=\"attachment-full size-full wp-image-22225\" alt=\"\" srcset=\"https:\/\/uku.eu\/wp-content\/uploads\/2024\/12\/Pilliroomatil-savikrohv-1.png 1126w, https:\/\/uku.eu\/wp-content\/uploads\/2024\/12\/Pilliroomatil-savikrohv-1-300x211.png 300w, https:\/\/uku.eu\/wp-content\/uploads\/2024\/12\/Pilliroomatil-savikrohv-1-1024x720.png 1024w, https:\/\/uku.eu\/wp-content\/uploads\/2024\/12\/Pilliroomatil-savikrohv-1-768x540.png 768w\" sizes=\"(max-width: 1126px) 100vw, 1126px\" \/>\t\t\t\t\t\t\t\t\t\t\t<figcaption class=\"widget-image-caption wp-caption-text\">Harva ruokomatto niitattu puurunkoon, p\u00e4\u00e4lle levitetty savi-hamppurappaus ja juuttiverkko, jonka j\u00e4lkeen viimeistelykerrokset.<\/figcaption>\n\t\t\t\t\t\t\t\t\t\t<\/figure>\n\t\t\t\t\t\t\t\t\t<\/div>\n\t\t\t\t<\/div>\n\t\t\t\t\t<\/div>\n\t\t<\/div>\n\t\t\t\t<div class=\"elementor-column elementor-col-50 elementor-top-column elementor-element elementor-element-b5a0584\" data-id=\"b5a0584\" data-element_type=\"column\" data-e-type=\"column\">\n\t\t\t<div class=\"elementor-widget-wrap elementor-element-populated\">\n\t\t\t\t\t\t<div class=\"elementor-element elementor-element-61a24aa elementor-widget elementor-widget-text-editor\" data-id=\"61a24aa\" data-element_type=\"widget\" data-e-type=\"widget\" data-widget_type=\"text-editor.default\">\n\t\t\t\t<div class=\"elementor-widget-container\">\n\t\t\t\t\t\t\t\t\t<h4>K\u00c4YTT\u00d6:<\/h4>\n<ul>\n<li class=\"comment_message--commentUnorderedListItem--16BZF\"><span class=\"\">Asennettavissa seinille ja katoille, my\u00f6s ulkoseinille.<\/span><\/li>\n<li class=\"comment_message--commentUnorderedListItem--16BZF\"><span class=\"\">Sopii sek\u00e4 tasaisille ett\u00e4 ep\u00e4tasaisille massiiviseinille, veistettyjen hirsiseinien, laudoitetun runkosein\u00e4n ja puisten rakennuslevyjen p\u00e4\u00e4lle.<\/span><\/li>\n<li class=\"comment_message--commentUnorderedListItem--16BZF\"><span class=\"\">Mattoliitosten kohdalla pilliruokon p\u00e4\u00e4t on asetettava limitt\u00e4in.<\/span><\/li>\n<\/ul>\n\t\t\t\t\t\t\t\t<\/div>\n\t\t\t\t<\/div>\n\t\t\t\t\t<\/div>\n\t\t<\/div>\n\t\t\t\t\t<\/div>\n\t\t<\/section>\n\t\t\t\t<section data-particle_enable=\"false\" data-particle-mobile-disabled=\"false\" class=\"elementor-section elementor-top-section elementor-element elementor-element-3a973bf elementor-reverse-mobile elementor-section-boxed elementor-section-height-default elementor-section-height-default\" data-id=\"3a973bf\" data-element_type=\"section\" data-e-type=\"section\">\n\t\t\t\t\t\t\t<div class=\"elementor-background-overlay\"><\/div>\n\t\t\t\t\t\t\t<div class=\"elementor-container elementor-column-gap-wider\">\n\t\t\t\t\t<div class=\"elementor-column elementor-col-50 elementor-top-column elementor-element elementor-element-608a64f\" data-id=\"608a64f\" data-element_type=\"column\" data-e-type=\"column\">\n\t\t\t<div class=\"elementor-widget-wrap elementor-element-populated\">\n\t\t\t\t\t\t<div class=\"elementor-element elementor-element-e7d0617 elementor-widget elementor-widget-text-editor\" data-id=\"e7d0617\" data-element_type=\"widget\" data-e-type=\"widget\" data-widget_type=\"text-editor.default\">\n\t\t\t\t<div class=\"elementor-widget-container\">\n\t\t\t\t\t\t\t\t\t<p>Harva pilliruokomatto tarjoaa luonnollisen mutta kest\u00e4v\u00e4n rappausalustan ja sopii erinomaisesti sek\u00e4 perinteisiin ett\u00e4 moderneihin rakennusratkaisuihin.<\/p>\n<p>MITAT:<\/p>\n<p>10 m\u00b2\/rulla (1,6 x 6,25 m)<\/p>\n\t\t\t\t\t\t\t\t<\/div>\n\t\t\t\t<\/div>\n\t\t\t\t\t<\/div>\n\t\t<\/div>\n\t\t\t\t<div class=\"elementor-column elementor-col-50 elementor-top-column elementor-element elementor-element-2b2277e\" data-id=\"2b2277e\" data-element_type=\"column\" data-e-type=\"column\">\n\t\t\t<div class=\"elementor-widget-wrap elementor-element-populated\">\n\t\t\t\t\t\t<div class=\"elementor-element elementor-element-11e117b elementor-widget elementor-widget-image\" data-id=\"11e117b\" data-element_type=\"widget\" data-e-type=\"widget\" data-widget_type=\"image.default\">\n\t\t\t\t<div class=\"elementor-widget-container\">\n\t\t\t\t\t\t\t\t\t\t\t\t<figure class=\"wp-caption\">\n\t\t\t\t\t\t\t\t\t\t<img decoding=\"async\" width=\"1138\" height=\"792\" src=\"https:\/\/uku.eu\/wp-content\/uploads\/2024\/12\/DSC03861-1.png\" class=\"attachment-full size-full wp-image-22034\" alt=\"\" srcset=\"https:\/\/uku.eu\/wp-content\/uploads\/2024\/12\/DSC03861-1.png 1138w, https:\/\/uku.eu\/wp-content\/uploads\/2024\/12\/DSC03861-1-300x209.png 300w, https:\/\/uku.eu\/wp-content\/uploads\/2024\/12\/DSC03861-1-1024x713.png 1024w, https:\/\/uku.eu\/wp-content\/uploads\/2024\/12\/DSC03861-1-768x534.png 768w\" sizes=\"(max-width: 1138px) 100vw, 1138px\" \/>\t\t\t\t\t\t\t\t\t\t\t<figcaption class=\"widget-image-caption wp-caption-text\">Harva ruokomatto on pakattu rulliin, mik\u00e4 tekee siit\u00e4 helposti kuljetettavan ja asennettavan.<\/figcaption>\n\t\t\t\t\t\t\t\t\t\t<\/figure>\n\t\t\t\t\t\t\t\t\t<\/div>\n\t\t\t\t<\/div>\n\t\t\t\t\t<\/div>\n\t\t<\/div>\n\t\t\t\t\t<\/div>\n\t\t<\/section>\n\t\t\t\t<\/div>\n\t\t","protected":false},"excerpt":{"rendered":"<p>HARVA PILLIRUOKOMATTO Harva pilliruokomatto on luonnollinen ja k\u00e4yt\u00e4nn\u00f6llinen rappausalusta sek\u00e4 savi- ett\u00e4 kalkkirappaukselle. Pilliruohon varret on aseteltu harvaan ja ommeltu rinnakkain kest\u00e4v\u00e4ll\u00e4 ja ruostumattomalla metallilangalla. Avoimen rakenteensa ansiosta matto on ihanteellinen rappausalusta, sill\u00e4 savi tarttuu erinomaisesti pilliruohon ymp\u00e4rille, tarjoten vahvan ja vakaan pohjan. Matto on kest\u00e4v\u00e4 ja helppo kiinnitt\u00e4\u00e4 niiteill\u00e4 runkoon, mik\u00e4 tekee asennuksesta nopeaa [&hellip;]<\/p>\n","protected":false},"author":1,"featured_media":0,"parent":10802,"menu_order":0,"comment_status":"closed","ping_status":"closed","template":"elementor_header_footer","meta":{"footnotes":""},"class_list":["post-10798","page","type-page","status-publish","hentry","entry"],"yoast_head":"<!-- This site is optimized with the Yoast SEO plugin v26.6 - https:\/\/yoast.com\/wordpress\/plugins\/seo\/ -->\n<title>HARVA PILLIRUOKOMATTO - HARVA PILLIRUOKOMATTO<\/title>\n<meta name=\"robots\" content=\"index, follow, max-snippet:-1, max-image-preview:large, max-video-preview:-1\" \/>\n<link rel=\"canonical\" href=\"https:\/\/uku.eu\/fi\/ruokotuotteet\/harva-pilliruokomatto\/\" \/>\n<meta property=\"og:locale\" content=\"fi_FI\" \/>\n<meta property=\"og:type\" content=\"article\" \/>\n<meta property=\"og:title\" content=\"HARVA PILLIRUOKOMATTO - HARVA PILLIRUOKOMATTO\" \/>\n<meta property=\"og:description\" content=\"HARVA PILLIRUOKOMATTO Harva pilliruokomatto on luonnollinen ja k\u00e4yt\u00e4nn\u00f6llinen rappausalusta sek\u00e4 savi- ett\u00e4 kalkkirappaukselle. Pilliruohon varret on aseteltu harvaan ja ommeltu rinnakkain kest\u00e4v\u00e4ll\u00e4 ja ruostumattomalla metallilangalla. Avoimen rakenteensa ansiosta matto on ihanteellinen rappausalusta, sill\u00e4 savi tarttuu erinomaisesti pilliruohon ymp\u00e4rille, tarjoten vahvan ja vakaan pohjan. Matto on kest\u00e4v\u00e4 ja helppo kiinnitt\u00e4\u00e4 niiteill\u00e4 runkoon, mik\u00e4 tekee asennuksesta nopeaa [&hellip;]\" \/>\n<meta property=\"og:url\" content=\"https:\/\/uku.eu\/fi\/ruokotuotteet\/harva-pilliruokomatto\/\" \/>\n<meta property=\"og:site_name\" content=\"Uku.eu\" \/>\n<meta property=\"article:publisher\" content=\"https:\/\/www.facebook.com\/Saviukumaja\/\" \/>\n<meta property=\"article:modified_time\" content=\"2024-12-17T08:25:22+00:00\" \/>\n<meta property=\"og:image\" content=\"https:\/\/uku.eu\/wp-content\/uploads\/2024\/12\/DSC09299-1.png\" \/>\n\t<meta property=\"og:image:width\" content=\"1154\" \/>\n\t<meta property=\"og:image:height\" content=\"826\" \/>\n\t<meta property=\"og:image:type\" content=\"image\/png\" \/>\n<meta name=\"twitter:card\" content=\"summary_large_image\" \/>\n<meta name=\"twitter:label1\" content=\"Arvioitu lukuaika\" \/>\n\t<meta name=\"twitter:data1\" content=\"2 minuuttia\" \/>\n<script type=\"application\/ld+json\" class=\"yoast-schema-graph\">{\"@context\":\"https:\/\/schema.org\",\"@graph\":[{\"@type\":\"WebPage\",\"@id\":\"https:\/\/uku.eu\/fi\/ruokotuotteet\/harva-pilliruokomatto\/\",\"url\":\"https:\/\/uku.eu\/fi\/ruokotuotteet\/harva-pilliruokomatto\/\",\"name\":\"HARVA PILLIRUOKOMATTO - HARVA PILLIRUOKOMATTO\",\"isPartOf\":{\"@id\":\"https:\/\/uku.eu\/#website\"},\"primaryImageOfPage\":{\"@id\":\"https:\/\/uku.eu\/fi\/ruokotuotteet\/harva-pilliruokomatto\/#primaryimage\"},\"image\":{\"@id\":\"https:\/\/uku.eu\/fi\/ruokotuotteet\/harva-pilliruokomatto\/#primaryimage\"},\"thumbnailUrl\":\"https:\/\/uku.eu\/wp-content\/uploads\/2024\/12\/DSC09299-1.png\",\"datePublished\":\"2021-04-22T07:54:13+00:00\",\"dateModified\":\"2024-12-17T08:25:22+00:00\",\"breadcrumb\":{\"@id\":\"https:\/\/uku.eu\/fi\/ruokotuotteet\/harva-pilliruokomatto\/#breadcrumb\"},\"inLanguage\":\"fi\",\"potentialAction\":[{\"@type\":\"ReadAction\",\"target\":[\"https:\/\/uku.eu\/fi\/ruokotuotteet\/harva-pilliruokomatto\/\"]}]},{\"@type\":\"ImageObject\",\"inLanguage\":\"fi\",\"@id\":\"https:\/\/uku.eu\/fi\/ruokotuotteet\/harva-pilliruokomatto\/#primaryimage\",\"url\":\"https:\/\/uku.eu\/wp-content\/uploads\/2024\/12\/DSC09299-1.png\",\"contentUrl\":\"https:\/\/uku.eu\/wp-content\/uploads\/2024\/12\/DSC09299-1.png\"},{\"@type\":\"BreadcrumbList\",\"@id\":\"https:\/\/uku.eu\/fi\/ruokotuotteet\/harva-pilliruokomatto\/#breadcrumb\",\"itemListElement\":[{\"@type\":\"ListItem\",\"position\":1,\"name\":\"Home\",\"item\":\"https:\/\/uku.eu\/\"},{\"@type\":\"ListItem\",\"position\":2,\"name\":\"Ruokotuotteet\",\"item\":\"https:\/\/uku.eu\/fi\/ruokotuotteet\/\"},{\"@type\":\"ListItem\",\"position\":3,\"name\":\"HARVA PILLIRUOKOMATTO\"}]},{\"@type\":\"WebSite\",\"@id\":\"https:\/\/uku.eu\/#website\",\"url\":\"https:\/\/uku.eu\/\",\"name\":\"Krohvid ja v\u00e4rvid otse loodusest\",\"description\":\"\",\"publisher\":{\"@id\":\"https:\/\/uku.eu\/#organization\"},\"potentialAction\":[{\"@type\":\"SearchAction\",\"target\":{\"@type\":\"EntryPoint\",\"urlTemplate\":\"https:\/\/uku.eu\/?s={search_term_string}\"},\"query-input\":{\"@type\":\"PropertyValueSpecification\",\"valueRequired\":true,\"valueName\":\"search_term_string\"}}],\"inLanguage\":\"fi\"},{\"@type\":\"Organization\",\"@id\":\"https:\/\/uku.eu\/#organization\",\"name\":\"Saviukumaja O\u00dc\",\"url\":\"https:\/\/uku.eu\/\",\"logo\":{\"@type\":\"ImageObject\",\"inLanguage\":\"fi\",\"@id\":\"https:\/\/uku.eu\/#\/schema\/logo\/image\/\",\"url\":\"https:\/\/uku.eu\/wp-content\/uploads\/2021\/02\/cropped-UKU-Logo.jpg\",\"contentUrl\":\"https:\/\/uku.eu\/wp-content\/uploads\/2021\/02\/cropped-UKU-Logo.jpg\",\"width\":512,\"height\":512,\"caption\":\"Saviukumaja O\u00dc\"},\"image\":{\"@id\":\"https:\/\/uku.eu\/#\/schema\/logo\/image\/\"},\"sameAs\":[\"https:\/\/www.facebook.com\/Saviukumaja\/\",\"https:\/\/www.instagram.com\/saviukumaja\/\",\"https:\/\/www.linkedin.com\/company\/saviukumaja\",\"https:\/\/www.pinterest.com\/saviukumaja\/\",\"https:\/\/www.youtube.com\/c\/UKUPureEarth\"]}]}<\/script>\n<!-- \/ Yoast SEO plugin. -->","yoast_head_json":{"title":"HARVA PILLIRUOKOMATTO - HARVA PILLIRUOKOMATTO","robots":{"index":"index","follow":"follow","max-snippet":"max-snippet:-1","max-image-preview":"max-image-preview:large","max-video-preview":"max-video-preview:-1"},"canonical":"https:\/\/uku.eu\/fi\/ruokotuotteet\/harva-pilliruokomatto\/","og_locale":"fi_FI","og_type":"article","og_title":"HARVA PILLIRUOKOMATTO - HARVA PILLIRUOKOMATTO","og_description":"HARVA PILLIRUOKOMATTO Harva pilliruokomatto on luonnollinen ja k\u00e4yt\u00e4nn\u00f6llinen rappausalusta sek\u00e4 savi- ett\u00e4 kalkkirappaukselle. Pilliruohon varret on aseteltu harvaan ja ommeltu rinnakkain kest\u00e4v\u00e4ll\u00e4 ja ruostumattomalla metallilangalla. Avoimen rakenteensa ansiosta matto on ihanteellinen rappausalusta, sill\u00e4 savi tarttuu erinomaisesti pilliruohon ymp\u00e4rille, tarjoten vahvan ja vakaan pohjan. Matto on kest\u00e4v\u00e4 ja helppo kiinnitt\u00e4\u00e4 niiteill\u00e4 runkoon, mik\u00e4 tekee asennuksesta nopeaa [&hellip;]","og_url":"https:\/\/uku.eu\/fi\/ruokotuotteet\/harva-pilliruokomatto\/","og_site_name":"Uku.eu","article_publisher":"https:\/\/www.facebook.com\/Saviukumaja\/","article_modified_time":"2024-12-17T08:25:22+00:00","og_image":[{"width":1154,"height":826,"url":"https:\/\/uku.eu\/wp-content\/uploads\/2024\/12\/DSC09299-1.png","type":"image\/png"}],"twitter_card":"summary_large_image","twitter_misc":{"Arvioitu lukuaika":"2 minuuttia"},"schema":{"@context":"https:\/\/schema.org","@graph":[{"@type":"WebPage","@id":"https:\/\/uku.eu\/fi\/ruokotuotteet\/harva-pilliruokomatto\/","url":"https:\/\/uku.eu\/fi\/ruokotuotteet\/harva-pilliruokomatto\/","name":"HARVA PILLIRUOKOMATTO - HARVA PILLIRUOKOMATTO","isPartOf":{"@id":"https:\/\/uku.eu\/#website"},"primaryImageOfPage":{"@id":"https:\/\/uku.eu\/fi\/ruokotuotteet\/harva-pilliruokomatto\/#primaryimage"},"image":{"@id":"https:\/\/uku.eu\/fi\/ruokotuotteet\/harva-pilliruokomatto\/#primaryimage"},"thumbnailUrl":"https:\/\/uku.eu\/wp-content\/uploads\/2024\/12\/DSC09299-1.png","datePublished":"2021-04-22T07:54:13+00:00","dateModified":"2024-12-17T08:25:22+00:00","breadcrumb":{"@id":"https:\/\/uku.eu\/fi\/ruokotuotteet\/harva-pilliruokomatto\/#breadcrumb"},"inLanguage":"fi","potentialAction":[{"@type":"ReadAction","target":["https:\/\/uku.eu\/fi\/ruokotuotteet\/harva-pilliruokomatto\/"]}]},{"@type":"ImageObject","inLanguage":"fi","@id":"https:\/\/uku.eu\/fi\/ruokotuotteet\/harva-pilliruokomatto\/#primaryimage","url":"https:\/\/uku.eu\/wp-content\/uploads\/2024\/12\/DSC09299-1.png","contentUrl":"https:\/\/uku.eu\/wp-content\/uploads\/2024\/12\/DSC09299-1.png"},{"@type":"BreadcrumbList","@id":"https:\/\/uku.eu\/fi\/ruokotuotteet\/harva-pilliruokomatto\/#breadcrumb","itemListElement":[{"@type":"ListItem","position":1,"name":"Home","item":"https:\/\/uku.eu\/"},{"@type":"ListItem","position":2,"name":"Ruokotuotteet","item":"https:\/\/uku.eu\/fi\/ruokotuotteet\/"},{"@type":"ListItem","position":3,"name":"HARVA PILLIRUOKOMATTO"}]},{"@type":"WebSite","@id":"https:\/\/uku.eu\/#website","url":"https:\/\/uku.eu\/","name":"Krohvid ja v\u00e4rvid otse loodusest","description":"","publisher":{"@id":"https:\/\/uku.eu\/#organization"},"potentialAction":[{"@type":"SearchAction","target":{"@type":"EntryPoint","urlTemplate":"https:\/\/uku.eu\/?s={search_term_string}"},"query-input":{"@type":"PropertyValueSpecification","valueRequired":true,"valueName":"search_term_string"}}],"inLanguage":"fi"},{"@type":"Organization","@id":"https:\/\/uku.eu\/#organization","name":"Saviukumaja O\u00dc","url":"https:\/\/uku.eu\/","logo":{"@type":"ImageObject","inLanguage":"fi","@id":"https:\/\/uku.eu\/#\/schema\/logo\/image\/","url":"https:\/\/uku.eu\/wp-content\/uploads\/2021\/02\/cropped-UKU-Logo.jpg","contentUrl":"https:\/\/uku.eu\/wp-content\/uploads\/2021\/02\/cropped-UKU-Logo.jpg","width":512,"height":512,"caption":"Saviukumaja O\u00dc"},"image":{"@id":"https:\/\/uku.eu\/#\/schema\/logo\/image\/"},"sameAs":["https:\/\/www.facebook.com\/Saviukumaja\/","https:\/\/www.instagram.com\/saviukumaja\/","https:\/\/www.linkedin.com\/company\/saviukumaja","https:\/\/www.pinterest.com\/saviukumaja\/","https:\/\/www.youtube.com\/c\/UKUPureEarth"]}]}},"_links":{"self":[{"href":"https:\/\/uku.eu\/fi\/wp-json\/wp\/v2\/pages\/10798","targetHints":{"allow":["GET"]}}],"collection":[{"href":"https:\/\/uku.eu\/fi\/wp-json\/wp\/v2\/pages"}],"about":[{"href":"https:\/\/uku.eu\/fi\/wp-json\/wp\/v2\/types\/page"}],"author":[{"embeddable":true,"href":"https:\/\/uku.eu\/fi\/wp-json\/wp\/v2\/users\/1"}],"replies":[{"embeddable":true,"href":"https:\/\/uku.eu\/fi\/wp-json\/wp\/v2\/comments?post=10798"}],"version-history":[{"count":0,"href":"https:\/\/uku.eu\/fi\/wp-json\/wp\/v2\/pages\/10798\/revisions"}],"up":[{"embeddable":true,"href":"https:\/\/uku.eu\/fi\/wp-json\/wp\/v2\/pages\/10802"}],"wp:attachment":[{"href":"https:\/\/uku.eu\/fi\/wp-json\/wp\/v2\/media?parent=10798"}],"curies":[{"name":"wp","href":"https:\/\/api.w.org\/{rel}","templated":true}]}}