{"id":10812,"date":"2021-03-29T07:34:06","date_gmt":"2021-03-29T05:34:06","guid":{"rendered":"https:\/\/uku.eu\/muut-tuotteet\/"},"modified":"2024-07-04T13:33:08","modified_gmt":"2024-07-04T11:33:08","slug":"muut-tuotteet","status":"publish","type":"page","link":"https:\/\/uku.eu\/fi\/muut-tuotteet\/","title":{"rendered":"Muut tuotteet"},"content":{"rendered":"\t\t<div data-elementor-type=\"wp-page\" data-elementor-id=\"10812\" class=\"elementor elementor-10812 elementor-1029\" data-elementor-post-type=\"page\">\n\t\t\t\t\t\t<section data-particle_enable=\"false\" data-particle-mobile-disabled=\"false\" class=\"elementor-section elementor-top-section elementor-element elementor-element-2093e8a elementor-section-boxed elementor-section-height-default elementor-section-height-default\" data-id=\"2093e8a\" data-element_type=\"section\" data-settings=\"{&quot;background_background&quot;:&quot;classic&quot;}\">\n\t\t\t\t\t\t\t<div class=\"elementor-background-overlay\"><\/div>\n\t\t\t\t\t\t\t<div class=\"elementor-container elementor-column-gap-default\">\n\t\t\t\t\t<div class=\"elementor-column elementor-col-50 elementor-top-column elementor-element elementor-element-f3d9bc2\" data-id=\"f3d9bc2\" data-element_type=\"column\">\n\t\t\t<div class=\"elementor-widget-wrap elementor-element-populated\">\n\t\t\t\t\t\t<div class=\"elementor-element elementor-element-0cc54b5 elementor-widget__width-inherit elementor-pagination-position-outside elementor--h-position-center elementor--v-position-middle elementor-arrows-position-inside elementor-widget elementor-widget-slides\" data-id=\"0cc54b5\" data-element_type=\"widget\" data-settings=\"{&quot;transition&quot;:&quot;fade&quot;,&quot;transition_speed&quot;:3000,&quot;navigation&quot;:&quot;both&quot;,&quot;autoplay&quot;:&quot;yes&quot;,&quot;pause_on_hover&quot;:&quot;yes&quot;,&quot;pause_on_interaction&quot;:&quot;yes&quot;,&quot;autoplay_speed&quot;:5000,&quot;infinite&quot;:&quot;yes&quot;}\" data-widget_type=\"slides.default\">\n\t\t\t\t<div class=\"elementor-widget-container\">\n\t\t\t\t\t\t\t\t\t<div class=\"elementor-swiper\">\r\n\t\t\t\t\t<div class=\"elementor-slides-wrapper elementor-main-swiper swiper\" role=\"region\" aria-roledescription=\"carousel\" aria-label=\"Slides\" dir=\"ltr\" data-animation=\"fadeInDown\">\r\n\t\t\t\t<div class=\"swiper-wrapper elementor-slides\">\r\n\t\t\t\t\t\t\t\t\t\t<div class=\"elementor-repeater-item-1a9947c swiper-slide\" role=\"group\" aria-roledescription=\"slide\"><div class=\"swiper-slide-bg\" role=\"img\" aria-label=\"Dzuudivork 1\"><\/div><div class=\"swiper-slide-inner\" ><div class=\"swiper-slide-contents\"><\/div><\/div><\/div>\t\t\t\t<\/div>\r\n\t\t\t\t\t\t\t<\/div>\r\n\t\t\t\t<\/div>\r\n\t\t\t\t\t\t\t\t<\/div>\n\t\t\t\t<\/div>\n\t\t\t\t\t<\/div>\n\t\t<\/div>\n\t\t\t\t<div class=\"elementor-column elementor-col-50 elementor-top-column elementor-element elementor-element-03690c7\" data-id=\"03690c7\" data-element_type=\"column\">\n\t\t\t<div class=\"elementor-widget-wrap elementor-element-populated\">\n\t\t\t\t\t\t<div class=\"elementor-element elementor-element-82f8dc0 elementor-widget elementor-widget-heading\" data-id=\"82f8dc0\" data-element_type=\"widget\" data-widget_type=\"heading.default\">\n\t\t\t\t<div class=\"elementor-widget-container\">\n\t\t\t\t\t<h2 class=\"elementor-heading-title elementor-size-default\">Juuttiverkko<\/h2>\t\t\t\t<\/div>\n\t\t\t\t<\/div>\n\t\t\t\t<div class=\"elementor-element elementor-element-a35272a elementor-widget elementor-widget-text-editor\" data-id=\"a35272a\" data-element_type=\"widget\" data-widget_type=\"text-editor.default\">\n\t\t\t\t<div class=\"elementor-widget-container\">\n\t\t\t\t\t\t\t\t\t<p>Juutti eli lanka on juuttikasvin varsista saatu luonnonkuitu ja yksi yleisimmist\u00e4 kasvikuitumateriaalista. Juuttiverkkoa k\u00e4ytet\u00e4\u00e4n kipsien vahvistusverkkona. Punottu juuttikangas on erityisesti kehitetty k\u00e4ytett\u00e4v\u00e4ksi savi-, kalkki- ja muiden kipsien lujittamiseen.<\/p>\n<p>120g\/m2<br \/>\nVerkkoleveys &#8211; 100 cm<br \/>\nValssattu 50m (50m2)<\/p>\n\t\t\t\t\t\t\t\t<\/div>\n\t\t\t\t<\/div>\n\t\t\t\t\t<\/div>\n\t\t<\/div>\n\t\t\t\t\t<\/div>\n\t\t<\/section>\n\t\t\t\t<section data-particle_enable=\"false\" data-particle-mobile-disabled=\"false\" class=\"elementor-section elementor-top-section elementor-element elementor-element-a9ae93f elementor-reverse-mobile elementor-section-boxed elementor-section-height-default elementor-section-height-default\" data-id=\"a9ae93f\" data-element_type=\"section\" data-settings=\"{&quot;background_background&quot;:&quot;classic&quot;}\">\n\t\t\t\t\t\t\t<div class=\"elementor-background-overlay\"><\/div>\n\t\t\t\t\t\t\t<div class=\"elementor-container elementor-column-gap-default\">\n\t\t\t\t\t<div class=\"elementor-column elementor-col-50 elementor-top-column elementor-element elementor-element-d9ac846\" data-id=\"d9ac846\" data-element_type=\"column\">\n\t\t\t<div class=\"elementor-widget-wrap elementor-element-populated\">\n\t\t\t\t\t\t<div class=\"elementor-element elementor-element-62fa6ec elementor-widget elementor-widget-heading\" data-id=\"62fa6ec\" data-element_type=\"widget\" data-widget_type=\"heading.default\">\n\t\t\t\t<div class=\"elementor-widget-container\">\n\t\t\t\t\t<h2 class=\"elementor-heading-title elementor-size-default\">Lasikuituverkko<\/h2>\t\t\t\t<\/div>\n\t\t\t\t<\/div>\n\t\t\t\t<div class=\"elementor-element elementor-element-08a46f6 elementor-widget elementor-widget-text-editor\" data-id=\"08a46f6\" data-element_type=\"widget\" data-widget_type=\"text-editor.default\">\n\t\t\t\t<div class=\"elementor-widget-container\">\n\t\t\t\t\t\t\t\t\t<p>Lasikuituverkko on tarkoitettu rappauspintojen vahvistamiseen sek\u00e4 sis\u00e4tiloissa ett\u00e4 julkisivuissa.<br \/>\nLasikuituverkko v\u00e4hent\u00e4\u00e4 rapattujen pintojen halkeilua. Lasikuituvahvistusverkko tarjoaa pysyv\u00e4n vahvistuksen kipsij\u00e4rjestelmille korkealla rep\u00e4isy- ja vetolujuudella sek\u00e4 alkalinkest\u00e4vyydell\u00e4.<\/p>\n<p>Lasikuituverkko 5,5 x 5,5 mm<br \/>\n58g\/m2<br \/>\nVerkkoleveys &#8211; 100 cm<br \/>\nValssattu 100m (100m2)<\/p>\n<p>Lasikuituverkko 11 x 11 mm<br \/>\n105g\/m2<br \/>\nVerkkoleveys &#8211; 100 cm<br \/>\nValssattu 50m (50m2)<\/p>\n\t\t\t\t\t\t\t\t<\/div>\n\t\t\t\t<\/div>\n\t\t\t\t\t<\/div>\n\t\t<\/div>\n\t\t\t\t<div class=\"elementor-column elementor-col-50 elementor-top-column elementor-element elementor-element-7e17ec2\" data-id=\"7e17ec2\" data-element_type=\"column\">\n\t\t\t<div class=\"elementor-widget-wrap elementor-element-populated\">\n\t\t\t\t\t\t<div class=\"elementor-element elementor-element-8196a33 elementor-pagination-position-outside elementor--h-position-center elementor--v-position-middle elementor-arrows-position-inside elementor-widget elementor-widget-slides\" data-id=\"8196a33\" data-element_type=\"widget\" data-settings=\"{&quot;transition&quot;:&quot;fade&quot;,&quot;transition_speed&quot;:3000,&quot;navigation&quot;:&quot;both&quot;,&quot;autoplay&quot;:&quot;yes&quot;,&quot;pause_on_hover&quot;:&quot;yes&quot;,&quot;pause_on_interaction&quot;:&quot;yes&quot;,&quot;autoplay_speed&quot;:5000,&quot;infinite&quot;:&quot;yes&quot;}\" data-widget_type=\"slides.default\">\n\t\t\t\t<div class=\"elementor-widget-container\">\n\t\t\t\t\t\t\t\t\t<div class=\"elementor-swiper\">\r\n\t\t\t\t\t<div class=\"elementor-slides-wrapper elementor-main-swiper swiper\" role=\"region\" aria-roledescription=\"carousel\" aria-label=\"Slides\" dir=\"ltr\" data-animation=\"fadeInDown\">\r\n\t\t\t\t<div class=\"swiper-wrapper elementor-slides\">\r\n\t\t\t\t\t\t\t\t\t\t<div class=\"elementor-repeater-item-95cb174 swiper-slide\" role=\"group\" aria-roledescription=\"slide\"><div class=\"swiper-slide-bg\" role=\"img\" aria-label=\"Klaaskiud 2\"><\/div><div class=\"swiper-slide-inner\" ><div class=\"swiper-slide-contents\"><\/div><\/div><\/div>\t\t\t\t<\/div>\r\n\t\t\t\t\t\t\t<\/div>\r\n\t\t\t\t<\/div>\r\n\t\t\t\t\t\t\t\t<\/div>\n\t\t\t\t<\/div>\n\t\t\t\t\t<\/div>\n\t\t<\/div>\n\t\t\t\t\t<\/div>\n\t\t<\/section>\n\t\t\t\t<section data-particle_enable=\"false\" data-particle-mobile-disabled=\"false\" class=\"elementor-section elementor-top-section elementor-element elementor-element-14a764c elementor-section-boxed elementor-section-height-default elementor-section-height-default\" data-id=\"14a764c\" data-element_type=\"section\" data-settings=\"{&quot;background_background&quot;:&quot;classic&quot;}\">\n\t\t\t\t\t\t\t<div class=\"elementor-background-overlay\"><\/div>\n\t\t\t\t\t\t\t<div class=\"elementor-container elementor-column-gap-default\">\n\t\t\t\t\t<div class=\"elementor-column elementor-col-50 elementor-top-column elementor-element elementor-element-0ed457a\" data-id=\"0ed457a\" data-element_type=\"column\">\n\t\t\t<div class=\"elementor-widget-wrap elementor-element-populated\">\n\t\t\t\t\t\t<div class=\"elementor-element elementor-element-7d7f2e6 elementor-widget__width-inherit elementor-pagination-position-outside elementor--h-position-center elementor--v-position-middle elementor-arrows-position-inside elementor-widget elementor-widget-slides\" data-id=\"7d7f2e6\" data-element_type=\"widget\" data-settings=\"{&quot;transition&quot;:&quot;fade&quot;,&quot;transition_speed&quot;:3000,&quot;navigation&quot;:&quot;both&quot;,&quot;autoplay&quot;:&quot;yes&quot;,&quot;pause_on_hover&quot;:&quot;yes&quot;,&quot;pause_on_interaction&quot;:&quot;yes&quot;,&quot;autoplay_speed&quot;:5000,&quot;infinite&quot;:&quot;yes&quot;}\" data-widget_type=\"slides.default\">\n\t\t\t\t<div class=\"elementor-widget-container\">\n\t\t\t\t\t\t\t\t\t<div class=\"elementor-swiper\">\r\n\t\t\t\t\t<div class=\"elementor-slides-wrapper elementor-main-swiper swiper\" role=\"region\" aria-roledescription=\"carousel\" aria-label=\"Slides\" dir=\"ltr\" data-animation=\"fadeInDown\">\r\n\t\t\t\t<div class=\"swiper-wrapper elementor-slides\">\r\n\t\t\t\t\t\t\t\t\t\t<div class=\"elementor-repeater-item-1a9947c swiper-slide\" role=\"group\" aria-roledescription=\"slide\"><div class=\"swiper-slide-bg\" role=\"img\" aria-label=\"Primer 1\"><\/div><div class=\"swiper-slide-inner\" ><div class=\"swiper-slide-contents\"><\/div><\/div><\/div>\t\t\t\t<\/div>\r\n\t\t\t\t\t\t\t<\/div>\r\n\t\t\t\t<\/div>\r\n\t\t\t\t\t\t\t\t<\/div>\n\t\t\t\t<\/div>\n\t\t\t\t\t<\/div>\n\t\t<\/div>\n\t\t\t\t<div class=\"elementor-column elementor-col-50 elementor-top-column elementor-element elementor-element-a868609\" data-id=\"a868609\" data-element_type=\"column\">\n\t\t\t<div class=\"elementor-widget-wrap elementor-element-populated\">\n\t\t\t\t\t\t<div class=\"elementor-element elementor-element-e98d4e8 elementor-widget elementor-widget-heading\" data-id=\"e98d4e8\" data-element_type=\"widget\" data-widget_type=\"heading.default\">\n\t\t\t\t<div class=\"elementor-widget-container\">\n\t\t\t\t\t<h2 class=\"elementor-heading-title elementor-size-default\">Selluloosa pohjamaali<\/h2>\t\t\t\t<\/div>\n\t\t\t\t<\/div>\n\t\t\t\t<div class=\"elementor-element elementor-element-382b35b elementor-widget elementor-widget-text-editor\" data-id=\"382b35b\" data-element_type=\"widget\" data-widget_type=\"text-editor.default\">\n\t\t\t\t<div class=\"elementor-widget-container\">\n\t\t\t\t\t\t\t\t\t<p>Selluloosa- tai viimeistelypohjamaalia k\u00e4ytet\u00e4\u00e4n savi- ja kalkkikipsin viimeistelykerroksen pohjustamiseen. Selluloosapohjamaalin tarkoituksena on antaa savirapatulle pinnalle lujuutta ja kulutuskest\u00e4vyytt\u00e4. Se soveltuu my\u00f6s hyvin imukykyisten alustojen savi- ja kalkkimaalien pohjamaalaukseen.<\/p>\n<p><a href=\"https:\/\/uku.eu\/wp-content\/uploads\/2022\/07\/Cellulose-primer.pdf\">Tuoteohje<\/a><\/p>\n<p><a href=\"https:\/\/www.youtube.com\/watch?v=xhIeOooO1TA\">Asenusvideo<\/a><\/p>\n\t\t\t\t\t\t\t\t<\/div>\n\t\t\t\t<\/div>\n\t\t\t\t\t<\/div>\n\t\t<\/div>\n\t\t\t\t\t<\/div>\n\t\t<\/section>\n\t\t\t\t<\/div>\n\t\t","protected":false},"excerpt":{"rendered":"<p>Juuttiverkko Juutti eli lanka on juuttikasvin varsista saatu luonnonkuitu ja yksi yleisimmist\u00e4 kasvikuitumateriaalista. Juuttiverkkoa k\u00e4ytet\u00e4\u00e4n kipsien vahvistusverkkona. Punottu juuttikangas on erityisesti kehitetty k\u00e4ytett\u00e4v\u00e4ksi savi-, kalkki- ja muiden kipsien lujittamiseen. 120g\/m2 Verkkoleveys &#8211; 100 cm Valssattu 50m (50m2) Lasikuituverkko Lasikuituverkko on tarkoitettu rappauspintojen vahvistamiseen sek\u00e4 sis\u00e4tiloissa ett\u00e4 julkisivuissa. Lasikuituverkko v\u00e4hent\u00e4\u00e4 rapattujen pintojen halkeilua. Lasikuituvahvistusverkko tarjoaa pysyv\u00e4n [&hellip;]<\/p>\n","protected":false},"author":1,"featured_media":0,"parent":0,"menu_order":0,"comment_status":"closed","ping_status":"closed","template":"elementor_header_footer","meta":{"footnotes":""},"class_list":["post-10812","page","type-page","status-publish","hentry","entry"],"yoast_head":"<!-- This site is optimized with the Yoast SEO plugin v26.6 - https:\/\/yoast.com\/wordpress\/plugins\/seo\/ -->\n<title>Muut tarpeelliset tuotteet<\/title>\n<meta name=\"robots\" content=\"index, follow, max-snippet:-1, max-image-preview:large, max-video-preview:-1\" \/>\n<link rel=\"canonical\" href=\"https:\/\/uku.eu\/muud-tooted\/\" \/>\n<meta property=\"og:locale\" content=\"fi_FI\" \/>\n<meta property=\"og:type\" content=\"article\" \/>\n<meta property=\"og:title\" content=\"Muut tarpeelliset tuotteet\" \/>\n<meta property=\"og:description\" content=\"Juuttiverkko Juutti eli lanka on juuttikasvin varsista saatu luonnonkuitu ja yksi yleisimmist\u00e4 kasvikuitumateriaalista. Juuttiverkkoa k\u00e4ytet\u00e4\u00e4n kipsien vahvistusverkkona. Punottu juuttikangas on erityisesti kehitetty k\u00e4ytett\u00e4v\u00e4ksi savi-, kalkki- ja muiden kipsien lujittamiseen. 120g\/m2 Verkkoleveys &#8211; 100 cm Valssattu 50m (50m2) Lasikuituverkko Lasikuituverkko on tarkoitettu rappauspintojen vahvistamiseen sek\u00e4 sis\u00e4tiloissa ett\u00e4 julkisivuissa. Lasikuituverkko v\u00e4hent\u00e4\u00e4 rapattujen pintojen halkeilua. Lasikuituvahvistusverkko tarjoaa pysyv\u00e4n [&hellip;]\" \/>\n<meta property=\"og:url\" content=\"https:\/\/uku.eu\/muud-tooted\/\" \/>\n<meta property=\"og:site_name\" content=\"Uku.eu\" \/>\n<meta property=\"article:publisher\" content=\"https:\/\/www.facebook.com\/Saviukumaja\/\" \/>\n<meta property=\"article:modified_time\" content=\"2024-07-04T11:33:08+00:00\" \/>\n<meta name=\"twitter:card\" content=\"summary_large_image\" \/>\n<meta name=\"twitter:label1\" content=\"Arvioitu lukuaika\" \/>\n\t<meta name=\"twitter:data1\" content=\"1 minuutti\" \/>\n<script type=\"application\/ld+json\" class=\"yoast-schema-graph\">{\"@context\":\"https:\/\/schema.org\",\"@graph\":[{\"@type\":\"WebPage\",\"@id\":\"https:\/\/uku.eu\/muud-tooted\/\",\"url\":\"https:\/\/uku.eu\/muud-tooted\/\",\"name\":\"Muut tarpeelliset tuotteet\",\"isPartOf\":{\"@id\":\"https:\/\/uku.eu\/#website\"},\"datePublished\":\"2021-03-29T05:34:06+00:00\",\"dateModified\":\"2024-07-04T11:33:08+00:00\",\"breadcrumb\":{\"@id\":\"https:\/\/uku.eu\/muud-tooted\/#breadcrumb\"},\"inLanguage\":\"fi\",\"potentialAction\":[{\"@type\":\"ReadAction\",\"target\":[\"https:\/\/uku.eu\/muud-tooted\/\"]}]},{\"@type\":\"BreadcrumbList\",\"@id\":\"https:\/\/uku.eu\/muud-tooted\/#breadcrumb\",\"itemListElement\":[{\"@type\":\"ListItem\",\"position\":1,\"name\":\"Home\",\"item\":\"https:\/\/uku.eu\/\"},{\"@type\":\"ListItem\",\"position\":2,\"name\":\"Muut tuotteet\"}]},{\"@type\":\"WebSite\",\"@id\":\"https:\/\/uku.eu\/#website\",\"url\":\"https:\/\/uku.eu\/\",\"name\":\"Krohvid ja v\u00e4rvid otse loodusest\",\"description\":\"\",\"publisher\":{\"@id\":\"https:\/\/uku.eu\/#organization\"},\"potentialAction\":[{\"@type\":\"SearchAction\",\"target\":{\"@type\":\"EntryPoint\",\"urlTemplate\":\"https:\/\/uku.eu\/?s={search_term_string}\"},\"query-input\":{\"@type\":\"PropertyValueSpecification\",\"valueRequired\":true,\"valueName\":\"search_term_string\"}}],\"inLanguage\":\"fi\"},{\"@type\":\"Organization\",\"@id\":\"https:\/\/uku.eu\/#organization\",\"name\":\"Saviukumaja O\u00dc\",\"url\":\"https:\/\/uku.eu\/\",\"logo\":{\"@type\":\"ImageObject\",\"inLanguage\":\"fi\",\"@id\":\"https:\/\/uku.eu\/#\/schema\/logo\/image\/\",\"url\":\"https:\/\/uku.eu\/wp-content\/uploads\/2021\/02\/cropped-UKU-Logo.jpg\",\"contentUrl\":\"https:\/\/uku.eu\/wp-content\/uploads\/2021\/02\/cropped-UKU-Logo.jpg\",\"width\":512,\"height\":512,\"caption\":\"Saviukumaja O\u00dc\"},\"image\":{\"@id\":\"https:\/\/uku.eu\/#\/schema\/logo\/image\/\"},\"sameAs\":[\"https:\/\/www.facebook.com\/Saviukumaja\/\",\"https:\/\/www.instagram.com\/saviukumaja\/\",\"https:\/\/www.linkedin.com\/company\/saviukumaja\",\"https:\/\/www.pinterest.com\/saviukumaja\/\",\"https:\/\/www.youtube.com\/c\/UKUPureEarth\"]}]}<\/script>\n<!-- \/ Yoast SEO plugin. -->","yoast_head_json":{"title":"Muut tarpeelliset tuotteet","robots":{"index":"index","follow":"follow","max-snippet":"max-snippet:-1","max-image-preview":"max-image-preview:large","max-video-preview":"max-video-preview:-1"},"canonical":"https:\/\/uku.eu\/muud-tooted\/","og_locale":"fi_FI","og_type":"article","og_title":"Muut tarpeelliset tuotteet","og_description":"Juuttiverkko Juutti eli lanka on juuttikasvin varsista saatu luonnonkuitu ja yksi yleisimmist\u00e4 kasvikuitumateriaalista. Juuttiverkkoa k\u00e4ytet\u00e4\u00e4n kipsien vahvistusverkkona. Punottu juuttikangas on erityisesti kehitetty k\u00e4ytett\u00e4v\u00e4ksi savi-, kalkki- ja muiden kipsien lujittamiseen. 120g\/m2 Verkkoleveys &#8211; 100 cm Valssattu 50m (50m2) Lasikuituverkko Lasikuituverkko on tarkoitettu rappauspintojen vahvistamiseen sek\u00e4 sis\u00e4tiloissa ett\u00e4 julkisivuissa. Lasikuituverkko v\u00e4hent\u00e4\u00e4 rapattujen pintojen halkeilua. Lasikuituvahvistusverkko tarjoaa pysyv\u00e4n [&hellip;]","og_url":"https:\/\/uku.eu\/muud-tooted\/","og_site_name":"Uku.eu","article_publisher":"https:\/\/www.facebook.com\/Saviukumaja\/","article_modified_time":"2024-07-04T11:33:08+00:00","twitter_card":"summary_large_image","twitter_misc":{"Arvioitu lukuaika":"1 minuutti"},"schema":{"@context":"https:\/\/schema.org","@graph":[{"@type":"WebPage","@id":"https:\/\/uku.eu\/muud-tooted\/","url":"https:\/\/uku.eu\/muud-tooted\/","name":"Muut tarpeelliset tuotteet","isPartOf":{"@id":"https:\/\/uku.eu\/#website"},"datePublished":"2021-03-29T05:34:06+00:00","dateModified":"2024-07-04T11:33:08+00:00","breadcrumb":{"@id":"https:\/\/uku.eu\/muud-tooted\/#breadcrumb"},"inLanguage":"fi","potentialAction":[{"@type":"ReadAction","target":["https:\/\/uku.eu\/muud-tooted\/"]}]},{"@type":"BreadcrumbList","@id":"https:\/\/uku.eu\/muud-tooted\/#breadcrumb","itemListElement":[{"@type":"ListItem","position":1,"name":"Home","item":"https:\/\/uku.eu\/"},{"@type":"ListItem","position":2,"name":"Muut tuotteet"}]},{"@type":"WebSite","@id":"https:\/\/uku.eu\/#website","url":"https:\/\/uku.eu\/","name":"Krohvid ja v\u00e4rvid otse loodusest","description":"","publisher":{"@id":"https:\/\/uku.eu\/#organization"},"potentialAction":[{"@type":"SearchAction","target":{"@type":"EntryPoint","urlTemplate":"https:\/\/uku.eu\/?s={search_term_string}"},"query-input":{"@type":"PropertyValueSpecification","valueRequired":true,"valueName":"search_term_string"}}],"inLanguage":"fi"},{"@type":"Organization","@id":"https:\/\/uku.eu\/#organization","name":"Saviukumaja O\u00dc","url":"https:\/\/uku.eu\/","logo":{"@type":"ImageObject","inLanguage":"fi","@id":"https:\/\/uku.eu\/#\/schema\/logo\/image\/","url":"https:\/\/uku.eu\/wp-content\/uploads\/2021\/02\/cropped-UKU-Logo.jpg","contentUrl":"https:\/\/uku.eu\/wp-content\/uploads\/2021\/02\/cropped-UKU-Logo.jpg","width":512,"height":512,"caption":"Saviukumaja O\u00dc"},"image":{"@id":"https:\/\/uku.eu\/#\/schema\/logo\/image\/"},"sameAs":["https:\/\/www.facebook.com\/Saviukumaja\/","https:\/\/www.instagram.com\/saviukumaja\/","https:\/\/www.linkedin.com\/company\/saviukumaja","https:\/\/www.pinterest.com\/saviukumaja\/","https:\/\/www.youtube.com\/c\/UKUPureEarth"]}]}},"_links":{"self":[{"href":"https:\/\/uku.eu\/fi\/wp-json\/wp\/v2\/pages\/10812","targetHints":{"allow":["GET"]}}],"collection":[{"href":"https:\/\/uku.eu\/fi\/wp-json\/wp\/v2\/pages"}],"about":[{"href":"https:\/\/uku.eu\/fi\/wp-json\/wp\/v2\/types\/page"}],"author":[{"embeddable":true,"href":"https:\/\/uku.eu\/fi\/wp-json\/wp\/v2\/users\/1"}],"replies":[{"embeddable":true,"href":"https:\/\/uku.eu\/fi\/wp-json\/wp\/v2\/comments?post=10812"}],"version-history":[{"count":0,"href":"https:\/\/uku.eu\/fi\/wp-json\/wp\/v2\/pages\/10812\/revisions"}],"wp:attachment":[{"href":"https:\/\/uku.eu\/fi\/wp-json\/wp\/v2\/media?parent=10812"}],"curies":[{"name":"wp","href":"https:\/\/api.w.org\/{rel}","templated":true}]}}