{"id":15758,"date":"2024-06-10T08:49:45","date_gmt":"2024-06-10T06:49:45","guid":{"rendered":"https:\/\/uku.eu\/galleria\/city-clinics\/"},"modified":"2025-08-25T17:27:22","modified_gmt":"2025-08-25T15:27:22","slug":"city-clinics","status":"publish","type":"page","link":"https:\/\/uku.eu\/fi\/galleria\/city-clinics\/","title":{"rendered":"City Clinics"},"content":{"rendered":"\t\t<div data-elementor-type=\"wp-page\" data-elementor-id=\"15758\" class=\"elementor elementor-15758 elementor-15431\" data-elementor-post-type=\"page\">\n\t\t\t\t\t\t<section data-particle_enable=\"false\" data-particle-mobile-disabled=\"false\" class=\"elementor-section elementor-top-section elementor-element elementor-element-369f214 elementor-section-boxed elementor-section-height-default elementor-section-height-default\" data-id=\"369f214\" data-element_type=\"section\" data-e-type=\"section\">\n\t\t\t\t\t\t<div class=\"elementor-container elementor-column-gap-default\">\n\t\t\t\t\t<div class=\"elementor-column elementor-col-100 elementor-top-column elementor-element elementor-element-2cbef93\" data-id=\"2cbef93\" data-element_type=\"column\" data-e-type=\"column\">\n\t\t\t<div class=\"elementor-widget-wrap elementor-element-populated\">\n\t\t\t\t\t\t<div class=\"elementor-element elementor-element-4e81d24 elementor-widget elementor-widget-spacer\" data-id=\"4e81d24\" data-element_type=\"widget\" data-e-type=\"widget\" data-widget_type=\"spacer.default\">\n\t\t\t\t<div class=\"elementor-widget-container\">\n\t\t\t\t\t\t\t<div class=\"elementor-spacer\">\n\t\t\t<div class=\"elementor-spacer-inner\"><\/div>\n\t\t<\/div>\n\t\t\t\t\t\t<\/div>\n\t\t\t\t<\/div>\n\t\t\t\t<div class=\"elementor-element elementor-element-67c546f elementor-widget elementor-widget-heading\" data-id=\"67c546f\" data-element_type=\"widget\" data-e-type=\"widget\" data-widget_type=\"heading.default\">\n\t\t\t\t<div class=\"elementor-widget-container\">\n\t\t\t\t\t<h2 class=\"elementor-heading-title elementor-size-default\">UKU KALKKI-KROHVI: LUONNOLLINEN VIIMEISTELY CITY CLINICS HAMMASL\u00c4\u00c4K\u00c4RIKLINIKALLA<\/h2>\t\t\t\t<\/div>\n\t\t\t\t<\/div>\n\t\t\t\t<div class=\"elementor-element elementor-element-ba1f473 elementor-widget elementor-widget-spacer\" data-id=\"ba1f473\" data-element_type=\"widget\" data-e-type=\"widget\" data-widget_type=\"spacer.default\">\n\t\t\t\t<div class=\"elementor-widget-container\">\n\t\t\t\t\t\t\t<div class=\"elementor-spacer\">\n\t\t\t<div class=\"elementor-spacer-inner\"><\/div>\n\t\t<\/div>\n\t\t\t\t\t\t<\/div>\n\t\t\t\t<\/div>\n\t\t\t\t<div class=\"elementor-element elementor-element-46f0f35 elementor-widget elementor-widget-text-editor\" data-id=\"46f0f35\" data-element_type=\"widget\" data-e-type=\"widget\" data-widget_type=\"text-editor.default\">\n\t\t\t\t<div class=\"elementor-widget-container\">\n\t\t\t\t\t\t\t\t\t<p>Olemme innoissamme saadessamme jakaa kalkkimaalin ja kalkki-marmorino-kipsien kauneuden ja eleganssin City Clinicsin hammasklinikassa.<\/p>\n\t\t\t\t\t\t\t\t<\/div>\n\t\t\t\t<\/div>\n\t\t\t\t<div class=\"elementor-element elementor-element-9e46d57 elementor-widget elementor-widget-spacer\" data-id=\"9e46d57\" data-element_type=\"widget\" data-e-type=\"widget\" data-widget_type=\"spacer.default\">\n\t\t\t\t<div class=\"elementor-widget-container\">\n\t\t\t\t\t\t\t<div class=\"elementor-spacer\">\n\t\t\t<div class=\"elementor-spacer-inner\"><\/div>\n\t\t<\/div>\n\t\t\t\t\t\t<\/div>\n\t\t\t\t<\/div>\n\t\t\t\t<div class=\"elementor-element elementor-element-9c52eb1 elementor-widget elementor-widget-text-editor\" data-id=\"9c52eb1\" data-element_type=\"widget\" data-e-type=\"widget\" data-widget_type=\"text-editor.default\">\n\t\t\t\t<div class=\"elementor-widget-container\">\n\t\t\t\t\t\t\t\t\t<p data-start=\"845\" data-end=\"1010\">N\u00e4m\u00e4 kalkkipohjaiset viimeistelyt t\u00e4ss\u00e4 kauniissa ymp\u00e4rist\u00f6ss\u00e4 ovat visuaalisesti upeita ja auttavat luomaan terveellisemm\u00e4n ja ymp\u00e4rist\u00f6yst\u00e4v\u00e4llisemm\u00e4n tilan.<\/p>\n<p><\/p>\n<p data-start=\"1012\" data-end=\"1400\">Ihanteellinen sairaaloille, kylpyl\u00f6ille, hotelleille ja julkisille alueille \u2013 kalkkilaastit ovat arvostettuja niiden luonnollisten ja myrkytt\u00f6mien ominaisuuksien vuoksi.<br data-start=\"1181\" data-end=\"1184\" \/>Lis\u00e4ksi kalkkiviimeistelyill\u00e4mme on luonnollinen kyky s\u00e4\u00e4dell\u00e4 kosteustasapainoa, taaten tasapainoisen ja mukautuvan ymp\u00e4rist\u00f6n. Hengit\u00e4 helposti materiaaleilla, jotka korostavat sek\u00e4 esteettisyytt\u00e4 ett\u00e4 kest\u00e4vyytt\u00e4.<\/p>\n<p><\/p>\n<p data-start=\"1402\" data-end=\"1642\">Liity meihin luomaan tiloja, jotka ilment\u00e4v\u00e4t kauneutta, hyvinvointia ja ymp\u00e4rist\u00f6tietoisuutta. Tallinnan City Clinic on esimerkki arkkitehtonisista valinnoista, jotka heijastavat sitoutumista vihre\u00e4mp\u00e4\u00e4n ja terveellisemp\u00e4\u00e4n tulevaisuuteen.<\/p>\n<p><\/p>\n<p data-start=\"1644\" data-end=\"1729\"><strong>Suunnittelija:<\/strong> Milli Maier Veske<br data-start=\"1676\" data-end=\"1679\" \/><strong>Asentaja:<\/strong> Stuko-Est O\u00dc<br data-start=\"1701\" data-end=\"1704\" \/><strong>Valokuvat:<\/strong> Liis Markvardt<\/p>\n\t\t\t\t\t\t\t\t<\/div>\n\t\t\t\t<\/div>\n\t\t\t\t<div class=\"elementor-element elementor-element-ca3823d elementor-widget elementor-widget-spacer\" data-id=\"ca3823d\" data-element_type=\"widget\" data-e-type=\"widget\" data-widget_type=\"spacer.default\">\n\t\t\t\t<div class=\"elementor-widget-container\">\n\t\t\t\t\t\t\t<div class=\"elementor-spacer\">\n\t\t\t<div class=\"elementor-spacer-inner\"><\/div>\n\t\t<\/div>\n\t\t\t\t\t\t<\/div>\n\t\t\t\t<\/div>\n\t\t\t\t<div class=\"elementor-element elementor-element-54733a3 elementor-widget elementor-widget-gallery\" data-id=\"54733a3\" data-element_type=\"widget\" data-e-type=\"widget\" data-settings=\"{&quot;lazyload&quot;:&quot;yes&quot;,&quot;gallery_layout&quot;:&quot;grid&quot;,&quot;columns&quot;:4,&quot;columns_tablet&quot;:2,&quot;columns_mobile&quot;:1,&quot;gap&quot;:{&quot;unit&quot;:&quot;px&quot;,&quot;size&quot;:10,&quot;sizes&quot;:[]},&quot;gap_tablet&quot;:{&quot;unit&quot;:&quot;px&quot;,&quot;size&quot;:10,&quot;sizes&quot;:[]},&quot;gap_mobile&quot;:{&quot;unit&quot;:&quot;px&quot;,&quot;size&quot;:10,&quot;sizes&quot;:[]},&quot;link_to&quot;:&quot;file&quot;,&quot;aspect_ratio&quot;:&quot;3:2&quot;,&quot;overlay_background&quot;:&quot;yes&quot;,&quot;content_hover_animation&quot;:&quot;fade-in&quot;}\" data-widget_type=\"gallery.default\">\n\t\t\t\t<div class=\"elementor-widget-container\">\n\t\t\t\t\t\t\t<div class=\"elementor-gallery__container\">\r\n\t\t\t\t\t\t\t<a class=\"e-gallery-item elementor-gallery-item elementor-animated-content\" href=\"https:\/\/uku.eu\/wp-content\/uploads\/2024\/06\/City-clinics-1.jpg\" data-elementor-open-lightbox=\"yes\" data-elementor-lightbox-slideshow=\"54733a3\" data-e-action-hash=\"#elementor-action%3Aaction%3Dlightbox%26settings%3DeyJpZCI6MTU0MzMsInVybCI6Imh0dHBzOlwvXC91a3UuZXVcL3dwLWNvbnRlbnRcL3VwbG9hZHNcLzIwMjRcLzA2XC9DaXR5LWNsaW5pY3MtMS5qcGciLCJzbGlkZXNob3ciOiI1NDczM2EzIn0%3D\">\r\n\t\t\t\t\t<div class=\"e-gallery-image elementor-gallery-item__image\" data-thumbnail=\"https:\/\/uku.eu\/wp-content\/uploads\/2024\/06\/City-clinics-1.jpg\" data-width=\"1000\" data-height=\"652\" aria-label=\"\" role=\"img\" ><\/div>\r\n\t\t\t\t\t\t\t\t\t\t\t<div class=\"elementor-gallery-item__overlay\"><\/div>\r\n\t\t\t\t\t\t\t\t\t\t\t\t\t\t<\/a>\r\n\t\t\t\t\t\t\t<a class=\"e-gallery-item elementor-gallery-item elementor-animated-content\" href=\"https:\/\/uku.eu\/wp-content\/uploads\/2024\/06\/City-clinics-2-e1778134164324.jpg\" data-elementor-open-lightbox=\"yes\" data-elementor-lightbox-slideshow=\"54733a3\" data-e-action-hash=\"#elementor-action%3Aaction%3Dlightbox%26settings%3DeyJpZCI6MTU0MzYsInVybCI6Imh0dHBzOlwvXC91a3UuZXVcL3dwLWNvbnRlbnRcL3VwbG9hZHNcLzIwMjRcLzA2XC9DaXR5LWNsaW5pY3MtMi1lMTc3ODEzNDE2NDMyNC5qcGciLCJzbGlkZXNob3ciOiI1NDczM2EzIn0%3D\">\r\n\t\t\t\t\t<div class=\"e-gallery-image elementor-gallery-item__image\" data-thumbnail=\"https:\/\/uku.eu\/wp-content\/uploads\/2024\/06\/City-clinics-2-e1778134164324.jpg\" data-width=\"655\" data-height=\"1000\" aria-label=\"\" role=\"img\" ><\/div>\r\n\t\t\t\t\t\t\t\t\t\t\t<div class=\"elementor-gallery-item__overlay\"><\/div>\r\n\t\t\t\t\t\t\t\t\t\t\t\t\t\t<\/a>\r\n\t\t\t\t\t\t\t<a class=\"e-gallery-item elementor-gallery-item elementor-animated-content\" href=\"https:\/\/uku.eu\/wp-content\/uploads\/2024\/06\/City-clinics-3.jpg\" data-elementor-open-lightbox=\"yes\" data-elementor-lightbox-slideshow=\"54733a3\" data-e-action-hash=\"#elementor-action%3Aaction%3Dlightbox%26settings%3DeyJpZCI6MTU0MzksInVybCI6Imh0dHBzOlwvXC91a3UuZXVcL3dwLWNvbnRlbnRcL3VwbG9hZHNcLzIwMjRcLzA2XC9DaXR5LWNsaW5pY3MtMy5qcGciLCJzbGlkZXNob3ciOiI1NDczM2EzIn0%3D\">\r\n\t\t\t\t\t<div class=\"e-gallery-image elementor-gallery-item__image\" data-thumbnail=\"https:\/\/uku.eu\/wp-content\/uploads\/2024\/06\/City-clinics-3.jpg\" data-width=\"1000\" data-height=\"667\" aria-label=\"\" role=\"img\" ><\/div>\r\n\t\t\t\t\t\t\t\t\t\t\t<div class=\"elementor-gallery-item__overlay\"><\/div>\r\n\t\t\t\t\t\t\t\t\t\t\t\t\t\t<\/a>\r\n\t\t\t\t\t\t\t<a class=\"e-gallery-item elementor-gallery-item elementor-animated-content\" href=\"https:\/\/uku.eu\/wp-content\/uploads\/2024\/06\/City-clinics-4-e1730653269290.jpg\" data-elementor-open-lightbox=\"yes\" data-elementor-lightbox-slideshow=\"54733a3\" data-e-action-hash=\"#elementor-action%3Aaction%3Dlightbox%26settings%3DeyJpZCI6MTU0NDIsInVybCI6Imh0dHBzOlwvXC91a3UuZXVcL3dwLWNvbnRlbnRcL3VwbG9hZHNcLzIwMjRcLzA2XC9DaXR5LWNsaW5pY3MtNC1lMTczMDY1MzI2OTI5MC5qcGciLCJzbGlkZXNob3ciOiI1NDczM2EzIn0%3D\">\r\n\t\t\t\t\t<div class=\"e-gallery-image elementor-gallery-item__image\" data-thumbnail=\"https:\/\/uku.eu\/wp-content\/uploads\/2024\/06\/City-clinics-4-e1730653269290.jpg\" data-width=\"623\" data-height=\"508\" aria-label=\"\" role=\"img\" ><\/div>\r\n\t\t\t\t\t\t\t\t\t\t\t<div class=\"elementor-gallery-item__overlay\"><\/div>\r\n\t\t\t\t\t\t\t\t\t\t\t\t\t\t<\/a>\r\n\t\t\t\t\t\t\t<a class=\"e-gallery-item elementor-gallery-item elementor-animated-content\" href=\"https:\/\/uku.eu\/wp-content\/uploads\/2024\/06\/City-clinics-5.jpg\" data-elementor-open-lightbox=\"yes\" data-elementor-lightbox-slideshow=\"54733a3\" data-e-action-hash=\"#elementor-action%3Aaction%3Dlightbox%26settings%3DeyJpZCI6MTU0NDUsInVybCI6Imh0dHBzOlwvXC91a3UuZXVcL3dwLWNvbnRlbnRcL3VwbG9hZHNcLzIwMjRcLzA2XC9DaXR5LWNsaW5pY3MtNS5qcGciLCJzbGlkZXNob3ciOiI1NDczM2EzIn0%3D\">\r\n\t\t\t\t\t<div class=\"e-gallery-image elementor-gallery-item__image\" data-thumbnail=\"https:\/\/uku.eu\/wp-content\/uploads\/2024\/06\/City-clinics-5.jpg\" data-width=\"1000\" data-height=\"667\" aria-label=\"\" role=\"img\" ><\/div>\r\n\t\t\t\t\t\t\t\t\t\t\t<div class=\"elementor-gallery-item__overlay\"><\/div>\r\n\t\t\t\t\t\t\t\t\t\t\t\t\t\t<\/a>\r\n\t\t\t\t\t\t\t<a class=\"e-gallery-item elementor-gallery-item elementor-animated-content\" href=\"https:\/\/uku.eu\/wp-content\/uploads\/2024\/06\/City-clinics-6.jpg\" data-elementor-open-lightbox=\"yes\" data-elementor-lightbox-slideshow=\"54733a3\" data-e-action-hash=\"#elementor-action%3Aaction%3Dlightbox%26settings%3DeyJpZCI6MTU0NDgsInVybCI6Imh0dHBzOlwvXC91a3UuZXVcL3dwLWNvbnRlbnRcL3VwbG9hZHNcLzIwMjRcLzA2XC9DaXR5LWNsaW5pY3MtNi5qcGciLCJzbGlkZXNob3ciOiI1NDczM2EzIn0%3D\">\r\n\t\t\t\t\t<div class=\"e-gallery-image elementor-gallery-item__image\" data-thumbnail=\"https:\/\/uku.eu\/wp-content\/uploads\/2024\/06\/City-clinics-6.jpg\" data-width=\"1000\" data-height=\"667\" aria-label=\"\" role=\"img\" ><\/div>\r\n\t\t\t\t\t\t\t\t\t\t\t<div class=\"elementor-gallery-item__overlay\"><\/div>\r\n\t\t\t\t\t\t\t\t\t\t\t\t\t\t<\/a>\r\n\t\t\t\t\t\t\t<a class=\"e-gallery-item elementor-gallery-item elementor-animated-content\" href=\"https:\/\/uku.eu\/wp-content\/uploads\/2024\/06\/City-clinics-7-e1730653575415.jpg\" data-elementor-open-lightbox=\"yes\" data-elementor-lightbox-slideshow=\"54733a3\" data-e-action-hash=\"#elementor-action%3Aaction%3Dlightbox%26settings%3DeyJpZCI6MTU0NTEsInVybCI6Imh0dHBzOlwvXC91a3UuZXVcL3dwLWNvbnRlbnRcL3VwbG9hZHNcLzIwMjRcLzA2XC9DaXR5LWNsaW5pY3MtNy1lMTczMDY1MzU3NTQxNS5qcGciLCJzbGlkZXNob3ciOiI1NDczM2EzIn0%3D\">\r\n\t\t\t\t\t<div class=\"e-gallery-image elementor-gallery-item__image\" data-thumbnail=\"https:\/\/uku.eu\/wp-content\/uploads\/2024\/06\/City-clinics-7-e1730653575415.jpg\" data-width=\"990\" data-height=\"655\" aria-label=\"\" role=\"img\" ><\/div>\r\n\t\t\t\t\t\t\t\t\t\t\t<div class=\"elementor-gallery-item__overlay\"><\/div>\r\n\t\t\t\t\t\t\t\t\t\t\t\t\t\t<\/a>\r\n\t\t\t\t\t\t\t<a class=\"e-gallery-item elementor-gallery-item elementor-animated-content\" href=\"https:\/\/uku.eu\/wp-content\/uploads\/2024\/06\/City-clinics-8.jpg\" data-elementor-open-lightbox=\"yes\" data-elementor-lightbox-slideshow=\"54733a3\" data-e-action-hash=\"#elementor-action%3Aaction%3Dlightbox%26settings%3DeyJpZCI6MTU0NTQsInVybCI6Imh0dHBzOlwvXC91a3UuZXVcL3dwLWNvbnRlbnRcL3VwbG9hZHNcLzIwMjRcLzA2XC9DaXR5LWNsaW5pY3MtOC5qcGciLCJzbGlkZXNob3ciOiI1NDczM2EzIn0%3D\">\r\n\t\t\t\t\t<div class=\"e-gallery-image elementor-gallery-item__image\" data-thumbnail=\"https:\/\/uku.eu\/wp-content\/uploads\/2024\/06\/City-clinics-8.jpg\" data-width=\"1000\" data-height=\"667\" aria-label=\"\" role=\"img\" ><\/div>\r\n\t\t\t\t\t\t\t\t\t\t\t<div class=\"elementor-gallery-item__overlay\"><\/div>\r\n\t\t\t\t\t\t\t\t\t\t\t\t\t\t<\/a>\r\n\t\t\t\t\t\t\t<a class=\"e-gallery-item elementor-gallery-item elementor-animated-content\" href=\"https:\/\/uku.eu\/wp-content\/uploads\/2024\/06\/City-clinics-9.jpg\" data-elementor-open-lightbox=\"yes\" data-elementor-lightbox-slideshow=\"54733a3\" data-e-action-hash=\"#elementor-action%3Aaction%3Dlightbox%26settings%3DeyJpZCI6MTU0NTcsInVybCI6Imh0dHBzOlwvXC91a3UuZXVcL3dwLWNvbnRlbnRcL3VwbG9hZHNcLzIwMjRcLzA2XC9DaXR5LWNsaW5pY3MtOS5qcGciLCJzbGlkZXNob3ciOiI1NDczM2EzIn0%3D\">\r\n\t\t\t\t\t<div class=\"e-gallery-image elementor-gallery-item__image\" data-thumbnail=\"https:\/\/uku.eu\/wp-content\/uploads\/2024\/06\/City-clinics-9.jpg\" data-width=\"1000\" data-height=\"667\" aria-label=\"\" role=\"img\" ><\/div>\r\n\t\t\t\t\t\t\t\t\t\t\t<div class=\"elementor-gallery-item__overlay\"><\/div>\r\n\t\t\t\t\t\t\t\t\t\t\t\t\t\t<\/a>\r\n\t\t\t\t\t\t\t<a class=\"e-gallery-item elementor-gallery-item elementor-animated-content\" href=\"https:\/\/uku.eu\/wp-content\/uploads\/2024\/06\/City-clinics-10.jpg\" data-elementor-open-lightbox=\"yes\" data-elementor-lightbox-slideshow=\"54733a3\" data-e-action-hash=\"#elementor-action%3Aaction%3Dlightbox%26settings%3DeyJpZCI6MTU0NjAsInVybCI6Imh0dHBzOlwvXC91a3UuZXVcL3dwLWNvbnRlbnRcL3VwbG9hZHNcLzIwMjRcLzA2XC9DaXR5LWNsaW5pY3MtMTAuanBnIiwic2xpZGVzaG93IjoiNTQ3MzNhMyJ9\">\r\n\t\t\t\t\t<div class=\"e-gallery-image elementor-gallery-item__image\" data-thumbnail=\"https:\/\/uku.eu\/wp-content\/uploads\/2024\/06\/City-clinics-10.jpg\" data-width=\"667\" data-height=\"1000\" aria-label=\"\" role=\"img\" ><\/div>\r\n\t\t\t\t\t\t\t\t\t\t\t<div class=\"elementor-gallery-item__overlay\"><\/div>\r\n\t\t\t\t\t\t\t\t\t\t\t\t\t\t<\/a>\r\n\t\t\t\t\t\t\t<a class=\"e-gallery-item elementor-gallery-item elementor-animated-content\" href=\"https:\/\/uku.eu\/wp-content\/uploads\/2024\/06\/City-clinics-11.jpg\" data-elementor-open-lightbox=\"yes\" data-elementor-lightbox-slideshow=\"54733a3\" data-e-action-hash=\"#elementor-action%3Aaction%3Dlightbox%26settings%3DeyJpZCI6MTU0NjMsInVybCI6Imh0dHBzOlwvXC91a3UuZXVcL3dwLWNvbnRlbnRcL3VwbG9hZHNcLzIwMjRcLzA2XC9DaXR5LWNsaW5pY3MtMTEuanBnIiwic2xpZGVzaG93IjoiNTQ3MzNhMyJ9\">\r\n\t\t\t\t\t<div class=\"e-gallery-image elementor-gallery-item__image\" data-thumbnail=\"https:\/\/uku.eu\/wp-content\/uploads\/2024\/06\/City-clinics-11.jpg\" data-width=\"667\" data-height=\"1000\" aria-label=\"\" role=\"img\" ><\/div>\r\n\t\t\t\t\t\t\t\t\t\t\t<div class=\"elementor-gallery-item__overlay\"><\/div>\r\n\t\t\t\t\t\t\t\t\t\t\t\t\t\t<\/a>\r\n\t\t\t\t\t<\/div>\r\n\t\t\t\t\t<\/div>\n\t\t\t\t<\/div>\n\t\t\t\t<div class=\"elementor-element elementor-element-05ab7a4 elementor-widget elementor-widget-spacer\" data-id=\"05ab7a4\" data-element_type=\"widget\" data-e-type=\"widget\" data-widget_type=\"spacer.default\">\n\t\t\t\t<div class=\"elementor-widget-container\">\n\t\t\t\t\t\t\t<div class=\"elementor-spacer\">\n\t\t\t<div class=\"elementor-spacer-inner\"><\/div>\n\t\t<\/div>\n\t\t\t\t\t\t<\/div>\n\t\t\t\t<\/div>\n\t\t\t\t\t<\/div>\n\t\t<\/div>\n\t\t\t\t\t<\/div>\n\t\t<\/section>\n\t\t<div data-particle_enable=\"false\" data-particle-mobile-disabled=\"false\" class=\"elementor-element elementor-element-7ae38d0 e-grid e-con-boxed e-con e-parent\" data-id=\"7ae38d0\" data-element_type=\"container\" data-e-type=\"container\">\n\t\t\t\t\t<div class=\"e-con-inner\">\n\t\t\t\t<div class=\"elementor-element elementor-element-c16b3cb elementor-align-center elementor-widget elementor-widget-button\" data-id=\"c16b3cb\" data-element_type=\"widget\" data-e-type=\"widget\" data-widget_type=\"button.default\">\n\t\t\t\t<div class=\"elementor-widget-container\">\n\t\t\t\t\t\t\t\t\t<div class=\"elementor-button-wrapper\">\n\t\t\t\t\t<a class=\"elementor-button elementor-button-link elementor-size-sm\" href=\"https:\/\/uku.eu\/fi\/lammin-harmaa-kalkkivari-vosun-rannalla\/\">\n\t\t\t\t\t\t<span class=\"elementor-button-content-wrapper\">\n\t\t\t\t\t\t\t\t\t<span class=\"elementor-button-text\">\u2190<\/span>\n\t\t\t\t\t<\/span>\n\t\t\t\t\t<\/a>\n\t\t\t\t<\/div>\n\t\t\t\t\t\t\t\t<\/div>\n\t\t\t\t<\/div>\n\t\t\t\t<div class=\"elementor-element elementor-element-6a42898 elementor-align-center elementor-mobile-align-center elementor-widget elementor-widget-button\" data-id=\"6a42898\" data-element_type=\"widget\" data-e-type=\"widget\" data-widget_type=\"button.default\">\n\t\t\t\t<div class=\"elementor-widget-container\">\n\t\t\t\t\t\t\t\t\t<div class=\"elementor-button-wrapper\">\n\t\t\t\t\t<a class=\"elementor-button elementor-button-link elementor-size-sm\" href=\"https:\/\/uku.eu\/fi\/ilmaveere-kalkki-viimeistelyt\/\">\n\t\t\t\t\t\t<span class=\"elementor-button-content-wrapper\">\n\t\t\t\t\t\t\t\t\t<span class=\"elementor-button-text\">\u2192<\/span>\n\t\t\t\t\t<\/span>\n\t\t\t\t\t<\/a>\n\t\t\t\t<\/div>\n\t\t\t\t\t\t\t\t<\/div>\n\t\t\t\t<\/div>\n\t\t\t\t\t<\/div>\n\t\t\t\t<\/div>\n\t\t\t\t<\/div>\n\t\t","protected":false},"excerpt":{"rendered":"<p>UKU KALKKI-KROHVI: LUONNOLLINEN VIIMEISTELY CITY CLINICS HAMMASL\u00c4\u00c4K\u00c4RIKLINIKALLA Olemme innoissamme saadessamme jakaa kalkkimaalin ja kalkki-marmorino-kipsien kauneuden ja eleganssin City Clinicsin hammasklinikassa. N\u00e4m\u00e4 kalkkipohjaiset viimeistelyt t\u00e4ss\u00e4 kauniissa ymp\u00e4rist\u00f6ss\u00e4 ovat visuaalisesti upeita ja auttavat luomaan terveellisemm\u00e4n ja ymp\u00e4rist\u00f6yst\u00e4v\u00e4llisemm\u00e4n tilan. Ihanteellinen sairaaloille, kylpyl\u00f6ille, hotelleille ja julkisille alueille \u2013 kalkkilaastit ovat arvostettuja niiden luonnollisten ja myrkytt\u00f6mien ominaisuuksien vuoksi.Lis\u00e4ksi kalkkiviimeistelyill\u00e4mme on [&hellip;]<\/p>\n","protected":false},"author":1,"featured_media":0,"parent":10325,"menu_order":15,"comment_status":"closed","ping_status":"closed","template":"elementor_header_footer","meta":{"footnotes":""},"class_list":["post-15758","page","type-page","status-publish","hentry","entry"],"yoast_head":"<!-- This site is optimized with the Yoast SEO plugin v26.6 - https:\/\/yoast.com\/wordpress\/plugins\/seo\/ -->\n<title>UKU galleria<\/title>\n<meta name=\"robots\" content=\"index, follow, max-snippet:-1, max-image-preview:large, max-video-preview:-1\" \/>\n<link rel=\"canonical\" href=\"https:\/\/uku.eu\/galerii\/city-clinics\/\" \/>\n<meta property=\"og:locale\" content=\"fi_FI\" \/>\n<meta property=\"og:type\" content=\"article\" \/>\n<meta property=\"og:title\" content=\"UKU galleria\" \/>\n<meta property=\"og:description\" content=\"UKU KALKKI-KROHVI: LUONNOLLINEN VIIMEISTELY CITY CLINICS HAMMASL\u00c4\u00c4K\u00c4RIKLINIKALLA Olemme innoissamme saadessamme jakaa kalkkimaalin ja kalkki-marmorino-kipsien kauneuden ja eleganssin City Clinicsin hammasklinikassa. N\u00e4m\u00e4 kalkkipohjaiset viimeistelyt t\u00e4ss\u00e4 kauniissa ymp\u00e4rist\u00f6ss\u00e4 ovat visuaalisesti upeita ja auttavat luomaan terveellisemm\u00e4n ja ymp\u00e4rist\u00f6yst\u00e4v\u00e4llisemm\u00e4n tilan. Ihanteellinen sairaaloille, kylpyl\u00f6ille, hotelleille ja julkisille alueille \u2013 kalkkilaastit ovat arvostettuja niiden luonnollisten ja myrkytt\u00f6mien ominaisuuksien vuoksi.Lis\u00e4ksi kalkkiviimeistelyill\u00e4mme on [&hellip;]\" \/>\n<meta property=\"og:url\" content=\"https:\/\/uku.eu\/galerii\/city-clinics\/\" \/>\n<meta property=\"og:site_name\" content=\"Uku.eu\" \/>\n<meta property=\"article:publisher\" content=\"https:\/\/www.facebook.com\/Saviukumaja\/\" \/>\n<meta property=\"article:modified_time\" content=\"2025-08-25T15:27:22+00:00\" \/>\n<meta name=\"twitter:card\" content=\"summary_large_image\" \/>\n<meta name=\"twitter:label1\" content=\"Arvioitu lukuaika\" \/>\n\t<meta name=\"twitter:data1\" content=\"1 minuutti\" \/>\n<script type=\"application\/ld+json\" class=\"yoast-schema-graph\">{\"@context\":\"https:\/\/schema.org\",\"@graph\":[{\"@type\":\"WebPage\",\"@id\":\"https:\/\/uku.eu\/galerii\/city-clinics\/\",\"url\":\"https:\/\/uku.eu\/galerii\/city-clinics\/\",\"name\":\"UKU galleria\",\"isPartOf\":{\"@id\":\"https:\/\/uku.eu\/#website\"},\"datePublished\":\"2024-06-10T06:49:45+00:00\",\"dateModified\":\"2025-08-25T15:27:22+00:00\",\"breadcrumb\":{\"@id\":\"https:\/\/uku.eu\/galerii\/city-clinics\/#breadcrumb\"},\"inLanguage\":\"fi\",\"potentialAction\":[{\"@type\":\"ReadAction\",\"target\":[\"https:\/\/uku.eu\/galerii\/city-clinics\/\"]}]},{\"@type\":\"BreadcrumbList\",\"@id\":\"https:\/\/uku.eu\/galerii\/city-clinics\/#breadcrumb\",\"itemListElement\":[{\"@type\":\"ListItem\",\"position\":1,\"name\":\"Home\",\"item\":\"https:\/\/uku.eu\/\"},{\"@type\":\"ListItem\",\"position\":2,\"name\":\"Galleria\",\"item\":\"https:\/\/uku.eu\/galerii\/\"},{\"@type\":\"ListItem\",\"position\":3,\"name\":\"City Clinics\"}]},{\"@type\":\"WebSite\",\"@id\":\"https:\/\/uku.eu\/#website\",\"url\":\"https:\/\/uku.eu\/\",\"name\":\"Krohvid ja v\u00e4rvid otse loodusest\",\"description\":\"\",\"publisher\":{\"@id\":\"https:\/\/uku.eu\/#organization\"},\"potentialAction\":[{\"@type\":\"SearchAction\",\"target\":{\"@type\":\"EntryPoint\",\"urlTemplate\":\"https:\/\/uku.eu\/?s={search_term_string}\"},\"query-input\":{\"@type\":\"PropertyValueSpecification\",\"valueRequired\":true,\"valueName\":\"search_term_string\"}}],\"inLanguage\":\"fi\"},{\"@type\":\"Organization\",\"@id\":\"https:\/\/uku.eu\/#organization\",\"name\":\"Saviukumaja O\u00dc\",\"url\":\"https:\/\/uku.eu\/\",\"logo\":{\"@type\":\"ImageObject\",\"inLanguage\":\"fi\",\"@id\":\"https:\/\/uku.eu\/#\/schema\/logo\/image\/\",\"url\":\"https:\/\/uku.eu\/wp-content\/uploads\/2021\/02\/cropped-UKU-Logo.jpg\",\"contentUrl\":\"https:\/\/uku.eu\/wp-content\/uploads\/2021\/02\/cropped-UKU-Logo.jpg\",\"width\":512,\"height\":512,\"caption\":\"Saviukumaja O\u00dc\"},\"image\":{\"@id\":\"https:\/\/uku.eu\/#\/schema\/logo\/image\/\"},\"sameAs\":[\"https:\/\/www.facebook.com\/Saviukumaja\/\",\"https:\/\/www.instagram.com\/saviukumaja\/\",\"https:\/\/www.linkedin.com\/company\/saviukumaja\",\"https:\/\/www.pinterest.com\/saviukumaja\/\",\"https:\/\/www.youtube.com\/c\/UKUPureEarth\"]}]}<\/script>\n<!-- \/ Yoast SEO plugin. -->","yoast_head_json":{"title":"UKU galleria","robots":{"index":"index","follow":"follow","max-snippet":"max-snippet:-1","max-image-preview":"max-image-preview:large","max-video-preview":"max-video-preview:-1"},"canonical":"https:\/\/uku.eu\/galerii\/city-clinics\/","og_locale":"fi_FI","og_type":"article","og_title":"UKU galleria","og_description":"UKU KALKKI-KROHVI: LUONNOLLINEN VIIMEISTELY CITY CLINICS HAMMASL\u00c4\u00c4K\u00c4RIKLINIKALLA Olemme innoissamme saadessamme jakaa kalkkimaalin ja kalkki-marmorino-kipsien kauneuden ja eleganssin City Clinicsin hammasklinikassa. N\u00e4m\u00e4 kalkkipohjaiset viimeistelyt t\u00e4ss\u00e4 kauniissa ymp\u00e4rist\u00f6ss\u00e4 ovat visuaalisesti upeita ja auttavat luomaan terveellisemm\u00e4n ja ymp\u00e4rist\u00f6yst\u00e4v\u00e4llisemm\u00e4n tilan. Ihanteellinen sairaaloille, kylpyl\u00f6ille, hotelleille ja julkisille alueille \u2013 kalkkilaastit ovat arvostettuja niiden luonnollisten ja myrkytt\u00f6mien ominaisuuksien vuoksi.Lis\u00e4ksi kalkkiviimeistelyill\u00e4mme on [&hellip;]","og_url":"https:\/\/uku.eu\/galerii\/city-clinics\/","og_site_name":"Uku.eu","article_publisher":"https:\/\/www.facebook.com\/Saviukumaja\/","article_modified_time":"2025-08-25T15:27:22+00:00","twitter_card":"summary_large_image","twitter_misc":{"Arvioitu lukuaika":"1 minuutti"},"schema":{"@context":"https:\/\/schema.org","@graph":[{"@type":"WebPage","@id":"https:\/\/uku.eu\/galerii\/city-clinics\/","url":"https:\/\/uku.eu\/galerii\/city-clinics\/","name":"UKU galleria","isPartOf":{"@id":"https:\/\/uku.eu\/#website"},"datePublished":"2024-06-10T06:49:45+00:00","dateModified":"2025-08-25T15:27:22+00:00","breadcrumb":{"@id":"https:\/\/uku.eu\/galerii\/city-clinics\/#breadcrumb"},"inLanguage":"fi","potentialAction":[{"@type":"ReadAction","target":["https:\/\/uku.eu\/galerii\/city-clinics\/"]}]},{"@type":"BreadcrumbList","@id":"https:\/\/uku.eu\/galerii\/city-clinics\/#breadcrumb","itemListElement":[{"@type":"ListItem","position":1,"name":"Home","item":"https:\/\/uku.eu\/"},{"@type":"ListItem","position":2,"name":"Galleria","item":"https:\/\/uku.eu\/galerii\/"},{"@type":"ListItem","position":3,"name":"City Clinics"}]},{"@type":"WebSite","@id":"https:\/\/uku.eu\/#website","url":"https:\/\/uku.eu\/","name":"Krohvid ja v\u00e4rvid otse loodusest","description":"","publisher":{"@id":"https:\/\/uku.eu\/#organization"},"potentialAction":[{"@type":"SearchAction","target":{"@type":"EntryPoint","urlTemplate":"https:\/\/uku.eu\/?s={search_term_string}"},"query-input":{"@type":"PropertyValueSpecification","valueRequired":true,"valueName":"search_term_string"}}],"inLanguage":"fi"},{"@type":"Organization","@id":"https:\/\/uku.eu\/#organization","name":"Saviukumaja O\u00dc","url":"https:\/\/uku.eu\/","logo":{"@type":"ImageObject","inLanguage":"fi","@id":"https:\/\/uku.eu\/#\/schema\/logo\/image\/","url":"https:\/\/uku.eu\/wp-content\/uploads\/2021\/02\/cropped-UKU-Logo.jpg","contentUrl":"https:\/\/uku.eu\/wp-content\/uploads\/2021\/02\/cropped-UKU-Logo.jpg","width":512,"height":512,"caption":"Saviukumaja O\u00dc"},"image":{"@id":"https:\/\/uku.eu\/#\/schema\/logo\/image\/"},"sameAs":["https:\/\/www.facebook.com\/Saviukumaja\/","https:\/\/www.instagram.com\/saviukumaja\/","https:\/\/www.linkedin.com\/company\/saviukumaja","https:\/\/www.pinterest.com\/saviukumaja\/","https:\/\/www.youtube.com\/c\/UKUPureEarth"]}]}},"_links":{"self":[{"href":"https:\/\/uku.eu\/fi\/wp-json\/wp\/v2\/pages\/15758","targetHints":{"allow":["GET"]}}],"collection":[{"href":"https:\/\/uku.eu\/fi\/wp-json\/wp\/v2\/pages"}],"about":[{"href":"https:\/\/uku.eu\/fi\/wp-json\/wp\/v2\/types\/page"}],"author":[{"embeddable":true,"href":"https:\/\/uku.eu\/fi\/wp-json\/wp\/v2\/users\/1"}],"replies":[{"embeddable":true,"href":"https:\/\/uku.eu\/fi\/wp-json\/wp\/v2\/comments?post=15758"}],"version-history":[{"count":6,"href":"https:\/\/uku.eu\/fi\/wp-json\/wp\/v2\/pages\/15758\/revisions"}],"predecessor-version":[{"id":32427,"href":"https:\/\/uku.eu\/fi\/wp-json\/wp\/v2\/pages\/15758\/revisions\/32427"}],"up":[{"embeddable":true,"href":"https:\/\/uku.eu\/fi\/wp-json\/wp\/v2\/pages\/10325"}],"wp:attachment":[{"href":"https:\/\/uku.eu\/fi\/wp-json\/wp\/v2\/media?parent=15758"}],"curies":[{"name":"wp","href":"https:\/\/api.w.org\/{rel}","templated":true}]}}