{"id":15822,"date":"2024-06-06T09:07:39","date_gmt":"2024-06-06T07:07:39","guid":{"rendered":"https:\/\/uku.eu\/galleria\/tammelinnan-kalkkilaasti\/"},"modified":"2025-08-25T17:46:01","modified_gmt":"2025-08-25T15:46:01","slug":"tammelinnan-kalkkilaasti","status":"publish","type":"page","link":"https:\/\/uku.eu\/fi\/galleria\/tammelinnan-kalkkilaasti\/","title":{"rendered":"Tammelinnan kalkkilaasti"},"content":{"rendered":"\t\t<div data-elementor-type=\"wp-page\" data-elementor-id=\"15822\" class=\"elementor elementor-15822 elementor-15148\" data-elementor-post-type=\"page\">\n\t\t\t\t\t\t<section data-particle_enable=\"false\" data-particle-mobile-disabled=\"false\" class=\"elementor-section elementor-top-section elementor-element elementor-element-369f214 elementor-section-boxed elementor-section-height-default elementor-section-height-default\" data-id=\"369f214\" data-element_type=\"section\" data-e-type=\"section\">\n\t\t\t\t\t\t<div class=\"elementor-container elementor-column-gap-default\">\n\t\t\t\t\t<div class=\"elementor-column elementor-col-100 elementor-top-column elementor-element elementor-element-2cbef93\" data-id=\"2cbef93\" data-element_type=\"column\" data-e-type=\"column\">\n\t\t\t<div class=\"elementor-widget-wrap elementor-element-populated\">\n\t\t\t\t\t\t<div class=\"elementor-element elementor-element-05834f6 elementor-widget elementor-widget-spacer\" data-id=\"05834f6\" data-element_type=\"widget\" data-e-type=\"widget\" data-widget_type=\"spacer.default\">\n\t\t\t\t<div class=\"elementor-widget-container\">\n\t\t\t\t\t\t\t<div class=\"elementor-spacer\">\n\t\t\t<div class=\"elementor-spacer-inner\"><\/div>\n\t\t<\/div>\n\t\t\t\t\t\t<\/div>\n\t\t\t\t<\/div>\n\t\t\t\t<div class=\"elementor-element elementor-element-67c546f elementor-widget elementor-widget-heading\" data-id=\"67c546f\" data-element_type=\"widget\" data-e-type=\"widget\" data-widget_type=\"heading.default\">\n\t\t\t\t<div class=\"elementor-widget-container\">\n\t\t\t\t\t<h2 class=\"elementor-heading-title elementor-size-default\">MARMORI-KALKKILAASTI TAMMELINNASSA<\/h2>\t\t\t\t<\/div>\n\t\t\t\t<\/div>\n\t\t\t\t<div class=\"elementor-element elementor-element-09360b3 elementor-widget elementor-widget-spacer\" data-id=\"09360b3\" data-element_type=\"widget\" data-e-type=\"widget\" data-widget_type=\"spacer.default\">\n\t\t\t\t<div class=\"elementor-widget-container\">\n\t\t\t\t\t\t\t<div class=\"elementor-spacer\">\n\t\t\t<div class=\"elementor-spacer-inner\"><\/div>\n\t\t<\/div>\n\t\t\t\t\t\t<\/div>\n\t\t\t\t<\/div>\n\t\t\t\t<div class=\"elementor-element elementor-element-cdde830 elementor-widget elementor-widget-text-editor\" data-id=\"cdde830\" data-element_type=\"widget\" data-e-type=\"widget\" data-widget_type=\"text-editor.default\">\n\t\t\t\t<div class=\"elementor-widget-container\">\n\t\t\t\t\t\t\t\t\t<p data-start=\"545\" data-end=\"922\"><strong data-start=\"545\" data-end=\"662\">Marmori-kalkkilaasti tuo ajattoman eleganssin Tammelinnan tiloihin, luoden herk\u00e4n ja luonnonl\u00e4heisen tunnelman.<\/strong><\/p>\n<p><\/p>\n<p data-start=\"545\" data-end=\"922\">Avarat huoneet suurilla ikkunoilla p\u00e4\u00e4st\u00e4v\u00e4t luonnonvalon virtaamaan joka nurkkaan, luoden ilmavan ja avoimen tunnelman. Asunto, joka yhdist\u00e4\u00e4 luonnonmateriaalien l\u00e4mp\u00f6\u00e4 ja nykyaikaisen sisustuksen puhtautta, tuo esiin kunkin huoneen parhaat ominaisuudet.<\/p>\n<p><\/p>\n<p data-start=\"924\" data-end=\"983\"><strong data-start=\"924\" data-end=\"950\">Viimeistely: <\/strong>Wanawiisi<br data-start=\"950\" data-end=\"953\" \/><strong data-start=\"953\" data-end=\"983\">Valokuvat: <\/strong>Sergei Zjuganov<\/p>\n\t\t\t\t\t\t\t\t<\/div>\n\t\t\t\t<\/div>\n\t\t\t\t<div class=\"elementor-element elementor-element-955454a elementor-widget elementor-widget-spacer\" data-id=\"955454a\" data-element_type=\"widget\" data-e-type=\"widget\" data-widget_type=\"spacer.default\">\n\t\t\t\t<div class=\"elementor-widget-container\">\n\t\t\t\t\t\t\t<div class=\"elementor-spacer\">\n\t\t\t<div class=\"elementor-spacer-inner\"><\/div>\n\t\t<\/div>\n\t\t\t\t\t\t<\/div>\n\t\t\t\t<\/div>\n\t\t\t\t<div class=\"elementor-element elementor-element-54733a3 elementor-widget elementor-widget-gallery\" data-id=\"54733a3\" data-element_type=\"widget\" data-e-type=\"widget\" data-settings=\"{&quot;lazyload&quot;:&quot;yes&quot;,&quot;gallery_layout&quot;:&quot;grid&quot;,&quot;columns&quot;:4,&quot;columns_tablet&quot;:2,&quot;columns_mobile&quot;:1,&quot;gap&quot;:{&quot;unit&quot;:&quot;px&quot;,&quot;size&quot;:10,&quot;sizes&quot;:[]},&quot;gap_tablet&quot;:{&quot;unit&quot;:&quot;px&quot;,&quot;size&quot;:10,&quot;sizes&quot;:[]},&quot;gap_mobile&quot;:{&quot;unit&quot;:&quot;px&quot;,&quot;size&quot;:10,&quot;sizes&quot;:[]},&quot;link_to&quot;:&quot;file&quot;,&quot;aspect_ratio&quot;:&quot;3:2&quot;,&quot;overlay_background&quot;:&quot;yes&quot;,&quot;content_hover_animation&quot;:&quot;fade-in&quot;}\" data-widget_type=\"gallery.default\">\n\t\t\t\t<div class=\"elementor-widget-container\">\n\t\t\t\t\t\t\t<div class=\"elementor-gallery__container\">\r\n\t\t\t\t\t\t\t<a class=\"e-gallery-item elementor-gallery-item elementor-animated-content\" href=\"https:\/\/uku.eu\/wp-content\/uploads\/2024\/06\/Vambola-Tuumik-1.jpg\" data-elementor-open-lightbox=\"yes\" data-elementor-lightbox-slideshow=\"54733a3\" data-e-action-hash=\"#elementor-action%3Aaction%3Dlightbox%26settings%3DeyJpZCI6MTUxNTEsInVybCI6Imh0dHBzOlwvXC91a3UuZXVcL3dwLWNvbnRlbnRcL3VwbG9hZHNcLzIwMjRcLzA2XC9WYW1ib2xhLVR1dW1pay0xLmpwZyIsInNsaWRlc2hvdyI6IjU0NzMzYTMifQ%3D%3D\">\r\n\t\t\t\t\t<div class=\"e-gallery-image elementor-gallery-item__image\" data-thumbnail=\"https:\/\/uku.eu\/wp-content\/uploads\/2024\/06\/Vambola-Tuumik-1.jpg\" data-width=\"800\" data-height=\"1000\" aria-label=\"\" role=\"img\" ><\/div>\r\n\t\t\t\t\t\t\t\t\t\t\t<div class=\"elementor-gallery-item__overlay\"><\/div>\r\n\t\t\t\t\t\t\t\t\t\t\t\t\t\t<\/a>\r\n\t\t\t\t\t\t\t<a class=\"e-gallery-item elementor-gallery-item elementor-animated-content\" href=\"https:\/\/uku.eu\/wp-content\/uploads\/2024\/06\/Vambola-Tuumik-2.jpg\" data-elementor-open-lightbox=\"yes\" data-elementor-lightbox-slideshow=\"54733a3\" data-e-action-hash=\"#elementor-action%3Aaction%3Dlightbox%26settings%3DeyJpZCI6MTUxNTQsInVybCI6Imh0dHBzOlwvXC91a3UuZXVcL3dwLWNvbnRlbnRcL3VwbG9hZHNcLzIwMjRcLzA2XC9WYW1ib2xhLVR1dW1pay0yLmpwZyIsInNsaWRlc2hvdyI6IjU0NzMzYTMifQ%3D%3D\">\r\n\t\t\t\t\t<div class=\"e-gallery-image elementor-gallery-item__image\" data-thumbnail=\"https:\/\/uku.eu\/wp-content\/uploads\/2024\/06\/Vambola-Tuumik-2.jpg\" data-width=\"800\" data-height=\"1000\" aria-label=\"\" role=\"img\" ><\/div>\r\n\t\t\t\t\t\t\t\t\t\t\t<div class=\"elementor-gallery-item__overlay\"><\/div>\r\n\t\t\t\t\t\t\t\t\t\t\t\t\t\t<\/a>\r\n\t\t\t\t\t\t\t<a class=\"e-gallery-item elementor-gallery-item elementor-animated-content\" href=\"https:\/\/uku.eu\/wp-content\/uploads\/2024\/06\/Vambola-Tuumik-3.jpg\" data-elementor-open-lightbox=\"yes\" data-elementor-lightbox-slideshow=\"54733a3\" data-e-action-hash=\"#elementor-action%3Aaction%3Dlightbox%26settings%3DeyJpZCI6MTUxNTcsInVybCI6Imh0dHBzOlwvXC91a3UuZXVcL3dwLWNvbnRlbnRcL3VwbG9hZHNcLzIwMjRcLzA2XC9WYW1ib2xhLVR1dW1pay0zLmpwZyIsInNsaWRlc2hvdyI6IjU0NzMzYTMifQ%3D%3D\">\r\n\t\t\t\t\t<div class=\"e-gallery-image elementor-gallery-item__image\" data-thumbnail=\"https:\/\/uku.eu\/wp-content\/uploads\/2024\/06\/Vambola-Tuumik-3.jpg\" data-width=\"714\" data-height=\"1000\" aria-label=\"\" role=\"img\" ><\/div>\r\n\t\t\t\t\t\t\t\t\t\t\t<div class=\"elementor-gallery-item__overlay\"><\/div>\r\n\t\t\t\t\t\t\t\t\t\t\t\t\t\t<\/a>\r\n\t\t\t\t\t\t\t<a class=\"e-gallery-item elementor-gallery-item elementor-animated-content\" href=\"https:\/\/uku.eu\/wp-content\/uploads\/2024\/06\/Vambola-Tuumik-4.jpg\" data-elementor-open-lightbox=\"yes\" data-elementor-lightbox-slideshow=\"54733a3\" data-e-action-hash=\"#elementor-action%3Aaction%3Dlightbox%26settings%3DeyJpZCI6MTUxNjAsInVybCI6Imh0dHBzOlwvXC91a3UuZXVcL3dwLWNvbnRlbnRcL3VwbG9hZHNcLzIwMjRcLzA2XC9WYW1ib2xhLVR1dW1pay00LmpwZyIsInNsaWRlc2hvdyI6IjU0NzMzYTMifQ%3D%3D\">\r\n\t\t\t\t\t<div class=\"e-gallery-image elementor-gallery-item__image\" data-thumbnail=\"https:\/\/uku.eu\/wp-content\/uploads\/2024\/06\/Vambola-Tuumik-4.jpg\" data-width=\"799\" data-height=\"1000\" aria-label=\"\" role=\"img\" ><\/div>\r\n\t\t\t\t\t\t\t\t\t\t\t<div class=\"elementor-gallery-item__overlay\"><\/div>\r\n\t\t\t\t\t\t\t\t\t\t\t\t\t\t<\/a>\r\n\t\t\t\t\t\t\t<a class=\"e-gallery-item elementor-gallery-item elementor-animated-content\" href=\"https:\/\/uku.eu\/wp-content\/uploads\/2024\/06\/Vambola-Tuumik-5.jpg\" data-elementor-open-lightbox=\"yes\" data-elementor-lightbox-slideshow=\"54733a3\" data-e-action-hash=\"#elementor-action%3Aaction%3Dlightbox%26settings%3DeyJpZCI6MTUxNjMsInVybCI6Imh0dHBzOlwvXC91a3UuZXVcL3dwLWNvbnRlbnRcL3VwbG9hZHNcLzIwMjRcLzA2XC9WYW1ib2xhLVR1dW1pay01LmpwZyIsInNsaWRlc2hvdyI6IjU0NzMzYTMifQ%3D%3D\">\r\n\t\t\t\t\t<div class=\"e-gallery-image elementor-gallery-item__image\" data-thumbnail=\"https:\/\/uku.eu\/wp-content\/uploads\/2024\/06\/Vambola-Tuumik-5.jpg\" data-width=\"799\" data-height=\"1000\" aria-label=\"\" role=\"img\" ><\/div>\r\n\t\t\t\t\t\t\t\t\t\t\t<div class=\"elementor-gallery-item__overlay\"><\/div>\r\n\t\t\t\t\t\t\t\t\t\t\t\t\t\t<\/a>\r\n\t\t\t\t\t\t\t<a class=\"e-gallery-item elementor-gallery-item elementor-animated-content\" href=\"https:\/\/uku.eu\/wp-content\/uploads\/2024\/06\/Vambola-Tuumik-6.jpg\" data-elementor-open-lightbox=\"yes\" data-elementor-lightbox-slideshow=\"54733a3\" data-e-action-hash=\"#elementor-action%3Aaction%3Dlightbox%26settings%3DeyJpZCI6MTUxNjYsInVybCI6Imh0dHBzOlwvXC91a3UuZXVcL3dwLWNvbnRlbnRcL3VwbG9hZHNcLzIwMjRcLzA2XC9WYW1ib2xhLVR1dW1pay02LmpwZyIsInNsaWRlc2hvdyI6IjU0NzMzYTMifQ%3D%3D\">\r\n\t\t\t\t\t<div class=\"e-gallery-image elementor-gallery-item__image\" data-thumbnail=\"https:\/\/uku.eu\/wp-content\/uploads\/2024\/06\/Vambola-Tuumik-6.jpg\" data-width=\"800\" data-height=\"1000\" aria-label=\"\" role=\"img\" ><\/div>\r\n\t\t\t\t\t\t\t\t\t\t\t<div class=\"elementor-gallery-item__overlay\"><\/div>\r\n\t\t\t\t\t\t\t\t\t\t\t\t\t\t<\/a>\r\n\t\t\t\t\t\t\t<a class=\"e-gallery-item elementor-gallery-item elementor-animated-content\" href=\"https:\/\/uku.eu\/wp-content\/uploads\/2024\/06\/Vambola-Tuumik-7.jpg\" data-elementor-open-lightbox=\"yes\" data-elementor-lightbox-slideshow=\"54733a3\" data-e-action-hash=\"#elementor-action%3Aaction%3Dlightbox%26settings%3DeyJpZCI6MTUxNjksInVybCI6Imh0dHBzOlwvXC91a3UuZXVcL3dwLWNvbnRlbnRcL3VwbG9hZHNcLzIwMjRcLzA2XC9WYW1ib2xhLVR1dW1pay03LmpwZyIsInNsaWRlc2hvdyI6IjU0NzMzYTMifQ%3D%3D\">\r\n\t\t\t\t\t<div class=\"e-gallery-image elementor-gallery-item__image\" data-thumbnail=\"https:\/\/uku.eu\/wp-content\/uploads\/2024\/06\/Vambola-Tuumik-7.jpg\" data-width=\"799\" data-height=\"1000\" aria-label=\"\" role=\"img\" ><\/div>\r\n\t\t\t\t\t\t\t\t\t\t\t<div class=\"elementor-gallery-item__overlay\"><\/div>\r\n\t\t\t\t\t\t\t\t\t\t\t\t\t\t<\/a>\r\n\t\t\t\t\t\t\t<a class=\"e-gallery-item elementor-gallery-item elementor-animated-content\" href=\"https:\/\/uku.eu\/wp-content\/uploads\/2024\/06\/Vambola-Tuumik-9.jpg\" data-elementor-open-lightbox=\"yes\" data-elementor-lightbox-slideshow=\"54733a3\" data-e-action-hash=\"#elementor-action%3Aaction%3Dlightbox%26settings%3DeyJpZCI6MTUxNzUsInVybCI6Imh0dHBzOlwvXC91a3UuZXVcL3dwLWNvbnRlbnRcL3VwbG9hZHNcLzIwMjRcLzA2XC9WYW1ib2xhLVR1dW1pay05LmpwZyIsInNsaWRlc2hvdyI6IjU0NzMzYTMifQ%3D%3D\">\r\n\t\t\t\t\t<div class=\"e-gallery-image elementor-gallery-item__image\" data-thumbnail=\"https:\/\/uku.eu\/wp-content\/uploads\/2024\/06\/Vambola-Tuumik-9.jpg\" data-width=\"799\" data-height=\"1000\" aria-label=\"\" role=\"img\" ><\/div>\r\n\t\t\t\t\t\t\t\t\t\t\t<div class=\"elementor-gallery-item__overlay\"><\/div>\r\n\t\t\t\t\t\t\t\t\t\t\t\t\t\t<\/a>\r\n\t\t\t\t\t\t\t<a class=\"e-gallery-item elementor-gallery-item elementor-animated-content\" href=\"https:\/\/uku.eu\/wp-content\/uploads\/2024\/06\/Vambola-Tuumik-10.jpg\" data-elementor-open-lightbox=\"yes\" data-elementor-lightbox-slideshow=\"54733a3\" data-e-action-hash=\"#elementor-action%3Aaction%3Dlightbox%26settings%3DeyJpZCI6MTUxNzgsInVybCI6Imh0dHBzOlwvXC91a3UuZXVcL3dwLWNvbnRlbnRcL3VwbG9hZHNcLzIwMjRcLzA2XC9WYW1ib2xhLVR1dW1pay0xMC5qcGciLCJzbGlkZXNob3ciOiI1NDczM2EzIn0%3D\">\r\n\t\t\t\t\t<div class=\"e-gallery-image elementor-gallery-item__image\" data-thumbnail=\"https:\/\/uku.eu\/wp-content\/uploads\/2024\/06\/Vambola-Tuumik-10.jpg\" data-width=\"799\" data-height=\"1000\" aria-label=\"\" role=\"img\" ><\/div>\r\n\t\t\t\t\t\t\t\t\t\t\t<div class=\"elementor-gallery-item__overlay\"><\/div>\r\n\t\t\t\t\t\t\t\t\t\t\t\t\t\t<\/a>\r\n\t\t\t\t\t<\/div>\r\n\t\t\t\t\t<\/div>\n\t\t\t\t<\/div>\n\t\t\t\t<div class=\"elementor-element elementor-element-e807125 elementor-widget elementor-widget-spacer\" data-id=\"e807125\" data-element_type=\"widget\" data-e-type=\"widget\" data-widget_type=\"spacer.default\">\n\t\t\t\t<div class=\"elementor-widget-container\">\n\t\t\t\t\t\t\t<div class=\"elementor-spacer\">\n\t\t\t<div class=\"elementor-spacer-inner\"><\/div>\n\t\t<\/div>\n\t\t\t\t\t\t<\/div>\n\t\t\t\t<\/div>\n\t\t\t\t\t<\/div>\n\t\t<\/div>\n\t\t\t\t\t<\/div>\n\t\t<\/section>\n\t\t<div data-particle_enable=\"false\" data-particle-mobile-disabled=\"false\" class=\"elementor-element elementor-element-e448b26 e-grid e-con-boxed e-con e-parent\" data-id=\"e448b26\" data-element_type=\"container\" data-e-type=\"container\">\n\t\t\t\t\t<div class=\"e-con-inner\">\n\t\t\t\t<div class=\"elementor-element elementor-element-4a0451b elementor-align-center elementor-widget elementor-widget-button\" data-id=\"4a0451b\" data-element_type=\"widget\" data-e-type=\"widget\" data-widget_type=\"button.default\">\n\t\t\t\t<div class=\"elementor-widget-container\">\n\t\t\t\t\t\t\t\t\t<div class=\"elementor-button-wrapper\">\n\t\t\t\t\t<a class=\"elementor-button elementor-button-link elementor-size-sm\" href=\"https:\/\/uku.eu\/fi\/galleria\/marmorikalkkikipsi-ja-tiilet-luonnollisessa-yhdistelmassa\/\">\n\t\t\t\t\t\t<span class=\"elementor-button-content-wrapper\">\n\t\t\t\t\t\t\t\t\t<span class=\"elementor-button-text\">\u2190<\/span>\n\t\t\t\t\t<\/span>\n\t\t\t\t\t<\/a>\n\t\t\t\t<\/div>\n\t\t\t\t\t\t\t\t<\/div>\n\t\t\t\t<\/div>\n\t\t\t\t<div class=\"elementor-element elementor-element-06e7487 elementor-align-center elementor-mobile-align-center elementor-widget elementor-widget-button\" data-id=\"06e7487\" data-element_type=\"widget\" data-e-type=\"widget\" data-widget_type=\"button.default\">\n\t\t\t\t<div class=\"elementor-widget-container\">\n\t\t\t\t\t\t\t\t\t<div class=\"elementor-button-wrapper\">\n\t\t\t\t\t<a class=\"elementor-button elementor-button-link elementor-size-sm\" href=\"https:\/\/uku.eu\/fi\/galleria\/uku-paattyy-tarttoon\/\">\n\t\t\t\t\t\t<span class=\"elementor-button-content-wrapper\">\n\t\t\t\t\t\t\t\t\t<span class=\"elementor-button-text\">\u2192<\/span>\n\t\t\t\t\t<\/span>\n\t\t\t\t\t<\/a>\n\t\t\t\t<\/div>\n\t\t\t\t\t\t\t\t<\/div>\n\t\t\t\t<\/div>\n\t\t\t\t\t<\/div>\n\t\t\t\t<\/div>\n\t\t\t\t<\/div>\n\t\t","protected":false},"excerpt":{"rendered":"<p>MARMORI-KALKKILAASTI TAMMELINNASSA Marmori-kalkkilaasti tuo ajattoman eleganssin Tammelinnan tiloihin, luoden herk\u00e4n ja luonnonl\u00e4heisen tunnelman. Avarat huoneet suurilla ikkunoilla p\u00e4\u00e4st\u00e4v\u00e4t luonnonvalon virtaamaan joka nurkkaan, luoden ilmavan ja avoimen tunnelman. Asunto, joka yhdist\u00e4\u00e4 luonnonmateriaalien l\u00e4mp\u00f6\u00e4 ja nykyaikaisen sisustuksen puhtautta, tuo esiin kunkin huoneen parhaat ominaisuudet. Viimeistely: WanawiisiValokuvat: Sergei Zjuganov \u2190 \u2192<\/p>\n","protected":false},"author":1,"featured_media":0,"parent":10325,"menu_order":15,"comment_status":"closed","ping_status":"closed","template":"elementor_header_footer","meta":{"footnotes":""},"class_list":["post-15822","page","type-page","status-publish","hentry","entry"],"yoast_head":"<!-- This site is optimized with the Yoast SEO plugin v26.6 - https:\/\/yoast.com\/wordpress\/plugins\/seo\/ -->\n<title>UKU galleria<\/title>\n<meta name=\"robots\" content=\"index, follow, max-snippet:-1, max-image-preview:large, max-video-preview:-1\" \/>\n<link rel=\"canonical\" href=\"https:\/\/uku.eu\/galerii\/tammelinna-lubikrohv\/\" \/>\n<meta property=\"og:locale\" content=\"fi_FI\" \/>\n<meta property=\"og:type\" content=\"article\" \/>\n<meta property=\"og:title\" content=\"UKU galleria\" \/>\n<meta property=\"og:description\" content=\"MARMORI-KALKKILAASTI TAMMELINNASSA Marmori-kalkkilaasti tuo ajattoman eleganssin Tammelinnan tiloihin, luoden herk\u00e4n ja luonnonl\u00e4heisen tunnelman. Avarat huoneet suurilla ikkunoilla p\u00e4\u00e4st\u00e4v\u00e4t luonnonvalon virtaamaan joka nurkkaan, luoden ilmavan ja avoimen tunnelman. Asunto, joka yhdist\u00e4\u00e4 luonnonmateriaalien l\u00e4mp\u00f6\u00e4 ja nykyaikaisen sisustuksen puhtautta, tuo esiin kunkin huoneen parhaat ominaisuudet. Viimeistely: WanawiisiValokuvat: Sergei Zjuganov \u2190 \u2192\" \/>\n<meta property=\"og:url\" content=\"https:\/\/uku.eu\/galerii\/tammelinna-lubikrohv\/\" \/>\n<meta property=\"og:site_name\" content=\"Uku.eu\" \/>\n<meta property=\"article:publisher\" content=\"https:\/\/www.facebook.com\/Saviukumaja\/\" \/>\n<meta property=\"article:modified_time\" content=\"2025-08-25T15:46:01+00:00\" \/>\n<meta name=\"twitter:card\" content=\"summary_large_image\" \/>\n<script type=\"application\/ld+json\" class=\"yoast-schema-graph\">{\"@context\":\"https:\/\/schema.org\",\"@graph\":[{\"@type\":\"WebPage\",\"@id\":\"https:\/\/uku.eu\/galerii\/tammelinna-lubikrohv\/\",\"url\":\"https:\/\/uku.eu\/galerii\/tammelinna-lubikrohv\/\",\"name\":\"UKU galleria\",\"isPartOf\":{\"@id\":\"https:\/\/uku.eu\/#website\"},\"datePublished\":\"2024-06-06T07:07:39+00:00\",\"dateModified\":\"2025-08-25T15:46:01+00:00\",\"breadcrumb\":{\"@id\":\"https:\/\/uku.eu\/galerii\/tammelinna-lubikrohv\/#breadcrumb\"},\"inLanguage\":\"fi\",\"potentialAction\":[{\"@type\":\"ReadAction\",\"target\":[\"https:\/\/uku.eu\/galerii\/tammelinna-lubikrohv\/\"]}]},{\"@type\":\"BreadcrumbList\",\"@id\":\"https:\/\/uku.eu\/galerii\/tammelinna-lubikrohv\/#breadcrumb\",\"itemListElement\":[{\"@type\":\"ListItem\",\"position\":1,\"name\":\"Home\",\"item\":\"https:\/\/uku.eu\/\"},{\"@type\":\"ListItem\",\"position\":2,\"name\":\"Galleria\",\"item\":\"https:\/\/uku.eu\/galerii\/\"},{\"@type\":\"ListItem\",\"position\":3,\"name\":\"Tammelinnan kalkkilaasti\"}]},{\"@type\":\"WebSite\",\"@id\":\"https:\/\/uku.eu\/#website\",\"url\":\"https:\/\/uku.eu\/\",\"name\":\"Krohvid ja v\u00e4rvid otse loodusest\",\"description\":\"\",\"publisher\":{\"@id\":\"https:\/\/uku.eu\/#organization\"},\"potentialAction\":[{\"@type\":\"SearchAction\",\"target\":{\"@type\":\"EntryPoint\",\"urlTemplate\":\"https:\/\/uku.eu\/?s={search_term_string}\"},\"query-input\":{\"@type\":\"PropertyValueSpecification\",\"valueRequired\":true,\"valueName\":\"search_term_string\"}}],\"inLanguage\":\"fi\"},{\"@type\":\"Organization\",\"@id\":\"https:\/\/uku.eu\/#organization\",\"name\":\"Saviukumaja O\u00dc\",\"url\":\"https:\/\/uku.eu\/\",\"logo\":{\"@type\":\"ImageObject\",\"inLanguage\":\"fi\",\"@id\":\"https:\/\/uku.eu\/#\/schema\/logo\/image\/\",\"url\":\"https:\/\/uku.eu\/wp-content\/uploads\/2021\/02\/cropped-UKU-Logo.jpg\",\"contentUrl\":\"https:\/\/uku.eu\/wp-content\/uploads\/2021\/02\/cropped-UKU-Logo.jpg\",\"width\":512,\"height\":512,\"caption\":\"Saviukumaja O\u00dc\"},\"image\":{\"@id\":\"https:\/\/uku.eu\/#\/schema\/logo\/image\/\"},\"sameAs\":[\"https:\/\/www.facebook.com\/Saviukumaja\/\",\"https:\/\/www.instagram.com\/saviukumaja\/\",\"https:\/\/www.linkedin.com\/company\/saviukumaja\",\"https:\/\/www.pinterest.com\/saviukumaja\/\",\"https:\/\/www.youtube.com\/c\/UKUPureEarth\"]}]}<\/script>\n<!-- \/ Yoast SEO plugin. -->","yoast_head_json":{"title":"UKU galleria","robots":{"index":"index","follow":"follow","max-snippet":"max-snippet:-1","max-image-preview":"max-image-preview:large","max-video-preview":"max-video-preview:-1"},"canonical":"https:\/\/uku.eu\/galerii\/tammelinna-lubikrohv\/","og_locale":"fi_FI","og_type":"article","og_title":"UKU galleria","og_description":"MARMORI-KALKKILAASTI TAMMELINNASSA Marmori-kalkkilaasti tuo ajattoman eleganssin Tammelinnan tiloihin, luoden herk\u00e4n ja luonnonl\u00e4heisen tunnelman. Avarat huoneet suurilla ikkunoilla p\u00e4\u00e4st\u00e4v\u00e4t luonnonvalon virtaamaan joka nurkkaan, luoden ilmavan ja avoimen tunnelman. Asunto, joka yhdist\u00e4\u00e4 luonnonmateriaalien l\u00e4mp\u00f6\u00e4 ja nykyaikaisen sisustuksen puhtautta, tuo esiin kunkin huoneen parhaat ominaisuudet. Viimeistely: WanawiisiValokuvat: Sergei Zjuganov \u2190 \u2192","og_url":"https:\/\/uku.eu\/galerii\/tammelinna-lubikrohv\/","og_site_name":"Uku.eu","article_publisher":"https:\/\/www.facebook.com\/Saviukumaja\/","article_modified_time":"2025-08-25T15:46:01+00:00","twitter_card":"summary_large_image","schema":{"@context":"https:\/\/schema.org","@graph":[{"@type":"WebPage","@id":"https:\/\/uku.eu\/galerii\/tammelinna-lubikrohv\/","url":"https:\/\/uku.eu\/galerii\/tammelinna-lubikrohv\/","name":"UKU galleria","isPartOf":{"@id":"https:\/\/uku.eu\/#website"},"datePublished":"2024-06-06T07:07:39+00:00","dateModified":"2025-08-25T15:46:01+00:00","breadcrumb":{"@id":"https:\/\/uku.eu\/galerii\/tammelinna-lubikrohv\/#breadcrumb"},"inLanguage":"fi","potentialAction":[{"@type":"ReadAction","target":["https:\/\/uku.eu\/galerii\/tammelinna-lubikrohv\/"]}]},{"@type":"BreadcrumbList","@id":"https:\/\/uku.eu\/galerii\/tammelinna-lubikrohv\/#breadcrumb","itemListElement":[{"@type":"ListItem","position":1,"name":"Home","item":"https:\/\/uku.eu\/"},{"@type":"ListItem","position":2,"name":"Galleria","item":"https:\/\/uku.eu\/galerii\/"},{"@type":"ListItem","position":3,"name":"Tammelinnan kalkkilaasti"}]},{"@type":"WebSite","@id":"https:\/\/uku.eu\/#website","url":"https:\/\/uku.eu\/","name":"Krohvid ja v\u00e4rvid otse loodusest","description":"","publisher":{"@id":"https:\/\/uku.eu\/#organization"},"potentialAction":[{"@type":"SearchAction","target":{"@type":"EntryPoint","urlTemplate":"https:\/\/uku.eu\/?s={search_term_string}"},"query-input":{"@type":"PropertyValueSpecification","valueRequired":true,"valueName":"search_term_string"}}],"inLanguage":"fi"},{"@type":"Organization","@id":"https:\/\/uku.eu\/#organization","name":"Saviukumaja O\u00dc","url":"https:\/\/uku.eu\/","logo":{"@type":"ImageObject","inLanguage":"fi","@id":"https:\/\/uku.eu\/#\/schema\/logo\/image\/","url":"https:\/\/uku.eu\/wp-content\/uploads\/2021\/02\/cropped-UKU-Logo.jpg","contentUrl":"https:\/\/uku.eu\/wp-content\/uploads\/2021\/02\/cropped-UKU-Logo.jpg","width":512,"height":512,"caption":"Saviukumaja O\u00dc"},"image":{"@id":"https:\/\/uku.eu\/#\/schema\/logo\/image\/"},"sameAs":["https:\/\/www.facebook.com\/Saviukumaja\/","https:\/\/www.instagram.com\/saviukumaja\/","https:\/\/www.linkedin.com\/company\/saviukumaja","https:\/\/www.pinterest.com\/saviukumaja\/","https:\/\/www.youtube.com\/c\/UKUPureEarth"]}]}},"_links":{"self":[{"href":"https:\/\/uku.eu\/fi\/wp-json\/wp\/v2\/pages\/15822","targetHints":{"allow":["GET"]}}],"collection":[{"href":"https:\/\/uku.eu\/fi\/wp-json\/wp\/v2\/pages"}],"about":[{"href":"https:\/\/uku.eu\/fi\/wp-json\/wp\/v2\/types\/page"}],"author":[{"embeddable":true,"href":"https:\/\/uku.eu\/fi\/wp-json\/wp\/v2\/users\/1"}],"replies":[{"embeddable":true,"href":"https:\/\/uku.eu\/fi\/wp-json\/wp\/v2\/comments?post=15822"}],"version-history":[{"count":3,"href":"https:\/\/uku.eu\/fi\/wp-json\/wp\/v2\/pages\/15822\/revisions"}],"predecessor-version":[{"id":32457,"href":"https:\/\/uku.eu\/fi\/wp-json\/wp\/v2\/pages\/15822\/revisions\/32457"}],"up":[{"embeddable":true,"href":"https:\/\/uku.eu\/fi\/wp-json\/wp\/v2\/pages\/10325"}],"wp:attachment":[{"href":"https:\/\/uku.eu\/fi\/wp-json\/wp\/v2\/media?parent=15822"}],"curies":[{"name":"wp","href":"https:\/\/api.w.org\/{rel}","templated":true}]}}