{"id":16393,"date":"2024-10-11T16:57:28","date_gmt":"2024-10-11T14:57:28","guid":{"rendered":"https:\/\/uku.eu\/uutisia\/"},"modified":"2024-10-11T18:25:55","modified_gmt":"2024-10-11T16:25:55","slug":"uutisia","status":"publish","type":"page","link":"https:\/\/uku.eu\/fi\/uutisia\/","title":{"rendered":"UUTISIA"},"content":{"rendered":"\t\t<div data-elementor-type=\"wp-page\" data-elementor-id=\"16393\" class=\"elementor elementor-16393 elementor-16344\" data-elementor-post-type=\"page\">\n\t\t\t\t<div data-particle_enable=\"false\" data-particle-mobile-disabled=\"false\" class=\"elementor-element elementor-element-c14c082 e-flex e-con-boxed e-con e-parent\" data-id=\"c14c082\" data-element_type=\"container\" data-e-type=\"container\">\n\t\t\t\t\t<div class=\"e-con-inner\">\n\t\t\t\t<div class=\"elementor-element elementor-element-8597cd3 elementor-widget elementor-widget-heading\" data-id=\"8597cd3\" data-element_type=\"widget\" data-e-type=\"widget\" data-widget_type=\"heading.default\">\n\t\t\t\t<div class=\"elementor-widget-container\">\n\t\t\t\t\t<h1 class=\"elementor-heading-title elementor-size-default\">UUTISIA<\/h1>\t\t\t\t<\/div>\n\t\t\t\t<\/div>\n\t\t\t\t<div class=\"elementor-element elementor-element-473b7ed elementor-posts--align-left elementor-grid-3 elementor-grid-tablet-2 elementor-grid-mobile-1 elementor-posts--thumbnail-top elementor-widget elementor-widget-posts\" data-id=\"473b7ed\" data-element_type=\"widget\" data-e-type=\"widget\" data-settings=\"{&quot;classic_columns&quot;:&quot;3&quot;,&quot;classic_columns_tablet&quot;:&quot;2&quot;,&quot;classic_columns_mobile&quot;:&quot;1&quot;,&quot;classic_row_gap&quot;:{&quot;unit&quot;:&quot;px&quot;,&quot;size&quot;:35,&quot;sizes&quot;:[]},&quot;classic_row_gap_tablet&quot;:{&quot;unit&quot;:&quot;px&quot;,&quot;size&quot;:&quot;&quot;,&quot;sizes&quot;:[]},&quot;classic_row_gap_mobile&quot;:{&quot;unit&quot;:&quot;px&quot;,&quot;size&quot;:&quot;&quot;,&quot;sizes&quot;:[]}}\" data-widget_type=\"posts.classic\">\n\t\t\t\t<div class=\"elementor-widget-container\">\n\t\t\t\t\t\t\t<div class=\"elementor-posts-container elementor-posts elementor-posts--skin-classic elementor-grid\" role=\"list\">\r\n\t\t\t\t<article class=\"elementor-post elementor-grid-item post-20059 post type-post status-publish format-standard has-post-thumbnail hentry category-uncategorized-fi entry has-media\" role=\"listitem\">\r\n\t\t\t\t<a class=\"elementor-post__thumbnail__link\" href=\"https:\/\/uku.eu\/fi\/tab-2024-resurssit-tulevaisuudelle\/\" tabindex=\"-1\" >\r\n\t\t\t<div class=\"elementor-post__thumbnail\"><img fetchpriority=\"high\" decoding=\"async\" width=\"2560\" height=\"1708\" src=\"https:\/\/uku.eu\/wp-content\/uploads\/2024\/11\/10.10_TAB_Arhmuuseum-avamine_evertpalmets-59-scaled.jpg\" class=\"attachment-full size-full wp-image-19869\" alt=\"\" srcset=\"https:\/\/uku.eu\/wp-content\/uploads\/2024\/11\/10.10_TAB_Arhmuuseum-avamine_evertpalmets-59-scaled.jpg 2560w, https:\/\/uku.eu\/wp-content\/uploads\/2024\/11\/10.10_TAB_Arhmuuseum-avamine_evertpalmets-59-300x200.jpg 300w, https:\/\/uku.eu\/wp-content\/uploads\/2024\/11\/10.10_TAB_Arhmuuseum-avamine_evertpalmets-59-1024x683.jpg 1024w, https:\/\/uku.eu\/wp-content\/uploads\/2024\/11\/10.10_TAB_Arhmuuseum-avamine_evertpalmets-59-768x512.jpg 768w, https:\/\/uku.eu\/wp-content\/uploads\/2024\/11\/10.10_TAB_Arhmuuseum-avamine_evertpalmets-59-1536x1025.jpg 1536w, https:\/\/uku.eu\/wp-content\/uploads\/2024\/11\/10.10_TAB_Arhmuuseum-avamine_evertpalmets-59-2048x1366.jpg 2048w\" sizes=\"(max-width: 2560px) 100vw, 2560px\" \/><\/div>\r\n\t\t<\/a>\r\n\t\t\t\t<div class=\"elementor-post__text\">\r\n\t\t\t\t<h1 class=\"elementor-post__title\">\r\n\t\t\t<a href=\"https:\/\/uku.eu\/fi\/tab-2024-resurssit-tulevaisuudelle\/\" >\r\n\t\t\t\tTAB 2024 Resurssit Tulevaisuudelle\t\t\t<\/a>\r\n\t\t<\/h1>\r\n\t\t\t\t<div class=\"elementor-post__excerpt\">\r\n\t\t\t<p>Tallinnan arkkitehtuuribiennaalissa (TAB) Saviukumaja tuo esille perinteisten ja paikallisten luonnonmateriaalien merkityksen, osallistuen D\u00e9chelette Architecturen projektiin, joka keskittyy paikallisiin luonnon rakennusmateriaaleihin ja niiden k\u00e4ytt\u00f6tapoihin. Installaatio Ornamentaaliset j\u00e4ljet Tallinnasta tarjosi mukaansatempaavan kokemuksen,<\/p>\n\t\t<\/div>\r\n\t\t\t\t\t<div class=\"elementor-post__read-more-wrapper\">\r\n\t\t\r\n\t\t<a class=\"elementor-post__read-more\" href=\"https:\/\/uku.eu\/fi\/tab-2024-resurssit-tulevaisuudelle\/\" aria-label=\"Read more about TAB 2024 Resurssit Tulevaisuudelle\" tabindex=\"-1\" >\r\n\t\t\tLue lis\u00e4\u00e4 \u00bb\t\t<\/a>\r\n\r\n\t\t\t\t\t<\/div>\r\n\t\t\t\t<\/div>\r\n\t\t\t\t<\/article>\r\n\t\t\t\t<article class=\"elementor-post elementor-grid-item post-16392 post type-post status-publish format-standard has-post-thumbnail hentry category-uncategorized-fi entry has-media\" role=\"listitem\">\r\n\t\t\t\t<a class=\"elementor-post__thumbnail__link\" href=\"https:\/\/uku.eu\/fi\/tallinnan-lentokentan-uusi-ja-saihkyva-lhv-lounge-on-valmistunut\/\" tabindex=\"-1\" >\r\n\t\t\t<div class=\"elementor-post__thumbnail\"><img decoding=\"async\" width=\"1920\" height=\"2560\" src=\"https:\/\/uku.eu\/wp-content\/uploads\/2024\/10\/TonuTunnel_KAMP_BusinessLounge_2024_TUN5622.jpg\" class=\"attachment-full size-full wp-image-16182\" alt=\"\" srcset=\"https:\/\/uku.eu\/wp-content\/uploads\/2024\/10\/TonuTunnel_KAMP_BusinessLounge_2024_TUN5622.jpg 1920w, https:\/\/uku.eu\/wp-content\/uploads\/2024\/10\/TonuTunnel_KAMP_BusinessLounge_2024_TUN5622-225x300.jpg 225w, https:\/\/uku.eu\/wp-content\/uploads\/2024\/10\/TonuTunnel_KAMP_BusinessLounge_2024_TUN5622-768x1024.jpg 768w, https:\/\/uku.eu\/wp-content\/uploads\/2024\/10\/TonuTunnel_KAMP_BusinessLounge_2024_TUN5622-1152x1536.jpg 1152w, https:\/\/uku.eu\/wp-content\/uploads\/2024\/10\/TonuTunnel_KAMP_BusinessLounge_2024_TUN5622-1536x2048.jpg 1536w\" sizes=\"(max-width: 1920px) 100vw, 1920px\" \/><\/div>\r\n\t\t<\/a>\r\n\t\t\t\t<div class=\"elementor-post__text\">\r\n\t\t\t\t<h1 class=\"elementor-post__title\">\r\n\t\t\t<a href=\"https:\/\/uku.eu\/fi\/tallinnan-lentokentan-uusi-ja-saihkyva-lhv-lounge-on-valmistunut\/\" >\r\n\t\t\t\tTallinnan lentokent\u00e4n uusi ja s\u00e4ihkyv\u00e4 LHV-lounge on valmistunut!\t\t\t<\/a>\r\n\t\t<\/h1>\r\n\t\t\t\t<div class=\"elementor-post__excerpt\">\r\n\t\t\t<p>Tallinnan lentokentt\u00e4 toivottaa matkustajat tervetulleiksi vastik\u00e4\u00e4n avattuun LHV-loungeen, jossa UKU:n Lubi Marmorino -Kalkkirappaus luo upean tunnelman tilaan. T\u00e4m\u00e4 uusi lounge tarjoaa rauhallisen ja luontoa l\u00e4hell\u00e4 olevan ymp\u00e4rist\u00f6n, jossa vieraat voivat<\/p>\n\t\t<\/div>\r\n\t\t\t\t\t<div class=\"elementor-post__read-more-wrapper\">\r\n\t\t\r\n\t\t<a class=\"elementor-post__read-more\" href=\"https:\/\/uku.eu\/fi\/tallinnan-lentokentan-uusi-ja-saihkyva-lhv-lounge-on-valmistunut\/\" aria-label=\"Read more about Tallinnan lentokent\u00e4n uusi ja s\u00e4ihkyv\u00e4 LHV-lounge on valmistunut!\" tabindex=\"-1\" >\r\n\t\t\tLue lis\u00e4\u00e4 \u00bb\t\t<\/a>\r\n\r\n\t\t\t\t\t<\/div>\r\n\t\t\t\t<\/div>\r\n\t\t\t\t<\/article>\r\n\t\t\t\t<article class=\"elementor-post elementor-grid-item post-20065 post type-post status-publish format-standard has-post-thumbnail hentry category-uncategorized-fi entry has-media\" role=\"listitem\">\r\n\t\t\t\t<a class=\"elementor-post__thumbnail__link\" href=\"https:\/\/uku.eu\/fi\/rakennuslevyt-savilevy-fermacell-kipsikuitulevy-tai-puukuitulevy\/\" tabindex=\"-1\" >\r\n\t\t\t<div class=\"elementor-post__thumbnail\"><img decoding=\"async\" width=\"1080\" height=\"680\" src=\"https:\/\/uku.eu\/wp-content\/uploads\/2023\/06\/Clay-plaster-savikrohv-1.jpg\" class=\"attachment-full size-full wp-image-15067\" alt=\"\" srcset=\"https:\/\/uku.eu\/wp-content\/uploads\/2023\/06\/Clay-plaster-savikrohv-1.jpg 1080w, https:\/\/uku.eu\/wp-content\/uploads\/2023\/06\/Clay-plaster-savikrohv-1-300x189.jpg 300w, https:\/\/uku.eu\/wp-content\/uploads\/2023\/06\/Clay-plaster-savikrohv-1-1024x645.jpg 1024w, https:\/\/uku.eu\/wp-content\/uploads\/2023\/06\/Clay-plaster-savikrohv-1-768x484.jpg 768w\" sizes=\"(max-width: 1080px) 100vw, 1080px\" \/><\/div>\r\n\t\t<\/a>\r\n\t\t\t\t<div class=\"elementor-post__text\">\r\n\t\t\t\t<h1 class=\"elementor-post__title\">\r\n\t\t\t<a href=\"https:\/\/uku.eu\/fi\/rakennuslevyt-savilevy-fermacell-kipsikuitulevy-tai-puukuitulevy\/\" >\r\n\t\t\t\tRakennuslevyt &#8211; Savilevy, Fermacell-kipsikuitulevy tai puukuitulevy\t\t\t<\/a>\r\n\t\t<\/h1>\r\n\t\t\t\t<div class=\"elementor-post__excerpt\">\r\n\t\t\t<p>Rakennuslevyt: valittaessa on t\u00e4rke\u00e4\u00e4 ottaa huomioon materiaalien ymp\u00e4rist\u00f6yst\u00e4v\u00e4llisyys, terveysturvallisuus ja toimivuus. Savi, kipsikuitu ja kuitulevy tarjoavat erinomaiset mahdollisuudet t\u00e4ytt\u00e4\u00e4 n\u00e4m\u00e4 kriteerit. Savilaatta \u2013 terve sein\u00e4ratkaisu Savilaatta on innovatiivinen ratkaisu, joka<\/p>\n\t\t<\/div>\r\n\t\t\t\t\t<div class=\"elementor-post__read-more-wrapper\">\r\n\t\t\r\n\t\t<a class=\"elementor-post__read-more\" href=\"https:\/\/uku.eu\/fi\/rakennuslevyt-savilevy-fermacell-kipsikuitulevy-tai-puukuitulevy\/\" aria-label=\"Read more about Rakennuslevyt &#8211; Savilevy, Fermacell-kipsikuitulevy tai puukuitulevy\" tabindex=\"-1\" >\r\n\t\t\tLue lis\u00e4\u00e4 \u00bb\t\t<\/a>\r\n\r\n\t\t\t\t\t<\/div>\r\n\t\t\t\t<\/div>\r\n\t\t\t\t<\/article>\r\n\t\t\t\t<article class=\"elementor-post elementor-grid-item post-20067 post type-post status-publish format-standard has-post-thumbnail hentry category-viimeistely entry has-media\" role=\"listitem\">\r\n\t\t\t\t<a class=\"elementor-post__thumbnail__link\" href=\"https:\/\/uku.eu\/fi\/5-syyta-suosia-luonnollisia-sisustusmateriaaleja-kotonasi\/\" tabindex=\"-1\" >\r\n\t\t\t<div class=\"elementor-post__thumbnail\"><img loading=\"lazy\" decoding=\"async\" width=\"932\" height=\"622\" src=\"https:\/\/uku.eu\/wp-content\/uploads\/2021\/08\/Kiuma_004-1.png\" class=\"attachment-full size-full wp-image-16838\" alt=\"\" srcset=\"https:\/\/uku.eu\/wp-content\/uploads\/2021\/08\/Kiuma_004-1.png 932w, https:\/\/uku.eu\/wp-content\/uploads\/2021\/08\/Kiuma_004-1-300x200.png 300w, https:\/\/uku.eu\/wp-content\/uploads\/2021\/08\/Kiuma_004-1-768x513.png 768w\" sizes=\"(max-width: 932px) 100vw, 932px\" \/><\/div>\r\n\t\t<\/a>\r\n\t\t\t\t<div class=\"elementor-post__text\">\r\n\t\t\t\t<h1 class=\"elementor-post__title\">\r\n\t\t\t<a href=\"https:\/\/uku.eu\/fi\/5-syyta-suosia-luonnollisia-sisustusmateriaaleja-kotonasi\/\" >\r\n\t\t\t\t5 syyt\u00e4 suosia luonnollisia sisustusmateriaaleja kotonasi\t\t\t<\/a>\r\n\t\t<\/h1>\r\n\t\t\t\t<div class=\"elementor-post__excerpt\">\r\n\t\t\t<p>Koti kokonaisuutena on kasvosi ja heijastaa aidoimmin tietoisuuttasi ymp\u00e4rist\u00f6st\u00e4, luonnosta ja terveydest\u00e4. T\u00e4n\u00e4 p\u00e4iv\u00e4n\u00e4 voi olla luonnollista, ett\u00e4 k\u00e4yt kaupassa kierr\u00e4tyskassin kanssa ja varmistat, etteiv\u00e4t kodin lamput pala tarpeettomasti. Mutta<\/p>\n\t\t<\/div>\r\n\t\t\t\t\t<div class=\"elementor-post__read-more-wrapper\">\r\n\t\t\r\n\t\t<a class=\"elementor-post__read-more\" href=\"https:\/\/uku.eu\/fi\/5-syyta-suosia-luonnollisia-sisustusmateriaaleja-kotonasi\/\" aria-label=\"Read more about 5 syyt\u00e4 suosia luonnollisia sisustusmateriaaleja kotonasi\" tabindex=\"-1\" >\r\n\t\t\tLue lis\u00e4\u00e4 \u00bb\t\t<\/a>\r\n\r\n\t\t\t\t\t<\/div>\r\n\t\t\t\t<\/div>\r\n\t\t\t\t<\/article>\r\n\t\t\t\t<\/div>\r\n\t\t\r\n\t\t\t\t\t\t<\/div>\n\t\t\t\t<\/div>\n\t\t\t\t\t<\/div>\n\t\t\t\t<\/div>\n\t\t\t\t<\/div>\n\t\t","protected":false},"excerpt":{"rendered":"<p>UUTISIA<\/p>\n","protected":false},"author":1,"featured_media":0,"parent":0,"menu_order":0,"comment_status":"closed","ping_status":"closed","template":"","meta":{"footnotes":""},"class_list":["post-16393","page","type-page","status-publish","hentry","entry","has-media"],"yoast_head":"<!-- This site is optimized with the Yoast SEO plugin v26.6 - https:\/\/yoast.com\/wordpress\/plugins\/seo\/ -->\n<title>UUTISIA<\/title>\n<meta name=\"description\" content=\"Sukeldu naturaalsete materjalide maailma! Artiklid erinevatel teemadel. Sealhulgas savikrohvist, lubikrohvist ja teistest L\u00f5una-Eestis toodetud segudest.\" \/>\n<meta name=\"robots\" content=\"index, follow, max-snippet:-1, max-image-preview:large, max-video-preview:-1\" \/>\n<link rel=\"canonical\" href=\"https:\/\/uku.eu\/uudised\/\" \/>\n<meta property=\"og:locale\" content=\"fi_FI\" \/>\n<meta property=\"og:type\" content=\"article\" \/>\n<meta property=\"og:title\" content=\"UUTISIA\" \/>\n<meta property=\"og:description\" content=\"Sukeldu naturaalsete materjalide maailma! Artiklid erinevatel teemadel. Sealhulgas savikrohvist, lubikrohvist ja teistest L\u00f5una-Eestis toodetud segudest.\" \/>\n<meta property=\"og:url\" content=\"https:\/\/uku.eu\/uudised\/\" \/>\n<meta property=\"og:site_name\" content=\"Uku.eu\" \/>\n<meta property=\"article:publisher\" content=\"https:\/\/www.facebook.com\/Saviukumaja\/\" \/>\n<meta property=\"article:modified_time\" content=\"2024-10-11T16:25:55+00:00\" \/>\n<meta name=\"twitter:card\" content=\"summary_large_image\" \/>\n<script type=\"application\/ld+json\" class=\"yoast-schema-graph\">{\"@context\":\"https:\/\/schema.org\",\"@graph\":[{\"@type\":\"WebPage\",\"@id\":\"https:\/\/uku.eu\/uudised\/\",\"url\":\"https:\/\/uku.eu\/uudised\/\",\"name\":\"UUTISIA\",\"isPartOf\":{\"@id\":\"https:\/\/uku.eu\/#website\"},\"datePublished\":\"2024-10-11T14:57:28+00:00\",\"dateModified\":\"2024-10-11T16:25:55+00:00\",\"description\":\"Sukeldu naturaalsete materjalide maailma! Artiklid erinevatel teemadel. Sealhulgas savikrohvist, lubikrohvist ja teistest L\u00f5una-Eestis toodetud segudest.\",\"breadcrumb\":{\"@id\":\"https:\/\/uku.eu\/uudised\/#breadcrumb\"},\"inLanguage\":\"fi\",\"potentialAction\":[{\"@type\":\"ReadAction\",\"target\":[\"https:\/\/uku.eu\/uudised\/\"]}]},{\"@type\":\"BreadcrumbList\",\"@id\":\"https:\/\/uku.eu\/uudised\/#breadcrumb\",\"itemListElement\":[{\"@type\":\"ListItem\",\"position\":1,\"name\":\"Home\",\"item\":\"https:\/\/uku.eu\/\"},{\"@type\":\"ListItem\",\"position\":2,\"name\":\"UUTISIA\"}]},{\"@type\":\"WebSite\",\"@id\":\"https:\/\/uku.eu\/#website\",\"url\":\"https:\/\/uku.eu\/\",\"name\":\"Krohvid ja v\u00e4rvid otse loodusest\",\"description\":\"\",\"publisher\":{\"@id\":\"https:\/\/uku.eu\/#organization\"},\"potentialAction\":[{\"@type\":\"SearchAction\",\"target\":{\"@type\":\"EntryPoint\",\"urlTemplate\":\"https:\/\/uku.eu\/?s={search_term_string}\"},\"query-input\":{\"@type\":\"PropertyValueSpecification\",\"valueRequired\":true,\"valueName\":\"search_term_string\"}}],\"inLanguage\":\"fi\"},{\"@type\":\"Organization\",\"@id\":\"https:\/\/uku.eu\/#organization\",\"name\":\"Saviukumaja O\u00dc\",\"url\":\"https:\/\/uku.eu\/\",\"logo\":{\"@type\":\"ImageObject\",\"inLanguage\":\"fi\",\"@id\":\"https:\/\/uku.eu\/#\/schema\/logo\/image\/\",\"url\":\"https:\/\/uku.eu\/wp-content\/uploads\/2021\/02\/cropped-UKU-Logo.jpg\",\"contentUrl\":\"https:\/\/uku.eu\/wp-content\/uploads\/2021\/02\/cropped-UKU-Logo.jpg\",\"width\":512,\"height\":512,\"caption\":\"Saviukumaja O\u00dc\"},\"image\":{\"@id\":\"https:\/\/uku.eu\/#\/schema\/logo\/image\/\"},\"sameAs\":[\"https:\/\/www.facebook.com\/Saviukumaja\/\",\"https:\/\/www.instagram.com\/saviukumaja\/\",\"https:\/\/www.linkedin.com\/company\/saviukumaja\",\"https:\/\/www.pinterest.com\/saviukumaja\/\",\"https:\/\/www.youtube.com\/c\/UKUPureEarth\"]}]}<\/script>\n<!-- \/ Yoast SEO plugin. -->","yoast_head_json":{"title":"UUTISIA","description":"Sukeldu naturaalsete materjalide maailma! Artiklid erinevatel teemadel. Sealhulgas savikrohvist, lubikrohvist ja teistest L\u00f5una-Eestis toodetud segudest.","robots":{"index":"index","follow":"follow","max-snippet":"max-snippet:-1","max-image-preview":"max-image-preview:large","max-video-preview":"max-video-preview:-1"},"canonical":"https:\/\/uku.eu\/uudised\/","og_locale":"fi_FI","og_type":"article","og_title":"UUTISIA","og_description":"Sukeldu naturaalsete materjalide maailma! Artiklid erinevatel teemadel. Sealhulgas savikrohvist, lubikrohvist ja teistest L\u00f5una-Eestis toodetud segudest.","og_url":"https:\/\/uku.eu\/uudised\/","og_site_name":"Uku.eu","article_publisher":"https:\/\/www.facebook.com\/Saviukumaja\/","article_modified_time":"2024-10-11T16:25:55+00:00","twitter_card":"summary_large_image","schema":{"@context":"https:\/\/schema.org","@graph":[{"@type":"WebPage","@id":"https:\/\/uku.eu\/uudised\/","url":"https:\/\/uku.eu\/uudised\/","name":"UUTISIA","isPartOf":{"@id":"https:\/\/uku.eu\/#website"},"datePublished":"2024-10-11T14:57:28+00:00","dateModified":"2024-10-11T16:25:55+00:00","description":"Sukeldu naturaalsete materjalide maailma! Artiklid erinevatel teemadel. Sealhulgas savikrohvist, lubikrohvist ja teistest L\u00f5una-Eestis toodetud segudest.","breadcrumb":{"@id":"https:\/\/uku.eu\/uudised\/#breadcrumb"},"inLanguage":"fi","potentialAction":[{"@type":"ReadAction","target":["https:\/\/uku.eu\/uudised\/"]}]},{"@type":"BreadcrumbList","@id":"https:\/\/uku.eu\/uudised\/#breadcrumb","itemListElement":[{"@type":"ListItem","position":1,"name":"Home","item":"https:\/\/uku.eu\/"},{"@type":"ListItem","position":2,"name":"UUTISIA"}]},{"@type":"WebSite","@id":"https:\/\/uku.eu\/#website","url":"https:\/\/uku.eu\/","name":"Krohvid ja v\u00e4rvid otse loodusest","description":"","publisher":{"@id":"https:\/\/uku.eu\/#organization"},"potentialAction":[{"@type":"SearchAction","target":{"@type":"EntryPoint","urlTemplate":"https:\/\/uku.eu\/?s={search_term_string}"},"query-input":{"@type":"PropertyValueSpecification","valueRequired":true,"valueName":"search_term_string"}}],"inLanguage":"fi"},{"@type":"Organization","@id":"https:\/\/uku.eu\/#organization","name":"Saviukumaja O\u00dc","url":"https:\/\/uku.eu\/","logo":{"@type":"ImageObject","inLanguage":"fi","@id":"https:\/\/uku.eu\/#\/schema\/logo\/image\/","url":"https:\/\/uku.eu\/wp-content\/uploads\/2021\/02\/cropped-UKU-Logo.jpg","contentUrl":"https:\/\/uku.eu\/wp-content\/uploads\/2021\/02\/cropped-UKU-Logo.jpg","width":512,"height":512,"caption":"Saviukumaja O\u00dc"},"image":{"@id":"https:\/\/uku.eu\/#\/schema\/logo\/image\/"},"sameAs":["https:\/\/www.facebook.com\/Saviukumaja\/","https:\/\/www.instagram.com\/saviukumaja\/","https:\/\/www.linkedin.com\/company\/saviukumaja","https:\/\/www.pinterest.com\/saviukumaja\/","https:\/\/www.youtube.com\/c\/UKUPureEarth"]}]}},"_links":{"self":[{"href":"https:\/\/uku.eu\/fi\/wp-json\/wp\/v2\/pages\/16393","targetHints":{"allow":["GET"]}}],"collection":[{"href":"https:\/\/uku.eu\/fi\/wp-json\/wp\/v2\/pages"}],"about":[{"href":"https:\/\/uku.eu\/fi\/wp-json\/wp\/v2\/types\/page"}],"author":[{"embeddable":true,"href":"https:\/\/uku.eu\/fi\/wp-json\/wp\/v2\/users\/1"}],"replies":[{"embeddable":true,"href":"https:\/\/uku.eu\/fi\/wp-json\/wp\/v2\/comments?post=16393"}],"version-history":[{"count":0,"href":"https:\/\/uku.eu\/fi\/wp-json\/wp\/v2\/pages\/16393\/revisions"}],"wp:attachment":[{"href":"https:\/\/uku.eu\/fi\/wp-json\/wp\/v2\/media?parent=16393"}],"curies":[{"name":"wp","href":"https:\/\/api.w.org\/{rel}","templated":true}]}}