{"id":22346,"date":"2024-12-16T18:59:32","date_gmt":"2024-12-16T16:59:32","guid":{"rendered":"https:\/\/uku.eu\/ruokotuotteet\/tihea-pilliruokomatto\/"},"modified":"2025-02-28T14:08:56","modified_gmt":"2025-02-28T12:08:56","slug":"tihea-pilliruokomatto","status":"publish","type":"page","link":"https:\/\/uku.eu\/fi\/ruokotuotteet\/tihea-pilliruokomatto\/","title":{"rendered":"TIHE\u00c4 PILLIRUOKOMATTO"},"content":{"rendered":"\t\t<div data-elementor-type=\"wp-page\" data-elementor-id=\"22346\" class=\"elementor elementor-22346 elementor-22324\" data-elementor-post-type=\"page\">\n\t\t\t\t\t\t<section data-particle_enable=\"false\" data-particle-mobile-disabled=\"false\" class=\"elementor-section elementor-top-section elementor-element elementor-element-0855107 elementor-reverse-mobile elementor-section-boxed elementor-section-height-default elementor-section-height-default\" data-id=\"0855107\" data-element_type=\"section\">\n\t\t\t\t\t\t\t<div class=\"elementor-background-overlay\"><\/div>\n\t\t\t\t\t\t\t<div class=\"elementor-container elementor-column-gap-wider\">\n\t\t\t\t\t<div class=\"elementor-column elementor-col-50 elementor-top-column elementor-element elementor-element-ad141a8\" data-id=\"ad141a8\" data-element_type=\"column\">\n\t\t\t<div class=\"elementor-widget-wrap elementor-element-populated\">\n\t\t\t\t\t\t<div class=\"elementor-element elementor-element-99e4be7 elementor-widget elementor-widget-heading\" data-id=\"99e4be7\" data-element_type=\"widget\" data-widget_type=\"heading.default\">\n\t\t\t\t<div class=\"elementor-widget-container\">\n\t\t\t\t\t<h2 class=\"elementor-heading-title elementor-size-default\">TIHE\u00c4 PILLIRUOKOMATTO<\/h2>\t\t\t\t<\/div>\n\t\t\t\t<\/div>\n\t\t\t\t<div class=\"elementor-element elementor-element-7163468 elementor-widget elementor-widget-text-editor\" data-id=\"7163468\" data-element_type=\"widget\" data-widget_type=\"text-editor.default\">\n\t\t\t\t<div class=\"elementor-widget-container\">\n\t\t\t\t\t\t\t\t\t<p>Tihe\u00e4 pilliruokomatto sopii erinomaisesti sek\u00e4 sis\u00e4- ett\u00e4 ulkotiloihin koriste-elementiksi ja ulkoalueille luonnolliseksi yksityisyytt\u00e4 luovaksi suojaksi. Lis\u00e4ksi sit\u00e4 voidaan k\u00e4ytt\u00e4\u00e4 rappausalustana, kuten pilliruokolevyj\u00e4. T\u00e4m\u00e4 on k\u00e4yt\u00e4nn\u00f6llinen ja luonnonl\u00e4heinen ratkaisu, joka yhdist\u00e4\u00e4 toiminnallisuuden ja esteettisen kauneuden.<\/p>\n\t\t\t\t\t\t\t\t<\/div>\n\t\t\t\t<\/div>\n\t\t\t\t\t<\/div>\n\t\t<\/div>\n\t\t\t\t<div class=\"elementor-column elementor-col-50 elementor-top-column elementor-element elementor-element-8d7b0b0\" data-id=\"8d7b0b0\" data-element_type=\"column\">\n\t\t\t<div class=\"elementor-widget-wrap elementor-element-populated\">\n\t\t\t\t\t\t<div class=\"elementor-element elementor-element-4c8f477 elementor-widget elementor-widget-image\" data-id=\"4c8f477\" data-element_type=\"widget\" data-widget_type=\"image.default\">\n\t\t\t\t<div class=\"elementor-widget-container\">\n\t\t\t\t\t\t\t\t\t\t\t\t<figure class=\"wp-caption\">\n\t\t\t\t\t\t\t\t\t\t<img fetchpriority=\"high\" decoding=\"async\" width=\"1133\" height=\"856\" src=\"https:\/\/uku.eu\/wp-content\/uploads\/2024\/12\/DSC08128-2.png\" class=\"attachment-full size-full wp-image-22329\" alt=\"\" srcset=\"https:\/\/uku.eu\/wp-content\/uploads\/2024\/12\/DSC08128-2.png 1133w, https:\/\/uku.eu\/wp-content\/uploads\/2024\/12\/DSC08128-2-300x227.png 300w, https:\/\/uku.eu\/wp-content\/uploads\/2024\/12\/DSC08128-2-1024x774.png 1024w, https:\/\/uku.eu\/wp-content\/uploads\/2024\/12\/DSC08128-2-768x580.png 768w\" sizes=\"(max-width: 1133px) 100vw, 1133px\" \/>\t\t\t\t\t\t\t\t\t\t\t<figcaption class=\"widget-image-caption wp-caption-text\"><\/figcaption>\n\t\t\t\t\t\t\t\t\t\t<\/figure>\n\t\t\t\t\t\t\t\t\t<\/div>\n\t\t\t\t<\/div>\n\t\t\t\t\t<\/div>\n\t\t<\/div>\n\t\t\t\t\t<\/div>\n\t\t<\/section>\n\t\t\t\t<section data-particle_enable=\"false\" data-particle-mobile-disabled=\"false\" class=\"elementor-section elementor-top-section elementor-element elementor-element-6a7df43 elementor-section-boxed elementor-section-height-default elementor-section-height-default\" data-id=\"6a7df43\" data-element_type=\"section\">\n\t\t\t\t\t\t\t<div class=\"elementor-background-overlay\"><\/div>\n\t\t\t\t\t\t\t<div class=\"elementor-container elementor-column-gap-wider\">\n\t\t\t\t\t<div class=\"elementor-column elementor-col-50 elementor-top-column elementor-element elementor-element-0fcd924\" data-id=\"0fcd924\" data-element_type=\"column\">\n\t\t\t<div class=\"elementor-widget-wrap elementor-element-populated\">\n\t\t\t\t\t\t<div class=\"elementor-element elementor-element-4b00ae5 elementor-widget elementor-widget-image\" data-id=\"4b00ae5\" data-element_type=\"widget\" data-widget_type=\"image.default\">\n\t\t\t\t<div class=\"elementor-widget-container\">\n\t\t\t\t\t\t\t\t\t\t\t\t<figure class=\"wp-caption\">\n\t\t\t\t\t\t\t\t\t\t<img decoding=\"async\" width=\"1118\" height=\"869\" src=\"https:\/\/uku.eu\/wp-content\/uploads\/2024\/12\/IMG_0867-copy-1.png\" class=\"attachment-full size-full wp-image-22333\" alt=\"\" srcset=\"https:\/\/uku.eu\/wp-content\/uploads\/2024\/12\/IMG_0867-copy-1.png 1118w, https:\/\/uku.eu\/wp-content\/uploads\/2024\/12\/IMG_0867-copy-1-300x233.png 300w, https:\/\/uku.eu\/wp-content\/uploads\/2024\/12\/IMG_0867-copy-1-1024x796.png 1024w, https:\/\/uku.eu\/wp-content\/uploads\/2024\/12\/IMG_0867-copy-1-768x597.png 768w\" sizes=\"(max-width: 1118px) 100vw, 1118px\" \/>\t\t\t\t\t\t\t\t\t\t\t<figcaption class=\"widget-image-caption wp-caption-text\">Wabi-Sabi Villa \u2013 Tihe\u00e4 ruokomatto koristaa ullakon kattoja design-elementtin\u00e4. Kuva: Terje Ugandi.<\/figcaption>\n\t\t\t\t\t\t\t\t\t\t<\/figure>\n\t\t\t\t\t\t\t\t\t<\/div>\n\t\t\t\t<\/div>\n\t\t\t\t\t<\/div>\n\t\t<\/div>\n\t\t\t\t<div class=\"elementor-column elementor-col-50 elementor-top-column elementor-element elementor-element-faeae97\" data-id=\"faeae97\" data-element_type=\"column\">\n\t\t\t<div class=\"elementor-widget-wrap elementor-element-populated\">\n\t\t\t\t\t\t<div class=\"elementor-element elementor-element-6df098f elementor-widget elementor-widget-text-editor\" data-id=\"6df098f\" data-element_type=\"widget\" data-widget_type=\"text-editor.default\">\n\t\t\t\t<div class=\"elementor-widget-container\">\n\t\t\t\t\t\t\t\t\t<h4>K\u00c4YTT\u00d6MAHDOLLISUUDET:<\/h4><ul><li class=\"comment_message--commentUnorderedListItem--16BZF\"><span class=\"\">Tarjoaa vakaan pohjan viimeistelylle, kuten UKU pilliruokolevyt.<\/span><\/li><li class=\"comment_message--commentUnorderedListItem--16BZF\"><span class=\"\">Toimii koriste-elementtin\u00e4, joka tarjoaa varjoa ja yksityisyytt\u00e4 s\u00e4ilytt\u00e4en samalla avaruuden tunteen.<\/span><\/li><li class=\"comment_message--commentUnorderedListItem--16BZF\"><span class=\"\">Luo tyylikk\u00e4\u00e4n ja luonnonl\u00e4heisen tunnelman sis\u00e4tiloissa, puutarhassa ja terassilla.<\/span><\/li><li class=\"comment_message--commentUnorderedListItem--16BZF\"><span class=\"\">Tukee ja korostaa k\u00f6ynn\u00f6skasveja, tehden puutarhasta vehre\u00e4n ja el\u00e4v\u00e4n.<\/span><\/li><\/ul>\t\t\t\t\t\t\t\t<\/div>\n\t\t\t\t<\/div>\n\t\t\t\t\t<\/div>\n\t\t<\/div>\n\t\t\t\t\t<\/div>\n\t\t<\/section>\n\t\t\t\t<section data-particle_enable=\"false\" data-particle-mobile-disabled=\"false\" class=\"elementor-section elementor-top-section elementor-element elementor-element-7cede8b elementor-reverse-mobile elementor-section-boxed elementor-section-height-default elementor-section-height-default\" data-id=\"7cede8b\" data-element_type=\"section\">\n\t\t\t\t\t\t\t<div class=\"elementor-background-overlay\"><\/div>\n\t\t\t\t\t\t\t<div class=\"elementor-container elementor-column-gap-wider\">\n\t\t\t\t\t<div class=\"elementor-column elementor-col-50 elementor-top-column elementor-element elementor-element-dfaf291\" data-id=\"dfaf291\" data-element_type=\"column\">\n\t\t\t<div class=\"elementor-widget-wrap elementor-element-populated\">\n\t\t\t\t\t\t<div class=\"elementor-element elementor-element-0b78cbe elementor-widget elementor-widget-text-editor\" data-id=\"0b78cbe\" data-element_type=\"widget\" data-widget_type=\"text-editor.default\">\n\t\t\t\t<div class=\"elementor-widget-container\">\n\t\t\t\t\t\t\t\t\t<p><span class=\"\">Tihe\u00e4 pilliruokomatto on ihanteellinen valinta kaikille, jotka arvostavat luonnon kauneutta ja etsiv\u00e4t k\u00e4yt\u00e4nn\u00f6llist\u00e4 ja kest\u00e4v\u00e4\u00e4 ratkaisua ulko- tai sisustussuunnitteluprojekteihinsa.<\/span><\/p>\t\t\t\t\t\t\t\t<\/div>\n\t\t\t\t<\/div>\n\t\t\t\t<div class=\"elementor-element elementor-element-fe91c4b elementor-widget-divider--view-line elementor-widget elementor-widget-divider\" data-id=\"fe91c4b\" data-element_type=\"widget\" data-widget_type=\"divider.default\">\n\t\t\t\t<div class=\"elementor-widget-container\">\n\t\t\t\t\t\t\t<div class=\"elementor-divider\">\n\t\t\t<span class=\"elementor-divider-separator\">\n\t\t\t\t\t\t<\/span>\n\t\t<\/div>\n\t\t\t\t\t\t<\/div>\n\t\t\t\t<\/div>\n\t\t\t\t<div class=\"elementor-element elementor-element-5990b79 elementor-widget elementor-widget-text-editor\" data-id=\"5990b79\" data-element_type=\"widget\" data-widget_type=\"text-editor.default\">\n\t\t\t\t<div class=\"elementor-widget-container\">\n\t\t\t\t\t\t\t\t\t<h6><span class=\"comment_message--boldStyle--DfQEh\" style=\"caret-color: #000000; color: #000000; font-style: normal; font-variant-caps: normal;\">Mitat:<\/span><span class=\"\" style=\"caret-color: #000000; color: #000000; font-style: normal; font-variant-caps: normal;\">\u00a010,8 m\u00b2\/rulla (1,8 x 6 m)<\/span><\/h6>\t\t\t\t\t\t\t\t<\/div>\n\t\t\t\t<\/div>\n\t\t\t\t\t<\/div>\n\t\t<\/div>\n\t\t\t\t<div class=\"elementor-column elementor-col-50 elementor-top-column elementor-element elementor-element-3f62ac2\" data-id=\"3f62ac2\" data-element_type=\"column\">\n\t\t\t<div class=\"elementor-widget-wrap elementor-element-populated\">\n\t\t\t\t\t\t<div class=\"elementor-element elementor-element-d6d537c elementor-widget elementor-widget-image\" data-id=\"d6d537c\" data-element_type=\"widget\" data-widget_type=\"image.default\">\n\t\t\t\t<div class=\"elementor-widget-container\">\n\t\t\t\t\t\t\t\t\t\t\t\t<figure class=\"wp-caption\">\n\t\t\t\t\t\t\t\t\t\t<img decoding=\"async\" width=\"1200\" height=\"797\" src=\"https:\/\/uku.eu\/wp-content\/uploads\/2025\/01\/DSC_1068.jpg\" class=\"attachment-full size-full wp-image-22708\" alt=\"\" srcset=\"https:\/\/uku.eu\/wp-content\/uploads\/2025\/01\/DSC_1068.jpg 1200w, https:\/\/uku.eu\/wp-content\/uploads\/2025\/01\/DSC_1068-300x199.jpg 300w, https:\/\/uku.eu\/wp-content\/uploads\/2025\/01\/DSC_1068-1024x680.jpg 1024w, https:\/\/uku.eu\/wp-content\/uploads\/2025\/01\/DSC_1068-768x510.jpg 768w\" sizes=\"(max-width: 1200px) 100vw, 1200px\" \/>\t\t\t\t\t\t\t\t\t\t\t<figcaption class=\"widget-image-caption wp-caption-text\">Yksityiskohta Wabi-Sabi-villan katosta \u2013 tihe\u00e4 ruokomatto koristaa ullakon kattoja design-elementtin\u00e4. Kuva: Terje Ugandi.<\/figcaption>\n\t\t\t\t\t\t\t\t\t\t<\/figure>\n\t\t\t\t\t\t\t\t\t<\/div>\n\t\t\t\t<\/div>\n\t\t\t\t\t<\/div>\n\t\t<\/div>\n\t\t\t\t\t<\/div>\n\t\t<\/section>\n\t\t\t\t<\/div>\n\t\t","protected":false},"excerpt":{"rendered":"<p>TIHE\u00c4 PILLIRUOKOMATTO Tihe\u00e4 pilliruokomatto sopii erinomaisesti sek\u00e4 sis\u00e4- ett\u00e4 ulkotiloihin koriste-elementiksi ja ulkoalueille luonnolliseksi yksityisyytt\u00e4 luovaksi suojaksi. Lis\u00e4ksi sit\u00e4 voidaan k\u00e4ytt\u00e4\u00e4 rappausalustana, kuten pilliruokolevyj\u00e4. T\u00e4m\u00e4 on k\u00e4yt\u00e4nn\u00f6llinen ja luonnonl\u00e4heinen ratkaisu, joka yhdist\u00e4\u00e4 toiminnallisuuden ja esteettisen kauneuden. Wabi-Sabi Villa \u2013 Tihe\u00e4 ruokomatto koristaa ullakon kattoja design-elementtin\u00e4. Kuva: Terje Ugandi. K\u00c4YTT\u00d6MAHDOLLISUUDET: Tarjoaa vakaan pohjan viimeistelylle, kuten UKU [&hellip;]<\/p>\n","protected":false},"author":1,"featured_media":0,"parent":10802,"menu_order":0,"comment_status":"closed","ping_status":"closed","template":"elementor_header_footer","meta":{"footnotes":""},"class_list":["post-22346","page","type-page","status-publish","hentry","entry"],"yoast_head":"<!-- This site is optimized with the Yoast SEO plugin v26.6 - https:\/\/yoast.com\/wordpress\/plugins\/seo\/ -->\n<title>TIHE\u00c4 PILLIRUOKOMATTO<\/title>\n<meta name=\"robots\" content=\"index, follow, max-snippet:-1, max-image-preview:large, max-video-preview:-1\" \/>\n<link rel=\"canonical\" href=\"https:\/\/uku.eu\/fi\/ruokotuotteet\/tihea-pilliruokomatto\/\" \/>\n<meta property=\"og:locale\" content=\"fi_FI\" \/>\n<meta property=\"og:type\" content=\"article\" \/>\n<meta property=\"og:title\" content=\"TIHE\u00c4 PILLIRUOKOMATTO\" \/>\n<meta property=\"og:description\" content=\"TIHE\u00c4 PILLIRUOKOMATTO Tihe\u00e4 pilliruokomatto sopii erinomaisesti sek\u00e4 sis\u00e4- ett\u00e4 ulkotiloihin koriste-elementiksi ja ulkoalueille luonnolliseksi yksityisyytt\u00e4 luovaksi suojaksi. Lis\u00e4ksi sit\u00e4 voidaan k\u00e4ytt\u00e4\u00e4 rappausalustana, kuten pilliruokolevyj\u00e4. T\u00e4m\u00e4 on k\u00e4yt\u00e4nn\u00f6llinen ja luonnonl\u00e4heinen ratkaisu, joka yhdist\u00e4\u00e4 toiminnallisuuden ja esteettisen kauneuden. Wabi-Sabi Villa \u2013 Tihe\u00e4 ruokomatto koristaa ullakon kattoja design-elementtin\u00e4. Kuva: Terje Ugandi. K\u00c4YTT\u00d6MAHDOLLISUUDET: Tarjoaa vakaan pohjan viimeistelylle, kuten UKU [&hellip;]\" \/>\n<meta property=\"og:url\" content=\"https:\/\/uku.eu\/fi\/ruokotuotteet\/tihea-pilliruokomatto\/\" \/>\n<meta property=\"og:site_name\" content=\"Uku.eu\" \/>\n<meta property=\"article:publisher\" content=\"https:\/\/www.facebook.com\/Saviukumaja\/\" \/>\n<meta property=\"article:modified_time\" content=\"2025-02-28T12:08:56+00:00\" \/>\n<meta property=\"og:image\" content=\"https:\/\/uku.eu\/wp-content\/uploads\/2024\/12\/DSC08128-2.png\" \/>\n\t<meta property=\"og:image:width\" content=\"1133\" \/>\n\t<meta property=\"og:image:height\" content=\"856\" \/>\n\t<meta property=\"og:image:type\" content=\"image\/png\" \/>\n<meta name=\"twitter:card\" content=\"summary_large_image\" \/>\n<meta name=\"twitter:label1\" content=\"Arvioitu lukuaika\" \/>\n\t<meta name=\"twitter:data1\" content=\"2 minuuttia\" \/>\n<script type=\"application\/ld+json\" class=\"yoast-schema-graph\">{\"@context\":\"https:\/\/schema.org\",\"@graph\":[{\"@type\":\"WebPage\",\"@id\":\"https:\/\/uku.eu\/fi\/ruokotuotteet\/tihea-pilliruokomatto\/\",\"url\":\"https:\/\/uku.eu\/fi\/ruokotuotteet\/tihea-pilliruokomatto\/\",\"name\":\"TIHE\u00c4 PILLIRUOKOMATTO\",\"isPartOf\":{\"@id\":\"https:\/\/uku.eu\/#website\"},\"primaryImageOfPage\":{\"@id\":\"https:\/\/uku.eu\/fi\/ruokotuotteet\/tihea-pilliruokomatto\/#primaryimage\"},\"image\":{\"@id\":\"https:\/\/uku.eu\/fi\/ruokotuotteet\/tihea-pilliruokomatto\/#primaryimage\"},\"thumbnailUrl\":\"https:\/\/uku.eu\/wp-content\/uploads\/2024\/12\/DSC08128-2.png\",\"datePublished\":\"2024-12-16T16:59:32+00:00\",\"dateModified\":\"2025-02-28T12:08:56+00:00\",\"breadcrumb\":{\"@id\":\"https:\/\/uku.eu\/fi\/ruokotuotteet\/tihea-pilliruokomatto\/#breadcrumb\"},\"inLanguage\":\"fi\",\"potentialAction\":[{\"@type\":\"ReadAction\",\"target\":[\"https:\/\/uku.eu\/fi\/ruokotuotteet\/tihea-pilliruokomatto\/\"]}]},{\"@type\":\"ImageObject\",\"inLanguage\":\"fi\",\"@id\":\"https:\/\/uku.eu\/fi\/ruokotuotteet\/tihea-pilliruokomatto\/#primaryimage\",\"url\":\"https:\/\/uku.eu\/wp-content\/uploads\/2024\/12\/DSC08128-2.png\",\"contentUrl\":\"https:\/\/uku.eu\/wp-content\/uploads\/2024\/12\/DSC08128-2.png\"},{\"@type\":\"BreadcrumbList\",\"@id\":\"https:\/\/uku.eu\/fi\/ruokotuotteet\/tihea-pilliruokomatto\/#breadcrumb\",\"itemListElement\":[{\"@type\":\"ListItem\",\"position\":1,\"name\":\"Home\",\"item\":\"https:\/\/uku.eu\/\"},{\"@type\":\"ListItem\",\"position\":2,\"name\":\"Ruokotuotteet\",\"item\":\"https:\/\/uku.eu\/fi\/ruokotuotteet\/\"},{\"@type\":\"ListItem\",\"position\":3,\"name\":\"TIHE\u00c4 PILLIRUOKOMATTO\"}]},{\"@type\":\"WebSite\",\"@id\":\"https:\/\/uku.eu\/#website\",\"url\":\"https:\/\/uku.eu\/\",\"name\":\"Krohvid ja v\u00e4rvid otse loodusest\",\"description\":\"\",\"publisher\":{\"@id\":\"https:\/\/uku.eu\/#organization\"},\"potentialAction\":[{\"@type\":\"SearchAction\",\"target\":{\"@type\":\"EntryPoint\",\"urlTemplate\":\"https:\/\/uku.eu\/?s={search_term_string}\"},\"query-input\":{\"@type\":\"PropertyValueSpecification\",\"valueRequired\":true,\"valueName\":\"search_term_string\"}}],\"inLanguage\":\"fi\"},{\"@type\":\"Organization\",\"@id\":\"https:\/\/uku.eu\/#organization\",\"name\":\"Saviukumaja O\u00dc\",\"url\":\"https:\/\/uku.eu\/\",\"logo\":{\"@type\":\"ImageObject\",\"inLanguage\":\"fi\",\"@id\":\"https:\/\/uku.eu\/#\/schema\/logo\/image\/\",\"url\":\"https:\/\/uku.eu\/wp-content\/uploads\/2021\/02\/cropped-UKU-Logo.jpg\",\"contentUrl\":\"https:\/\/uku.eu\/wp-content\/uploads\/2021\/02\/cropped-UKU-Logo.jpg\",\"width\":512,\"height\":512,\"caption\":\"Saviukumaja O\u00dc\"},\"image\":{\"@id\":\"https:\/\/uku.eu\/#\/schema\/logo\/image\/\"},\"sameAs\":[\"https:\/\/www.facebook.com\/Saviukumaja\/\",\"https:\/\/www.instagram.com\/saviukumaja\/\",\"https:\/\/www.linkedin.com\/company\/saviukumaja\",\"https:\/\/www.pinterest.com\/saviukumaja\/\",\"https:\/\/www.youtube.com\/c\/UKUPureEarth\"]}]}<\/script>\n<!-- \/ Yoast SEO plugin. -->","yoast_head_json":{"title":"TIHE\u00c4 PILLIRUOKOMATTO","robots":{"index":"index","follow":"follow","max-snippet":"max-snippet:-1","max-image-preview":"max-image-preview:large","max-video-preview":"max-video-preview:-1"},"canonical":"https:\/\/uku.eu\/fi\/ruokotuotteet\/tihea-pilliruokomatto\/","og_locale":"fi_FI","og_type":"article","og_title":"TIHE\u00c4 PILLIRUOKOMATTO","og_description":"TIHE\u00c4 PILLIRUOKOMATTO Tihe\u00e4 pilliruokomatto sopii erinomaisesti sek\u00e4 sis\u00e4- ett\u00e4 ulkotiloihin koriste-elementiksi ja ulkoalueille luonnolliseksi yksityisyytt\u00e4 luovaksi suojaksi. Lis\u00e4ksi sit\u00e4 voidaan k\u00e4ytt\u00e4\u00e4 rappausalustana, kuten pilliruokolevyj\u00e4. T\u00e4m\u00e4 on k\u00e4yt\u00e4nn\u00f6llinen ja luonnonl\u00e4heinen ratkaisu, joka yhdist\u00e4\u00e4 toiminnallisuuden ja esteettisen kauneuden. Wabi-Sabi Villa \u2013 Tihe\u00e4 ruokomatto koristaa ullakon kattoja design-elementtin\u00e4. Kuva: Terje Ugandi. K\u00c4YTT\u00d6MAHDOLLISUUDET: Tarjoaa vakaan pohjan viimeistelylle, kuten UKU [&hellip;]","og_url":"https:\/\/uku.eu\/fi\/ruokotuotteet\/tihea-pilliruokomatto\/","og_site_name":"Uku.eu","article_publisher":"https:\/\/www.facebook.com\/Saviukumaja\/","article_modified_time":"2025-02-28T12:08:56+00:00","og_image":[{"width":1133,"height":856,"url":"https:\/\/uku.eu\/wp-content\/uploads\/2024\/12\/DSC08128-2.png","type":"image\/png"}],"twitter_card":"summary_large_image","twitter_misc":{"Arvioitu lukuaika":"2 minuuttia"},"schema":{"@context":"https:\/\/schema.org","@graph":[{"@type":"WebPage","@id":"https:\/\/uku.eu\/fi\/ruokotuotteet\/tihea-pilliruokomatto\/","url":"https:\/\/uku.eu\/fi\/ruokotuotteet\/tihea-pilliruokomatto\/","name":"TIHE\u00c4 PILLIRUOKOMATTO","isPartOf":{"@id":"https:\/\/uku.eu\/#website"},"primaryImageOfPage":{"@id":"https:\/\/uku.eu\/fi\/ruokotuotteet\/tihea-pilliruokomatto\/#primaryimage"},"image":{"@id":"https:\/\/uku.eu\/fi\/ruokotuotteet\/tihea-pilliruokomatto\/#primaryimage"},"thumbnailUrl":"https:\/\/uku.eu\/wp-content\/uploads\/2024\/12\/DSC08128-2.png","datePublished":"2024-12-16T16:59:32+00:00","dateModified":"2025-02-28T12:08:56+00:00","breadcrumb":{"@id":"https:\/\/uku.eu\/fi\/ruokotuotteet\/tihea-pilliruokomatto\/#breadcrumb"},"inLanguage":"fi","potentialAction":[{"@type":"ReadAction","target":["https:\/\/uku.eu\/fi\/ruokotuotteet\/tihea-pilliruokomatto\/"]}]},{"@type":"ImageObject","inLanguage":"fi","@id":"https:\/\/uku.eu\/fi\/ruokotuotteet\/tihea-pilliruokomatto\/#primaryimage","url":"https:\/\/uku.eu\/wp-content\/uploads\/2024\/12\/DSC08128-2.png","contentUrl":"https:\/\/uku.eu\/wp-content\/uploads\/2024\/12\/DSC08128-2.png"},{"@type":"BreadcrumbList","@id":"https:\/\/uku.eu\/fi\/ruokotuotteet\/tihea-pilliruokomatto\/#breadcrumb","itemListElement":[{"@type":"ListItem","position":1,"name":"Home","item":"https:\/\/uku.eu\/"},{"@type":"ListItem","position":2,"name":"Ruokotuotteet","item":"https:\/\/uku.eu\/fi\/ruokotuotteet\/"},{"@type":"ListItem","position":3,"name":"TIHE\u00c4 PILLIRUOKOMATTO"}]},{"@type":"WebSite","@id":"https:\/\/uku.eu\/#website","url":"https:\/\/uku.eu\/","name":"Krohvid ja v\u00e4rvid otse loodusest","description":"","publisher":{"@id":"https:\/\/uku.eu\/#organization"},"potentialAction":[{"@type":"SearchAction","target":{"@type":"EntryPoint","urlTemplate":"https:\/\/uku.eu\/?s={search_term_string}"},"query-input":{"@type":"PropertyValueSpecification","valueRequired":true,"valueName":"search_term_string"}}],"inLanguage":"fi"},{"@type":"Organization","@id":"https:\/\/uku.eu\/#organization","name":"Saviukumaja O\u00dc","url":"https:\/\/uku.eu\/","logo":{"@type":"ImageObject","inLanguage":"fi","@id":"https:\/\/uku.eu\/#\/schema\/logo\/image\/","url":"https:\/\/uku.eu\/wp-content\/uploads\/2021\/02\/cropped-UKU-Logo.jpg","contentUrl":"https:\/\/uku.eu\/wp-content\/uploads\/2021\/02\/cropped-UKU-Logo.jpg","width":512,"height":512,"caption":"Saviukumaja O\u00dc"},"image":{"@id":"https:\/\/uku.eu\/#\/schema\/logo\/image\/"},"sameAs":["https:\/\/www.facebook.com\/Saviukumaja\/","https:\/\/www.instagram.com\/saviukumaja\/","https:\/\/www.linkedin.com\/company\/saviukumaja","https:\/\/www.pinterest.com\/saviukumaja\/","https:\/\/www.youtube.com\/c\/UKUPureEarth"]}]}},"_links":{"self":[{"href":"https:\/\/uku.eu\/fi\/wp-json\/wp\/v2\/pages\/22346","targetHints":{"allow":["GET"]}}],"collection":[{"href":"https:\/\/uku.eu\/fi\/wp-json\/wp\/v2\/pages"}],"about":[{"href":"https:\/\/uku.eu\/fi\/wp-json\/wp\/v2\/types\/page"}],"author":[{"embeddable":true,"href":"https:\/\/uku.eu\/fi\/wp-json\/wp\/v2\/users\/1"}],"replies":[{"embeddable":true,"href":"https:\/\/uku.eu\/fi\/wp-json\/wp\/v2\/comments?post=22346"}],"version-history":[{"count":0,"href":"https:\/\/uku.eu\/fi\/wp-json\/wp\/v2\/pages\/22346\/revisions"}],"up":[{"embeddable":true,"href":"https:\/\/uku.eu\/fi\/wp-json\/wp\/v2\/pages\/10802"}],"wp:attachment":[{"href":"https:\/\/uku.eu\/fi\/wp-json\/wp\/v2\/media?parent=22346"}],"curies":[{"name":"wp","href":"https:\/\/api.w.org\/{rel}","templated":true}]}}