{"id":22408,"date":"2024-12-16T20:51:17","date_gmt":"2024-12-16T18:51:17","guid":{"rendered":"https:\/\/uku.eu\/lasikuituverkko\/"},"modified":"2024-12-17T10:24:39","modified_gmt":"2024-12-17T08:24:39","slug":"lasikuituverkko","status":"publish","type":"page","link":"https:\/\/uku.eu\/fi\/lasikuituverkko\/","title":{"rendered":"LASIKUITUVERKKO"},"content":{"rendered":"\t\t<div data-elementor-type=\"wp-page\" data-elementor-id=\"22408\" class=\"elementor elementor-22408 elementor-22348\" data-elementor-post-type=\"page\">\n\t\t\t\t\t\t<section data-particle_enable=\"false\" data-particle-mobile-disabled=\"false\" class=\"elementor-section elementor-top-section elementor-element elementor-element-27c8bac elementor-reverse-mobile elementor-section-boxed elementor-section-height-default elementor-section-height-default\" data-id=\"27c8bac\" data-element_type=\"section\">\n\t\t\t\t\t\t\t<div class=\"elementor-background-overlay\"><\/div>\n\t\t\t\t\t\t\t<div class=\"elementor-container elementor-column-gap-wider\">\n\t\t\t\t\t<div class=\"elementor-column elementor-col-50 elementor-top-column elementor-element elementor-element-adc5cdf\" data-id=\"adc5cdf\" data-element_type=\"column\">\n\t\t\t<div class=\"elementor-widget-wrap elementor-element-populated\">\n\t\t\t\t\t\t<div class=\"elementor-element elementor-element-362ec17 elementor-widget elementor-widget-heading\" data-id=\"362ec17\" data-element_type=\"widget\" data-widget_type=\"heading.default\">\n\t\t\t\t<div class=\"elementor-widget-container\">\n\t\t\t\t\t<h2 class=\"elementor-heading-title elementor-size-default\">LASIKUITUVERKKO<\/h2>\t\t\t\t<\/div>\n\t\t\t\t<\/div>\n\t\t\t\t<div class=\"elementor-element elementor-element-517c059 elementor-widget elementor-widget-text-editor\" data-id=\"517c059\" data-element_type=\"widget\" data-widget_type=\"text-editor.default\">\n\t\t\t\t<div class=\"elementor-widget-container\">\n\t\t\t\t\t\t\t\t\t<p>Lasikuituverkko on monipuolinen lujitusmateriaali, jota k\u00e4ytet\u00e4\u00e4n laajasti rakentamisessa, erityisesti savi- ja kalkkipohjaisissa rappauksissa ja pinnoitteissa. Erityisesti rappauspintojen vahvistamiseen sek\u00e4 sis\u00e4tiloissa ett\u00e4 julkisivuilla suunniteltu lasikuituverkko v\u00e4hent\u00e4\u00e4 merkitt\u00e4v\u00e4sti halkeamien riski\u00e4, varmistaa kest\u00e4v\u00e4n vahvistuksen ja erottuu korkealla repe\u00e4m\u00e4- ja vetolujuudellaan sek\u00e4 em\u00e4ksenkest\u00e4vyydell\u00e4\u00e4n.<\/p>\n\t\t\t\t\t\t\t\t<\/div>\n\t\t\t\t<\/div>\n\t\t\t\t\t<\/div>\n\t\t<\/div>\n\t\t\t\t<div class=\"elementor-column elementor-col-50 elementor-top-column elementor-element elementor-element-5d17547\" data-id=\"5d17547\" data-element_type=\"column\">\n\t\t\t<div class=\"elementor-widget-wrap elementor-element-populated\">\n\t\t\t\t\t\t<div class=\"elementor-element elementor-element-27256a5 elementor-widget elementor-widget-image\" data-id=\"27256a5\" data-element_type=\"widget\" data-widget_type=\"image.default\">\n\t\t\t\t<div class=\"elementor-widget-container\">\n\t\t\t\t\t\t\t\t\t\t\t\t\t\t\t<img fetchpriority=\"high\" decoding=\"async\" width=\"1142\" height=\"853\" src=\"https:\/\/uku.eu\/wp-content\/uploads\/2024\/12\/Screenshot-2024-10-23-at-14.59.45-2.png\" class=\"attachment-full size-full wp-image-22353\" alt=\"\" srcset=\"https:\/\/uku.eu\/wp-content\/uploads\/2024\/12\/Screenshot-2024-10-23-at-14.59.45-2.png 1142w, https:\/\/uku.eu\/wp-content\/uploads\/2024\/12\/Screenshot-2024-10-23-at-14.59.45-2-300x224.png 300w, https:\/\/uku.eu\/wp-content\/uploads\/2024\/12\/Screenshot-2024-10-23-at-14.59.45-2-1024x765.png 1024w, https:\/\/uku.eu\/wp-content\/uploads\/2024\/12\/Screenshot-2024-10-23-at-14.59.45-2-768x574.png 768w\" sizes=\"(max-width: 1142px) 100vw, 1142px\" \/>\t\t\t\t\t\t\t\t\t\t\t\t\t\t\t<\/div>\n\t\t\t\t<\/div>\n\t\t\t\t\t<\/div>\n\t\t<\/div>\n\t\t\t\t\t<\/div>\n\t\t<\/section>\n\t\t\t\t<section data-particle_enable=\"false\" data-particle-mobile-disabled=\"false\" class=\"elementor-section elementor-top-section elementor-element elementor-element-329e667 elementor-section-boxed elementor-section-height-default elementor-section-height-default\" data-id=\"329e667\" data-element_type=\"section\">\n\t\t\t\t\t\t\t<div class=\"elementor-background-overlay\"><\/div>\n\t\t\t\t\t\t\t<div class=\"elementor-container elementor-column-gap-wider\">\n\t\t\t\t\t<div class=\"elementor-column elementor-col-50 elementor-top-column elementor-element elementor-element-dee8773\" data-id=\"dee8773\" data-element_type=\"column\">\n\t\t\t<div class=\"elementor-widget-wrap elementor-element-populated\">\n\t\t\t\t\t\t<div class=\"elementor-element elementor-element-4c58434 elementor-widget elementor-widget-image\" data-id=\"4c58434\" data-element_type=\"widget\" data-widget_type=\"image.default\">\n\t\t\t\t<div class=\"elementor-widget-container\">\n\t\t\t\t\t\t\t\t\t\t\t\t\t\t\t<img decoding=\"async\" width=\"1160\" height=\"853\" src=\"https:\/\/uku.eu\/wp-content\/uploads\/2024\/12\/Pilliroomatil-lubikrohv-ja-lubivarv-1.png\" class=\"attachment-full size-full wp-image-22357\" alt=\"\" srcset=\"https:\/\/uku.eu\/wp-content\/uploads\/2024\/12\/Pilliroomatil-lubikrohv-ja-lubivarv-1.png 1160w, https:\/\/uku.eu\/wp-content\/uploads\/2024\/12\/Pilliroomatil-lubikrohv-ja-lubivarv-1-300x221.png 300w, https:\/\/uku.eu\/wp-content\/uploads\/2024\/12\/Pilliroomatil-lubikrohv-ja-lubivarv-1-1024x753.png 1024w, https:\/\/uku.eu\/wp-content\/uploads\/2024\/12\/Pilliroomatil-lubikrohv-ja-lubivarv-1-768x565.png 768w\" sizes=\"(max-width: 1160px) 100vw, 1160px\" \/>\t\t\t\t\t\t\t\t\t\t\t\t\t\t\t<\/div>\n\t\t\t\t<\/div>\n\t\t\t\t\t<\/div>\n\t\t<\/div>\n\t\t\t\t<div class=\"elementor-column elementor-col-50 elementor-top-column elementor-element elementor-element-b5a0584\" data-id=\"b5a0584\" data-element_type=\"column\">\n\t\t\t<div class=\"elementor-widget-wrap elementor-element-populated\">\n\t\t\t\t\t\t<div class=\"elementor-element elementor-element-61a24aa elementor-widget elementor-widget-text-editor\" data-id=\"61a24aa\" data-element_type=\"widget\" data-widget_type=\"text-editor.default\">\n\t\t\t\t<div class=\"elementor-widget-container\">\n\t\t\t\t\t\t\t\t\t<h4>Lasikuituverkon edut rakentamisessa:<\/h4>\r\n<ol>\r\n \t<li>Halkeamien ehk\u00e4isy\r\n<ul>\r\n \t<li>Lasikuituverkon t\u00e4rkein etu on sen kyky est\u00e4\u00e4 halkeamia. Kun verkko asennetaan rappauksen tai pinnoitteen sis\u00e4\u00e4n, se jakaa j\u00e4nnitykset tasaisesti ja v\u00e4hent\u00e4\u00e4 halkeamien riski\u00e4, jotka johtuvat kutistumisesta, l\u00e4mp\u00f6tilan vaihteluista tai rakenteen liikkeist\u00e4.<\/li>\r\n<\/ul>\r\n<\/li>\r\n \t<li>Kest\u00e4vyys\r\n<ul>\r\n \t<li>Lasikuituverkko vahvistaa rappauspintaa, lis\u00e4ten sen kest\u00e4vyytt\u00e4 mekaanista kulumista, iskuja ja ymp\u00e4rist\u00f6vaikutuksia vastaan, mik\u00e4 takaa pitk\u00e4aikaisen laadun.<\/li>\r\n<\/ul>\r\n<\/li>\r\n \t<li>Em\u00e4ksenkest\u00e4vyys\r\n<ul>\r\n \t<li>Em\u00e4ksenkest\u00e4v\u00e4 lasikuituverkko on erityisesti k\u00e4sitelty s\u00e4ilytt\u00e4m\u00e4\u00e4n sen eheys n\u00e4iden materiaalien kanssa kosketuksessa, est\u00e4en rappeutumisen ajan mittaan.<\/li>\r\n<\/ul>\r\n<\/li>\r\n<\/ol>\t\t\t\t\t\t\t\t<\/div>\n\t\t\t\t<\/div>\n\t\t\t\t\t<\/div>\n\t\t<\/div>\n\t\t\t\t\t<\/div>\n\t\t<\/section>\n\t\t\t\t<section data-particle_enable=\"false\" data-particle-mobile-disabled=\"false\" class=\"elementor-section elementor-top-section elementor-element elementor-element-3a973bf elementor-reverse-mobile elementor-section-boxed elementor-section-height-default elementor-section-height-default\" data-id=\"3a973bf\" data-element_type=\"section\">\n\t\t\t\t\t\t\t<div class=\"elementor-background-overlay\"><\/div>\n\t\t\t\t\t\t\t<div class=\"elementor-container elementor-column-gap-wider\">\n\t\t\t\t\t<div class=\"elementor-column elementor-col-50 elementor-top-column elementor-element elementor-element-608a64f\" data-id=\"608a64f\" data-element_type=\"column\">\n\t\t\t<div class=\"elementor-widget-wrap elementor-element-populated\">\n\t\t\t\t\t\t<div class=\"elementor-element elementor-element-e7d0617 elementor-widget elementor-widget-text-editor\" data-id=\"e7d0617\" data-element_type=\"widget\" data-widget_type=\"text-editor.default\">\n\t\t\t\t<div class=\"elementor-widget-container\">\n\t\t\t\t\t\t\t\t\t<p><span style=\"font-size: 15px; text-transform: var( --e-global-typography-text-text-transform );\"><b>Mitat:<\/b><\/span><\/p>\n\t\t\t\t\t\t\t\t<\/div>\n\t\t\t\t<\/div>\n\t\t<div data-particle_enable=\"false\" data-particle-mobile-disabled=\"false\" class=\"elementor-element elementor-element-43a0f2e e-flex e-con-boxed e-con e-parent\" data-id=\"43a0f2e\" data-element_type=\"container\">\n\t\t\t\t\t<div class=\"e-con-inner\">\n\t\t<div data-particle_enable=\"false\" data-particle-mobile-disabled=\"false\" class=\"elementor-element elementor-element-986814f e-con-full e-flex e-con e-child\" data-id=\"986814f\" data-element_type=\"container\">\n\t\t<div data-particle_enable=\"false\" data-particle-mobile-disabled=\"false\" class=\"elementor-element elementor-element-fea1493 e-con-full e-flex e-con e-child\" data-id=\"fea1493\" data-element_type=\"container\">\n\t\t\t\t<div class=\"elementor-element elementor-element-2494211 elementor-widget elementor-widget-text-editor\" data-id=\"2494211\" data-element_type=\"widget\" data-widget_type=\"text-editor.default\">\n\t\t\t\t<div class=\"elementor-widget-container\">\n\t\t\t\t\t\t\t\t\t<p><span class=\"comment_message--boldStyle--DfQEh\">Lasikuituverkko 11 x 11 mm<\/span><span class=\"\">Paino: 105 g\/m\u00b2 Verkkojen leveys: 100 cm Rullapituus: 50 m (50 m\u00b2)<\/span><\/p>\n\t\t\t\t\t\t\t\t<\/div>\n\t\t\t\t<\/div>\n\t\t\t\t<\/div>\n\t\t<div data-particle_enable=\"false\" data-particle-mobile-disabled=\"false\" class=\"elementor-element elementor-element-1d754af e-con-full e-flex e-con e-child\" data-id=\"1d754af\" data-element_type=\"container\">\n\t\t\t\t<div class=\"elementor-element elementor-element-7c43b3a elementor-widget elementor-widget-text-editor\" data-id=\"7c43b3a\" data-element_type=\"widget\" data-widget_type=\"text-editor.default\">\n\t\t\t\t<div class=\"elementor-widget-container\">\n\t\t\t\t\t\t\t\t\t<p><span class=\"comment_message--boldStyle--DfQEh\">Lasikuituverkko 5,5 x 5,5 mm<\/span><span class=\"\">Paino: 58 g\/m\u00b2 Verkkojen leveys: 100 cm Rullapituus: 100 m (100 m\u00b2)<\/span><\/p>\n\t\t\t\t\t\t\t\t<\/div>\n\t\t\t\t<\/div>\n\t\t\t\t<\/div>\n\t\t\t\t<\/div>\n\t\t\t\t\t<\/div>\n\t\t\t\t<\/div>\n\t\t\t\t\t<\/div>\n\t\t<\/div>\n\t\t\t\t<div class=\"elementor-column elementor-col-50 elementor-top-column elementor-element elementor-element-2b2277e\" data-id=\"2b2277e\" data-element_type=\"column\">\n\t\t\t<div class=\"elementor-widget-wrap elementor-element-populated\">\n\t\t\t\t\t\t<div class=\"elementor-element elementor-element-11e117b elementor-widget elementor-widget-image\" data-id=\"11e117b\" data-element_type=\"widget\" data-widget_type=\"image.default\">\n\t\t\t\t<div class=\"elementor-widget-container\">\n\t\t\t\t\t\t\t\t\t\t\t\t\t\t\t<img decoding=\"async\" width=\"1160\" height=\"846\" src=\"https:\/\/uku.eu\/wp-content\/uploads\/2024\/12\/rouleau-de-fibre-de-verre-45-degres-825gm2-multiaxiaux-biaxes-125x50m-ebx600m225-neuf.jpg-1.png\" class=\"attachment-full size-full wp-image-22363\" alt=\"\" srcset=\"https:\/\/uku.eu\/wp-content\/uploads\/2024\/12\/rouleau-de-fibre-de-verre-45-degres-825gm2-multiaxiaux-biaxes-125x50m-ebx600m225-neuf.jpg-1.png 1160w, https:\/\/uku.eu\/wp-content\/uploads\/2024\/12\/rouleau-de-fibre-de-verre-45-degres-825gm2-multiaxiaux-biaxes-125x50m-ebx600m225-neuf.jpg-1-300x219.png 300w, https:\/\/uku.eu\/wp-content\/uploads\/2024\/12\/rouleau-de-fibre-de-verre-45-degres-825gm2-multiaxiaux-biaxes-125x50m-ebx600m225-neuf.jpg-1-1024x747.png 1024w, https:\/\/uku.eu\/wp-content\/uploads\/2024\/12\/rouleau-de-fibre-de-verre-45-degres-825gm2-multiaxiaux-biaxes-125x50m-ebx600m225-neuf.jpg-1-768x560.png 768w\" sizes=\"(max-width: 1160px) 100vw, 1160px\" \/>\t\t\t\t\t\t\t\t\t\t\t\t\t\t\t<\/div>\n\t\t\t\t<\/div>\n\t\t\t\t\t<\/div>\n\t\t<\/div>\n\t\t\t\t\t<\/div>\n\t\t<\/section>\n\t\t\t\t<\/div>\n\t\t","protected":false},"excerpt":{"rendered":"<p>LASIKUITUVERKKO Lasikuituverkko on monipuolinen lujitusmateriaali, jota k\u00e4ytet\u00e4\u00e4n laajasti rakentamisessa, erityisesti savi- ja kalkkipohjaisissa rappauksissa ja pinnoitteissa. Erityisesti rappauspintojen vahvistamiseen sek\u00e4 sis\u00e4tiloissa ett\u00e4 julkisivuilla suunniteltu lasikuituverkko v\u00e4hent\u00e4\u00e4 merkitt\u00e4v\u00e4sti halkeamien riski\u00e4, varmistaa kest\u00e4v\u00e4n vahvistuksen ja erottuu korkealla repe\u00e4m\u00e4- ja vetolujuudellaan sek\u00e4 em\u00e4ksenkest\u00e4vyydell\u00e4\u00e4n. Lasikuituverkon edut rakentamisessa: Halkeamien ehk\u00e4isy Lasikuituverkon t\u00e4rkein etu on sen kyky est\u00e4\u00e4 halkeamia. Kun verkko [&hellip;]<\/p>\n","protected":false},"author":1,"featured_media":0,"parent":0,"menu_order":0,"comment_status":"closed","ping_status":"closed","template":"elementor_header_footer","meta":{"footnotes":""},"class_list":["post-22408","page","type-page","status-publish","hentry","entry"],"yoast_head":"<!-- This site is optimized with the Yoast SEO plugin v26.6 - https:\/\/yoast.com\/wordpress\/plugins\/seo\/ -->\n<title>LASIKUITUVERKKO - LASIKUITUVERKKO<\/title>\n<meta name=\"robots\" content=\"index, follow, max-snippet:-1, max-image-preview:large, max-video-preview:-1\" \/>\n<link rel=\"canonical\" href=\"https:\/\/uku.eu\/klaaskiudvork\/\" \/>\n<meta property=\"og:locale\" content=\"fi_FI\" \/>\n<meta property=\"og:type\" content=\"article\" \/>\n<meta property=\"og:title\" content=\"LASIKUITUVERKKO - LASIKUITUVERKKO\" \/>\n<meta property=\"og:description\" content=\"LASIKUITUVERKKO Lasikuituverkko on monipuolinen lujitusmateriaali, jota k\u00e4ytet\u00e4\u00e4n laajasti rakentamisessa, erityisesti savi- ja kalkkipohjaisissa rappauksissa ja pinnoitteissa. Erityisesti rappauspintojen vahvistamiseen sek\u00e4 sis\u00e4tiloissa ett\u00e4 julkisivuilla suunniteltu lasikuituverkko v\u00e4hent\u00e4\u00e4 merkitt\u00e4v\u00e4sti halkeamien riski\u00e4, varmistaa kest\u00e4v\u00e4n vahvistuksen ja erottuu korkealla repe\u00e4m\u00e4- ja vetolujuudellaan sek\u00e4 em\u00e4ksenkest\u00e4vyydell\u00e4\u00e4n. Lasikuituverkon edut rakentamisessa: Halkeamien ehk\u00e4isy Lasikuituverkon t\u00e4rkein etu on sen kyky est\u00e4\u00e4 halkeamia. Kun verkko [&hellip;]\" \/>\n<meta property=\"og:url\" content=\"https:\/\/uku.eu\/klaaskiudvork\/\" \/>\n<meta property=\"og:site_name\" content=\"Uku.eu\" \/>\n<meta property=\"article:publisher\" content=\"https:\/\/www.facebook.com\/Saviukumaja\/\" \/>\n<meta property=\"article:modified_time\" content=\"2024-12-17T08:24:39+00:00\" \/>\n<meta property=\"og:image\" content=\"https:\/\/uku.eu\/wp-content\/uploads\/2024\/12\/Screenshot-2024-10-23-at-14.59.45-2.png\" \/>\n\t<meta property=\"og:image:width\" content=\"1142\" \/>\n\t<meta property=\"og:image:height\" content=\"853\" \/>\n\t<meta property=\"og:image:type\" content=\"image\/png\" \/>\n<meta name=\"twitter:card\" content=\"summary_large_image\" \/>\n<meta name=\"twitter:label1\" content=\"Arvioitu lukuaika\" \/>\n\t<meta name=\"twitter:data1\" content=\"1 minuutti\" \/>\n<script type=\"application\/ld+json\" class=\"yoast-schema-graph\">{\"@context\":\"https:\/\/schema.org\",\"@graph\":[{\"@type\":\"WebPage\",\"@id\":\"https:\/\/uku.eu\/klaaskiudvork\/\",\"url\":\"https:\/\/uku.eu\/klaaskiudvork\/\",\"name\":\"LASIKUITUVERKKO - LASIKUITUVERKKO\",\"isPartOf\":{\"@id\":\"https:\/\/uku.eu\/#website\"},\"primaryImageOfPage\":{\"@id\":\"https:\/\/uku.eu\/klaaskiudvork\/#primaryimage\"},\"image\":{\"@id\":\"https:\/\/uku.eu\/klaaskiudvork\/#primaryimage\"},\"thumbnailUrl\":\"https:\/\/uku.eu\/wp-content\/uploads\/2024\/12\/Screenshot-2024-10-23-at-14.59.45-2.png\",\"datePublished\":\"2024-12-16T18:51:17+00:00\",\"dateModified\":\"2024-12-17T08:24:39+00:00\",\"breadcrumb\":{\"@id\":\"https:\/\/uku.eu\/klaaskiudvork\/#breadcrumb\"},\"inLanguage\":\"fi\",\"potentialAction\":[{\"@type\":\"ReadAction\",\"target\":[\"https:\/\/uku.eu\/klaaskiudvork\/\"]}]},{\"@type\":\"ImageObject\",\"inLanguage\":\"fi\",\"@id\":\"https:\/\/uku.eu\/klaaskiudvork\/#primaryimage\",\"url\":\"https:\/\/uku.eu\/wp-content\/uploads\/2024\/12\/Screenshot-2024-10-23-at-14.59.45-2.png\",\"contentUrl\":\"https:\/\/uku.eu\/wp-content\/uploads\/2024\/12\/Screenshot-2024-10-23-at-14.59.45-2.png\"},{\"@type\":\"BreadcrumbList\",\"@id\":\"https:\/\/uku.eu\/klaaskiudvork\/#breadcrumb\",\"itemListElement\":[{\"@type\":\"ListItem\",\"position\":1,\"name\":\"Home\",\"item\":\"https:\/\/uku.eu\/\"},{\"@type\":\"ListItem\",\"position\":2,\"name\":\"LASIKUITUVERKKO\"}]},{\"@type\":\"WebSite\",\"@id\":\"https:\/\/uku.eu\/#website\",\"url\":\"https:\/\/uku.eu\/\",\"name\":\"Krohvid ja v\u00e4rvid otse loodusest\",\"description\":\"\",\"publisher\":{\"@id\":\"https:\/\/uku.eu\/#organization\"},\"potentialAction\":[{\"@type\":\"SearchAction\",\"target\":{\"@type\":\"EntryPoint\",\"urlTemplate\":\"https:\/\/uku.eu\/?s={search_term_string}\"},\"query-input\":{\"@type\":\"PropertyValueSpecification\",\"valueRequired\":true,\"valueName\":\"search_term_string\"}}],\"inLanguage\":\"fi\"},{\"@type\":\"Organization\",\"@id\":\"https:\/\/uku.eu\/#organization\",\"name\":\"Saviukumaja O\u00dc\",\"url\":\"https:\/\/uku.eu\/\",\"logo\":{\"@type\":\"ImageObject\",\"inLanguage\":\"fi\",\"@id\":\"https:\/\/uku.eu\/#\/schema\/logo\/image\/\",\"url\":\"https:\/\/uku.eu\/wp-content\/uploads\/2021\/02\/cropped-UKU-Logo.jpg\",\"contentUrl\":\"https:\/\/uku.eu\/wp-content\/uploads\/2021\/02\/cropped-UKU-Logo.jpg\",\"width\":512,\"height\":512,\"caption\":\"Saviukumaja O\u00dc\"},\"image\":{\"@id\":\"https:\/\/uku.eu\/#\/schema\/logo\/image\/\"},\"sameAs\":[\"https:\/\/www.facebook.com\/Saviukumaja\/\",\"https:\/\/www.instagram.com\/saviukumaja\/\",\"https:\/\/www.linkedin.com\/company\/saviukumaja\",\"https:\/\/www.pinterest.com\/saviukumaja\/\",\"https:\/\/www.youtube.com\/c\/UKUPureEarth\"]}]}<\/script>\n<!-- \/ Yoast SEO plugin. -->","yoast_head_json":{"title":"LASIKUITUVERKKO - LASIKUITUVERKKO","robots":{"index":"index","follow":"follow","max-snippet":"max-snippet:-1","max-image-preview":"max-image-preview:large","max-video-preview":"max-video-preview:-1"},"canonical":"https:\/\/uku.eu\/klaaskiudvork\/","og_locale":"fi_FI","og_type":"article","og_title":"LASIKUITUVERKKO - LASIKUITUVERKKO","og_description":"LASIKUITUVERKKO Lasikuituverkko on monipuolinen lujitusmateriaali, jota k\u00e4ytet\u00e4\u00e4n laajasti rakentamisessa, erityisesti savi- ja kalkkipohjaisissa rappauksissa ja pinnoitteissa. Erityisesti rappauspintojen vahvistamiseen sek\u00e4 sis\u00e4tiloissa ett\u00e4 julkisivuilla suunniteltu lasikuituverkko v\u00e4hent\u00e4\u00e4 merkitt\u00e4v\u00e4sti halkeamien riski\u00e4, varmistaa kest\u00e4v\u00e4n vahvistuksen ja erottuu korkealla repe\u00e4m\u00e4- ja vetolujuudellaan sek\u00e4 em\u00e4ksenkest\u00e4vyydell\u00e4\u00e4n. Lasikuituverkon edut rakentamisessa: Halkeamien ehk\u00e4isy Lasikuituverkon t\u00e4rkein etu on sen kyky est\u00e4\u00e4 halkeamia. Kun verkko [&hellip;]","og_url":"https:\/\/uku.eu\/klaaskiudvork\/","og_site_name":"Uku.eu","article_publisher":"https:\/\/www.facebook.com\/Saviukumaja\/","article_modified_time":"2024-12-17T08:24:39+00:00","og_image":[{"width":1142,"height":853,"url":"https:\/\/uku.eu\/wp-content\/uploads\/2024\/12\/Screenshot-2024-10-23-at-14.59.45-2.png","type":"image\/png"}],"twitter_card":"summary_large_image","twitter_misc":{"Arvioitu lukuaika":"1 minuutti"},"schema":{"@context":"https:\/\/schema.org","@graph":[{"@type":"WebPage","@id":"https:\/\/uku.eu\/klaaskiudvork\/","url":"https:\/\/uku.eu\/klaaskiudvork\/","name":"LASIKUITUVERKKO - LASIKUITUVERKKO","isPartOf":{"@id":"https:\/\/uku.eu\/#website"},"primaryImageOfPage":{"@id":"https:\/\/uku.eu\/klaaskiudvork\/#primaryimage"},"image":{"@id":"https:\/\/uku.eu\/klaaskiudvork\/#primaryimage"},"thumbnailUrl":"https:\/\/uku.eu\/wp-content\/uploads\/2024\/12\/Screenshot-2024-10-23-at-14.59.45-2.png","datePublished":"2024-12-16T18:51:17+00:00","dateModified":"2024-12-17T08:24:39+00:00","breadcrumb":{"@id":"https:\/\/uku.eu\/klaaskiudvork\/#breadcrumb"},"inLanguage":"fi","potentialAction":[{"@type":"ReadAction","target":["https:\/\/uku.eu\/klaaskiudvork\/"]}]},{"@type":"ImageObject","inLanguage":"fi","@id":"https:\/\/uku.eu\/klaaskiudvork\/#primaryimage","url":"https:\/\/uku.eu\/wp-content\/uploads\/2024\/12\/Screenshot-2024-10-23-at-14.59.45-2.png","contentUrl":"https:\/\/uku.eu\/wp-content\/uploads\/2024\/12\/Screenshot-2024-10-23-at-14.59.45-2.png"},{"@type":"BreadcrumbList","@id":"https:\/\/uku.eu\/klaaskiudvork\/#breadcrumb","itemListElement":[{"@type":"ListItem","position":1,"name":"Home","item":"https:\/\/uku.eu\/"},{"@type":"ListItem","position":2,"name":"LASIKUITUVERKKO"}]},{"@type":"WebSite","@id":"https:\/\/uku.eu\/#website","url":"https:\/\/uku.eu\/","name":"Krohvid ja v\u00e4rvid otse loodusest","description":"","publisher":{"@id":"https:\/\/uku.eu\/#organization"},"potentialAction":[{"@type":"SearchAction","target":{"@type":"EntryPoint","urlTemplate":"https:\/\/uku.eu\/?s={search_term_string}"},"query-input":{"@type":"PropertyValueSpecification","valueRequired":true,"valueName":"search_term_string"}}],"inLanguage":"fi"},{"@type":"Organization","@id":"https:\/\/uku.eu\/#organization","name":"Saviukumaja O\u00dc","url":"https:\/\/uku.eu\/","logo":{"@type":"ImageObject","inLanguage":"fi","@id":"https:\/\/uku.eu\/#\/schema\/logo\/image\/","url":"https:\/\/uku.eu\/wp-content\/uploads\/2021\/02\/cropped-UKU-Logo.jpg","contentUrl":"https:\/\/uku.eu\/wp-content\/uploads\/2021\/02\/cropped-UKU-Logo.jpg","width":512,"height":512,"caption":"Saviukumaja O\u00dc"},"image":{"@id":"https:\/\/uku.eu\/#\/schema\/logo\/image\/"},"sameAs":["https:\/\/www.facebook.com\/Saviukumaja\/","https:\/\/www.instagram.com\/saviukumaja\/","https:\/\/www.linkedin.com\/company\/saviukumaja","https:\/\/www.pinterest.com\/saviukumaja\/","https:\/\/www.youtube.com\/c\/UKUPureEarth"]}]}},"_links":{"self":[{"href":"https:\/\/uku.eu\/fi\/wp-json\/wp\/v2\/pages\/22408","targetHints":{"allow":["GET"]}}],"collection":[{"href":"https:\/\/uku.eu\/fi\/wp-json\/wp\/v2\/pages"}],"about":[{"href":"https:\/\/uku.eu\/fi\/wp-json\/wp\/v2\/types\/page"}],"author":[{"embeddable":true,"href":"https:\/\/uku.eu\/fi\/wp-json\/wp\/v2\/users\/1"}],"replies":[{"embeddable":true,"href":"https:\/\/uku.eu\/fi\/wp-json\/wp\/v2\/comments?post=22408"}],"version-history":[{"count":0,"href":"https:\/\/uku.eu\/fi\/wp-json\/wp\/v2\/pages\/22408\/revisions"}],"wp:attachment":[{"href":"https:\/\/uku.eu\/fi\/wp-json\/wp\/v2\/media?parent=22408"}],"curies":[{"name":"wp","href":"https:\/\/api.w.org\/{rel}","templated":true}]}}