{"id":22577,"date":"2024-12-24T11:51:26","date_gmt":"2024-12-24T09:51:26","guid":{"rendered":"https:\/\/uku.eu\/viimeistelypohjuste\/"},"modified":"2024-12-25T12:38:07","modified_gmt":"2024-12-25T10:38:07","slug":"viimeistelypohjuste","status":"publish","type":"page","link":"https:\/\/uku.eu\/fi\/viimeistelypohjuste\/","title":{"rendered":"VIIMEISTELYPOHJUSTE"},"content":{"rendered":"\t\t<div data-elementor-type=\"wp-page\" data-elementor-id=\"22577\" class=\"elementor elementor-22577 elementor-22550\" data-elementor-post-type=\"page\">\n\t\t\t\t\t\t<section data-particle_enable=\"false\" data-particle-mobile-disabled=\"false\" class=\"elementor-section elementor-top-section elementor-element elementor-element-27c8bac elementor-reverse-mobile elementor-section-boxed elementor-section-height-default elementor-section-height-default\" data-id=\"27c8bac\" data-element_type=\"section\" data-e-type=\"section\">\n\t\t\t\t\t\t\t<div class=\"elementor-background-overlay\"><\/div>\n\t\t\t\t\t\t\t<div class=\"elementor-container elementor-column-gap-wider\">\n\t\t\t\t\t<div class=\"elementor-column elementor-col-50 elementor-top-column elementor-element elementor-element-adc5cdf\" data-id=\"adc5cdf\" data-element_type=\"column\" data-e-type=\"column\">\n\t\t\t<div class=\"elementor-widget-wrap elementor-element-populated\">\n\t\t\t\t\t\t<div class=\"elementor-element elementor-element-362ec17 elementor-widget elementor-widget-heading\" data-id=\"362ec17\" data-element_type=\"widget\" data-e-type=\"widget\" data-widget_type=\"heading.default\">\n\t\t\t\t<div class=\"elementor-widget-container\">\n\t\t\t\t\t<h2 class=\"elementor-heading-title elementor-size-default\">VIIMEISTELYPOHJUSTE<\/h2>\t\t\t\t<\/div>\n\t\t\t\t<\/div>\n\t\t\t\t<div class=\"elementor-element elementor-element-517c059 elementor-widget elementor-widget-text-editor\" data-id=\"517c059\" data-element_type=\"widget\" data-e-type=\"widget\" data-widget_type=\"text-editor.default\">\n\t\t\t\t<div class=\"elementor-widget-container\">\n\t\t\t\t\t\t\t\t\t<p><span class=\"comment_message--boldStyle--DfQEh\">UKU Viimeistelypohjuste<\/span><span class=\"\"> tarjoaa tehokkaan suojan rapatuille ja maalatuille pinnoille, parantaen tarttuvuutta ja v\u00e4hent\u00e4en pohjan imukyky\u00e4. Se sopii erinomaisesti k\u00e4ytett\u00e4v\u00e4ksi pohjakerroksena ennen rappausta ja maalausta sek\u00e4 viimeisteltyjen pintojen pinnoittamiseen. Pohjuste soveltuu sek\u00e4 sis\u00e4- ett\u00e4 ulkok\u00e4ytt\u00f6\u00f6n. <\/span><\/p>\n<p><span class=\"comment_message--boldStyle--DfQEh\">T\u00e4rkeimm\u00e4t ominaisuudet:<\/span><\/p>\n<ul>\n<li class=\"comment_message--commentUnorderedListItem--16BZF\"><span class=\"comment_message--boldStyle--DfQEh\">Monipuolinen k\u00e4ytt\u00f6:<\/span><span class=\"\"> Laimenna vedell\u00e4 suhteessa 1:1 pohjakerroksille ja 1:3 viimeisteltyjen pintojen pohjustamiseen.<\/span><\/li>\n<li class=\"comment_message--commentUnorderedListItem--16BZF\"><span class=\"comment_message--boldStyle--DfQEh\">Suoja ja tarttuvuus:<\/span><span class=\"\"> Tarjoaa lis\u00e4suojaa ja takaa tasaisen, laadukkaan lopputuloksen.<\/span><\/li>\n<li class=\"comment_message--commentUnorderedListItem--16BZF\"><span class=\"comment_message--boldStyle--DfQEh\">Helppo levitys:<\/span><span class=\"\"> Helppo levitt\u00e4\u00e4 pensselill\u00e4, telalla tai ruiskulla, mik\u00e4 takaa ammattimaiset tulokset.<\/span><\/li>\n<\/ul>\n<p><span class=\"comment_message--boldStyle--DfQEh\">M\u00c4\u00c4R\u00c4T:<\/span><span class=\"\"> 1L \/ 5L<\/span><\/p>\n\t\t\t\t\t\t\t\t<\/div>\n\t\t\t\t<\/div>\n\t\t\t\t\t<\/div>\n\t\t<\/div>\n\t\t\t\t<div class=\"elementor-column elementor-col-50 elementor-top-column elementor-element elementor-element-5d17547\" data-id=\"5d17547\" data-element_type=\"column\" data-e-type=\"column\">\n\t\t\t<div class=\"elementor-widget-wrap elementor-element-populated\">\n\t\t\t\t\t\t<div class=\"elementor-element elementor-element-27256a5 elementor-widget elementor-widget-image\" data-id=\"27256a5\" data-element_type=\"widget\" data-e-type=\"widget\" data-widget_type=\"image.default\">\n\t\t\t\t<div class=\"elementor-widget-container\">\n\t\t\t\t\t\t\t\t\t\t\t\t\t\t\t<img fetchpriority=\"high\" decoding=\"async\" width=\"1857\" height=\"1317\" src=\"https:\/\/uku.eu\/wp-content\/uploads\/2024\/12\/pealisaluskrunt.jpg\" class=\"attachment-full size-full wp-image-22540\" alt=\"\" srcset=\"https:\/\/uku.eu\/wp-content\/uploads\/2024\/12\/pealisaluskrunt.jpg 1857w, https:\/\/uku.eu\/wp-content\/uploads\/2024\/12\/pealisaluskrunt-300x213.jpg 300w, https:\/\/uku.eu\/wp-content\/uploads\/2024\/12\/pealisaluskrunt-1024x726.jpg 1024w, https:\/\/uku.eu\/wp-content\/uploads\/2024\/12\/pealisaluskrunt-768x545.jpg 768w, https:\/\/uku.eu\/wp-content\/uploads\/2024\/12\/pealisaluskrunt-1536x1089.jpg 1536w\" sizes=\"(max-width: 1857px) 100vw, 1857px\" \/>\t\t\t\t\t\t\t\t\t\t\t\t\t\t\t<\/div>\n\t\t\t\t<\/div>\n\t\t\t\t\t<\/div>\n\t\t<\/div>\n\t\t\t\t\t<\/div>\n\t\t<\/section>\n\t\t\t\t<section data-particle_enable=\"false\" data-particle-mobile-disabled=\"false\" class=\"elementor-section elementor-top-section elementor-element elementor-element-329e667 elementor-section-boxed elementor-section-height-default elementor-section-height-default\" data-id=\"329e667\" data-element_type=\"section\" data-e-type=\"section\">\n\t\t\t\t\t\t\t<div class=\"elementor-background-overlay\"><\/div>\n\t\t\t\t\t\t\t<div class=\"elementor-container elementor-column-gap-wider\">\n\t\t\t\t\t<div class=\"elementor-column elementor-col-50 elementor-top-column elementor-element elementor-element-dee8773\" data-id=\"dee8773\" data-element_type=\"column\" data-e-type=\"column\">\n\t\t\t<div class=\"elementor-widget-wrap elementor-element-populated\">\n\t\t\t\t\t\t<div class=\"elementor-element elementor-element-4c58434 elementor-widget elementor-widget-image\" data-id=\"4c58434\" data-element_type=\"widget\" data-e-type=\"widget\" data-widget_type=\"image.default\">\n\t\t\t\t<div class=\"elementor-widget-container\">\n\t\t\t\t\t\t\t\t\t\t\t\t\t\t\t<img decoding=\"async\" width=\"1857\" height=\"1317\" src=\"https:\/\/uku.eu\/wp-content\/uploads\/2024\/12\/tselluloos.jpg\" class=\"attachment-full size-full wp-image-22537\" alt=\"\" srcset=\"https:\/\/uku.eu\/wp-content\/uploads\/2024\/12\/tselluloos.jpg 1857w, https:\/\/uku.eu\/wp-content\/uploads\/2024\/12\/tselluloos-300x213.jpg 300w, https:\/\/uku.eu\/wp-content\/uploads\/2024\/12\/tselluloos-1024x726.jpg 1024w, https:\/\/uku.eu\/wp-content\/uploads\/2024\/12\/tselluloos-768x545.jpg 768w, https:\/\/uku.eu\/wp-content\/uploads\/2024\/12\/tselluloos-1536x1089.jpg 1536w\" sizes=\"(max-width: 1857px) 100vw, 1857px\" \/>\t\t\t\t\t\t\t\t\t\t\t\t\t\t\t<\/div>\n\t\t\t\t<\/div>\n\t\t\t\t\t<\/div>\n\t\t<\/div>\n\t\t\t\t<div class=\"elementor-column elementor-col-50 elementor-top-column elementor-element elementor-element-b5a0584\" data-id=\"b5a0584\" data-element_type=\"column\" data-e-type=\"column\">\n\t\t\t<div class=\"elementor-widget-wrap elementor-element-populated\">\n\t\t\t\t\t\t<div class=\"elementor-element elementor-element-3a1d6e0 elementor-widget elementor-widget-heading\" data-id=\"3a1d6e0\" data-element_type=\"widget\" data-e-type=\"widget\" data-widget_type=\"heading.default\">\n\t\t\t\t<div class=\"elementor-widget-container\">\n\t\t\t\t\t<h2 class=\"elementor-heading-title elementor-size-default\">SELLULOOSAPOHJUSTE<\/h2>\t\t\t\t<\/div>\n\t\t\t\t<\/div>\n\t\t\t\t<div class=\"elementor-element elementor-element-3cda19f elementor-widget elementor-widget-text-editor\" data-id=\"3cda19f\" data-element_type=\"widget\" data-e-type=\"widget\" data-widget_type=\"text-editor.default\">\n\t\t\t\t<div class=\"elementor-widget-container\">\n\t\t\t\t\t\t\t\t\t<p><span class=\"comment_message--boldStyle--DfQEh\">UKU-selluloosapohjuste<\/span><span class=\"\"> on suunniteltu erityisesti savilaastien viimeistelyyn, parantaen rapatun pinnan kest\u00e4vyytt\u00e4 ja v\u00e4hent\u00e4en p\u00f6ly\u00e4mist\u00e4. Se varmistaa savilaastin pitk\u00e4ik\u00e4isyyden ja kauniin viimeistelyn. <\/span><span class=\"comment_message--boldStyle--DfQEh\">T\u00e4rkeimm\u00e4t ominaisuudet:<\/span><\/p>\n<ul>\n<li class=\"comment_message--commentUnorderedListItem--16BZF\"><span class=\"comment_message--boldStyle--DfQEh\">Vahvistaa laastin rakennetta:<\/span><span class=\"\"> Tekee pinnasta kest\u00e4v\u00e4n jokap\u00e4iv\u00e4ist\u00e4 kulutusta vastaan.<\/span><\/li>\n<li class=\"comment_message--commentUnorderedListItem--16BZF\"><span class=\"comment_message--boldStyle--DfQEh\">V\u00e4hent\u00e4\u00e4 p\u00f6ly\u00e4mist\u00e4:<\/span><span class=\"\"> S\u00e4ilytt\u00e4\u00e4 savilaastin laadun ja ulkon\u00e4\u00f6n.<\/span><\/li>\n<li class=\"comment_message--commentUnorderedListItem--16BZF\"><span class=\"comment_message--boldStyle--DfQEh\">S\u00e4\u00e4dett\u00e4v\u00e4 seos:<\/span><span class=\"\"> Selluloosajauhe sekoitetaan veteen suhteessa 1 g jauhetta 250 ml vett\u00e4 kohden.<\/span><\/li>\n<li class=\"comment_message--commentUnorderedListItem--16BZF\"><span class=\"comment_message--boldStyle--DfQEh\">Sopii rakenteellisille pinnoille:<\/span><span class=\"\"> Ihanteellinen imukykyisille pinnoille, kuten savilaastille.<\/span><\/li>\n<\/ul>\n<p><span class=\"comment_message--boldStyle--DfQEh\">K\u00e4ytt\u00f6:<\/span><\/p>\n<ul>\n<li class=\"comment_message--commentUnorderedListItem--16BZF\"><span class=\"\">Levit\u00e4 pehme\u00e4ll\u00e4, luonnonharjaksisella pensselill\u00e4.<\/span><\/li>\n<li class=\"comment_message--commentUnorderedListItem--16BZF\"><span class=\"\">K\u00e4yt\u00e4 kevyit\u00e4 ja tasaisia vetoja varmistaaksesi tasaisen peiton.<\/span><\/li>\n<\/ul>\n<p><span class=\"comment_message--boldStyle--DfQEh\">M\u00c4\u00c4R\u00c4T PROJEKTIN TARPEIDEN MUKAAN!<\/span><\/p>\n\t\t\t\t\t\t\t\t<\/div>\n\t\t\t\t<\/div>\n\t\t\t\t\t<\/div>\n\t\t<\/div>\n\t\t\t\t\t<\/div>\n\t\t<\/section>\n\t\t<div data-particle_enable=\"false\" data-particle-mobile-disabled=\"false\" class=\"elementor-element elementor-element-d715688 e-flex e-con-boxed e-con e-parent\" data-id=\"d715688\" data-element_type=\"container\" data-e-type=\"container\">\n\t\t\t\t\t<div class=\"e-con-inner\">\n\t\t\t\t<div class=\"elementor-element elementor-element-db44a38 elementor-invisible elementor-widget elementor-widget-heading\" data-id=\"db44a38\" data-element_type=\"widget\" data-e-type=\"widget\" data-settings=\"{&quot;_animation&quot;:&quot;fadeIn&quot;,&quot;_animation_delay&quot;:200}\" data-widget_type=\"heading.default\">\n\t\t\t\t<div class=\"elementor-widget-container\">\n\t\t\t\t\t<h2 class=\"elementor-heading-title elementor-size-default\">Miten Tilata?<\/h2>\t\t\t\t<\/div>\n\t\t\t\t<\/div>\n\t\t\t\t<div class=\"elementor-element elementor-element-e1695dd elementor-widget__width-inherit elementor-widget-mobile__width-inherit elementor-widget elementor-widget-heading\" data-id=\"e1695dd\" data-element_type=\"widget\" data-e-type=\"widget\" data-widget_type=\"heading.default\">\n\t\t\t\t<div class=\"elementor-widget-container\">\n\t\t\t\t\t<h6 class=\"elementor-heading-title elementor-size-default\">Jotta voimme auttaa sinua valitsemaan parhaan tuotteen projektiisi, l\u00e4het\u00e4 meille seuraavat tiedot:<\/h6>\t\t\t\t<\/div>\n\t\t\t\t<\/div>\n\t\t\t\t<div class=\"elementor-element elementor-element-0b510c6 elementor-button-align-center elementor-widget__width-inherit elementor-widget elementor-widget-form\" data-id=\"0b510c6\" data-element_type=\"widget\" data-e-type=\"widget\" data-settings=\"{&quot;step_next_label&quot;:&quot;Seuraava&quot;,&quot;step_previous_label&quot;:&quot;Edellinen&quot;,&quot;button_width&quot;:&quot;100&quot;,&quot;step_type&quot;:&quot;number_text&quot;,&quot;step_icon_shape&quot;:&quot;circle&quot;}\" data-widget_type=\"form.default\">\n\t\t\t\t<div class=\"elementor-widget-container\">\n\t\t\t\t\t\t\t<form class=\"elementor-form\" method=\"post\" name=\"Yhteystiedot\" aria-label=\"Yhteystiedot\">\r\n\t\t\t<input type=\"hidden\" name=\"post_id\" value=\"22577\"\/>\r\n\t\t\t<input type=\"hidden\" name=\"form_id\" value=\"0b510c6\"\/>\r\n\t\t\t<input type=\"hidden\" name=\"referer_title\" value=\"Uku.eu\" \/>\r\n\r\n\t\t\t\r\n\t\t\t<div class=\"elementor-form-fields-wrapper elementor-labels-above\">\r\n\t\t\t\t\t\t\t\t<div class=\"elementor-field-type-text elementor-field-group elementor-column elementor-field-group-field_3fccdcc elementor-col-33 elementor-field-required elementor-mark-required\">\r\n\t\t\t\t\t\t\t\t\t\t\t\t<label for=\"form-field-field_3fccdcc\" class=\"elementor-field-label\">\r\n\t\t\t\t\t\t\t\tNIMI\t\t\t\t\t\t\t<\/label>\r\n\t\t\t\t\t\t\t\t\t\t\t\t\t\t<input size=\"1\" type=\"text\" name=\"form_fields[field_3fccdcc]\" id=\"form-field-field_3fccdcc\" class=\"elementor-field elementor-size-md  elementor-field-textual\" required=\"required\">\r\n\t\t\t\t\t\t\t\t\t\t\t<\/div>\r\n\t\t\t\t\t\t\t\t<div class=\"elementor-field-type-email elementor-field-group elementor-column elementor-field-group-email elementor-col-33 elementor-field-required elementor-mark-required\">\r\n\t\t\t\t\t\t\t\t\t\t\t\t<label for=\"form-field-email\" class=\"elementor-field-label\">\r\n\t\t\t\t\t\t\t\tS\u00e4hk\u00f6postiosoite\t\t\t\t\t\t\t<\/label>\r\n\t\t\t\t\t\t\t\t\t\t\t\t\t\t<input size=\"1\" type=\"email\" name=\"form_fields[email]\" id=\"form-field-email\" class=\"elementor-field elementor-size-md  elementor-field-textual\" required=\"required\">\r\n\t\t\t\t\t\t\t\t\t\t\t<\/div>\r\n\t\t\t\t\t\t\t\t<div class=\"elementor-field-type-tel elementor-field-group elementor-column elementor-field-group-field_143a922 elementor-col-33 elementor-field-required elementor-mark-required\">\r\n\t\t\t\t\t\t\t\t\t\t\t\t<label for=\"form-field-field_143a922\" class=\"elementor-field-label\">\r\n\t\t\t\t\t\t\t\tPUHELIN\t\t\t\t\t\t\t<\/label>\r\n\t\t\t\t\t\t\t\t<input size=\"1\" type=\"tel\" name=\"form_fields[field_143a922]\" id=\"form-field-field_143a922\" class=\"elementor-field elementor-size-md  elementor-field-textual\" required=\"required\" pattern=\"[0-9()#&amp;+*-=.]+\" title=\"Only numbers and phone characters (#, -, *, etc) are accepted.\">\r\n\r\n\t\t\t\t\t\t<\/div>\r\n\t\t\t\t\t\t\t\t<div class=\"elementor-field-type-html elementor-field-group elementor-column elementor-field-group-message elementor-col-100\">\r\n\t\t\t\t\tVIIMEISTELYN PINNAN KUVAUS: ON KYSEINEN OLOHUONE, M\u00c4RK\u00c4HUONE TAI JULKISIVU, VALMISTETTAVAN PINNAN KOKO.<br>\r\nV\u00c4RIVAIHTOEHTOIDEN NIMI, KOODI TAI KUVAUS.\t\t\t\t<\/div>\r\n\t\t\t\t\t\t\t\t<div class=\"elementor-field-type-textarea elementor-field-group elementor-column elementor-field-group-field_689b861 elementor-col-100\">\r\n\t\t\t\t\t<textarea class=\"elementor-field-textual elementor-field  elementor-size-md\" name=\"form_fields[field_689b861]\" id=\"form-field-field_689b861\" rows=\"9\"><\/textarea>\t\t\t\t<\/div>\r\n\t\t\t\t\t\t\t\t<div class=\"elementor-field-type-upload elementor-field-group elementor-column elementor-field-group-field_ff481d7 elementor-col-100\">\r\n\t\t\t\t\t\t\t\t\t\t\t\t<label for=\"form-field-field_ff481d7\" class=\"elementor-field-label\">\r\n\t\t\t\t\t\t\t\tJos mahdollista, kuvia tai videoita huoneesta ja pinnasta\t\t\t\t\t\t\t<\/label>\r\n\t\t\t\t\t\t\t\t<input type=\"file\" name=\"form_fields[field_ff481d7]\" id=\"form-field-field_ff481d7\" class=\"elementor-field elementor-size-md  elementor-upload-field\">\r\n\r\n\t\t\t\t\t\t<\/div>\r\n\t\t\t\t\t\t\t\t<div class=\"elementor-field-group elementor-column elementor-field-type-submit elementor-col-100 e-form__buttons\">\r\n\t\t\t\t\t<button class=\"elementor-button elementor-size-sm\" type=\"submit\">\r\n\t\t\t\t\t\t<span class=\"elementor-button-content-wrapper\">\r\n\t\t\t\t\t\t\t\t\t\t\t\t\t\t\t\t\t\t\t\t\t\t<span class=\"elementor-button-text\">L\u00e4het\u00e4<\/span>\r\n\t\t\t\t\t\t\t\t\t\t\t\t\t<\/span>\r\n\t\t\t\t\t<\/button>\r\n\t\t\t\t<\/div>\r\n\t\t\t<\/div>\r\n\t\t<\/form>\r\n\t\t\t\t\t\t<\/div>\n\t\t\t\t<\/div>\n\t\t\t\t\t<\/div>\n\t\t\t\t<\/div>\n\t\t\t\t<\/div>\n\t\t","protected":false},"excerpt":{"rendered":"<p>VIIMEISTELYPOHJUSTE UKU Viimeistelypohjuste tarjoaa tehokkaan suojan rapatuille ja maalatuille pinnoille, parantaen tarttuvuutta ja v\u00e4hent\u00e4en pohjan imukyky\u00e4. Se sopii erinomaisesti k\u00e4ytett\u00e4v\u00e4ksi pohjakerroksena ennen rappausta ja maalausta sek\u00e4 viimeisteltyjen pintojen pinnoittamiseen. Pohjuste soveltuu sek\u00e4 sis\u00e4- ett\u00e4 ulkok\u00e4ytt\u00f6\u00f6n. T\u00e4rkeimm\u00e4t ominaisuudet: Monipuolinen k\u00e4ytt\u00f6: Laimenna vedell\u00e4 suhteessa 1:1 pohjakerroksille ja 1:3 viimeisteltyjen pintojen pohjustamiseen. Suoja ja tarttuvuus: Tarjoaa lis\u00e4suojaa ja [&hellip;]<\/p>\n","protected":false},"author":1,"featured_media":0,"parent":0,"menu_order":0,"comment_status":"closed","ping_status":"closed","template":"elementor_header_footer","meta":{"footnotes":""},"class_list":["post-22577","page","type-page","status-publish","hentry","entry"],"yoast_head":"<!-- This site is optimized with the Yoast SEO plugin v26.6 - https:\/\/yoast.com\/wordpress\/plugins\/seo\/ -->\n<title>VIIMEISTELYPOHJUSTE - VIIMEISTELYPOHJUSTE<\/title>\n<meta name=\"robots\" content=\"index, follow, max-snippet:-1, max-image-preview:large, max-video-preview:-1\" \/>\n<link rel=\"canonical\" href=\"https:\/\/uku.eu\/viimistluskrunt\/\" \/>\n<meta property=\"og:locale\" content=\"fi_FI\" \/>\n<meta property=\"og:type\" content=\"article\" \/>\n<meta property=\"og:title\" content=\"VIIMEISTELYPOHJUSTE - VIIMEISTELYPOHJUSTE\" \/>\n<meta property=\"og:description\" content=\"VIIMEISTELYPOHJUSTE UKU Viimeistelypohjuste tarjoaa tehokkaan suojan rapatuille ja maalatuille pinnoille, parantaen tarttuvuutta ja v\u00e4hent\u00e4en pohjan imukyky\u00e4. Se sopii erinomaisesti k\u00e4ytett\u00e4v\u00e4ksi pohjakerroksena ennen rappausta ja maalausta sek\u00e4 viimeisteltyjen pintojen pinnoittamiseen. Pohjuste soveltuu sek\u00e4 sis\u00e4- ett\u00e4 ulkok\u00e4ytt\u00f6\u00f6n. T\u00e4rkeimm\u00e4t ominaisuudet: Monipuolinen k\u00e4ytt\u00f6: Laimenna vedell\u00e4 suhteessa 1:1 pohjakerroksille ja 1:3 viimeisteltyjen pintojen pohjustamiseen. Suoja ja tarttuvuus: Tarjoaa lis\u00e4suojaa ja [&hellip;]\" \/>\n<meta property=\"og:url\" content=\"https:\/\/uku.eu\/viimistluskrunt\/\" \/>\n<meta property=\"og:site_name\" content=\"Uku.eu\" \/>\n<meta property=\"article:publisher\" content=\"https:\/\/www.facebook.com\/Saviukumaja\/\" \/>\n<meta property=\"article:modified_time\" content=\"2024-12-25T10:38:07+00:00\" \/>\n<meta property=\"og:image\" content=\"https:\/\/uku.eu\/wp-content\/uploads\/2024\/12\/pealisaluskrunt.jpg\" \/>\n\t<meta property=\"og:image:width\" content=\"1857\" \/>\n\t<meta property=\"og:image:height\" content=\"1317\" \/>\n\t<meta property=\"og:image:type\" content=\"image\/jpeg\" \/>\n<meta name=\"twitter:card\" content=\"summary_large_image\" \/>\n<meta name=\"twitter:label1\" content=\"Arvioitu lukuaika\" \/>\n\t<meta name=\"twitter:data1\" content=\"2 minuuttia\" \/>\n<script type=\"application\/ld+json\" class=\"yoast-schema-graph\">{\"@context\":\"https:\/\/schema.org\",\"@graph\":[{\"@type\":\"WebPage\",\"@id\":\"https:\/\/uku.eu\/viimistluskrunt\/\",\"url\":\"https:\/\/uku.eu\/viimistluskrunt\/\",\"name\":\"VIIMEISTELYPOHJUSTE - VIIMEISTELYPOHJUSTE\",\"isPartOf\":{\"@id\":\"https:\/\/uku.eu\/#website\"},\"primaryImageOfPage\":{\"@id\":\"https:\/\/uku.eu\/viimistluskrunt\/#primaryimage\"},\"image\":{\"@id\":\"https:\/\/uku.eu\/viimistluskrunt\/#primaryimage\"},\"thumbnailUrl\":\"https:\/\/uku.eu\/wp-content\/uploads\/2024\/12\/pealisaluskrunt.jpg\",\"datePublished\":\"2024-12-24T09:51:26+00:00\",\"dateModified\":\"2024-12-25T10:38:07+00:00\",\"breadcrumb\":{\"@id\":\"https:\/\/uku.eu\/viimistluskrunt\/#breadcrumb\"},\"inLanguage\":\"fi\",\"potentialAction\":[{\"@type\":\"ReadAction\",\"target\":[\"https:\/\/uku.eu\/viimistluskrunt\/\"]}]},{\"@type\":\"ImageObject\",\"inLanguage\":\"fi\",\"@id\":\"https:\/\/uku.eu\/viimistluskrunt\/#primaryimage\",\"url\":\"https:\/\/uku.eu\/wp-content\/uploads\/2024\/12\/pealisaluskrunt.jpg\",\"contentUrl\":\"https:\/\/uku.eu\/wp-content\/uploads\/2024\/12\/pealisaluskrunt.jpg\"},{\"@type\":\"BreadcrumbList\",\"@id\":\"https:\/\/uku.eu\/viimistluskrunt\/#breadcrumb\",\"itemListElement\":[{\"@type\":\"ListItem\",\"position\":1,\"name\":\"Home\",\"item\":\"https:\/\/uku.eu\/\"},{\"@type\":\"ListItem\",\"position\":2,\"name\":\"VIIMEISTELYPOHJUSTE\"}]},{\"@type\":\"WebSite\",\"@id\":\"https:\/\/uku.eu\/#website\",\"url\":\"https:\/\/uku.eu\/\",\"name\":\"Krohvid ja v\u00e4rvid otse loodusest\",\"description\":\"\",\"publisher\":{\"@id\":\"https:\/\/uku.eu\/#organization\"},\"potentialAction\":[{\"@type\":\"SearchAction\",\"target\":{\"@type\":\"EntryPoint\",\"urlTemplate\":\"https:\/\/uku.eu\/?s={search_term_string}\"},\"query-input\":{\"@type\":\"PropertyValueSpecification\",\"valueRequired\":true,\"valueName\":\"search_term_string\"}}],\"inLanguage\":\"fi\"},{\"@type\":\"Organization\",\"@id\":\"https:\/\/uku.eu\/#organization\",\"name\":\"Saviukumaja O\u00dc\",\"url\":\"https:\/\/uku.eu\/\",\"logo\":{\"@type\":\"ImageObject\",\"inLanguage\":\"fi\",\"@id\":\"https:\/\/uku.eu\/#\/schema\/logo\/image\/\",\"url\":\"https:\/\/uku.eu\/wp-content\/uploads\/2021\/02\/cropped-UKU-Logo.jpg\",\"contentUrl\":\"https:\/\/uku.eu\/wp-content\/uploads\/2021\/02\/cropped-UKU-Logo.jpg\",\"width\":512,\"height\":512,\"caption\":\"Saviukumaja O\u00dc\"},\"image\":{\"@id\":\"https:\/\/uku.eu\/#\/schema\/logo\/image\/\"},\"sameAs\":[\"https:\/\/www.facebook.com\/Saviukumaja\/\",\"https:\/\/www.instagram.com\/saviukumaja\/\",\"https:\/\/www.linkedin.com\/company\/saviukumaja\",\"https:\/\/www.pinterest.com\/saviukumaja\/\",\"https:\/\/www.youtube.com\/c\/UKUPureEarth\"]}]}<\/script>\n<!-- \/ Yoast SEO plugin. -->","yoast_head_json":{"title":"VIIMEISTELYPOHJUSTE - VIIMEISTELYPOHJUSTE","robots":{"index":"index","follow":"follow","max-snippet":"max-snippet:-1","max-image-preview":"max-image-preview:large","max-video-preview":"max-video-preview:-1"},"canonical":"https:\/\/uku.eu\/viimistluskrunt\/","og_locale":"fi_FI","og_type":"article","og_title":"VIIMEISTELYPOHJUSTE - VIIMEISTELYPOHJUSTE","og_description":"VIIMEISTELYPOHJUSTE UKU Viimeistelypohjuste tarjoaa tehokkaan suojan rapatuille ja maalatuille pinnoille, parantaen tarttuvuutta ja v\u00e4hent\u00e4en pohjan imukyky\u00e4. Se sopii erinomaisesti k\u00e4ytett\u00e4v\u00e4ksi pohjakerroksena ennen rappausta ja maalausta sek\u00e4 viimeisteltyjen pintojen pinnoittamiseen. Pohjuste soveltuu sek\u00e4 sis\u00e4- ett\u00e4 ulkok\u00e4ytt\u00f6\u00f6n. T\u00e4rkeimm\u00e4t ominaisuudet: Monipuolinen k\u00e4ytt\u00f6: Laimenna vedell\u00e4 suhteessa 1:1 pohjakerroksille ja 1:3 viimeisteltyjen pintojen pohjustamiseen. Suoja ja tarttuvuus: Tarjoaa lis\u00e4suojaa ja [&hellip;]","og_url":"https:\/\/uku.eu\/viimistluskrunt\/","og_site_name":"Uku.eu","article_publisher":"https:\/\/www.facebook.com\/Saviukumaja\/","article_modified_time":"2024-12-25T10:38:07+00:00","og_image":[{"width":1857,"height":1317,"url":"https:\/\/uku.eu\/wp-content\/uploads\/2024\/12\/pealisaluskrunt.jpg","type":"image\/jpeg"}],"twitter_card":"summary_large_image","twitter_misc":{"Arvioitu lukuaika":"2 minuuttia"},"schema":{"@context":"https:\/\/schema.org","@graph":[{"@type":"WebPage","@id":"https:\/\/uku.eu\/viimistluskrunt\/","url":"https:\/\/uku.eu\/viimistluskrunt\/","name":"VIIMEISTELYPOHJUSTE - VIIMEISTELYPOHJUSTE","isPartOf":{"@id":"https:\/\/uku.eu\/#website"},"primaryImageOfPage":{"@id":"https:\/\/uku.eu\/viimistluskrunt\/#primaryimage"},"image":{"@id":"https:\/\/uku.eu\/viimistluskrunt\/#primaryimage"},"thumbnailUrl":"https:\/\/uku.eu\/wp-content\/uploads\/2024\/12\/pealisaluskrunt.jpg","datePublished":"2024-12-24T09:51:26+00:00","dateModified":"2024-12-25T10:38:07+00:00","breadcrumb":{"@id":"https:\/\/uku.eu\/viimistluskrunt\/#breadcrumb"},"inLanguage":"fi","potentialAction":[{"@type":"ReadAction","target":["https:\/\/uku.eu\/viimistluskrunt\/"]}]},{"@type":"ImageObject","inLanguage":"fi","@id":"https:\/\/uku.eu\/viimistluskrunt\/#primaryimage","url":"https:\/\/uku.eu\/wp-content\/uploads\/2024\/12\/pealisaluskrunt.jpg","contentUrl":"https:\/\/uku.eu\/wp-content\/uploads\/2024\/12\/pealisaluskrunt.jpg"},{"@type":"BreadcrumbList","@id":"https:\/\/uku.eu\/viimistluskrunt\/#breadcrumb","itemListElement":[{"@type":"ListItem","position":1,"name":"Home","item":"https:\/\/uku.eu\/"},{"@type":"ListItem","position":2,"name":"VIIMEISTELYPOHJUSTE"}]},{"@type":"WebSite","@id":"https:\/\/uku.eu\/#website","url":"https:\/\/uku.eu\/","name":"Krohvid ja v\u00e4rvid otse loodusest","description":"","publisher":{"@id":"https:\/\/uku.eu\/#organization"},"potentialAction":[{"@type":"SearchAction","target":{"@type":"EntryPoint","urlTemplate":"https:\/\/uku.eu\/?s={search_term_string}"},"query-input":{"@type":"PropertyValueSpecification","valueRequired":true,"valueName":"search_term_string"}}],"inLanguage":"fi"},{"@type":"Organization","@id":"https:\/\/uku.eu\/#organization","name":"Saviukumaja O\u00dc","url":"https:\/\/uku.eu\/","logo":{"@type":"ImageObject","inLanguage":"fi","@id":"https:\/\/uku.eu\/#\/schema\/logo\/image\/","url":"https:\/\/uku.eu\/wp-content\/uploads\/2021\/02\/cropped-UKU-Logo.jpg","contentUrl":"https:\/\/uku.eu\/wp-content\/uploads\/2021\/02\/cropped-UKU-Logo.jpg","width":512,"height":512,"caption":"Saviukumaja O\u00dc"},"image":{"@id":"https:\/\/uku.eu\/#\/schema\/logo\/image\/"},"sameAs":["https:\/\/www.facebook.com\/Saviukumaja\/","https:\/\/www.instagram.com\/saviukumaja\/","https:\/\/www.linkedin.com\/company\/saviukumaja","https:\/\/www.pinterest.com\/saviukumaja\/","https:\/\/www.youtube.com\/c\/UKUPureEarth"]}]}},"_links":{"self":[{"href":"https:\/\/uku.eu\/fi\/wp-json\/wp\/v2\/pages\/22577","targetHints":{"allow":["GET"]}}],"collection":[{"href":"https:\/\/uku.eu\/fi\/wp-json\/wp\/v2\/pages"}],"about":[{"href":"https:\/\/uku.eu\/fi\/wp-json\/wp\/v2\/types\/page"}],"author":[{"embeddable":true,"href":"https:\/\/uku.eu\/fi\/wp-json\/wp\/v2\/users\/1"}],"replies":[{"embeddable":true,"href":"https:\/\/uku.eu\/fi\/wp-json\/wp\/v2\/comments?post=22577"}],"version-history":[{"count":0,"href":"https:\/\/uku.eu\/fi\/wp-json\/wp\/v2\/pages\/22577\/revisions"}],"wp:attachment":[{"href":"https:\/\/uku.eu\/fi\/wp-json\/wp\/v2\/media?parent=22577"}],"curies":[{"name":"wp","href":"https:\/\/api.w.org\/{rel}","templated":true}]}}