{"id":30767,"date":"2025-08-08T15:13:55","date_gmt":"2025-08-08T13:13:55","guid":{"rendered":"https:\/\/uku.eu\/lennart-meri-tallinnin-lentokentta\/"},"modified":"2025-08-25T17:16:02","modified_gmt":"2025-08-25T15:16:02","slug":"lennart-meri-tallinnin-lentokentta","status":"publish","type":"page","link":"https:\/\/uku.eu\/fi\/lennart-meri-tallinnin-lentokentta\/","title":{"rendered":"LENNART MERI TALLINNIN LENTOKENTT\u00c4"},"content":{"rendered":"\t\t<div data-elementor-type=\"wp-page\" data-elementor-id=\"30767\" class=\"elementor elementor-30767 elementor-30544\" data-elementor-post-type=\"page\">\n\t\t\t\t<div data-particle_enable=\"false\" data-particle-mobile-disabled=\"false\" class=\"elementor-element elementor-element-13101f1 e-flex e-con-boxed e-con e-parent\" data-id=\"13101f1\" data-element_type=\"container\" data-e-type=\"container\">\n\t\t\t\t\t<div class=\"e-con-inner\">\n\t\t\t\t<div class=\"elementor-element elementor-element-714b473 elementor-widget elementor-widget-spacer\" data-id=\"714b473\" data-element_type=\"widget\" data-e-type=\"widget\" data-widget_type=\"spacer.default\">\n\t\t\t\t<div class=\"elementor-widget-container\">\n\t\t\t\t\t\t\t<div class=\"elementor-spacer\">\n\t\t\t<div class=\"elementor-spacer-inner\"><\/div>\n\t\t<\/div>\n\t\t\t\t\t\t<\/div>\n\t\t\t\t<\/div>\n\t\t\t\t<div class=\"elementor-element elementor-element-8086e0f elementor-widget elementor-widget-heading\" data-id=\"8086e0f\" data-element_type=\"widget\" data-e-type=\"widget\" data-widget_type=\"heading.default\">\n\t\t\t\t<div class=\"elementor-widget-container\">\n\t\t\t\t\t<h2 class=\"elementor-heading-title elementor-size-default\">ELEGANTTI SILE\u00c4 KALKKI-MARMORINO LENNART MERI TALLINNIN LENTOKENT\u00c4LL\u00c4<\/h2>\t\t\t\t<\/div>\n\t\t\t\t<\/div>\n\t\t\t\t<div class=\"elementor-element elementor-element-415e46a elementor-widget elementor-widget-spacer\" data-id=\"415e46a\" data-element_type=\"widget\" data-e-type=\"widget\" data-widget_type=\"spacer.default\">\n\t\t\t\t<div class=\"elementor-widget-container\">\n\t\t\t\t\t\t\t<div class=\"elementor-spacer\">\n\t\t\t<div class=\"elementor-spacer-inner\"><\/div>\n\t\t<\/div>\n\t\t\t\t\t\t<\/div>\n\t\t\t\t<\/div>\n\t\t\t\t<div class=\"elementor-element elementor-element-d927d22 elementor-widget elementor-widget-text-editor\" data-id=\"d927d22\" data-element_type=\"widget\" data-e-type=\"widget\" data-widget_type=\"text-editor.default\">\n\t\t\t\t<div class=\"elementor-widget-container\">\n\t\t\t\t\t\t\t\t\t<p data-start=\"725\" data-end=\"831\">TALLINNAN LENTOKENT\u00c4N UUSI LOUNGE LHV:LT ON SUUNNITELTU LUOMAAN RAUHOITTAVA JA TERVEELLINEN ILMASTO.<\/p>\n<p><\/p>\n<p data-start=\"833\" data-end=\"1026\">T\u00e4m\u00e4n modernin tilan eloonher\u00e4tt\u00e4miseksi arkkitehdit valitsivat huolellisesti UKU:n luonnollisen kalkki-marmorino-viimeistelyn, joka nostaa sek\u00e4 tunnelman ett\u00e4 sis\u00e4ilman laadun uudelle tasolle.<\/p>\n<p><\/p>\n<p data-start=\"1028\" data-end=\"1169\">Asentajat sovelsivat marmorino-viimeistelyn mestarillisesti, luoden tyylikk\u00e4\u00e4n hengitt\u00e4v\u00e4n ja rauhoittavan ymp\u00e4rist\u00f6n kaikille matkustajille.<\/p>\n<p><\/p>\n<p data-start=\"1171\" data-end=\"1273\">Olemme kiitollisia harkituista valinnoista, jotka tekev\u00e4t t\u00e4st\u00e4 loungesta sek\u00e4 toimivan ett\u00e4 kutsuvan.<\/p>\n<p><\/p>\n<p data-start=\"1275\" data-end=\"1385\"><strong>Arkkitehti:<\/strong> KAMP Arkkitehdit<br data-start=\"1303\" data-end=\"1306\" \/><strong>Asentaja:<\/strong> Krohvikoda<br data-start=\"1326\" data-end=\"1329\" \/><strong>Valokuvat:<\/strong> T\u00f5nu Tunnel<br data-start=\"1351\" data-end=\"1354\" \/><strong>Projekti:<\/strong> Tallinnan Lentokentt\u00e4<\/p>\n\t\t\t\t\t\t\t\t<\/div>\n\t\t\t\t<\/div>\n\t\t\t\t<div class=\"elementor-element elementor-element-4a8b477 elementor-widget elementor-widget-gallery\" data-id=\"4a8b477\" data-element_type=\"widget\" data-e-type=\"widget\" data-settings=\"{&quot;lazyload&quot;:&quot;yes&quot;,&quot;gallery_layout&quot;:&quot;grid&quot;,&quot;columns&quot;:4,&quot;columns_tablet&quot;:2,&quot;columns_mobile&quot;:1,&quot;gap&quot;:{&quot;unit&quot;:&quot;px&quot;,&quot;size&quot;:10,&quot;sizes&quot;:[]},&quot;gap_tablet&quot;:{&quot;unit&quot;:&quot;px&quot;,&quot;size&quot;:10,&quot;sizes&quot;:[]},&quot;gap_mobile&quot;:{&quot;unit&quot;:&quot;px&quot;,&quot;size&quot;:10,&quot;sizes&quot;:[]},&quot;link_to&quot;:&quot;file&quot;,&quot;aspect_ratio&quot;:&quot;3:2&quot;,&quot;overlay_background&quot;:&quot;yes&quot;,&quot;content_hover_animation&quot;:&quot;fade-in&quot;}\" data-widget_type=\"gallery.default\">\n\t\t\t\t<div class=\"elementor-widget-container\">\n\t\t\t\t\t\t\t<div class=\"elementor-gallery__container\">\r\n\t\t\t\t\t\t\t<a class=\"e-gallery-item elementor-gallery-item elementor-animated-content\" href=\"https:\/\/uku.eu\/wp-content\/uploads\/2024\/10\/TonuTunnel_KAMP_BusinessLounge_2024_TUN5493-1-1.png\" data-elementor-open-lightbox=\"yes\" data-elementor-lightbox-slideshow=\"4a8b477\" data-e-action-hash=\"#elementor-action%3Aaction%3Dlightbox%26settings%3DeyJpZCI6MTY4OTIsInVybCI6Imh0dHBzOlwvXC91a3UuZXVcL3dwLWNvbnRlbnRcL3VwbG9hZHNcLzIwMjRcLzEwXC9Ub251VHVubmVsX0tBTVBfQnVzaW5lc3NMb3VuZ2VfMjAyNF9UVU41NDkzLTEtMS5wbmciLCJzbGlkZXNob3ciOiI0YThiNDc3In0%3D\">\r\n\t\t\t\t\t<div class=\"e-gallery-image elementor-gallery-item__image\" data-thumbnail=\"https:\/\/uku.eu\/wp-content\/uploads\/2024\/10\/TonuTunnel_KAMP_BusinessLounge_2024_TUN5493-1-1-300x225.png\" data-width=\"300\" data-height=\"225\" aria-label=\"\" role=\"img\" ><\/div>\r\n\t\t\t\t\t\t\t\t\t\t\t<div class=\"elementor-gallery-item__overlay\"><\/div>\r\n\t\t\t\t\t\t\t\t\t\t\t\t\t\t<\/a>\r\n\t\t\t\t\t\t\t<a class=\"e-gallery-item elementor-gallery-item elementor-animated-content\" href=\"https:\/\/uku.eu\/wp-content\/uploads\/2024\/10\/TonuTunnel_KAMP_BusinessLounge_2024_TUN5622.jpg\" data-elementor-open-lightbox=\"yes\" data-elementor-lightbox-slideshow=\"4a8b477\" data-e-action-hash=\"#elementor-action%3Aaction%3Dlightbox%26settings%3DeyJpZCI6MTYxODAsInVybCI6Imh0dHBzOlwvXC91a3UuZXVcL3dwLWNvbnRlbnRcL3VwbG9hZHNcLzIwMjRcLzEwXC9Ub251VHVubmVsX0tBTVBfQnVzaW5lc3NMb3VuZ2VfMjAyNF9UVU41NjIyLmpwZyIsInNsaWRlc2hvdyI6IjRhOGI0NzcifQ%3D%3D\">\r\n\t\t\t\t\t<div class=\"e-gallery-image elementor-gallery-item__image\" data-thumbnail=\"https:\/\/uku.eu\/wp-content\/uploads\/2024\/10\/TonuTunnel_KAMP_BusinessLounge_2024_TUN5622-225x300.jpg\" data-width=\"225\" data-height=\"300\" aria-label=\"\" role=\"img\" ><\/div>\r\n\t\t\t\t\t\t\t\t\t\t\t<div class=\"elementor-gallery-item__overlay\"><\/div>\r\n\t\t\t\t\t\t\t\t\t\t\t\t\t\t<\/a>\r\n\t\t\t\t\t\t\t<a class=\"e-gallery-item elementor-gallery-item elementor-animated-content\" href=\"https:\/\/uku.eu\/wp-content\/uploads\/2024\/10\/TonuTunnel_KAMP_BusinessLounge_2024_TUN3487-1-1.png\" data-elementor-open-lightbox=\"yes\" data-elementor-lightbox-slideshow=\"4a8b477\" data-e-action-hash=\"#elementor-action%3Aaction%3Dlightbox%26settings%3DeyJpZCI6MTY5MDEsInVybCI6Imh0dHBzOlwvXC91a3UuZXVcL3dwLWNvbnRlbnRcL3VwbG9hZHNcLzIwMjRcLzEwXC9Ub251VHVubmVsX0tBTVBfQnVzaW5lc3NMb3VuZ2VfMjAyNF9UVU4zNDg3LTEtMS5wbmciLCJzbGlkZXNob3ciOiI0YThiNDc3In0%3D\">\r\n\t\t\t\t\t<div class=\"e-gallery-image elementor-gallery-item__image\" data-thumbnail=\"https:\/\/uku.eu\/wp-content\/uploads\/2024\/10\/TonuTunnel_KAMP_BusinessLounge_2024_TUN3487-1-1-300x225.png\" data-width=\"300\" data-height=\"225\" aria-label=\"\" role=\"img\" ><\/div>\r\n\t\t\t\t\t\t\t\t\t\t\t<div class=\"elementor-gallery-item__overlay\"><\/div>\r\n\t\t\t\t\t\t\t\t\t\t\t\t\t\t<\/a>\r\n\t\t\t\t\t\t\t<a class=\"e-gallery-item elementor-gallery-item elementor-animated-content\" href=\"https:\/\/uku.eu\/wp-content\/uploads\/2024\/10\/TonuTunnel_KAMP_BusinessLounge_2024_TUN3595-1.png\" data-elementor-open-lightbox=\"yes\" data-elementor-lightbox-slideshow=\"4a8b477\" data-e-action-hash=\"#elementor-action%3Aaction%3Dlightbox%26settings%3DeyJpZCI6MTY4NzEsInVybCI6Imh0dHBzOlwvXC91a3UuZXVcL3dwLWNvbnRlbnRcL3VwbG9hZHNcLzIwMjRcLzEwXC9Ub251VHVubmVsX0tBTVBfQnVzaW5lc3NMb3VuZ2VfMjAyNF9UVU4zNTk1LTEucG5nIiwic2xpZGVzaG93IjoiNGE4YjQ3NyJ9\">\r\n\t\t\t\t\t<div class=\"e-gallery-image elementor-gallery-item__image\" data-thumbnail=\"https:\/\/uku.eu\/wp-content\/uploads\/2024\/10\/TonuTunnel_KAMP_BusinessLounge_2024_TUN3595-1-300x225.png\" data-width=\"300\" data-height=\"225\" aria-label=\"\" role=\"img\" ><\/div>\r\n\t\t\t\t\t\t\t\t\t\t\t<div class=\"elementor-gallery-item__overlay\"><\/div>\r\n\t\t\t\t\t\t\t\t\t\t\t\t\t\t<\/a>\r\n\t\t\t\t\t\t\t<a class=\"e-gallery-item elementor-gallery-item elementor-animated-content\" href=\"https:\/\/uku.eu\/wp-content\/uploads\/2024\/10\/TonuTunnel_KAMP_BusinessLounge_2024_TUN5633-1.png\" data-elementor-open-lightbox=\"yes\" data-elementor-lightbox-slideshow=\"4a8b477\" data-e-action-hash=\"#elementor-action%3Aaction%3Dlightbox%26settings%3DeyJpZCI6MTY4NzcsInVybCI6Imh0dHBzOlwvXC91a3UuZXVcL3dwLWNvbnRlbnRcL3VwbG9hZHNcLzIwMjRcLzEwXC9Ub251VHVubmVsX0tBTVBfQnVzaW5lc3NMb3VuZ2VfMjAyNF9UVU41NjMzLTEucG5nIiwic2xpZGVzaG93IjoiNGE4YjQ3NyJ9\">\r\n\t\t\t\t\t<div class=\"e-gallery-image elementor-gallery-item__image\" data-thumbnail=\"https:\/\/uku.eu\/wp-content\/uploads\/2024\/10\/TonuTunnel_KAMP_BusinessLounge_2024_TUN5633-1-300x225.png\" data-width=\"300\" data-height=\"225\" aria-label=\"\" role=\"img\" ><\/div>\r\n\t\t\t\t\t\t\t\t\t\t\t<div class=\"elementor-gallery-item__overlay\"><\/div>\r\n\t\t\t\t\t\t\t\t\t\t\t\t\t\t<\/a>\r\n\t\t\t\t\t\t\t<a class=\"e-gallery-item elementor-gallery-item elementor-animated-content\" href=\"https:\/\/uku.eu\/wp-content\/uploads\/2024\/10\/TonuTunnel_KAMP_BusinessLounge_2024_TUN5665-1.png\" data-elementor-open-lightbox=\"yes\" data-elementor-lightbox-slideshow=\"4a8b477\" data-e-action-hash=\"#elementor-action%3Aaction%3Dlightbox%26settings%3DeyJpZCI6MTY4NTksInVybCI6Imh0dHBzOlwvXC91a3UuZXVcL3dwLWNvbnRlbnRcL3VwbG9hZHNcLzIwMjRcLzEwXC9Ub251VHVubmVsX0tBTVBfQnVzaW5lc3NMb3VuZ2VfMjAyNF9UVU41NjY1LTEucG5nIiwic2xpZGVzaG93IjoiNGE4YjQ3NyJ9\">\r\n\t\t\t\t\t<div class=\"e-gallery-image elementor-gallery-item__image\" data-thumbnail=\"https:\/\/uku.eu\/wp-content\/uploads\/2024\/10\/TonuTunnel_KAMP_BusinessLounge_2024_TUN5665-1-300x225.png\" data-width=\"300\" data-height=\"225\" aria-label=\"\" role=\"img\" ><\/div>\r\n\t\t\t\t\t\t\t\t\t\t\t<div class=\"elementor-gallery-item__overlay\"><\/div>\r\n\t\t\t\t\t\t\t\t\t\t\t\t\t\t<\/a>\r\n\t\t\t\t\t\t\t<a class=\"e-gallery-item elementor-gallery-item elementor-animated-content\" href=\"https:\/\/uku.eu\/wp-content\/uploads\/2024\/10\/TonuTunnel_KAMP_BusinessLounge_2024_TUN3662-1.png\" data-elementor-open-lightbox=\"yes\" data-elementor-lightbox-slideshow=\"4a8b477\" data-e-action-hash=\"#elementor-action%3Aaction%3Dlightbox%26settings%3DeyJpZCI6MTY4ODAsInVybCI6Imh0dHBzOlwvXC91a3UuZXVcL3dwLWNvbnRlbnRcL3VwbG9hZHNcLzIwMjRcLzEwXC9Ub251VHVubmVsX0tBTVBfQnVzaW5lc3NMb3VuZ2VfMjAyNF9UVU4zNjYyLTEucG5nIiwic2xpZGVzaG93IjoiNGE4YjQ3NyJ9\">\r\n\t\t\t\t\t<div class=\"e-gallery-image elementor-gallery-item__image\" data-thumbnail=\"https:\/\/uku.eu\/wp-content\/uploads\/2024\/10\/TonuTunnel_KAMP_BusinessLounge_2024_TUN3662-1-225x300.png\" data-width=\"225\" data-height=\"300\" aria-label=\"\" role=\"img\" ><\/div>\r\n\t\t\t\t\t\t\t\t\t\t\t<div class=\"elementor-gallery-item__overlay\"><\/div>\r\n\t\t\t\t\t\t\t\t\t\t\t\t\t\t<\/a>\r\n\t\t\t\t\t\t\t<a class=\"e-gallery-item elementor-gallery-item elementor-animated-content\" href=\"https:\/\/uku.eu\/wp-content\/uploads\/2024\/10\/TonuTunnel_KAMP_BusinessLounge_2024_TUN3504-1-e1730922471284.png\" data-elementor-open-lightbox=\"yes\" data-elementor-lightbox-slideshow=\"4a8b477\" data-e-action-hash=\"#elementor-action%3Aaction%3Dlightbox%26settings%3DeyJpZCI6MTY4NjUsInVybCI6Imh0dHBzOlwvXC91a3UuZXVcL3dwLWNvbnRlbnRcL3VwbG9hZHNcLzIwMjRcLzEwXC9Ub251VHVubmVsX0tBTVBfQnVzaW5lc3NMb3VuZ2VfMjAyNF9UVU4zNTA0LTEtZTE3MzA5MjI0NzEyODQucG5nIiwic2xpZGVzaG93IjoiNGE4YjQ3NyJ9\">\r\n\t\t\t\t\t<div class=\"e-gallery-image elementor-gallery-item__image\" data-thumbnail=\"https:\/\/uku.eu\/wp-content\/uploads\/2024\/10\/TonuTunnel_KAMP_BusinessLounge_2024_TUN3504-1-e1730922471284-300x216.png\" data-width=\"300\" data-height=\"216\" aria-label=\"\" role=\"img\" ><\/div>\r\n\t\t\t\t\t\t\t\t\t\t\t<div class=\"elementor-gallery-item__overlay\"><\/div>\r\n\t\t\t\t\t\t\t\t\t\t\t\t\t\t<\/a>\r\n\t\t\t\t\t\t\t<a class=\"e-gallery-item elementor-gallery-item elementor-animated-content\" href=\"https:\/\/uku.eu\/wp-content\/uploads\/2024\/10\/TonuTunnel_KAMP_BusinessLounge_2024_TUN3523-1.png\" data-elementor-open-lightbox=\"yes\" data-elementor-lightbox-slideshow=\"4a8b477\" data-e-action-hash=\"#elementor-action%3Aaction%3Dlightbox%26settings%3DeyJpZCI6MTY4NjIsInVybCI6Imh0dHBzOlwvXC91a3UuZXVcL3dwLWNvbnRlbnRcL3VwbG9hZHNcLzIwMjRcLzEwXC9Ub251VHVubmVsX0tBTVBfQnVzaW5lc3NMb3VuZ2VfMjAyNF9UVU4zNTIzLTEucG5nIiwic2xpZGVzaG93IjoiNGE4YjQ3NyJ9\">\r\n\t\t\t\t\t<div class=\"e-gallery-image elementor-gallery-item__image\" data-thumbnail=\"https:\/\/uku.eu\/wp-content\/uploads\/2024\/10\/TonuTunnel_KAMP_BusinessLounge_2024_TUN3523-1-300x225.png\" data-width=\"300\" data-height=\"225\" aria-label=\"\" role=\"img\" ><\/div>\r\n\t\t\t\t\t\t\t\t\t\t\t<div class=\"elementor-gallery-item__overlay\"><\/div>\r\n\t\t\t\t\t\t\t\t\t\t\t\t\t\t<\/a>\r\n\t\t\t\t\t<\/div>\r\n\t\t\t\t\t<\/div>\n\t\t\t\t<\/div>\n\t\t\t\t<div class=\"elementor-element elementor-element-ce7e9ee elementor-widget elementor-widget-spacer\" data-id=\"ce7e9ee\" data-element_type=\"widget\" data-e-type=\"widget\" data-widget_type=\"spacer.default\">\n\t\t\t\t<div class=\"elementor-widget-container\">\n\t\t\t\t\t\t\t<div class=\"elementor-spacer\">\n\t\t\t<div class=\"elementor-spacer-inner\"><\/div>\n\t\t<\/div>\n\t\t\t\t\t\t<\/div>\n\t\t\t\t<\/div>\n\t\t\t\t\t<\/div>\n\t\t\t\t<\/div>\n\t\t<div data-particle_enable=\"false\" data-particle-mobile-disabled=\"false\" class=\"elementor-element elementor-element-f9fb2ff e-grid e-con-boxed e-con e-parent\" data-id=\"f9fb2ff\" data-element_type=\"container\" data-e-type=\"container\">\n\t\t\t\t\t<div class=\"e-con-inner\">\n\t\t\t\t<div class=\"elementor-element elementor-element-b66d401 elementor-align-center elementor-widget elementor-widget-button\" data-id=\"b66d401\" data-element_type=\"widget\" data-e-type=\"widget\" data-widget_type=\"button.default\">\n\t\t\t\t<div class=\"elementor-widget-container\">\n\t\t\t\t\t\t\t\t\t<div class=\"elementor-button-wrapper\">\n\t\t\t\t\t<a class=\"elementor-button elementor-button-link elementor-size-sm\" href=\"https:\/\/uku.eu\/fi\/rappuroitu-kalkki-marmorino-vanhassakaupungis-olevassa-penthouse-asunnoissa\/\">\n\t\t\t\t\t\t<span class=\"elementor-button-content-wrapper\">\n\t\t\t\t\t\t\t\t\t<span class=\"elementor-button-text\">\u2190<\/span>\n\t\t\t\t\t<\/span>\n\t\t\t\t\t<\/a>\n\t\t\t\t<\/div>\n\t\t\t\t\t\t\t\t<\/div>\n\t\t\t\t<\/div>\n\t\t\t\t<div class=\"elementor-element elementor-element-bdc40b6 elementor-align-center elementor-mobile-align-center elementor-widget elementor-widget-button\" data-id=\"bdc40b6\" data-element_type=\"widget\" data-e-type=\"widget\" data-widget_type=\"button.default\">\n\t\t\t\t<div class=\"elementor-widget-container\">\n\t\t\t\t\t\t\t\t\t<div class=\"elementor-button-wrapper\">\n\t\t\t\t\t<a class=\"elementor-button elementor-button-link elementor-size-sm\" href=\"https:\/\/uku.eu\/fi\/kammitekniikan-raikastettu-marmorino\/\">\n\t\t\t\t\t\t<span class=\"elementor-button-content-wrapper\">\n\t\t\t\t\t\t\t\t\t<span class=\"elementor-button-text\">\u2192<\/span>\n\t\t\t\t\t<\/span>\n\t\t\t\t\t<\/a>\n\t\t\t\t<\/div>\n\t\t\t\t\t\t\t\t<\/div>\n\t\t\t\t<\/div>\n\t\t\t\t\t<\/div>\n\t\t\t\t<\/div>\n\t\t\t\t<\/div>\n\t\t","protected":false},"excerpt":{"rendered":"<p>ELEGANTTI SILE\u00c4 KALKKI-MARMORINO LENNART MERI TALLINNIN LENTOKENT\u00c4LL\u00c4 TALLINNAN LENTOKENT\u00c4N UUSI LOUNGE LHV:LT ON SUUNNITELTU LUOMAAN RAUHOITTAVA JA TERVEELLINEN ILMASTO. T\u00e4m\u00e4n modernin tilan eloonher\u00e4tt\u00e4miseksi arkkitehdit valitsivat huolellisesti UKU:n luonnollisen kalkki-marmorino-viimeistelyn, joka nostaa sek\u00e4 tunnelman ett\u00e4 sis\u00e4ilman laadun uudelle tasolle. Asentajat sovelsivat marmorino-viimeistelyn mestarillisesti, luoden tyylikk\u00e4\u00e4n hengitt\u00e4v\u00e4n ja rauhoittavan ymp\u00e4rist\u00f6n kaikille matkustajille. Olemme kiitollisia harkituista valinnoista, jotka [&hellip;]<\/p>\n","protected":false},"author":3,"featured_media":0,"parent":0,"menu_order":0,"comment_status":"closed","ping_status":"closed","template":"","meta":{"footnotes":""},"class_list":["post-30767","page","type-page","status-publish","hentry","entry"],"yoast_head":"<!-- This site is optimized with the Yoast SEO plugin v26.6 - https:\/\/yoast.com\/wordpress\/plugins\/seo\/ -->\n<title>LENNART MERI TALLINNIN LENTOKENTT\u00c4 - Uku.eu<\/title>\n<meta name=\"robots\" content=\"index, follow, max-snippet:-1, max-image-preview:large, max-video-preview:-1\" \/>\n<link rel=\"canonical\" href=\"https:\/\/uku.eu\/lennart-meri-nimeline-tallinn-lennujaam\/\" \/>\n<meta property=\"og:locale\" content=\"fi_FI\" \/>\n<meta property=\"og:type\" content=\"article\" \/>\n<meta property=\"og:title\" content=\"LENNART MERI TALLINNIN LENTOKENTT\u00c4 - Uku.eu\" \/>\n<meta property=\"og:description\" content=\"ELEGANTTI SILE\u00c4 KALKKI-MARMORINO LENNART MERI TALLINNIN LENTOKENT\u00c4LL\u00c4 TALLINNAN LENTOKENT\u00c4N UUSI LOUNGE LHV:LT ON SUUNNITELTU LUOMAAN RAUHOITTAVA JA TERVEELLINEN ILMASTO. T\u00e4m\u00e4n modernin tilan eloonher\u00e4tt\u00e4miseksi arkkitehdit valitsivat huolellisesti UKU:n luonnollisen kalkki-marmorino-viimeistelyn, joka nostaa sek\u00e4 tunnelman ett\u00e4 sis\u00e4ilman laadun uudelle tasolle. Asentajat sovelsivat marmorino-viimeistelyn mestarillisesti, luoden tyylikk\u00e4\u00e4n hengitt\u00e4v\u00e4n ja rauhoittavan ymp\u00e4rist\u00f6n kaikille matkustajille. Olemme kiitollisia harkituista valinnoista, jotka [&hellip;]\" \/>\n<meta property=\"og:url\" content=\"https:\/\/uku.eu\/lennart-meri-nimeline-tallinn-lennujaam\/\" \/>\n<meta property=\"og:site_name\" content=\"Uku.eu\" \/>\n<meta property=\"article:publisher\" content=\"https:\/\/www.facebook.com\/Saviukumaja\/\" \/>\n<meta property=\"article:modified_time\" content=\"2025-08-25T15:16:02+00:00\" \/>\n<meta name=\"twitter:card\" content=\"summary_large_image\" \/>\n<script type=\"application\/ld+json\" class=\"yoast-schema-graph\">{\"@context\":\"https:\/\/schema.org\",\"@graph\":[{\"@type\":\"WebPage\",\"@id\":\"https:\/\/uku.eu\/lennart-meri-nimeline-tallinn-lennujaam\/\",\"url\":\"https:\/\/uku.eu\/lennart-meri-nimeline-tallinn-lennujaam\/\",\"name\":\"LENNART MERI TALLINNIN LENTOKENTT\u00c4 - Uku.eu\",\"isPartOf\":{\"@id\":\"https:\/\/uku.eu\/#website\"},\"datePublished\":\"2025-08-08T13:13:55+00:00\",\"dateModified\":\"2025-08-25T15:16:02+00:00\",\"breadcrumb\":{\"@id\":\"https:\/\/uku.eu\/lennart-meri-nimeline-tallinn-lennujaam\/#breadcrumb\"},\"inLanguage\":\"fi\",\"potentialAction\":[{\"@type\":\"ReadAction\",\"target\":[\"https:\/\/uku.eu\/lennart-meri-nimeline-tallinn-lennujaam\/\"]}]},{\"@type\":\"BreadcrumbList\",\"@id\":\"https:\/\/uku.eu\/lennart-meri-nimeline-tallinn-lennujaam\/#breadcrumb\",\"itemListElement\":[{\"@type\":\"ListItem\",\"position\":1,\"name\":\"Home\",\"item\":\"https:\/\/uku.eu\/\"},{\"@type\":\"ListItem\",\"position\":2,\"name\":\"LENNART MERI TALLINNIN LENTOKENTT\u00c4\"}]},{\"@type\":\"WebSite\",\"@id\":\"https:\/\/uku.eu\/#website\",\"url\":\"https:\/\/uku.eu\/\",\"name\":\"Krohvid ja v\u00e4rvid otse loodusest\",\"description\":\"\",\"publisher\":{\"@id\":\"https:\/\/uku.eu\/#organization\"},\"potentialAction\":[{\"@type\":\"SearchAction\",\"target\":{\"@type\":\"EntryPoint\",\"urlTemplate\":\"https:\/\/uku.eu\/?s={search_term_string}\"},\"query-input\":{\"@type\":\"PropertyValueSpecification\",\"valueRequired\":true,\"valueName\":\"search_term_string\"}}],\"inLanguage\":\"fi\"},{\"@type\":\"Organization\",\"@id\":\"https:\/\/uku.eu\/#organization\",\"name\":\"Saviukumaja O\u00dc\",\"url\":\"https:\/\/uku.eu\/\",\"logo\":{\"@type\":\"ImageObject\",\"inLanguage\":\"fi\",\"@id\":\"https:\/\/uku.eu\/#\/schema\/logo\/image\/\",\"url\":\"https:\/\/uku.eu\/wp-content\/uploads\/2021\/02\/cropped-UKU-Logo.jpg\",\"contentUrl\":\"https:\/\/uku.eu\/wp-content\/uploads\/2021\/02\/cropped-UKU-Logo.jpg\",\"width\":512,\"height\":512,\"caption\":\"Saviukumaja O\u00dc\"},\"image\":{\"@id\":\"https:\/\/uku.eu\/#\/schema\/logo\/image\/\"},\"sameAs\":[\"https:\/\/www.facebook.com\/Saviukumaja\/\",\"https:\/\/www.instagram.com\/saviukumaja\/\",\"https:\/\/www.linkedin.com\/company\/saviukumaja\",\"https:\/\/www.pinterest.com\/saviukumaja\/\",\"https:\/\/www.youtube.com\/c\/UKUPureEarth\"]}]}<\/script>\n<!-- \/ Yoast SEO plugin. -->","yoast_head_json":{"title":"LENNART MERI TALLINNIN LENTOKENTT\u00c4 - Uku.eu","robots":{"index":"index","follow":"follow","max-snippet":"max-snippet:-1","max-image-preview":"max-image-preview:large","max-video-preview":"max-video-preview:-1"},"canonical":"https:\/\/uku.eu\/lennart-meri-nimeline-tallinn-lennujaam\/","og_locale":"fi_FI","og_type":"article","og_title":"LENNART MERI TALLINNIN LENTOKENTT\u00c4 - Uku.eu","og_description":"ELEGANTTI SILE\u00c4 KALKKI-MARMORINO LENNART MERI TALLINNIN LENTOKENT\u00c4LL\u00c4 TALLINNAN LENTOKENT\u00c4N UUSI LOUNGE LHV:LT ON SUUNNITELTU LUOMAAN RAUHOITTAVA JA TERVEELLINEN ILMASTO. T\u00e4m\u00e4n modernin tilan eloonher\u00e4tt\u00e4miseksi arkkitehdit valitsivat huolellisesti UKU:n luonnollisen kalkki-marmorino-viimeistelyn, joka nostaa sek\u00e4 tunnelman ett\u00e4 sis\u00e4ilman laadun uudelle tasolle. Asentajat sovelsivat marmorino-viimeistelyn mestarillisesti, luoden tyylikk\u00e4\u00e4n hengitt\u00e4v\u00e4n ja rauhoittavan ymp\u00e4rist\u00f6n kaikille matkustajille. Olemme kiitollisia harkituista valinnoista, jotka [&hellip;]","og_url":"https:\/\/uku.eu\/lennart-meri-nimeline-tallinn-lennujaam\/","og_site_name":"Uku.eu","article_publisher":"https:\/\/www.facebook.com\/Saviukumaja\/","article_modified_time":"2025-08-25T15:16:02+00:00","twitter_card":"summary_large_image","schema":{"@context":"https:\/\/schema.org","@graph":[{"@type":"WebPage","@id":"https:\/\/uku.eu\/lennart-meri-nimeline-tallinn-lennujaam\/","url":"https:\/\/uku.eu\/lennart-meri-nimeline-tallinn-lennujaam\/","name":"LENNART MERI TALLINNIN LENTOKENTT\u00c4 - Uku.eu","isPartOf":{"@id":"https:\/\/uku.eu\/#website"},"datePublished":"2025-08-08T13:13:55+00:00","dateModified":"2025-08-25T15:16:02+00:00","breadcrumb":{"@id":"https:\/\/uku.eu\/lennart-meri-nimeline-tallinn-lennujaam\/#breadcrumb"},"inLanguage":"fi","potentialAction":[{"@type":"ReadAction","target":["https:\/\/uku.eu\/lennart-meri-nimeline-tallinn-lennujaam\/"]}]},{"@type":"BreadcrumbList","@id":"https:\/\/uku.eu\/lennart-meri-nimeline-tallinn-lennujaam\/#breadcrumb","itemListElement":[{"@type":"ListItem","position":1,"name":"Home","item":"https:\/\/uku.eu\/"},{"@type":"ListItem","position":2,"name":"LENNART MERI TALLINNIN LENTOKENTT\u00c4"}]},{"@type":"WebSite","@id":"https:\/\/uku.eu\/#website","url":"https:\/\/uku.eu\/","name":"Krohvid ja v\u00e4rvid otse loodusest","description":"","publisher":{"@id":"https:\/\/uku.eu\/#organization"},"potentialAction":[{"@type":"SearchAction","target":{"@type":"EntryPoint","urlTemplate":"https:\/\/uku.eu\/?s={search_term_string}"},"query-input":{"@type":"PropertyValueSpecification","valueRequired":true,"valueName":"search_term_string"}}],"inLanguage":"fi"},{"@type":"Organization","@id":"https:\/\/uku.eu\/#organization","name":"Saviukumaja O\u00dc","url":"https:\/\/uku.eu\/","logo":{"@type":"ImageObject","inLanguage":"fi","@id":"https:\/\/uku.eu\/#\/schema\/logo\/image\/","url":"https:\/\/uku.eu\/wp-content\/uploads\/2021\/02\/cropped-UKU-Logo.jpg","contentUrl":"https:\/\/uku.eu\/wp-content\/uploads\/2021\/02\/cropped-UKU-Logo.jpg","width":512,"height":512,"caption":"Saviukumaja O\u00dc"},"image":{"@id":"https:\/\/uku.eu\/#\/schema\/logo\/image\/"},"sameAs":["https:\/\/www.facebook.com\/Saviukumaja\/","https:\/\/www.instagram.com\/saviukumaja\/","https:\/\/www.linkedin.com\/company\/saviukumaja","https:\/\/www.pinterest.com\/saviukumaja\/","https:\/\/www.youtube.com\/c\/UKUPureEarth"]}]}},"_links":{"self":[{"href":"https:\/\/uku.eu\/fi\/wp-json\/wp\/v2\/pages\/30767","targetHints":{"allow":["GET"]}}],"collection":[{"href":"https:\/\/uku.eu\/fi\/wp-json\/wp\/v2\/pages"}],"about":[{"href":"https:\/\/uku.eu\/fi\/wp-json\/wp\/v2\/types\/page"}],"author":[{"embeddable":true,"href":"https:\/\/uku.eu\/fi\/wp-json\/wp\/v2\/users\/3"}],"replies":[{"embeddable":true,"href":"https:\/\/uku.eu\/fi\/wp-json\/wp\/v2\/comments?post=30767"}],"version-history":[{"count":3,"href":"https:\/\/uku.eu\/fi\/wp-json\/wp\/v2\/pages\/30767\/revisions"}],"predecessor-version":[{"id":32407,"href":"https:\/\/uku.eu\/fi\/wp-json\/wp\/v2\/pages\/30767\/revisions\/32407"}],"wp:attachment":[{"href":"https:\/\/uku.eu\/fi\/wp-json\/wp\/v2\/media?parent=30767"}],"curies":[{"name":"wp","href":"https:\/\/api.w.org\/{rel}","templated":true}]}}